{"id":17029,"date":"2019-11-22T08:43:29","date_gmt":"2019-11-22T07:43:29","guid":{"rendered":"https:\/\/zivykraj.cz\/krusne-hory\/"},"modified":"2022-07-18T10:24:34","modified_gmt":"2022-07-18T08:24:34","slug":"erzgebirge","status":"publish","type":"page","link":"https:\/\/zivykraj.cz\/de\/ausflugsziele\/erzgebirge\/","title":{"rendered":"Erzgebirge"},"content":{"rendered":"<p><div class=\"fusion-fullwidth fullwidth-box fusion-builder-row-1 nonhundred-percent-fullwidth non-hundred-percent-height-scrolling\" style=\"background-color: rgba(255,255,255,0);background-position: center center;background-repeat: no-repeat;padding-top:0px;padding-right:0px;padding-bottom:0px;padding-left:0px;margin-bottom: 0px;margin-top: 0px;border-width: 0px 0px 0px 0px;border-color:#ecefef;border-style:solid;\" ><div class=\"fusion-builder-row fusion-row\"><div class=\"fusion-layout-column fusion_builder_column fusion-builder-column-0 fusion_builder_column_1_1 1_1 fusion-one-full fusion-column-first fusion-column-last\" style=\"margin-top:25px;margin-bottom:25px;\"><div class=\"fusion-column-wrapper fusion-flex-column-wrapper-legacy\" style=\"background-position:left top;background-repeat:no-repeat;-webkit-background-size:cover;-moz-background-size:cover;-o-background-size:cover;background-size:cover;padding: 0px 0px 0px 0px;\"><div class=\"fusion-text fusion-text-1\"><p>Das Bergbaugebiet Erzgebirge\/Erzgebirge steht seit 2019 auf der UNESCO-Denkmalliste und ist damit einer unserer wichtigsten Fundorte. Aber das Erzgebirge lebt nicht nur vom Bergbau. Faszinierende Tierwelt und antike St\u00e4dte ziehen alle Liebhaber von Abenteuer, Sch\u00f6nheit und ungew\u00f6hnlichen Ph\u00e4nomenen an.<\/p>\n<h3>Reichtum aus den Tiefen der Erde<\/h3>\n<p>Die Johannes-Galerie scheint aus einem fantastischen Filmset in der mythischen Welt der Magie und Zauberei entstanden zu sein. Es befindet sich im Skarnviertel Zlat\u00fd Kopec, und im Inneren haben Bergleute vor Jahrhunderten riesige Kammern angelegt, die Sie selten auf der Welt sehen werden. Der gr\u00f6\u00dfte von ihnen ist bis zu zw\u00f6lf Meter hoch. W\u00e4hrend der Tour erfahren Sie alles \u00fcber die 500-j\u00e4hrige Geschichte des Erzbergbaus und nehmen die Erfahrung Ihres Lebens mit.<\/p>\n<p>Wenn Johannes Sie fesselt, gehen Sie zum Kry\u0161tof-Stollen in der Mauritius-Mine, wo Sie in geliehenen Stiefeln und Laternen eine dreizehn Meter lange Treppe hinabsteigen. Die riesige unterirdische Kammer am Ende des Stollens erreicht an manchen Stellen eine H\u00f6he von bis zu 25 Metern und der Rundgang beinhaltet auch eine beeindruckende Projektion.<\/p>\n<h3>\u00dcberqueren Sie drei H\u00fcgel<\/h3>\n<p>Aus dem Untergrund geht es in schwindelerregende H\u00f6hen auf drei der ber\u00fchmtesten Erzgebirge. Der h\u00f6chste Berg des Erzgebirges ist der Kl\u00ednovec, der im Winter als Skigebiet und im Sommer als Biker-Resort f\u00fcr erfahrene wilde Pistenb\u00e4ndiger bekannt ist. Radfahrer und Fu\u00dfg\u00e4nger werden es zu sch\u00e4tzen wissen, dass die Seilbahn auch im Sommer nach oben f\u00e4hrt.<\/p>\n<p>Skifahren ist auch in Ple\u0161ivec m\u00f6glich, in einem modernen Gebiet mit zw\u00f6lf Pistenkilometern. Au\u00dferhalb der Wintersaison k\u00f6nnen Sie eine Riesenschaukel und ein Seilzentrum ausprobieren oder einen Spaziergang auf einem mythischen Pfad voller Geschichten und Geister unternehmen. Das Angebot an Skigebieten wird durch Bublava etwas oberhalb von Kraslice erg\u00e4nzt.<\/p>\n<p>Dieser Blatensk\u00fd-H\u00fcgel ist besser bekannt f\u00fcr seinen Aussichtsturm auf einer H\u00f6he von 1043 m \u00fcber dem Meeresspiegel mit Blick auf Kl\u00ednovec oder die deutschen Gipfel Fichtelberg und Auersberg. Es ist \u00fcber mehrere Wanderwege leicht zu erreichen, darunter der rote von Horn\u00ed Blatn\u00e1 mit Halt am Stausee Vl\u010d\u00ed.<\/p>\n<h3>Der Zauber der freien Voralpen<\/h3>\n<p>Die bereits erw\u00e4hnten Wolfsgruben geh\u00f6ren zu den sch\u00f6nsten Naturdenkm\u00e4lern unseres Landes. Es ist eine Ruine der Decken der unterirdischen Kammern und Felsw\u00e4nde des ehemaligen Bergwerks, und Sie k\u00f6nnen Eidechsen, Flederm\u00e4use oder eine vom Aussterben bedrohte Moosart, das Mielichhofer-Moos, an freigelegten Kupferadern sehen.<\/p>\n<p>Nur wenige Kilometer entfernt liegt das Naturschutzgebiet Ry\u017eovna mit Basaltfelsen und einer Reihe bedrohter Tier- und Pflanzenarten. Besonders atemberaubend ist die sogenannte Steinorgel, die vor Millionen von Jahren durch das Schrumpfen erstarrender Lava nach dem Ende der vulkanischen Aktivit\u00e4t entstanden ist.<\/p>\n<p>Sie k\u00f6nnen einen Spaziergang durch Ry\u017eovna mit einem Ausflug zum nahe gelegenen Bo\u017e\u00eddarsk\u00e9 ra\u0161elini\u0161t\u011b, dem gr\u00f6\u00dften Reservat in der Karlsbader Region, kombinieren. Sie sehen hier alle Phasen des Torfs von ungest\u00f6rt bis zur Ernte und zum Wachsen. Das gesamte Gebiet ist von Gehwegen mit p\u00e4dagogischen Haltestellen durchzogen.<\/p>\n<p>Die anderen beiden Naturparks, die Sie nicht verpassen sollten, sind P\u0159ebuz und Jelen\u00ed vrch. P\u0159ebuz ist ein System von Hochmooren an der Quelle des Flusses Rolava, zu den wertvollsten geh\u00f6ren der Gro\u00dfe Sumpf und der Gro\u00dfe Kranichsee. Jelen\u00ed vrch hingegen ist ein waldreiches Gebiet, in dem Rehe oder Wildschweine umherstreifen und seltene Eulen aus der Gattung der Eulen und Eulen von den B\u00e4umen auf sie herabblicken.<\/p>\n<h3>St\u00e4dte im Schatten der Berge<\/h3>\n<p>Die h\u00f6chstgelegene Stadt Mitteleuropas hei\u00dft Bo\u017e\u00ed Dar und ihre Geschichte ist wie alles andere im Erzgebirge mit dem Abbau von Erzen und Torf verbunden. Neben dem Skigebiet, einer Langlaufloipe oder dem Rad (je nach Wetter) schl\u00e4ngelt sich Bauers Trainingsparcours durch das Gebiet, und der Weihnachtsmann wartet auf die Kinder.<\/p>\n<p>Die zweite bedeutende Stadt im Erzgebirge ist Abertamy in der N\u00e4he des Bergwerks Mauritius, wo Sie in Abertamy eine der f\u00fcnf tschechischen Kirchen der heiligen Helfer oder eine Ausstellung zur Handschuhherstellung mit einer fast zweihundertj\u00e4hrigen Geschichte finden. Den Kreis der bedeutenden St\u00e4dte vervollst\u00e4ndigt Horn\u00ed Blatn\u00e1, eine Renaissancestadt mit Platz, der Kirche St. Lawrence, Museum und mehrere Wanderwege.<\/p>\n<\/div><div class=\"fusion-clearfix\"><\/div><\/div><\/div><\/div><\/div><div class=\"fusion-fullwidth fullwidth-box fusion-builder-row-2 nonhundred-percent-fullwidth non-hundred-percent-height-scrolling\" style=\"background-color: rgba(255,255,255,0);background-position: center center;background-repeat: no-repeat;padding-top:0px;padding-right:0px;padding-bottom:0px;padding-left:0px;margin-bottom: 0px;margin-top: 0px;border-width: 0px 0px 0px 0px;border-color:#ecefef;border-style:solid;\" ><div class=\"fusion-builder-row fusion-row\"><div class=\"fusion-layout-column fusion_builder_column fusion-builder-column-1 fusion_builder_column_1_1 1_1 fusion-one-full fusion-column-first fusion-column-last\" style=\"margin-top:25px;margin-bottom:25px;\"><div class=\"fusion-column-wrapper fusion-flex-column-wrapper-legacy\" style=\"background-position:left top;background-repeat:no-repeat;-webkit-background-size:cover;-moz-background-size:cover;-o-background-size:cover;background-size:cover;padding: 0px 0px 0px 0px;\"><style type=\"text\/css\">.fusion-gallery-1 .fusion-gallery-image {border:0px solid #f2f3f3;}<\/style><div class=\"fusion-gallery fusion-gallery-container fusion-grid-3 fusion-columns-total-6 fusion-gallery-layout-grid fusion-gallery-1\" style=\"margin:-5px;\"><div style=\"padding:5px;\" class=\"fusion-grid-column fusion-gallery-column fusion-gallery-column-3 hover-type-none\"><div class=\"fusion-gallery-image\"><a href=\"https:\/\/zivykraj.cz\/wp-content\/uploads\/2021\/02\/Kru\u0161n\u00e9-hory_1.jpg\" rel=\"noreferrer\" data-rel=\"iLightbox[gallery_image_1]\" class=\"fusion-lightbox\" target=\"_self\"><img decoding=\"async\" src=\"https:\/\/zivykraj.cz\/wp-content\/uploads\/2021\/02\/Kru\u0161n\u00e9-hory_1-460x295.jpg\" width=\"460\" height=\"295\" alt=\"\" title=\"Kru\u0161n\u00e9 hory_1\" aria-label=\"Kru\u0161n\u00e9 hory_1\" class=\"img-responsive wp-image-9113 fusion-gallery-image-size-fixed\" srcset=\"https:\/\/zivykraj.cz\/wp-content\/uploads\/2021\/02\/Kru\u0161n\u00e9-hory_1-200x129.jpg 200w, https:\/\/zivykraj.cz\/wp-content\/uploads\/2021\/02\/Kru\u0161n\u00e9-hory_1-400x258.jpg 400w\" sizes=\"(min-width: 2200px) 100vw, (min-width: 784px) 383px, (min-width: 712px) 575px, (min-width: 640px) 712px, \" \/><\/a><\/div><\/div><div style=\"padding:5px;\" class=\"fusion-grid-column fusion-gallery-column fusion-gallery-column-3 hover-type-none\"><div class=\"fusion-gallery-image\"><a href=\"https:\/\/zivykraj.cz\/wp-content\/uploads\/2021\/02\/Kru\u0161n\u00e9-hory_2.jpg\" rel=\"noreferrer\" data-rel=\"iLightbox[gallery_image_1]\" class=\"fusion-lightbox\" target=\"_self\"><img decoding=\"async\" src=\"https:\/\/zivykraj.cz\/wp-content\/uploads\/2021\/02\/Kru\u0161n\u00e9-hory_2-460x295.jpg\" width=\"460\" height=\"295\" alt=\"\" title=\"Kru\u0161n\u00e9 hory_2\" aria-label=\"Kru\u0161n\u00e9 hory_2\" class=\"img-responsive wp-image-9114 fusion-gallery-image-size-fixed\"  \/><\/a><\/div><\/div><div style=\"padding:5px;\" class=\"fusion-grid-column fusion-gallery-column fusion-gallery-column-3 hover-type-none\"><div class=\"fusion-gallery-image\"><a href=\"https:\/\/zivykraj.cz\/wp-content\/uploads\/2021\/02\/Kru\u0161n\u00e9-hory_3.jpg\" rel=\"noreferrer\" data-rel=\"iLightbox[gallery_image_1]\" class=\"fusion-lightbox\" target=\"_self\"><img decoding=\"async\" src=\"https:\/\/zivykraj.cz\/wp-content\/uploads\/2021\/02\/Kru\u0161n\u00e9-hory_3-460x295.jpg\" width=\"460\" height=\"295\" alt=\"\" title=\"Kru\u0161n\u00e9 hory_3\" aria-label=\"Kru\u0161n\u00e9 hory_3\" class=\"img-responsive wp-image-9115 fusion-gallery-image-size-fixed\"  \/><\/a><\/div><\/div><div class=\"clearfix\"><\/div><div style=\"padding:5px;\" class=\"fusion-grid-column fusion-gallery-column fusion-gallery-column-3 hover-type-none\"><div class=\"fusion-gallery-image\"><a href=\"https:\/\/zivykraj.cz\/wp-content\/uploads\/2021\/02\/Kru\u0161n\u00e9-hory_4.jpg\" rel=\"noreferrer\" data-rel=\"iLightbox[gallery_image_1]\" class=\"fusion-lightbox\" target=\"_self\"><img decoding=\"async\" src=\"https:\/\/zivykraj.cz\/wp-content\/uploads\/2021\/02\/Kru\u0161n\u00e9-hory_4-460x295.jpg\" width=\"460\" height=\"295\" alt=\"\" title=\"Kru\u0161n\u00e9 hory_4\" aria-label=\"Kru\u0161n\u00e9 hory_4\" class=\"img-responsive wp-image-9116 fusion-gallery-image-size-fixed\"  \/><\/a><\/div><\/div><div style=\"padding:5px;\" class=\"fusion-grid-column fusion-gallery-column fusion-gallery-column-3 hover-type-none\"><div class=\"fusion-gallery-image\"><a href=\"https:\/\/zivykraj.cz\/wp-content\/uploads\/2021\/02\/Kru\u0161n\u00e9-hory_5.jpg\" rel=\"noreferrer\" data-rel=\"iLightbox[gallery_image_1]\" class=\"fusion-lightbox\" target=\"_self\"><img decoding=\"async\" src=\"https:\/\/zivykraj.cz\/wp-content\/uploads\/2021\/02\/Kru\u0161n\u00e9-hory_5-460x295.jpg\" width=\"460\" height=\"295\" alt=\"\" title=\"Kru\u0161n\u00e9 hory_5\" aria-label=\"Kru\u0161n\u00e9 hory_5\" class=\"img-responsive wp-image-9117 fusion-gallery-image-size-fixed\"  \/><\/a><\/div><\/div><div style=\"padding:5px;\" class=\"fusion-grid-column fusion-gallery-column fusion-gallery-column-3 hover-type-none\"><div class=\"fusion-gallery-image\"><a href=\"https:\/\/zivykraj.cz\/wp-content\/uploads\/2021\/02\/Kru\u0161n\u00e9-hory_6.jpg\" rel=\"noreferrer\" data-rel=\"iLightbox[gallery_image_1]\" class=\"fusion-lightbox\" target=\"_self\"><img decoding=\"async\" src=\"https:\/\/zivykraj.cz\/wp-content\/uploads\/2021\/02\/Kru\u0161n\u00e9-hory_6-460x295.jpg\" width=\"460\" height=\"295\" alt=\"\" title=\"Kru\u0161n\u00e9 hory_6\" aria-label=\"Kru\u0161n\u00e9 hory_6\" class=\"img-responsive wp-image-9118 fusion-gallery-image-size-fixed\"  \/><\/a><\/div><\/div><div class=\"clearfix\"><\/div><\/div><div class=\"fusion-text fusion-text-2\"><h2 style=\"text-align: center;\"><b>Lass dich inspirieren<\/b><\/h2>\n<\/div><div class=\"fusion-recent-posts fusion-recent-posts-1 avada-container layout-default layout-columns-3 fusion-recent-posts-infinite fusion-recent-posts-load-more blog-grid\" data-pages=\"1\"><section class=\"fusion-columns columns fusion-columns-3 columns-3\"><article class=\"post fusion-column column col col-lg-4 col-md-4 col-sm-4\"><div class=\"fusion-flexslider fusion-flexslider-loading flexslider flexslider-hover-type-zoomin\"><ul class=\"slides\"><li><a href=\"https:\/\/zivykraj.cz\/de\/aktivitaten\/vyrazte-za-dobrodruzstvim-do-nitra-hor\/\" aria-label=\"Begeben Sie sich auf ein Abenteuer im Herzen der Berge\" class=\"hover-type-zoomin\"><img decoding=\"async\" width=\"2560\" height=\"1385\" src=\"https:\/\/zivykraj.cz\/wp-content\/uploads\/2025\/04\/Vlci-jamy-scaled.jpg\" class=\"attachment-full size-full lazyload\" alt=\"\" srcset=\"data:image\/svg+xml,%3Csvg%20xmlns%3D%27http%3A%2F%2Fwww.w3.org%2F2000%2Fsvg%27%20width%3D%272560%27%20height%3D%271385%27%20viewBox%3D%270%200%202560%201385%27%3E%3Crect%20width%3D%272560%27%20height%3D%271385%27%20fill-opacity%3D%220%22%2F%3E%3C%2Fsvg%3E\" data-orig-src=\"https:\/\/zivykraj.cz\/wp-content\/uploads\/2025\/04\/Vlci-jamy-scaled.jpg\" data-srcset=\"https:\/\/zivykraj.cz\/wp-content\/uploads\/2025\/04\/Vlci-jamy-200x108.jpg 200w, https:\/\/zivykraj.cz\/wp-content\/uploads\/2025\/04\/Vlci-jamy-400x216.jpg 400w, https:\/\/zivykraj.cz\/wp-content\/uploads\/2025\/04\/Vlci-jamy-600x325.jpg 600w, https:\/\/zivykraj.cz\/wp-content\/uploads\/2025\/04\/Vlci-jamy-800x433.jpg 800w, https:\/\/zivykraj.cz\/wp-content\/uploads\/2025\/04\/Vlci-jamy-1200x649.jpg 1200w, https:\/\/zivykraj.cz\/wp-content\/uploads\/2025\/04\/Vlci-jamy-scaled.jpg 2560w\" data-sizes=\"auto\" \/><\/a><\/li><\/ul><\/div><div class=\"recent-posts-content\"><span class=\"vcard\" style=\"display: none;\"><span class=\"fn\"><a href=\"https:\/\/zivykraj.cz\/de\/author\/admin\/\" title=\"Beitr\u00e4ge von admin\" rel=\"author\">admin<\/a><\/span><\/span><span class=\"updated\" style=\"display:none;\">2026-04-16T09:19:11+02:00<\/span><h4 class=\"entry-title\"><a href=\"https:\/\/zivykraj.cz\/de\/aktivitaten\/vyrazte-za-dobrodruzstvim-do-nitra-hor\/\">Begeben Sie sich auf ein Abenteuer im Herzen der Berge<\/a><\/h4><p>Beginnen Sie diese Saison einmal anders. Anstatt nach oben zu klettern, lassen Sie sich in die Tiefen des Erzgebirges locken. Im UNESCO-gesch\u00fctzten Erzgebirge verbirgt sich ein Abenteuer, das Ihr Herz h\u00f6her schlagen l\u00e4sst, Ihre Schuhe schmutzig macht und Sie mit Erinnerungen zur\u00fcckl\u00e4sst, die Sie nicht mehr loswerden.<\/p><\/div><\/article><article class=\"post fusion-column column col col-lg-4 col-md-4 col-sm-4\"><div class=\"fusion-flexslider fusion-flexslider-loading flexslider flexslider-hover-type-zoomin\"><ul class=\"slides\"><li><a href=\"https:\/\/zivykraj.cz\/de\/aktivitaten\/wilde-fahrten-im-winter\/\" aria-label=\"Wilde Fahrten im Winter\" class=\"hover-type-zoomin\"><img decoding=\"async\" width=\"1344\" height=\"896\" src=\"https:\/\/zivykraj.cz\/wp-content\/uploads\/2021\/12\/Stepan-Latal-Snowkiting-Bozi-Dar2.jpg\" class=\"attachment-full size-full lazyload\" alt=\"\" srcset=\"data:image\/svg+xml,%3Csvg%20xmlns%3D%27http%3A%2F%2Fwww.w3.org%2F2000%2Fsvg%27%20width%3D%271344%27%20height%3D%27896%27%20viewBox%3D%270%200%201344%20896%27%3E%3Crect%20width%3D%271344%27%20height%3D%27896%27%20fill-opacity%3D%220%22%2F%3E%3C%2Fsvg%3E\" data-orig-src=\"https:\/\/zivykraj.cz\/wp-content\/uploads\/2021\/12\/Stepan-Latal-Snowkiting-Bozi-Dar2.jpg\" data-srcset=\"https:\/\/zivykraj.cz\/wp-content\/uploads\/2021\/12\/Stepan-Latal-Snowkiting-Bozi-Dar2-200x133.jpg 200w, https:\/\/zivykraj.cz\/wp-content\/uploads\/2021\/12\/Stepan-Latal-Snowkiting-Bozi-Dar2-400x267.jpg 400w, https:\/\/zivykraj.cz\/wp-content\/uploads\/2021\/12\/Stepan-Latal-Snowkiting-Bozi-Dar2-600x400.jpg 600w, https:\/\/zivykraj.cz\/wp-content\/uploads\/2021\/12\/Stepan-Latal-Snowkiting-Bozi-Dar2-800x533.jpg 800w, https:\/\/zivykraj.cz\/wp-content\/uploads\/2021\/12\/Stepan-Latal-Snowkiting-Bozi-Dar2-1200x800.jpg 1200w, https:\/\/zivykraj.cz\/wp-content\/uploads\/2021\/12\/Stepan-Latal-Snowkiting-Bozi-Dar2.jpg 1344w\" data-sizes=\"auto\" \/><\/a><\/li><\/ul><\/div><div class=\"recent-posts-content\"><span class=\"vcard\" style=\"display: none;\"><span class=\"fn\"><a href=\"https:\/\/zivykraj.cz\/de\/author\/admin\/\" title=\"Beitr\u00e4ge von admin\" rel=\"author\">admin<\/a><\/span><\/span><span class=\"updated\" style=\"display:none;\">2026-04-16T09:04:32+02:00<\/span><h4 class=\"entry-title\"><a href=\"https:\/\/zivykraj.cz\/de\/aktivitaten\/wilde-fahrten-im-winter\/\">Wilde Fahrten im Winter<\/a><\/h4><p>Sie haben keine Freude mehr daran, nur vor dem Fernseher zu liegen und sich mit S\u00fc\u00dfigkeiten vollzustopfen? Suchen ...<\/p><\/div><\/article><\/section><\/div><div class=\"fusion-clearfix\"><\/div><\/div><\/div><\/div><\/div><div class=\"fusion-fullwidth fullwidth-box fusion-builder-row-3 display-none nonhundred-percent-fullwidth non-hundred-percent-height-scrolling\" style=\"background-color: rgba(255,255,255,0);background-position: center center;background-repeat: no-repeat;padding-top:0px;padding-right:0px;padding-bottom:0px;padding-left:0px;margin-bottom: 0px;margin-top: 0px;border-width: 0px 0px 0px 0px;border-color:#ecefef;border-style:solid;\" ><div class=\"fusion-builder-row fusion-row\"><div class=\"fusion-layout-column fusion_builder_column fusion-builder-column-2 fusion_builder_column_1_1 1_1 fusion-one-full fusion-column-first fusion-column-last\" style=\"margin-top:25px;margin-bottom:25px;\"><div class=\"fusion-column-wrapper fusion-flex-column-wrapper-legacy\" style=\"background-position:left top;background-repeat:no-repeat;-webkit-background-size:cover;-moz-background-size:cover;-o-background-size:cover;background-size:cover;padding: 0px 0px 0px 0px;\"><div class=\"fusion-text fusion-text-3 nechte-se-inspirovat\"><h2 style=\"text-align: center;\">Lass dich inspirieren<\/h2>\n<\/div><div class=\"fusion-clearfix\"><\/div><\/div><\/div><\/div><\/div><\/p>\n","protected":false},"excerpt":{"rendered":"","protected":false},"author":1,"featured_media":17048,"parent":17779,"menu_order":0,"comment_status":"closed","ping_status":"closed","template":"","meta":{"_acf_changed":false,"inline_featured_image":false,"footnotes":""},"acf":[],"yoast_head":"<!-- This site is optimized with the Yoast SEO plugin v22.3 - https:\/\/yoast.com\/wordpress\/plugins\/seo\/ -->\n<title>Erzgebirge | \u017divyKraj.cz<\/title>\n<meta name=\"description\" content=\"Beschreibung der Seite auf Deutsch\" \/>\n<meta name=\"robots\" content=\"index, follow, max-snippet:-1, max-image-preview:large, max-video-preview:-1\" \/>\n<link rel=\"canonical\" href=\"https:\/\/zivykraj.cz\/de\/ausflugsziele\/erzgebirge\/\" \/>\n<meta property=\"og:locale\" content=\"de_DE\" \/>\n<meta property=\"og:type\" content=\"article\" \/>\n<meta property=\"og:title\" content=\"Erzgebirge | \u017divyKraj.cz\" \/>\n<meta property=\"og:description\" content=\"Beschreibung der Seite auf Deutsch\" \/>\n<meta property=\"og:url\" content=\"https:\/\/zivykraj.cz\/de\/ausflugsziele\/erzgebirge\/\" \/>\n<meta property=\"og:site_name\" content=\"\u017divyKraj.cz\" \/>\n<meta property=\"article:modified_time\" content=\"2022-07-18T08:24:34+00:00\" \/>\n<meta property=\"og:image\" content=\"https:\/\/zivykraj.cz\/wp-content\/uploads\/2021\/02\/krusne-hory_00_alt.jpg\" \/>\n\t<meta property=\"og:image:width\" content=\"1920\" \/>\n\t<meta property=\"og:image:height\" content=\"647\" \/>\n\t<meta property=\"og:image:type\" content=\"image\/jpeg\" \/>\n<meta name=\"twitter:card\" content=\"summary_large_image\" \/>\n<meta name=\"twitter:label1\" content=\"Gesch\u00e4tzte Lesezeit\" \/>\n\t<meta name=\"twitter:data1\" content=\"11 Minuten\" \/>\n<script type=\"application\/ld+json\" class=\"yoast-schema-graph\">{\"@context\":\"https:\/\/schema.org\",\"@graph\":[{\"@type\":\"WebPage\",\"@id\":\"https:\/\/zivykraj.cz\/de\/ausflugsziele\/erzgebirge\/\",\"url\":\"https:\/\/zivykraj.cz\/de\/ausflugsziele\/erzgebirge\/\",\"name\":\"Erzgebirge | \u017divyKraj.cz\",\"isPartOf\":{\"@id\":\"https:\/\/zivykraj.cz\/de\/#website\"},\"primaryImageOfPage\":{\"@id\":\"https:\/\/zivykraj.cz\/de\/ausflugsziele\/erzgebirge\/#primaryimage\"},\"image\":{\"@id\":\"https:\/\/zivykraj.cz\/de\/ausflugsziele\/erzgebirge\/#primaryimage\"},\"thumbnailUrl\":\"https:\/\/zivykraj.cz\/wp-content\/uploads\/2021\/02\/krusne-hory_00_alt.jpg\",\"datePublished\":\"2019-11-22T07:43:29+00:00\",\"dateModified\":\"2022-07-18T08:24:34+00:00\",\"description\":\"Beschreibung der Seite auf Deutsch\",\"breadcrumb\":{\"@id\":\"https:\/\/zivykraj.cz\/de\/ausflugsziele\/erzgebirge\/#breadcrumb\"},\"inLanguage\":\"de-DE\",\"potentialAction\":[{\"@type\":\"ReadAction\",\"target\":[\"https:\/\/zivykraj.cz\/de\/ausflugsziele\/erzgebirge\/\"]}]},{\"@type\":\"ImageObject\",\"inLanguage\":\"de-DE\",\"@id\":\"https:\/\/zivykraj.cz\/de\/ausflugsziele\/erzgebirge\/#primaryimage\",\"url\":\"https:\/\/zivykraj.cz\/wp-content\/uploads\/2021\/02\/krusne-hory_00_alt.jpg\",\"contentUrl\":\"https:\/\/zivykraj.cz\/wp-content\/uploads\/2021\/02\/krusne-hory_00_alt.jpg\",\"width\":1920,\"height\":647},{\"@type\":\"BreadcrumbList\",\"@id\":\"https:\/\/zivykraj.cz\/de\/ausflugsziele\/erzgebirge\/#breadcrumb\",\"itemListElement\":[{\"@type\":\"ListItem\",\"position\":1,\"name\":\"Home\",\"item\":\"https:\/\/zivykraj.cz\/de\/\"},{\"@type\":\"ListItem\",\"position\":2,\"name\":\"Ausflugsziele\",\"item\":\"https:\/\/zivykraj.cz\/de\/ausflugsziele\/\"},{\"@type\":\"ListItem\",\"position\":3,\"name\":\"Erzgebirge\"}]},{\"@type\":\"WebSite\",\"@id\":\"https:\/\/zivykraj.cz\/de\/#website\",\"url\":\"https:\/\/zivykraj.cz\/de\/\",\"name\":\"\u017divyKraj.cz\",\"description\":\"Turistick\u00fd web - Karlovarsk\u00fd kraj\",\"publisher\":{\"@id\":\"https:\/\/zivykraj.cz\/de\/#organization\"},\"potentialAction\":[{\"@type\":\"SearchAction\",\"target\":{\"@type\":\"EntryPoint\",\"urlTemplate\":\"https:\/\/zivykraj.cz\/de\/?s={search_term_string}\"},\"query-input\":\"required name=search_term_string\"}],\"inLanguage\":\"de-DE\"},{\"@type\":\"Organization\",\"@id\":\"https:\/\/zivykraj.cz\/de\/#organization\",\"name\":\"\u017divyKraj.cz\",\"url\":\"https:\/\/zivykraj.cz\/de\/\",\"logo\":{\"@type\":\"ImageObject\",\"inLanguage\":\"de-DE\",\"@id\":\"https:\/\/zivykraj.cz\/de\/#\/schema\/logo\/image\/\",\"url\":\"https:\/\/zivykraj.cz\/wp-content\/uploads\/2021\/08\/logo_white.png\",\"contentUrl\":\"https:\/\/zivykraj.cz\/wp-content\/uploads\/2021\/08\/logo_white.png\",\"width\":223,\"height\":59,\"caption\":\"\u017divyKraj.cz\"},\"image\":{\"@id\":\"https:\/\/zivykraj.cz\/de\/#\/schema\/logo\/image\/\"}}]}<\/script>\n<!-- \/ Yoast SEO plugin. -->","yoast_head_json":{"title":"Erzgebirge | \u017divyKraj.cz","description":"Beschreibung der Seite auf Deutsch","robots":{"index":"index","follow":"follow","max-snippet":"max-snippet:-1","max-image-preview":"max-image-preview:large","max-video-preview":"max-video-preview:-1"},"canonical":"https:\/\/zivykraj.cz\/de\/ausflugsziele\/erzgebirge\/","og_locale":"de_DE","og_type":"article","og_title":"Erzgebirge | \u017divyKraj.cz","og_description":"Beschreibung der Seite auf Deutsch","og_url":"https:\/\/zivykraj.cz\/de\/ausflugsziele\/erzgebirge\/","og_site_name":"\u017divyKraj.cz","article_modified_time":"2022-07-18T08:24:34+00:00","og_image":[{"width":1920,"height":647,"url":"https:\/\/zivykraj.cz\/wp-content\/uploads\/2021\/02\/krusne-hory_00_alt.jpg","type":"image\/jpeg"}],"twitter_card":"summary_large_image","twitter_misc":{"Gesch\u00e4tzte Lesezeit":"11 Minuten"},"schema":{"@context":"https:\/\/schema.org","@graph":[{"@type":"WebPage","@id":"https:\/\/zivykraj.cz\/de\/ausflugsziele\/erzgebirge\/","url":"https:\/\/zivykraj.cz\/de\/ausflugsziele\/erzgebirge\/","name":"Erzgebirge | \u017divyKraj.cz","isPartOf":{"@id":"https:\/\/zivykraj.cz\/de\/#website"},"primaryImageOfPage":{"@id":"https:\/\/zivykraj.cz\/de\/ausflugsziele\/erzgebirge\/#primaryimage"},"image":{"@id":"https:\/\/zivykraj.cz\/de\/ausflugsziele\/erzgebirge\/#primaryimage"},"thumbnailUrl":"https:\/\/zivykraj.cz\/wp-content\/uploads\/2021\/02\/krusne-hory_00_alt.jpg","datePublished":"2019-11-22T07:43:29+00:00","dateModified":"2022-07-18T08:24:34+00:00","description":"Beschreibung der Seite auf Deutsch","breadcrumb":{"@id":"https:\/\/zivykraj.cz\/de\/ausflugsziele\/erzgebirge\/#breadcrumb"},"inLanguage":"de-DE","potentialAction":[{"@type":"ReadAction","target":["https:\/\/zivykraj.cz\/de\/ausflugsziele\/erzgebirge\/"]}]},{"@type":"ImageObject","inLanguage":"de-DE","@id":"https:\/\/zivykraj.cz\/de\/ausflugsziele\/erzgebirge\/#primaryimage","url":"https:\/\/zivykraj.cz\/wp-content\/uploads\/2021\/02\/krusne-hory_00_alt.jpg","contentUrl":"https:\/\/zivykraj.cz\/wp-content\/uploads\/2021\/02\/krusne-hory_00_alt.jpg","width":1920,"height":647},{"@type":"BreadcrumbList","@id":"https:\/\/zivykraj.cz\/de\/ausflugsziele\/erzgebirge\/#breadcrumb","itemListElement":[{"@type":"ListItem","position":1,"name":"Home","item":"https:\/\/zivykraj.cz\/de\/"},{"@type":"ListItem","position":2,"name":"Ausflugsziele","item":"https:\/\/zivykraj.cz\/de\/ausflugsziele\/"},{"@type":"ListItem","position":3,"name":"Erzgebirge"}]},{"@type":"WebSite","@id":"https:\/\/zivykraj.cz\/de\/#website","url":"https:\/\/zivykraj.cz\/de\/","name":"\u017divyKraj.cz","description":"Turistick\u00fd web - Karlovarsk\u00fd kraj","publisher":{"@id":"https:\/\/zivykraj.cz\/de\/#organization"},"potentialAction":[{"@type":"SearchAction","target":{"@type":"EntryPoint","urlTemplate":"https:\/\/zivykraj.cz\/de\/?s={search_term_string}"},"query-input":"required name=search_term_string"}],"inLanguage":"de-DE"},{"@type":"Organization","@id":"https:\/\/zivykraj.cz\/de\/#organization","name":"\u017divyKraj.cz","url":"https:\/\/zivykraj.cz\/de\/","logo":{"@type":"ImageObject","inLanguage":"de-DE","@id":"https:\/\/zivykraj.cz\/de\/#\/schema\/logo\/image\/","url":"https:\/\/zivykraj.cz\/wp-content\/uploads\/2021\/08\/logo_white.png","contentUrl":"https:\/\/zivykraj.cz\/wp-content\/uploads\/2021\/08\/logo_white.png","width":223,"height":59,"caption":"\u017divyKraj.cz"},"image":{"@id":"https:\/\/zivykraj.cz\/de\/#\/schema\/logo\/image\/"}}]}},"_links":{"self":[{"href":"https:\/\/zivykraj.cz\/de\/wp-json\/wp\/v2\/pages\/17029"}],"collection":[{"href":"https:\/\/zivykraj.cz\/de\/wp-json\/wp\/v2\/pages"}],"about":[{"href":"https:\/\/zivykraj.cz\/de\/wp-json\/wp\/v2\/types\/page"}],"author":[{"embeddable":true,"href":"https:\/\/zivykraj.cz\/de\/wp-json\/wp\/v2\/users\/1"}],"replies":[{"embeddable":true,"href":"https:\/\/zivykraj.cz\/de\/wp-json\/wp\/v2\/comments?post=17029"}],"version-history":[{"count":2,"href":"https:\/\/zivykraj.cz\/de\/wp-json\/wp\/v2\/pages\/17029\/revisions"}],"predecessor-version":[{"id":64338,"href":"https:\/\/zivykraj.cz\/de\/wp-json\/wp\/v2\/pages\/17029\/revisions\/64338"}],"up":[{"embeddable":true,"href":"https:\/\/zivykraj.cz\/de\/wp-json\/wp\/v2\/pages\/17779"}],"wp:featuredmedia":[{"embeddable":true,"href":"https:\/\/zivykraj.cz\/de\/wp-json\/wp\/v2\/media\/17048"}],"wp:attachment":[{"href":"https:\/\/zivykraj.cz\/de\/wp-json\/wp\/v2\/media?parent=17029"}],"curies":[{"name":"wp","href":"https:\/\/api.w.org\/{rel}","templated":true}]}}