{"id":17762,"date":"2021-08-05T15:51:49","date_gmt":"2021-08-05T13:51:49","guid":{"rendered":"https:\/\/zivykraj.cz\/loket\/"},"modified":"2022-07-18T10:26:40","modified_gmt":"2022-07-18T08:26:40","slug":"elbogen","status":"publish","type":"page","link":"https:\/\/zivykraj.cz\/de\/ausflugsziele\/elbogen\/","title":{"rendered":"Loket (Elbogen)"},"content":{"rendered":"<p><div class=\"fusion-fullwidth fullwidth-box fusion-builder-row-1 nonhundred-percent-fullwidth non-hundred-percent-height-scrolling\" style=\"background-color: rgba(255,255,255,0);background-position: center center;background-repeat: no-repeat;padding-top:0px;padding-right:0px;padding-bottom:0px;padding-left:0px;margin-bottom: 0px;margin-top: 0px;border-width: 0px 0px 0px 0px;border-color:#ecefef;border-style:solid;\" ><div class=\"fusion-builder-row fusion-row\"><div class=\"fusion-layout-column fusion_builder_column fusion-builder-column-0 fusion_builder_column_1_1 1_1 fusion-one-full fusion-column-first fusion-column-last\" style=\"margin-top:25px;margin-bottom:25px;\"><div class=\"fusion-column-wrapper fusion-flex-column-wrapper-legacy\" style=\"background-position:left top;background-repeat:no-repeat;-webkit-background-size:cover;-moz-background-size:cover;-o-background-size:cover;background-size:cover;padding: 0px 0px 0px 0px;\"><div class=\"fusion-text fusion-text-1\"><p>In der Flussschleife der Oh\u0159e (Eger) liegt die Perle der Region Karlsbad. Bereits Johann Wolfgang von Goethe skizzierte diese Burg ganz fasziniert in seinem Notizbuch. Gemeint ist die gotisch-romanische Burg Loket, die sowohl den \u00e4ltesten dokumentierten Meteorit Tschechiens als auch eine Folterkammer, eine Statue des Kobolds Gottstein, dem Gott der Felsen und Steine und der Unterwelt von Loket, und im Burgturm sogar einen Drachen verbirgt. Ebenso reizvoll ist der historische Stadtkern oder das Amphitheater unterhalb der Burg, das f\u00fcr kulturelle Events genutzt wird.<\/p>\n<h3><strong>Originelle Erlebnisse<\/strong><\/h3>\n<p>Unz\u00e4hlige Stunden k\u00f6nnen Sie auch in den drei Museen verbringen. Pr\u00e4sentiert werden Kur-Trinkbecher (\u00fcber 3.100 St\u00fcck), Geheimb\u00fcnde (Ritualgegenst\u00e4nde, Dokumente und zeremonielle Kleidung von Freimaurer-Gesellschaften oder Illuminaten). Sehenswert ist die Entwicklung von Fahrr\u00e4dern, Fortbewegungsmittel aller Art auf R\u00e4dern und Kinderw\u00e4gen im Museum Die Welt von gestern.<\/p>\n<p>Wenn Sie nicht die gleichen Fotos mit dem Motiv der Burg Loket haben m\u00f6chten wie alle anderen, dann spucken Sie in die H\u00e4nde und erklimmen Sie den Kolowrat-Felsen zur Statue der wirklich seltsamen Zepras-Kreatur (eine fiktive Kreuzung aus Zebra und Schwein, tsch. zebra und prase). Sie m\u00f6chten nicht so hoch hinauf? Dann machen Sie ein Selfie vor der Gedenktafel von Johann Wolfgang Goethe vor dem Hotel U B\u00edl\u00e9ho kon\u011b.<\/p>\n<p>Von wo aus kann man die Burg am besten sehen? Zweifellos von unten, vom Fluss Oh\u0159e (Eger). Unternehmen Sie eine Sightseeing-Bootsfahrt unterhalb der majest\u00e4tischen Burg und bewundern Sie sie aus dieser neuen Perspektive. Den Fluss entlang erreichen Sie die Felsenstadt Svato\u0161sk\u00e9 skaly (Hans-Heiling-Felsen), Sie m\u00fcssen nur ein Boot mitbringen oder mieten und sich ein Ruder schnappen.<\/p>\n<h3><strong>Ausblicke von oben<\/strong><\/h3>\n<p>Wenn Sie jedoch die Aussicht von oben bevorzugen, dann gehen Sie zum Aussichtspunkt Jeskynn\u00ed vyhl\u00eddka. Von der Burg aus sind es keine vier Kilometer und der Aufstieg ist auch f\u00fcr Kinder zu schaffen. Wenn Sie schlie\u00dflich noch Tiere vermissen sollten, gleich hinter dem Aussichtspunkt befindet sich der Hof &#8222;Hory&#8220; mit Hirschen, Mufflons und Pferden. Der Hof bietet auch Ausritte an, darunter einen Tagesausflug im Sattel.<\/p>\n<h3><strong>Ein Paradies f\u00fcr Kinder<\/strong><\/h3>\n<p>Die Umgebung der Burg Loket ist f\u00fcr Kinder ein wahres Paradies. Im wahrsten Sinne des Wortes. Nur 20 Autominuten von Loket entfernt erreichen Sie das Kinderparadies Svato\u0161ka, wo Sie Indianderpferde reiten und das Western- oder das Englischreiten ausprobieren k\u00f6nnen. Auf die Kleinsten wartet das Shetlandpony Lojza. Wer noch l\u00e4nger in Loket bleiben m\u00f6chte, der findet direkt im Ort einen Seilpark mit einem atemberaubenden Blick auf das Burgpanorama.<\/p>\n<h3><strong>Wanderschuhe und Pedale<\/strong><\/h3>\n<p>Ein toller Tipp f\u00fcr einen Ausflug an der frischen Luft ist der Rundgang zu der Felsformation mit einem eisernen Kreuz &#8222;\u0160pi\u010dat\u00fd k\u00e1men&#8220; (Spitziger Stein), von dort aus weiter zum Berg \u0160ibeni\u010dn\u00ed vrch (Galgenberg), benannt nach dem Galgen, der dort bis zum 18. Jahrhundert stand. Unterwegs gibt es 5 Aussichtspunkte, zur\u00fcck in die Stadt geht es auf dem Gehweg. Oder Sie nehmen ein Rad und fahren auf den Spuren des Bergbaus durch den magischen Wald Slavkovsk\u00fd les (Kaiserwald).<\/p>\n<p>Wenn Sie diesen Wald im Ganzen von oben sehen m\u00f6chten, dann m\u00fcssen Sie den Aussichtsturm Krudum hinaufklettern, er liegt nur 13 Kilometer s\u00fcdlich von Loket. In seiner N\u00e4he befinden sich die \u00dcberreste der Kirche St. Nikolaus, wo angeblich noch immer die Seelen der Bergleute eine Messe feiern. Etwas weiter, in Kr\u00e1sno, ragt ein bemerkenswerter Aussichtsturm in den Himmel. Er erreicht eine H\u00f6he von 25 Metern. Rund um den steinernen Kern des Turms schl\u00e4ngelt sich eine Wendeltreppe &#8211; der Aussichtsturm erinnert so an die babylonische Zikkurat.<\/p>\n<\/div><div class=\"fusion-clearfix\"><\/div><\/div><\/div><\/div><\/div><div class=\"fusion-fullwidth fullwidth-box fusion-builder-row-2 nonhundred-percent-fullwidth non-hundred-percent-height-scrolling\" style=\"background-color: rgba(255,255,255,0);background-position: center center;background-repeat: no-repeat;padding-top:0px;padding-right:0px;padding-bottom:0px;padding-left:0px;margin-bottom: 0px;margin-top: 0px;border-width: 0px 0px 0px 0px;border-color:#ecefef;border-style:solid;\" ><div class=\"fusion-builder-row fusion-row\"><div class=\"fusion-layout-column fusion_builder_column fusion-builder-column-1 fusion_builder_column_1_1 1_1 fusion-one-full fusion-column-first fusion-column-last\" style=\"margin-top:25px;margin-bottom:25px;\"><div class=\"fusion-column-wrapper fusion-flex-column-wrapper-legacy\" style=\"background-position:left top;background-repeat:no-repeat;-webkit-background-size:cover;-moz-background-size:cover;-o-background-size:cover;background-size:cover;padding: 0px 0px 0px 0px;\"><style type=\"text\/css\">.fusion-gallery-1 .fusion-gallery-image {border:0px solid #f2f3f3;}<\/style><div class=\"fusion-gallery fusion-gallery-container fusion-grid-3 fusion-columns-total-6 fusion-gallery-layout-grid fusion-gallery-1\" style=\"margin:-5px;\"><div style=\"padding:5px;\" class=\"fusion-grid-column fusion-gallery-column fusion-gallery-column-3 hover-type-none\"><div class=\"fusion-gallery-image\"><a href=\"https:\/\/zivykraj.cz\/wp-content\/uploads\/2021\/08\/Loket1-1-scaled.jpg\" rel=\"noreferrer\" data-rel=\"iLightbox[gallery_image_1]\" class=\"fusion-lightbox\" target=\"_self\"><img decoding=\"async\" src=\"https:\/\/zivykraj.cz\/wp-content\/uploads\/2021\/08\/Loket1-1-460x295.jpg\" width=\"460\" height=\"295\" alt=\"\" title=\"Loket1\" aria-label=\"Loket1\" class=\"img-responsive wp-image-15042 fusion-gallery-image-size-fixed\"  \/><\/a><\/div><\/div><div style=\"padding:5px;\" class=\"fusion-grid-column fusion-gallery-column fusion-gallery-column-3 hover-type-none\"><div class=\"fusion-gallery-image\"><a href=\"https:\/\/zivykraj.cz\/wp-content\/uploads\/2021\/08\/Loket2-scaled.jpg\" rel=\"noreferrer\" data-rel=\"iLightbox[gallery_image_1]\" class=\"fusion-lightbox\" target=\"_self\"><img decoding=\"async\" src=\"https:\/\/zivykraj.cz\/wp-content\/uploads\/2021\/08\/Loket2-460x295.jpg\" width=\"460\" height=\"295\" alt=\"\" title=\"Loket2\" aria-label=\"Loket2\" class=\"img-responsive wp-image-15043 fusion-gallery-image-size-fixed\"  \/><\/a><\/div><\/div><div style=\"padding:5px;\" class=\"fusion-grid-column fusion-gallery-column fusion-gallery-column-3 hover-type-none\"><div class=\"fusion-gallery-image\"><a href=\"https:\/\/zivykraj.cz\/wp-content\/uploads\/2021\/08\/Loket3-scaled.jpg\" rel=\"noreferrer\" data-rel=\"iLightbox[gallery_image_1]\" class=\"fusion-lightbox\" target=\"_self\"><img decoding=\"async\" src=\"https:\/\/zivykraj.cz\/wp-content\/uploads\/2021\/08\/Loket3-460x295.jpg\" width=\"460\" height=\"295\" alt=\"\" title=\"Loket3\" aria-label=\"Loket3\" class=\"img-responsive wp-image-15044 fusion-gallery-image-size-fixed\"  \/><\/a><\/div><\/div><div class=\"clearfix\"><\/div><div style=\"padding:5px;\" class=\"fusion-grid-column fusion-gallery-column fusion-gallery-column-3 hover-type-none\"><div class=\"fusion-gallery-image\"><a href=\"https:\/\/zivykraj.cz\/wp-content\/uploads\/2021\/08\/Loket4.jpg\" rel=\"noreferrer\" data-rel=\"iLightbox[gallery_image_1]\" class=\"fusion-lightbox\" target=\"_self\"><img decoding=\"async\" src=\"https:\/\/zivykraj.cz\/wp-content\/uploads\/2021\/08\/Loket4-460x295.jpg\" width=\"460\" height=\"295\" alt=\"\" title=\"Loket4\" aria-label=\"Loket4\" class=\"img-responsive wp-image-15045 fusion-gallery-image-size-fixed\"  \/><\/a><\/div><\/div><div style=\"padding:5px;\" class=\"fusion-grid-column fusion-gallery-column fusion-gallery-column-3 hover-type-none\"><div class=\"fusion-gallery-image\"><a href=\"https:\/\/zivykraj.cz\/wp-content\/uploads\/2021\/08\/Loket5-scaled.jpg\" rel=\"noreferrer\" data-rel=\"iLightbox[gallery_image_1]\" class=\"fusion-lightbox\" target=\"_self\"><img decoding=\"async\" src=\"https:\/\/zivykraj.cz\/wp-content\/uploads\/2021\/08\/Loket5-460x295.jpg\" width=\"460\" height=\"295\" alt=\"\" title=\"Loket5\" aria-label=\"Loket5\" class=\"img-responsive wp-image-15046 fusion-gallery-image-size-fixed\"  \/><\/a><\/div><\/div><div style=\"padding:5px;\" class=\"fusion-grid-column fusion-gallery-column fusion-gallery-column-3 hover-type-none\"><div class=\"fusion-gallery-image\"><a href=\"https:\/\/zivykraj.cz\/wp-content\/uploads\/2021\/08\/Loket6.png\" rel=\"noreferrer\" data-rel=\"iLightbox[gallery_image_1]\" class=\"fusion-lightbox\" target=\"_self\"><img decoding=\"async\" src=\"https:\/\/zivykraj.cz\/wp-content\/uploads\/2021\/08\/Loket6-460x295.png\" width=\"460\" height=\"295\" alt=\"\" title=\"Loket6\" aria-label=\"Loket6\" class=\"img-responsive wp-image-15050 fusion-gallery-image-size-fixed\"  \/><\/a><\/div><\/div><div class=\"clearfix\"><\/div><\/div><div class=\"fusion-clearfix\"><\/div><\/div><\/div><\/div><\/div><div class=\"fusion-fullwidth fullwidth-box fusion-builder-row-3 nonhundred-percent-fullwidth non-hundred-percent-height-scrolling\" style=\"background-color: #fafafa;background-position: center center;background-repeat: no-repeat;padding-top:20px;padding-right:60px;padding-bottom:0px;padding-left:60px;margin-bottom: 40px;margin-top: 20px;border-width: 0px 0px 0px 0px;border-color:#ecefef;border-style:solid;\" ><div class=\"fusion-builder-row fusion-row\"><div class=\"fusion-layout-column fusion_builder_column fusion-builder-column-2 fusion_builder_column_1_2 1_2 fusion-one-half fusion-column-first\" style=\"width:50%;width:calc(50% - ( ( 4% ) * 0.5 ) );margin-right: 4%;margin-top:25px;margin-bottom:25px;\"><div class=\"fusion-column-wrapper fusion-flex-column-wrapper-legacy\" style=\"background-position:left top;background-repeat:no-repeat;-webkit-background-size:cover;-moz-background-size:cover;-o-background-size:cover;background-size:cover;padding: 0px 0px 0px 0px;\"><div class=\"fusion-text fusion-text-2\"><p><strong>Telefon:<\/strong> +420 352 661 717<br \/>\n<strong>E-mail:<\/strong> <a class=\"c-link\" href=\"mailto:infocentrum@cheb.cz\" target=\"_blank\" rel=\"noopener noreferrer\" data-stringify-link=\"mailto:infocentrum@cheb.cz\" data-sk=\"tooltip_parent\" aria-haspopup=\"menu\" aria-expanded=\"false\">infocentrum@loket.cz<\/a><\/p>\n<\/div><div class=\"fusion-clearfix\"><\/div><\/div><\/div><div class=\"fusion-layout-column fusion_builder_column fusion-builder-column-3 fusion_builder_column_1_2 1_2 fusion-one-half fusion-column-last\" style=\"width:50%;width:calc(50% - ( ( 4% ) * 0.5 ) );margin-top:25px;margin-bottom:25px;\"><div class=\"fusion-column-wrapper fusion-flex-column-wrapper-legacy\" style=\"background-position:left top;background-repeat:no-repeat;-webkit-background-size:cover;-moz-background-size:cover;-o-background-size:cover;background-size:cover;padding: 0px 0px 0px 0px;\"><div class=\"fusion-alignright\"><style>.fusion-body .fusion-button.button-1{border-radius:0px 0px 0px 0px;}<\/style><a class=\"fusion-button button-flat fusion-button-default-size button-default button-1 fusion-button-default-span fusion-button-default-type\" target=\"_self\" href=\"https:\/\/www.loket.info\/\"><span class=\"fusion-button-text\">Die offizielle Website der Stadt<\/span><\/a><\/div><div class=\"fusion-clearfix\"><\/div><\/div><\/div><\/div><\/div><div class=\"fusion-fullwidth fullwidth-box fusion-builder-row-4 fusion-flex-container nonhundred-percent-fullwidth non-hundred-percent-height-scrolling\" style=\"background-color: rgba(255,255,255,0);background-position: center center;background-repeat: no-repeat;border-width: 0px 0px 0px 0px;border-color:#ecefef;border-style:solid;\" ><div class=\"fusion-builder-row fusion-row fusion-flex-align-items-flex-start\" style=\"max-width:1206.4px;margin-left: calc(-4% \/ 2 );margin-right: calc(-4% \/ 2 );\"><div class=\"fusion-layout-column fusion_builder_column fusion-builder-column-4 fusion_builder_column_1_1 1_1 fusion-flex-column\"><div class=\"fusion-column-wrapper fusion-flex-justify-content-flex-start fusion-content-layout-column\" style=\"background-position:left top;background-repeat:no-repeat;-webkit-background-size:cover;-moz-background-size:cover;-o-background-size:cover;background-size:cover;padding: 0px 0px 0px 0px;\"><div class=\"fusion-text fusion-text-3\"><h2 style=\"text-align: center;\"><b>Lass dich inspirieren<\/b><\/h2>\n<\/div><div class=\"fusion-recent-posts fusion-recent-posts-1 avada-container layout-default layout-columns-3 fusion-recent-posts-infinite fusion-recent-posts-load-more blog-grid\" data-pages=\"1\"><section class=\"fusion-columns columns fusion-columns-3 columns-3\"><article class=\"post fusion-column column col col-lg-4 col-md-4 col-sm-4\"><div class=\"fusion-flexslider fusion-flexslider-loading flexslider flexslider-hover-type-zoomin\"><ul class=\"slides\"><li><a href=\"https:\/\/zivykraj.cz\/de\/winter\/denkmaeler-im-winterkleid-wohin-ausserhalb-der-saison\/\" aria-label=\"Denkm\u00e4ler im Winterkleid: Wohin au\u00dferhalb der Saison?\" class=\"hover-type-zoomin\"><img decoding=\"async\" width=\"2309\" height=\"1732\" src=\"data:image\/svg+xml,%3Csvg%20xmlns%3D%27http%3A%2F%2Fwww.w3.org%2F2000%2Fsvg%27%20width%3D%272309%27%20height%3D%271732%27%20viewBox%3D%270%200%202309%201732%27%3E%3Crect%20width%3D%272309%27%20height%3D%271732%27%20fill-opacity%3D%220%22%2F%3E%3C%2Fsvg%3E\" class=\"attachment-full size-full lazyload\" alt=\"\" data-orig-src=\"https:\/\/zivykraj.cz\/wp-content\/uploads\/2024\/11\/Loket-9-Vlada_Surmaj-e1731944458162.jpg\" \/><\/a><\/li><\/ul><\/div><div class=\"recent-posts-content\"><span class=\"vcard\" style=\"display: none;\"><span class=\"fn\"><a href=\"https:\/\/zivykraj.cz\/de\/author\/admin\/\" title=\"Beitr\u00e4ge von admin\" rel=\"author\">admin<\/a><\/span><\/span><span class=\"updated\" style=\"display:none;\">2026-04-16T09:07:11+02:00<\/span><h4 class=\"entry-title\"><a href=\"https:\/\/zivykraj.cz\/de\/winter\/denkmaeler-im-winterkleid-wohin-ausserhalb-der-saison\/\">Denkm\u00e4ler im Winterkleid: Wohin au\u00dferhalb der Saison?<\/a><\/h4><p> Wenn der Winter an die Burgtore klopft, bedeutet das f\u00fcr viele Touristen das Ende der historischen Ausfl\u00fcge. ...<\/p><\/div><\/article><\/section><\/div><\/div><style type=\"text\/css\">.fusion-body .fusion-builder-column-4{width:100% !important;margin-top : 25px;margin-bottom : 25px;}.fusion-builder-column-4 > .fusion-column-wrapper {padding-top : 0px !important;padding-right : 0px !important;margin-right : 1.92%;padding-bottom : 0px !important;padding-left : 0px !important;margin-left : 1.92%;}@media only screen and (max-width:1024px) {.fusion-body .fusion-builder-column-4{width:100% !important;order : 0;}.fusion-builder-column-4 > .fusion-column-wrapper {margin-right : 1.92%;margin-left : 1.92%;}}@media only screen and (max-width:640px) {.fusion-body .fusion-builder-column-4{width:100% !important;order : 0;}.fusion-builder-column-4 > .fusion-column-wrapper {margin-right : 1.92%;margin-left : 1.92%;}}<\/style><\/div><\/div><style type=\"text\/css\">.fusion-body .fusion-flex-container.fusion-builder-row-4{ padding-top : 0px;margin-top : 0px;padding-right : 0px;padding-bottom : 0px;margin-bottom : 0px;padding-left : 0px;}<\/style><\/div><div class=\"fusion-fullwidth fullwidth-box fusion-builder-row-5 display-none nonhundred-percent-fullwidth non-hundred-percent-height-scrolling\" style=\"background-color: rgba(255,255,255,0);background-position: center center;background-repeat: no-repeat;padding-top:0px;padding-right:0px;padding-bottom:0px;padding-left:0px;margin-bottom: 0px;margin-top: 0px;border-width: 0px 0px 0px 0px;border-color:#ecefef;border-style:solid;\" ><div class=\"fusion-builder-row fusion-row\"><div class=\"fusion-layout-column fusion_builder_column fusion-builder-column-5 fusion_builder_column_1_1 1_1 fusion-one-full fusion-column-first fusion-column-last\" style=\"margin-top:25px;margin-bottom:25px;\"><div class=\"fusion-column-wrapper fusion-flex-column-wrapper-legacy\" style=\"background-position:left top;background-repeat:no-repeat;-webkit-background-size:cover;-moz-background-size:cover;-o-background-size:cover;background-size:cover;padding: 0px 0px 0px 0px;\"><div class=\"fusion-text fusion-text-4 nechte-se-inspirovat\"><h2 style=\"text-align: center;\"><strong>Nechte se inspirovat<\/strong><\/h2>\n<\/div><div class=\"fusion-clearfix\"><\/div><\/div><\/div><\/div><\/div><\/p>\n","protected":false},"excerpt":{"rendered":"","protected":false},"author":1,"featured_media":17401,"parent":17779,"menu_order":0,"comment_status":"closed","ping_status":"closed","template":"","meta":{"_acf_changed":false,"inline_featured_image":false,"footnotes":""},"acf":[],"yoast_head":"<!-- This site is optimized with the Yoast SEO plugin v22.3 - https:\/\/yoast.com\/wordpress\/plugins\/seo\/ -->\n<title>Loket (Elbogen) | \u017divyKraj.cz<\/title>\n<meta name=\"robots\" content=\"index, follow, max-snippet:-1, max-image-preview:large, max-video-preview:-1\" \/>\n<link rel=\"canonical\" href=\"https:\/\/zivykraj.cz\/de\/ausflugsziele\/elbogen\/\" \/>\n<meta property=\"og:locale\" content=\"de_DE\" \/>\n<meta property=\"og:type\" content=\"article\" \/>\n<meta property=\"og:title\" content=\"Loket (Elbogen) | \u017divyKraj.cz\" \/>\n<meta property=\"og:url\" content=\"https:\/\/zivykraj.cz\/de\/ausflugsziele\/elbogen\/\" \/>\n<meta property=\"og:site_name\" content=\"\u017divyKraj.cz\" \/>\n<meta property=\"article:modified_time\" content=\"2022-07-18T08:26:40+00:00\" \/>\n<meta property=\"og:image\" content=\"https:\/\/zivykraj.cz\/wp-content\/uploads\/2021\/09\/loket.jpg\" \/>\n\t<meta property=\"og:image:width\" content=\"1920\" \/>\n\t<meta property=\"og:image:height\" content=\"647\" \/>\n\t<meta property=\"og:image:type\" content=\"image\/jpeg\" \/>\n<meta name=\"twitter:card\" content=\"summary_large_image\" \/>\n<meta name=\"twitter:label1\" content=\"Gesch\u00e4tzte Lesezeit\" \/>\n\t<meta name=\"twitter:data1\" content=\"15 Minuten\" \/>\n<script type=\"application\/ld+json\" class=\"yoast-schema-graph\">{\"@context\":\"https:\/\/schema.org\",\"@graph\":[{\"@type\":\"WebPage\",\"@id\":\"https:\/\/zivykraj.cz\/de\/ausflugsziele\/elbogen\/\",\"url\":\"https:\/\/zivykraj.cz\/de\/ausflugsziele\/elbogen\/\",\"name\":\"Loket (Elbogen) | \u017divyKraj.cz\",\"isPartOf\":{\"@id\":\"https:\/\/zivykraj.cz\/de\/#website\"},\"primaryImageOfPage\":{\"@id\":\"https:\/\/zivykraj.cz\/de\/ausflugsziele\/elbogen\/#primaryimage\"},\"image\":{\"@id\":\"https:\/\/zivykraj.cz\/de\/ausflugsziele\/elbogen\/#primaryimage\"},\"thumbnailUrl\":\"https:\/\/zivykraj.cz\/wp-content\/uploads\/2021\/09\/loket.jpg\",\"datePublished\":\"2021-08-05T13:51:49+00:00\",\"dateModified\":\"2022-07-18T08:26:40+00:00\",\"breadcrumb\":{\"@id\":\"https:\/\/zivykraj.cz\/de\/ausflugsziele\/elbogen\/#breadcrumb\"},\"inLanguage\":\"de-DE\",\"potentialAction\":[{\"@type\":\"ReadAction\",\"target\":[\"https:\/\/zivykraj.cz\/de\/ausflugsziele\/elbogen\/\"]}]},{\"@type\":\"ImageObject\",\"inLanguage\":\"de-DE\",\"@id\":\"https:\/\/zivykraj.cz\/de\/ausflugsziele\/elbogen\/#primaryimage\",\"url\":\"https:\/\/zivykraj.cz\/wp-content\/uploads\/2021\/09\/loket.jpg\",\"contentUrl\":\"https:\/\/zivykraj.cz\/wp-content\/uploads\/2021\/09\/loket.jpg\",\"width\":1920,\"height\":647},{\"@type\":\"BreadcrumbList\",\"@id\":\"https:\/\/zivykraj.cz\/de\/ausflugsziele\/elbogen\/#breadcrumb\",\"itemListElement\":[{\"@type\":\"ListItem\",\"position\":1,\"name\":\"Home\",\"item\":\"https:\/\/zivykraj.cz\/de\/\"},{\"@type\":\"ListItem\",\"position\":2,\"name\":\"Ausflugsziele\",\"item\":\"https:\/\/zivykraj.cz\/de\/ausflugsziele\/\"},{\"@type\":\"ListItem\",\"position\":3,\"name\":\"Loket (Elbogen)\"}]},{\"@type\":\"WebSite\",\"@id\":\"https:\/\/zivykraj.cz\/de\/#website\",\"url\":\"https:\/\/zivykraj.cz\/de\/\",\"name\":\"\u017divyKraj.cz\",\"description\":\"Turistick\u00fd web - Karlovarsk\u00fd kraj\",\"publisher\":{\"@id\":\"https:\/\/zivykraj.cz\/de\/#organization\"},\"potentialAction\":[{\"@type\":\"SearchAction\",\"target\":{\"@type\":\"EntryPoint\",\"urlTemplate\":\"https:\/\/zivykraj.cz\/de\/?s={search_term_string}\"},\"query-input\":\"required name=search_term_string\"}],\"inLanguage\":\"de-DE\"},{\"@type\":\"Organization\",\"@id\":\"https:\/\/zivykraj.cz\/de\/#organization\",\"name\":\"\u017divyKraj.cz\",\"url\":\"https:\/\/zivykraj.cz\/de\/\",\"logo\":{\"@type\":\"ImageObject\",\"inLanguage\":\"de-DE\",\"@id\":\"https:\/\/zivykraj.cz\/de\/#\/schema\/logo\/image\/\",\"url\":\"https:\/\/zivykraj.cz\/wp-content\/uploads\/2021\/08\/logo_white.png\",\"contentUrl\":\"https:\/\/zivykraj.cz\/wp-content\/uploads\/2021\/08\/logo_white.png\",\"width\":223,\"height\":59,\"caption\":\"\u017divyKraj.cz\"},\"image\":{\"@id\":\"https:\/\/zivykraj.cz\/de\/#\/schema\/logo\/image\/\"}}]}<\/script>\n<!-- \/ Yoast SEO plugin. -->","yoast_head_json":{"title":"Loket (Elbogen) | \u017divyKraj.cz","robots":{"index":"index","follow":"follow","max-snippet":"max-snippet:-1","max-image-preview":"max-image-preview:large","max-video-preview":"max-video-preview:-1"},"canonical":"https:\/\/zivykraj.cz\/de\/ausflugsziele\/elbogen\/","og_locale":"de_DE","og_type":"article","og_title":"Loket (Elbogen) | \u017divyKraj.cz","og_url":"https:\/\/zivykraj.cz\/de\/ausflugsziele\/elbogen\/","og_site_name":"\u017divyKraj.cz","article_modified_time":"2022-07-18T08:26:40+00:00","og_image":[{"width":1920,"height":647,"url":"https:\/\/zivykraj.cz\/wp-content\/uploads\/2021\/09\/loket.jpg","type":"image\/jpeg"}],"twitter_card":"summary_large_image","twitter_misc":{"Gesch\u00e4tzte Lesezeit":"15 Minuten"},"schema":{"@context":"https:\/\/schema.org","@graph":[{"@type":"WebPage","@id":"https:\/\/zivykraj.cz\/de\/ausflugsziele\/elbogen\/","url":"https:\/\/zivykraj.cz\/de\/ausflugsziele\/elbogen\/","name":"Loket (Elbogen) | \u017divyKraj.cz","isPartOf":{"@id":"https:\/\/zivykraj.cz\/de\/#website"},"primaryImageOfPage":{"@id":"https:\/\/zivykraj.cz\/de\/ausflugsziele\/elbogen\/#primaryimage"},"image":{"@id":"https:\/\/zivykraj.cz\/de\/ausflugsziele\/elbogen\/#primaryimage"},"thumbnailUrl":"https:\/\/zivykraj.cz\/wp-content\/uploads\/2021\/09\/loket.jpg","datePublished":"2021-08-05T13:51:49+00:00","dateModified":"2022-07-18T08:26:40+00:00","breadcrumb":{"@id":"https:\/\/zivykraj.cz\/de\/ausflugsziele\/elbogen\/#breadcrumb"},"inLanguage":"de-DE","potentialAction":[{"@type":"ReadAction","target":["https:\/\/zivykraj.cz\/de\/ausflugsziele\/elbogen\/"]}]},{"@type":"ImageObject","inLanguage":"de-DE","@id":"https:\/\/zivykraj.cz\/de\/ausflugsziele\/elbogen\/#primaryimage","url":"https:\/\/zivykraj.cz\/wp-content\/uploads\/2021\/09\/loket.jpg","contentUrl":"https:\/\/zivykraj.cz\/wp-content\/uploads\/2021\/09\/loket.jpg","width":1920,"height":647},{"@type":"BreadcrumbList","@id":"https:\/\/zivykraj.cz\/de\/ausflugsziele\/elbogen\/#breadcrumb","itemListElement":[{"@type":"ListItem","position":1,"name":"Home","item":"https:\/\/zivykraj.cz\/de\/"},{"@type":"ListItem","position":2,"name":"Ausflugsziele","item":"https:\/\/zivykraj.cz\/de\/ausflugsziele\/"},{"@type":"ListItem","position":3,"name":"Loket (Elbogen)"}]},{"@type":"WebSite","@id":"https:\/\/zivykraj.cz\/de\/#website","url":"https:\/\/zivykraj.cz\/de\/","name":"\u017divyKraj.cz","description":"Turistick\u00fd web - Karlovarsk\u00fd kraj","publisher":{"@id":"https:\/\/zivykraj.cz\/de\/#organization"},"potentialAction":[{"@type":"SearchAction","target":{"@type":"EntryPoint","urlTemplate":"https:\/\/zivykraj.cz\/de\/?s={search_term_string}"},"query-input":"required name=search_term_string"}],"inLanguage":"de-DE"},{"@type":"Organization","@id":"https:\/\/zivykraj.cz\/de\/#organization","name":"\u017divyKraj.cz","url":"https:\/\/zivykraj.cz\/de\/","logo":{"@type":"ImageObject","inLanguage":"de-DE","@id":"https:\/\/zivykraj.cz\/de\/#\/schema\/logo\/image\/","url":"https:\/\/zivykraj.cz\/wp-content\/uploads\/2021\/08\/logo_white.png","contentUrl":"https:\/\/zivykraj.cz\/wp-content\/uploads\/2021\/08\/logo_white.png","width":223,"height":59,"caption":"\u017divyKraj.cz"},"image":{"@id":"https:\/\/zivykraj.cz\/de\/#\/schema\/logo\/image\/"}}]}},"_links":{"self":[{"href":"https:\/\/zivykraj.cz\/de\/wp-json\/wp\/v2\/pages\/17762"}],"collection":[{"href":"https:\/\/zivykraj.cz\/de\/wp-json\/wp\/v2\/pages"}],"about":[{"href":"https:\/\/zivykraj.cz\/de\/wp-json\/wp\/v2\/types\/page"}],"author":[{"embeddable":true,"href":"https:\/\/zivykraj.cz\/de\/wp-json\/wp\/v2\/users\/1"}],"replies":[{"embeddable":true,"href":"https:\/\/zivykraj.cz\/de\/wp-json\/wp\/v2\/comments?post=17762"}],"version-history":[{"count":2,"href":"https:\/\/zivykraj.cz\/de\/wp-json\/wp\/v2\/pages\/17762\/revisions"}],"predecessor-version":[{"id":64345,"href":"https:\/\/zivykraj.cz\/de\/wp-json\/wp\/v2\/pages\/17762\/revisions\/64345"}],"up":[{"embeddable":true,"href":"https:\/\/zivykraj.cz\/de\/wp-json\/wp\/v2\/pages\/17779"}],"wp:featuredmedia":[{"embeddable":true,"href":"https:\/\/zivykraj.cz\/de\/wp-json\/wp\/v2\/media\/17401"}],"wp:attachment":[{"href":"https:\/\/zivykraj.cz\/de\/wp-json\/wp\/v2\/media?parent=17762"}],"curies":[{"name":"wp","href":"https:\/\/api.w.org\/{rel}","templated":true}]}}