{"id":17837,"date":"2020-02-15T09:08:54","date_gmt":"2020-02-15T08:08:54","guid":{"rendered":"https:\/\/zivykraj.cz\/vyletni-cile\/slavkovsky-les\/"},"modified":"2022-07-18T10:28:15","modified_gmt":"2022-07-18T08:28:15","slug":"kaiserwald","status":"publish","type":"page","link":"https:\/\/zivykraj.cz\/de\/ausflugsziele\/kaiserwald\/","title":{"rendered":"Slavkovsk\u00fd les &#8211; Kaiserwald"},"content":{"rendered":"<p><div class=\"fusion-fullwidth fullwidth-box fusion-builder-row-1 nonhundred-percent-fullwidth non-hundred-percent-height-scrolling\" style=\"background-color: rgba(255,255,255,0);background-position: center center;background-repeat: no-repeat;padding-top:0px;padding-right:0px;padding-bottom:0px;padding-left:0px;margin-bottom: 0px;margin-top: 0px;border-width: 0px 0px 0px 0px;border-color:#ecefef;border-style:solid;\" ><div class=\"fusion-builder-row fusion-row\"><div class=\"fusion-layout-column fusion_builder_column fusion-builder-column-0 fusion_builder_column_1_1 1_1 fusion-one-full fusion-column-first fusion-column-last\" style=\"margin-top:25px;margin-bottom:25px;\"><div class=\"fusion-column-wrapper fusion-flex-column-wrapper-legacy\" style=\"background-position:left top;background-repeat:no-repeat;-webkit-background-size:cover;-moz-background-size:cover;-o-background-size:cover;background-size:cover;padding: 0px 0px 0px 0px;\"><div class=\"fusion-text fusion-text-1\"><p>Er wird zu Recht das tschechische Island genannt. Das Bergplateau inmitten des Westb\u00f6hmischen B\u00e4derdreiecks ist von tiefen W\u00e4ldern durchzogen, in die die Sonnenstrahlen erstaunliche Schattenspiele zaubern. \u00dcber tausend Mineralquellen entspringen hier und kleine Seen, die vorhandenen Mineralen ihre F\u00e4rbung verdanken, sowie endlose Torfmoore warten entlang der Wege darauf, entdeckt zu werden.<\/p>\n<h3><b>Heilung aus den Tiefen der Erde<\/b><\/h3>\n<p>Das Westb\u00f6hmische B\u00e4derdreieck macht Schluss mit Stress, gesundheitlichen Beschwerden und schlechter Laune. Karlsbad, Franzensbad und Marienbad sind ideale Stationen auf einem Ausflug in den Slavkovsk\u00fd les (Kaiserwald). Hier tanken Sie Energie und nachdem Sie eine Wanderung zur\u00fcckgelegt haben, k\u00f6nnen Sie sich etwas verw\u00f6hnen lassen. Neben den bekannten Quellen finden Sie in der Region Karlsbad auch eine Vielzahl weniger bekannter Quellen. So zum Beispiel die Quelle Siard\u016fv pramen, zu der ein Lehrpfad f\u00fchrt.<\/p>\n<p>Wenn das Westb\u00f6hmische B\u00e4derdreieck f\u00fcr Sie zu mainstream-m\u00e4\u00dfig ist, dann haben wir f\u00fcr Sie einen Tipp. Das Heilbad L\u00e1zn\u011b Kyn\u017evart (Bad K\u00f6nigswart) geh\u00f6rt zu einem der vier Gebiete in der Tschechischen Republik, deren klimatische Bedingungen diese Stadt zu einem anerkannten heilklimatischen Kurort machen. Hier geht es viel ruhiger zu als in den oben genannten Kurorten, f\u00fcr jeden m\u00fcden Pilger gibt es hier jedoch gen\u00fcgend Anwendungen, Caf\u00e9s oder Sportpl\u00e4tze.<\/p>\n<h3><b>Be\u010dov und sein Botanischer Garten<\/b><\/h3>\n<p>Neben der Besichtigung von Burg und Schloss mit dem geheimnisvollen St.-Maurus-Schrein (Reliquiar des Hl. Maurus), k\u00f6nnen Sie in Be\u010dov nad Teplou den Botanischen Garten mit zusammengetragenen Pflanzen aus verschiedenen Kontinenten und vielen Pavillons besuchen oder eine kleine Bootsfahrt auf dem Teich unternehmen und so einen erholsamen Tag in bezaubernder Natur verbringen. Kletterer sch\u00e4tzen die Bioferrata (Be\u010dovska-Klettersteig) mit mehreren Kletterstrecken unterschiedlicher Schwierigkeitsgrade, die direkt durch den Botanischen Garten f\u00fchren. Ausr\u00fcstung kann vor Ort gemietet werden.<\/p>\n<h3><b>Wunder der Natur<\/b><\/h3>\n<p>Auf relativ kleinem Raum gibt es gleich vier bedeutende Naturformationen und Orte, die mit dem Auto an einem Tag erreicht werden k\u00f6nnen. Als erstes ist es die monumentale Basalt-Orgel in der N\u00e4he von Hlinky, gleich hinter Be\u010dov, die an die rollende Lava eines terti\u00e4ren Vulkans vor Millionen von Jahren erinnert.<\/p>\n<p>Der zweite Ort ist das bedeutende technische Denkmal aus dem Jahr 1536 mit dem Namen Dlouh\u00e1 stoka. Die Anlage wurde zu Zeiten des Zinnabbaus zur Wasserversorgung f\u00fcr den Antrieb von Pumpanlagen, Brechk\u00e4mmen und Erzm\u00fchlen genutzt. Der dritte Ort, eine Wiese, liegt einige Kilometer s\u00fcdlich und hei\u00dft Upol\u00ednov\u00e1 louka pod K\u0159\u00ed\u017eky, wo jedes Fr\u00fchjahr seltene und vom Aussterben bedrohte Trollblumen und andere seltene Pflanzenarten in voller Sch\u00f6nheit bl\u00fchen. Durch das Gebiet f\u00fchrt ein Pfad mit Aussichtspunkten.<\/p>\n<p>Der vierte Ort ist von hier aus fast in Sicht. Die Torfmoore von Kladsk\u00e1 (Kladsk\u00e9 ra\u0161eliny) sind ein umfangreiches Hochmoor-System und z\u00e4hlen zu dem wertvollsten Teil des Slavkovsk\u00fd les (Kaiserwald). Der neun Kilometer lange Naturlehrpfad f\u00fchrt Sie durch Urw\u00e4lder an zahlreichen kleinen Seen vorbei. Unterwegs begegnen Sie vielleicht Schwarzst\u00f6rchen, Falken oder Spechten, mit etwas Gl\u00fcck entdecken Sie auch einen Luchs.<\/p>\n<p>Etwas weiter n\u00f6rdlich &#8211; zwischen Loket und Karlsbad &#8211; liegt die Felsenstadt Svato\u0161sk\u00e9 sk\u00e1ly (Hans-Heiling-Felsen). Diese massiven Granits\u00e4ulen begleitet die Legende vom versteinerten Hochzeitszug. Sie erreichen diesen Ort auf einem Radweg oder mit dem Boot, Kletterer werden sich freuen und Kinder k\u00f6nnen sich im &#8222;Kinderparadies&#8220; Svato\u0161ky austoben.<\/p>\n<h3><b>Kuriosit\u00e4tenkabinett und ein Aussichtsturm aus dem Irak<\/b><\/h3>\n<p>Mindestens zwei wichtige Bauwerke sollten Sie bei einem Besuch im Slavkovsk\u00fd les (Kaiserwald) nicht verpassen. Das erste von ihnen ist Schloss Kyn\u017evart, ein bedeutender Sitz der Familie Metternich umgeben von einem englischen Park. F\u00fcrst Metternich unternahm viele weite Reisen und auf seinen Expeditionen sammelte er eine Vielzahl von Kuriosit\u00e4ten, die heute im Schloss zu besichtigen sind. So zum Beispiel eine Mumiensammlung oder seltsame Objekte mit einer Geschichte, die im Kuriosit\u00e4tenkabinett ausgestellt sind. Das seltenste Objekt ist jedoch die Daguerreotypie (Vorl\u00e4ufer der Fotografie) von Kyn\u017evart, die in die Liste des UNESCO-Welterbes aufgenommen wurde.<\/p>\n<p>Und wenn Sie sich die ganze Region aus der Vogelperspektive ansehen m\u00f6chten, besuchen Sie den Aussichtsturm Kr\u00e1sensk\u00e1 rozhledna. Er erhebt sich hoch \u00fcber den umliegenden W\u00e4ldern, gewinnt regelm\u00e4\u00dfig Wettbewerbe um den sch\u00f6nsten Aussichtsturm Tschechiens, seine Erbauer lie\u00dfen sich vom Minarett der irakischen Stadt Samarra inspirieren.<\/p>\n<\/div><div class=\"fusion-clearfix\"><\/div><\/div><\/div><\/div><\/div><div class=\"fusion-fullwidth fullwidth-box fusion-builder-row-2 nonhundred-percent-fullwidth non-hundred-percent-height-scrolling\" style=\"background-color: rgba(255,255,255,0);background-position: center center;background-repeat: no-repeat;padding-top:0px;padding-right:0px;padding-bottom:0px;padding-left:0px;margin-bottom: 0px;margin-top: 0px;border-width: 0px 0px 0px 0px;border-color:#ecefef;border-style:solid;\" ><div class=\"fusion-builder-row fusion-row\"><div class=\"fusion-layout-column fusion_builder_column fusion-builder-column-1 fusion_builder_column_1_1 1_1 fusion-one-full fusion-column-first fusion-column-last\" style=\"margin-top:25px;margin-bottom:25px;\"><div class=\"fusion-column-wrapper fusion-flex-column-wrapper-legacy\" style=\"background-position:left top;background-repeat:no-repeat;-webkit-background-size:cover;-moz-background-size:cover;-o-background-size:cover;background-size:cover;padding: 0px 0px 0px 0px;\"><style type=\"text\/css\">.fusion-gallery-1 .fusion-gallery-image {border:0px solid #f2f3f3;}<\/style><div class=\"fusion-gallery fusion-gallery-container fusion-grid-3 fusion-columns-total-6 fusion-gallery-layout-grid fusion-gallery-1\" style=\"margin:-5px;\"><div style=\"padding:5px;\" class=\"fusion-grid-column fusion-gallery-column fusion-gallery-column-3 hover-type-none\"><div class=\"fusion-gallery-image\"><a href=\"https:\/\/zivykraj.cz\/wp-content\/uploads\/2021\/02\/Slavkovsk\u00fd-les_1.jpg\" rel=\"noreferrer\" data-rel=\"iLightbox[gallery_image_1]\" class=\"fusion-lightbox\" target=\"_self\"><img decoding=\"async\" src=\"https:\/\/zivykraj.cz\/wp-content\/uploads\/2021\/02\/Slavkovsk\u00fd-les_1-460x295.jpg\" width=\"460\" height=\"295\" alt=\"\" title=\"Slavkovsk\u00fd les_1\" aria-label=\"Slavkovsk\u00fd les_1\" class=\"img-responsive wp-image-9152 fusion-gallery-image-size-fixed\"  \/><\/a><\/div><\/div><div style=\"padding:5px;\" class=\"fusion-grid-column fusion-gallery-column fusion-gallery-column-3 hover-type-none\"><div class=\"fusion-gallery-image\"><a href=\"https:\/\/zivykraj.cz\/wp-content\/uploads\/2021\/02\/Slavkovsk\u00fd-les_2.jpg\" rel=\"noreferrer\" data-rel=\"iLightbox[gallery_image_1]\" class=\"fusion-lightbox\" target=\"_self\"><img decoding=\"async\" src=\"https:\/\/zivykraj.cz\/wp-content\/uploads\/2021\/02\/Slavkovsk\u00fd-les_2-460x295.jpg\" width=\"460\" height=\"295\" alt=\"\" title=\"Slavkovsk\u00fd les_2\" aria-label=\"Slavkovsk\u00fd les_2\" class=\"img-responsive wp-image-9153 fusion-gallery-image-size-fixed\"  \/><\/a><\/div><\/div><div style=\"padding:5px;\" class=\"fusion-grid-column fusion-gallery-column fusion-gallery-column-3 hover-type-none\"><div class=\"fusion-gallery-image\"><a href=\"https:\/\/zivykraj.cz\/wp-content\/uploads\/2021\/02\/Slavkovsk\u00fd-les_3.jpg\" rel=\"noreferrer\" data-rel=\"iLightbox[gallery_image_1]\" class=\"fusion-lightbox\" target=\"_self\"><img decoding=\"async\" src=\"https:\/\/zivykraj.cz\/wp-content\/uploads\/2021\/02\/Slavkovsk\u00fd-les_3-460x295.jpg\" width=\"460\" height=\"295\" alt=\"\" title=\"Slavkovsk\u00fd les_3\" aria-label=\"Slavkovsk\u00fd les_3\" class=\"img-responsive wp-image-9154 fusion-gallery-image-size-fixed\"  \/><\/a><\/div><\/div><div class=\"clearfix\"><\/div><div style=\"padding:5px;\" class=\"fusion-grid-column fusion-gallery-column fusion-gallery-column-3 hover-type-none\"><div class=\"fusion-gallery-image\"><a href=\"https:\/\/zivykraj.cz\/wp-content\/uploads\/2021\/02\/Slavkovsk\u00fd-les_And\u011blsk\u00e1-hora_4.jpg\" rel=\"noreferrer\" data-rel=\"iLightbox[gallery_image_1]\" class=\"fusion-lightbox\" target=\"_self\"><img decoding=\"async\" src=\"https:\/\/zivykraj.cz\/wp-content\/uploads\/2021\/02\/Slavkovsk\u00fd-les_And\u011blsk\u00e1-hora_4-460x295.jpg\" width=\"460\" height=\"295\" alt=\"\" title=\"Slavkovsk\u00fd les_And\u011blsk\u00e1 hora_4\" aria-label=\"Slavkovsk\u00fd les_And\u011blsk\u00e1 hora_4\" class=\"img-responsive wp-image-9217 fusion-gallery-image-size-fixed\"  \/><\/a><\/div><\/div><div style=\"padding:5px;\" class=\"fusion-grid-column fusion-gallery-column fusion-gallery-column-3 hover-type-none\"><div class=\"fusion-gallery-image\"><a href=\"https:\/\/zivykraj.cz\/wp-content\/uploads\/2021\/02\/Slavkovsk\u00fd-les_Kladska_5.jpg\" rel=\"noreferrer\" data-rel=\"iLightbox[gallery_image_1]\" class=\"fusion-lightbox\" target=\"_self\"><img decoding=\"async\" src=\"https:\/\/zivykraj.cz\/wp-content\/uploads\/2021\/02\/Slavkovsk\u00fd-les_Kladska_5-460x295.jpg\" width=\"460\" height=\"295\" alt=\"\" title=\"Slavkovsk\u00fd les_Kladska_5\" aria-label=\"Slavkovsk\u00fd les_Kladska_5\" class=\"img-responsive wp-image-9218 fusion-gallery-image-size-fixed\"  \/><\/a><\/div><\/div><div style=\"padding:5px;\" class=\"fusion-grid-column fusion-gallery-column fusion-gallery-column-3 hover-type-none\"><div class=\"fusion-gallery-image\"><a href=\"https:\/\/zivykraj.cz\/wp-content\/uploads\/2021\/02\/Slavkovsk\u00fd-les_Kladsk\u00e1_6.jpg\" rel=\"noreferrer\" data-rel=\"iLightbox[gallery_image_1]\" class=\"fusion-lightbox\" target=\"_self\"><img decoding=\"async\" src=\"https:\/\/zivykraj.cz\/wp-content\/uploads\/2021\/02\/Slavkovsk\u00fd-les_Kladsk\u00e1_6-460x295.jpg\" width=\"460\" height=\"295\" alt=\"\" title=\"Slavkovsk\u00fd les_Kladsk\u00e1_6\" aria-label=\"Slavkovsk\u00fd les_Kladsk\u00e1_6\" class=\"img-responsive wp-image-9219 fusion-gallery-image-size-fixed\"  \/><\/a><\/div><\/div><div class=\"clearfix\"><\/div><\/div><div class=\"fusion-text fusion-text-2\"><h2 style=\"text-align: center;\"><b>Lass dich inspirieren<\/b><\/h2>\n<\/div><div class=\"fusion-recent-posts fusion-recent-posts-1 avada-container layout-default layout-columns-3 fusion-recent-posts-infinite fusion-recent-posts-load-more blog-grid\" data-pages=\"1\"><section class=\"fusion-columns columns fusion-columns-3 columns-3\"><article class=\"post fusion-column column col col-lg-4 col-md-4 col-sm-4\"><div class=\"fusion-flexslider fusion-flexslider-loading flexslider flexslider-hover-type-zoomin\"><ul class=\"slides\"><li><a href=\"https:\/\/zivykraj.cz\/de\/aktivitaten\/die-besten-aufluge-zu-den-naturschonheiten-der-karlsbader-region\/\" aria-label=\"Die besten Ausfl\u00fcge zu den Natursch\u00f6nheiten der Karlsbader Region\" class=\"hover-type-zoomin\"><img decoding=\"async\" width=\"2560\" height=\"1706\" src=\"https:\/\/zivykraj.cz\/wp-content\/uploads\/2024\/05\/1L0A5461-scaled.jpg\" class=\"attachment-full size-full lazyload\" alt=\"\" srcset=\"data:image\/svg+xml,%3Csvg%20xmlns%3D%27http%3A%2F%2Fwww.w3.org%2F2000%2Fsvg%27%20width%3D%272560%27%20height%3D%271706%27%20viewBox%3D%270%200%202560%201706%27%3E%3Crect%20width%3D%272560%27%20height%3D%271706%27%20fill-opacity%3D%220%22%2F%3E%3C%2Fsvg%3E\" data-orig-src=\"https:\/\/zivykraj.cz\/wp-content\/uploads\/2024\/05\/1L0A5461-scaled.jpg\" data-srcset=\"https:\/\/zivykraj.cz\/wp-content\/uploads\/2024\/05\/1L0A5461-200x133.jpg 200w, https:\/\/zivykraj.cz\/wp-content\/uploads\/2024\/05\/1L0A5461-400x267.jpg 400w, https:\/\/zivykraj.cz\/wp-content\/uploads\/2024\/05\/1L0A5461-600x400.jpg 600w, https:\/\/zivykraj.cz\/wp-content\/uploads\/2024\/05\/1L0A5461-800x533.jpg 800w, https:\/\/zivykraj.cz\/wp-content\/uploads\/2024\/05\/1L0A5461-1200x800.jpg 1200w, https:\/\/zivykraj.cz\/wp-content\/uploads\/2024\/05\/1L0A5461-scaled.jpg 2560w\" data-sizes=\"auto\" \/><\/a><\/li><\/ul><\/div><div class=\"recent-posts-content\"><span class=\"vcard\" style=\"display: none;\"><span class=\"fn\"><a href=\"https:\/\/zivykraj.cz\/de\/author\/admin\/\" title=\"Beitr\u00e4ge von admin\" rel=\"author\">admin<\/a><\/span><\/span><span class=\"updated\" style=\"display:none;\">2026-04-16T09:22:01+02:00<\/span><h4 class=\"entry-title\"><a href=\"https:\/\/zivykraj.cz\/de\/aktivitaten\/die-besten-aufluge-zu-den-naturschonheiten-der-karlsbader-region\/\">Die besten Ausfl\u00fcge zu den Natursch\u00f6nheiten der Karlsbader Region<\/a><\/h4><p>J\u00e1chymov, das \u00fcber die von Karlovy Vary kommende Stra\u00dfe lediglich 30 Minuten entfernt ist, ist eine der attraktivsten und faszinierendsten St\u00e4dte der Karlsbader Region mit vielen interessanten Fakten (unter anderem gab sie der Welt das Wort Dollar). Heben wir uns jedoch die Geschichte und die Sehensw\u00fcrdigkeiten f\u00fcr das n\u00e4chste Mal auf, denn wir wollen uns auf die vielen Wanderwege begeben, mit denen diese Gebiet gesegnet ist. Vom Zentrum aus steigt die gelb markierte Route durch die dichten W\u00e4lder steil bis \u00fcber die Stadt an und bietet Ausblicke in das weite Tal, in welchem J\u00e1chymov (St. Joachimsthal) liegt. Bald darauf gelangen Sie auf den Berg Had\u00ed hora, was Schlangenberg bedeutet.<\/p><\/div><\/article><\/section><\/div><div class=\"fusion-clearfix\"><\/div><\/div><\/div><\/div><\/div><div class=\"fusion-fullwidth fullwidth-box fusion-builder-row-3 display-none nonhundred-percent-fullwidth non-hundred-percent-height-scrolling\" style=\"background-color: rgba(255,255,255,0);background-position: center center;background-repeat: no-repeat;padding-top:0px;padding-right:0px;padding-bottom:0px;padding-left:0px;margin-bottom: 0px;margin-top: 0px;border-width: 0px 0px 0px 0px;border-color:#ecefef;border-style:solid;\" ><div class=\"fusion-builder-row fusion-row\"><div class=\"fusion-layout-column fusion_builder_column fusion-builder-column-2 fusion_builder_column_1_1 1_1 fusion-one-full fusion-column-first fusion-column-last\" style=\"margin-top:25px;margin-bottom:25px;\"><div class=\"fusion-column-wrapper fusion-flex-column-wrapper-legacy\" style=\"background-position:left top;background-repeat:no-repeat;-webkit-background-size:cover;-moz-background-size:cover;-o-background-size:cover;background-size:cover;padding: 0px 0px 0px 0px;\"><div class=\"fusion-text fusion-text-3 nechte-se-inspirovat\"><h2 class=\"fusion-responsive-typography-calculated\" style=\"text-align: center;\" data-fontsize=\"42\" data-lineheight=\"52.5px\">Lass dich inspirieren<\/h2>\n<\/div><div class=\"fusion-clearfix\"><\/div><\/div><\/div><\/div><\/div><\/p>\n","protected":false},"excerpt":{"rendered":"","protected":false},"author":1,"featured_media":17410,"parent":17779,"menu_order":0,"comment_status":"closed","ping_status":"closed","template":"","meta":{"_acf_changed":false,"inline_featured_image":false,"footnotes":""},"acf":[],"yoast_head":"<!-- This site is optimized with the Yoast SEO plugin v22.3 - https:\/\/yoast.com\/wordpress\/plugins\/seo\/ -->\n<title>Slavkovsk\u00fd les - Kaiserwald | \u017divyKraj.cz<\/title>\n<meta name=\"robots\" content=\"index, follow, max-snippet:-1, max-image-preview:large, max-video-preview:-1\" \/>\n<link rel=\"canonical\" href=\"https:\/\/zivykraj.cz\/de\/ausflugsziele\/kaiserwald\/\" \/>\n<meta property=\"og:locale\" content=\"de_DE\" \/>\n<meta property=\"og:type\" content=\"article\" \/>\n<meta property=\"og:title\" content=\"Slavkovsk\u00fd les - Kaiserwald | \u017divyKraj.cz\" \/>\n<meta property=\"og:url\" content=\"https:\/\/zivykraj.cz\/de\/ausflugsziele\/kaiserwald\/\" \/>\n<meta property=\"og:site_name\" content=\"\u017divyKraj.cz\" \/>\n<meta property=\"article:modified_time\" content=\"2022-07-18T08:28:15+00:00\" \/>\n<meta property=\"og:image\" content=\"https:\/\/zivykraj.cz\/wp-content\/uploads\/2021\/09\/Slavkovsky-les_uvodni.jpg\" \/>\n\t<meta property=\"og:image:width\" content=\"1920\" \/>\n\t<meta property=\"og:image:height\" content=\"647\" \/>\n\t<meta property=\"og:image:type\" content=\"image\/jpeg\" \/>\n<meta name=\"twitter:card\" content=\"summary_large_image\" \/>\n<meta name=\"twitter:label1\" content=\"Gesch\u00e4tzte Lesezeit\" \/>\n\t<meta name=\"twitter:data1\" content=\"11 Minuten\" \/>\n<script type=\"application\/ld+json\" class=\"yoast-schema-graph\">{\"@context\":\"https:\/\/schema.org\",\"@graph\":[{\"@type\":\"WebPage\",\"@id\":\"https:\/\/zivykraj.cz\/de\/ausflugsziele\/kaiserwald\/\",\"url\":\"https:\/\/zivykraj.cz\/de\/ausflugsziele\/kaiserwald\/\",\"name\":\"Slavkovsk\u00fd les - Kaiserwald | \u017divyKraj.cz\",\"isPartOf\":{\"@id\":\"https:\/\/zivykraj.cz\/de\/#website\"},\"primaryImageOfPage\":{\"@id\":\"https:\/\/zivykraj.cz\/de\/ausflugsziele\/kaiserwald\/#primaryimage\"},\"image\":{\"@id\":\"https:\/\/zivykraj.cz\/de\/ausflugsziele\/kaiserwald\/#primaryimage\"},\"thumbnailUrl\":\"https:\/\/zivykraj.cz\/wp-content\/uploads\/2021\/09\/Slavkovsky-les_uvodni.jpg\",\"datePublished\":\"2020-02-15T08:08:54+00:00\",\"dateModified\":\"2022-07-18T08:28:15+00:00\",\"breadcrumb\":{\"@id\":\"https:\/\/zivykraj.cz\/de\/ausflugsziele\/kaiserwald\/#breadcrumb\"},\"inLanguage\":\"de-DE\",\"potentialAction\":[{\"@type\":\"ReadAction\",\"target\":[\"https:\/\/zivykraj.cz\/de\/ausflugsziele\/kaiserwald\/\"]}]},{\"@type\":\"ImageObject\",\"inLanguage\":\"de-DE\",\"@id\":\"https:\/\/zivykraj.cz\/de\/ausflugsziele\/kaiserwald\/#primaryimage\",\"url\":\"https:\/\/zivykraj.cz\/wp-content\/uploads\/2021\/09\/Slavkovsky-les_uvodni.jpg\",\"contentUrl\":\"https:\/\/zivykraj.cz\/wp-content\/uploads\/2021\/09\/Slavkovsky-les_uvodni.jpg\",\"width\":1920,\"height\":647},{\"@type\":\"BreadcrumbList\",\"@id\":\"https:\/\/zivykraj.cz\/de\/ausflugsziele\/kaiserwald\/#breadcrumb\",\"itemListElement\":[{\"@type\":\"ListItem\",\"position\":1,\"name\":\"Home\",\"item\":\"https:\/\/zivykraj.cz\/de\/\"},{\"@type\":\"ListItem\",\"position\":2,\"name\":\"Ausflugsziele\",\"item\":\"https:\/\/zivykraj.cz\/de\/ausflugsziele\/\"},{\"@type\":\"ListItem\",\"position\":3,\"name\":\"Slavkovsk\u00fd les &#8211; Kaiserwald\"}]},{\"@type\":\"WebSite\",\"@id\":\"https:\/\/zivykraj.cz\/de\/#website\",\"url\":\"https:\/\/zivykraj.cz\/de\/\",\"name\":\"\u017divyKraj.cz\",\"description\":\"Turistick\u00fd web - Karlovarsk\u00fd kraj\",\"publisher\":{\"@id\":\"https:\/\/zivykraj.cz\/de\/#organization\"},\"potentialAction\":[{\"@type\":\"SearchAction\",\"target\":{\"@type\":\"EntryPoint\",\"urlTemplate\":\"https:\/\/zivykraj.cz\/de\/?s={search_term_string}\"},\"query-input\":\"required name=search_term_string\"}],\"inLanguage\":\"de-DE\"},{\"@type\":\"Organization\",\"@id\":\"https:\/\/zivykraj.cz\/de\/#organization\",\"name\":\"\u017divyKraj.cz\",\"url\":\"https:\/\/zivykraj.cz\/de\/\",\"logo\":{\"@type\":\"ImageObject\",\"inLanguage\":\"de-DE\",\"@id\":\"https:\/\/zivykraj.cz\/de\/#\/schema\/logo\/image\/\",\"url\":\"https:\/\/zivykraj.cz\/wp-content\/uploads\/2021\/08\/logo_white.png\",\"contentUrl\":\"https:\/\/zivykraj.cz\/wp-content\/uploads\/2021\/08\/logo_white.png\",\"width\":223,\"height\":59,\"caption\":\"\u017divyKraj.cz\"},\"image\":{\"@id\":\"https:\/\/zivykraj.cz\/de\/#\/schema\/logo\/image\/\"}}]}<\/script>\n<!-- \/ Yoast SEO plugin. -->","yoast_head_json":{"title":"Slavkovsk\u00fd les - Kaiserwald | \u017divyKraj.cz","robots":{"index":"index","follow":"follow","max-snippet":"max-snippet:-1","max-image-preview":"max-image-preview:large","max-video-preview":"max-video-preview:-1"},"canonical":"https:\/\/zivykraj.cz\/de\/ausflugsziele\/kaiserwald\/","og_locale":"de_DE","og_type":"article","og_title":"Slavkovsk\u00fd les - Kaiserwald | \u017divyKraj.cz","og_url":"https:\/\/zivykraj.cz\/de\/ausflugsziele\/kaiserwald\/","og_site_name":"\u017divyKraj.cz","article_modified_time":"2022-07-18T08:28:15+00:00","og_image":[{"width":1920,"height":647,"url":"https:\/\/zivykraj.cz\/wp-content\/uploads\/2021\/09\/Slavkovsky-les_uvodni.jpg","type":"image\/jpeg"}],"twitter_card":"summary_large_image","twitter_misc":{"Gesch\u00e4tzte Lesezeit":"11 Minuten"},"schema":{"@context":"https:\/\/schema.org","@graph":[{"@type":"WebPage","@id":"https:\/\/zivykraj.cz\/de\/ausflugsziele\/kaiserwald\/","url":"https:\/\/zivykraj.cz\/de\/ausflugsziele\/kaiserwald\/","name":"Slavkovsk\u00fd les - Kaiserwald | \u017divyKraj.cz","isPartOf":{"@id":"https:\/\/zivykraj.cz\/de\/#website"},"primaryImageOfPage":{"@id":"https:\/\/zivykraj.cz\/de\/ausflugsziele\/kaiserwald\/#primaryimage"},"image":{"@id":"https:\/\/zivykraj.cz\/de\/ausflugsziele\/kaiserwald\/#primaryimage"},"thumbnailUrl":"https:\/\/zivykraj.cz\/wp-content\/uploads\/2021\/09\/Slavkovsky-les_uvodni.jpg","datePublished":"2020-02-15T08:08:54+00:00","dateModified":"2022-07-18T08:28:15+00:00","breadcrumb":{"@id":"https:\/\/zivykraj.cz\/de\/ausflugsziele\/kaiserwald\/#breadcrumb"},"inLanguage":"de-DE","potentialAction":[{"@type":"ReadAction","target":["https:\/\/zivykraj.cz\/de\/ausflugsziele\/kaiserwald\/"]}]},{"@type":"ImageObject","inLanguage":"de-DE","@id":"https:\/\/zivykraj.cz\/de\/ausflugsziele\/kaiserwald\/#primaryimage","url":"https:\/\/zivykraj.cz\/wp-content\/uploads\/2021\/09\/Slavkovsky-les_uvodni.jpg","contentUrl":"https:\/\/zivykraj.cz\/wp-content\/uploads\/2021\/09\/Slavkovsky-les_uvodni.jpg","width":1920,"height":647},{"@type":"BreadcrumbList","@id":"https:\/\/zivykraj.cz\/de\/ausflugsziele\/kaiserwald\/#breadcrumb","itemListElement":[{"@type":"ListItem","position":1,"name":"Home","item":"https:\/\/zivykraj.cz\/de\/"},{"@type":"ListItem","position":2,"name":"Ausflugsziele","item":"https:\/\/zivykraj.cz\/de\/ausflugsziele\/"},{"@type":"ListItem","position":3,"name":"Slavkovsk\u00fd les &#8211; Kaiserwald"}]},{"@type":"WebSite","@id":"https:\/\/zivykraj.cz\/de\/#website","url":"https:\/\/zivykraj.cz\/de\/","name":"\u017divyKraj.cz","description":"Turistick\u00fd web - Karlovarsk\u00fd kraj","publisher":{"@id":"https:\/\/zivykraj.cz\/de\/#organization"},"potentialAction":[{"@type":"SearchAction","target":{"@type":"EntryPoint","urlTemplate":"https:\/\/zivykraj.cz\/de\/?s={search_term_string}"},"query-input":"required name=search_term_string"}],"inLanguage":"de-DE"},{"@type":"Organization","@id":"https:\/\/zivykraj.cz\/de\/#organization","name":"\u017divyKraj.cz","url":"https:\/\/zivykraj.cz\/de\/","logo":{"@type":"ImageObject","inLanguage":"de-DE","@id":"https:\/\/zivykraj.cz\/de\/#\/schema\/logo\/image\/","url":"https:\/\/zivykraj.cz\/wp-content\/uploads\/2021\/08\/logo_white.png","contentUrl":"https:\/\/zivykraj.cz\/wp-content\/uploads\/2021\/08\/logo_white.png","width":223,"height":59,"caption":"\u017divyKraj.cz"},"image":{"@id":"https:\/\/zivykraj.cz\/de\/#\/schema\/logo\/image\/"}}]}},"_links":{"self":[{"href":"https:\/\/zivykraj.cz\/de\/wp-json\/wp\/v2\/pages\/17837"}],"collection":[{"href":"https:\/\/zivykraj.cz\/de\/wp-json\/wp\/v2\/pages"}],"about":[{"href":"https:\/\/zivykraj.cz\/de\/wp-json\/wp\/v2\/types\/page"}],"author":[{"embeddable":true,"href":"https:\/\/zivykraj.cz\/de\/wp-json\/wp\/v2\/users\/1"}],"replies":[{"embeddable":true,"href":"https:\/\/zivykraj.cz\/de\/wp-json\/wp\/v2\/comments?post=17837"}],"version-history":[{"count":1,"href":"https:\/\/zivykraj.cz\/de\/wp-json\/wp\/v2\/pages\/17837\/revisions"}],"predecessor-version":[{"id":64351,"href":"https:\/\/zivykraj.cz\/de\/wp-json\/wp\/v2\/pages\/17837\/revisions\/64351"}],"up":[{"embeddable":true,"href":"https:\/\/zivykraj.cz\/de\/wp-json\/wp\/v2\/pages\/17779"}],"wp:featuredmedia":[{"embeddable":true,"href":"https:\/\/zivykraj.cz\/de\/wp-json\/wp\/v2\/media\/17410"}],"wp:attachment":[{"href":"https:\/\/zivykraj.cz\/de\/wp-json\/wp\/v2\/media?parent=17837"}],"curies":[{"name":"wp","href":"https:\/\/api.w.org\/{rel}","templated":true}]}}