{"id":18034,"date":"2020-01-13T05:50:30","date_gmt":"2020-01-13T04:50:30","guid":{"rendered":"https:\/\/zivykraj.cz\/vyletni-cile\/sokolov\/"},"modified":"2022-07-18T10:28:30","modified_gmt":"2022-07-18T08:28:30","slug":"falkenau","status":"publish","type":"page","link":"https:\/\/zivykraj.cz\/de\/ausflugsziele\/falkenau\/","title":{"rendered":"Sokolov (Falkenau)"},"content":{"rendered":"<p><div class=\"fusion-fullwidth fullwidth-box fusion-builder-row-1 nonhundred-percent-fullwidth non-hundred-percent-height-scrolling\" style=\"background-color: rgba(255,255,255,0);background-position: center center;background-repeat: no-repeat;padding-top:0px;padding-right:0px;padding-bottom:0px;padding-left:0px;margin-bottom: 0px;margin-top: 0px;border-width: 0px 0px 0px 0px;border-color:#ecefef;border-style:solid;\" ><div class=\"fusion-builder-row fusion-row\"><div class=\"fusion-layout-column fusion_builder_column fusion-builder-column-0 fusion_builder_column_1_1 1_1 fusion-one-full fusion-column-first fusion-column-last\" style=\"margin-top:25px;margin-bottom:25px;\"><div class=\"fusion-column-wrapper fusion-flex-column-wrapper-legacy\" style=\"background-position:left top;background-repeat:no-repeat;-webkit-background-size:cover;-moz-background-size:cover;-o-background-size:cover;background-size:cover;padding: 0px 0px 0px 0px;\"><div class=\"fusion-text fusion-text-1\"><p>Am Ende des 13. Jahrhunderts entstand vor den Toren des Slavkovsky les (Kaiserwald) eine Stadt, in der sich vor der Kulisse majest\u00e4tischer Burgen Bergbautraditionen und antike Denkm\u00e4ler mit furchterregenden Teufelsumz\u00fcgen mischen. Machen Sie einen Halt in Sokolov und genie\u00dfen Sie die Atmosph\u00e4re einer authentischen Bergbaustadt.<\/p>\n<h3><b>Faszinierende Tiefen<\/b><\/h3>\n<p>Wenn Sie etwas \u00fcber Sokolov erfahren m\u00f6chten, dann sollten Sie Ihre Schritte zum Stadtmuseum lenken. Das Hauptgeb\u00e4ude des Museums befindet sich im Schloss Sokolov, hier k\u00f6nnen Sie neben den Ausstellungen zur Metallurgie, Glas- und Porzellanherstellung auch das Interieur besichtigen und etwas \u00fcber die Familie Nostitz erfahren, die bis 1945 im Besitz des Schlosses war.<\/p>\n<p>Wenn Sie sich f\u00fcr den Abbau von Erz aus den Tiefen der Erde interessieren und die Worte &#8222;Stollen&#8220; oder &#8222;Grubenlokomotive&#8220; Ihnen ein L\u00e4cheln auf das Gesicht zaubern, dann wird Sie das Bergbaumuseum in Kr\u00e1sno in seinen Bann ziehen. Es liegt etwa zwanzig Kilometer hinter Sokolov (obwohl es zum Museum in Sokolov geh\u00f6rt), hier k\u00f6nnen auch Sie den Besucherstollen besichtigen oder eine Runde mit der Grubenbahn fahren.<\/p>\n<p>Wenn Sie es mit dem Bergbau wirklich ernst meinen, dann wartet auf Sie die Grube Jeron\u00fdm (Hieronymus), in deren Unter-Tage-Welt Sie mit Helm auf dem Kopf und einem Umhang \u00fcber den Schultern f\u00fcr einen Moment in das Leben der mittelalterlichen Bergleute eintauchen k\u00f6nnen.<\/p>\n<h3><b>Sehensw\u00fcrdigkeiten und Aussichten<\/b><\/h3>\n<p>Von Sokolov aus besucht man meistens zwei majest\u00e4tische Burgen. Die erste von ihnen hei\u00dft Loket, ein architektonisches Wahrzeichen auf einem Felsvorsprung, vom Fluss Oh\u0159e (Eger) in einem Bogen umflossen, deren au\u00dferirdische Sch\u00f6nheit schon Johann Wolfgang Goethe bewunderte. Sie k\u00f6nnen das Innere des Schlosses und die Exponate besichtigen oder hier sogar einen Geburtstag oder eine Hochzeit feiern. Stylischer als hier kann man nicht \u201eJa\u201c sagen.<\/p>\n<p>Nicht weit entfernt, auf dem felsigen Bergr\u00fccken bei Be\u010dov nad Teplou, stehen die gleichnamige Burg und das Schloss. Hier wird nicht nur der sagenumwobene St.-Maurus-Schrein (das Reliquiar des Hl. Maurus) beherbergt, das zweit wertvollste Denkmal der Goldschmiedekunst in der Tschechischen Republik. Sie k\u00f6nnen auch das Interieur, die einzelnen Salons, die Schlossbibliothek oder die Kapelle besichtigen. Die Kinder werden sich auch nicht langweilen, denn eine der Touren ist speziell f\u00fcr sie konzipiert.<\/p>\n<p>In der Umgebung gibt es aber noch weitere sehenswerte Orte. Im Infozentrum auf dem Bauernhof Bernard gleich hinter Sokolov k\u00f6nnen Sie das traditionelle Handwerk selbst ausprobieren. Der steinerne Aussichtsturm s\u00fcdlich von Sokolov in der N\u00e4he des Dorfes Kr\u00e1sno erwartet Sie auf einer H\u00f6he von 777 Metern &#8211; von hier aus k\u00f6nnen auch den Gipfel des Kl\u00ednovec (Keilberg) erblicken. N\u00f6rdlich von Olov\u00ed steht der moderne Aussichtsturm Cibulka mit einem Panoramablick in alle Richtungen.<\/p>\n<h3><b>Windsurfen, Orgel und Teufel<\/b><\/h3>\n<p>M\u00f6chten Sie Ihren Aufenthalt in Sokolov aktiv verbringen? Kein Problem, schwimmen oder windsurfen Sie im Freibad Michal oder machen Sie einen Spaziergang auf dem Naturlehrpfad zur Rotava-Orgel, einer wundersch\u00f6nen Felsformation in Form einer Kirchenorgel.<\/p>\n<p>Machen Sie einen Termin in Ihrem Kalender und besuchen Sie Sokolov im Dezember, um eine wirklich h\u00f6llische Show zu erleben. Denn dann tauchen die Stra\u00dfen in Schwefeldunst ein und von allen Seiten h\u00f6rt man das Kettenrasseln &#8211; wenn der Umzug von Hunderten gruseliger Teufelsmasken aus Deutschland, \u00d6sterreich und der Schweiz in die Stadt st\u00fcrmt. Passen Sie nur auf, damit man Sie nicht gleich in die hei\u00dfe H\u00f6lle mitnimmt!<\/p>\n<\/div><div class=\"fusion-clearfix\"><\/div><\/div><\/div><\/div><\/div><div class=\"fusion-fullwidth fullwidth-box fusion-builder-row-2 nonhundred-percent-fullwidth non-hundred-percent-height-scrolling\" style=\"background-color: rgba(255,255,255,0);background-position: center center;background-repeat: no-repeat;padding-top:0px;padding-right:0px;padding-bottom:0px;padding-left:0px;margin-bottom: 0px;margin-top: 0px;border-width: 0px 0px 0px 0px;border-color:#ecefef;border-style:solid;\" ><div class=\"fusion-builder-row fusion-row\"><div class=\"fusion-layout-column fusion_builder_column fusion-builder-column-1 fusion_builder_column_1_1 1_1 fusion-one-full fusion-column-first fusion-column-last\" style=\"margin-top:25px;margin-bottom:25px;\"><div class=\"fusion-column-wrapper fusion-flex-column-wrapper-legacy\" style=\"background-position:left top;background-repeat:no-repeat;-webkit-background-size:cover;-moz-background-size:cover;-o-background-size:cover;background-size:cover;padding: 0px 0px 0px 0px;\"><style type=\"text\/css\">.fusion-gallery-1 .fusion-gallery-image {border:0px solid #f2f3f3;}<\/style><div class=\"fusion-gallery fusion-gallery-container fusion-grid-3 fusion-columns-total-6 fusion-gallery-layout-grid fusion-gallery-1\" style=\"margin:-5px;\"><div style=\"padding:5px;\" class=\"fusion-grid-column fusion-gallery-column fusion-gallery-column-3 hover-type-none\"><div class=\"fusion-gallery-image\"><a href=\"https:\/\/zivykraj.cz\/wp-content\/uploads\/2021\/02\/Sokolov_1.jpg\" rel=\"noreferrer\" data-rel=\"iLightbox[gallery_image_1]\" class=\"fusion-lightbox\" target=\"_self\"><img decoding=\"async\" src=\"https:\/\/zivykraj.cz\/wp-content\/uploads\/2021\/02\/Sokolov_1-460x295.jpg\" width=\"460\" height=\"295\" alt=\"\" title=\"Sokolov_1\" aria-label=\"Sokolov_1\" class=\"img-responsive wp-image-9160 fusion-gallery-image-size-fixed\"  \/><\/a><\/div><\/div><div style=\"padding:5px;\" class=\"fusion-grid-column fusion-gallery-column fusion-gallery-column-3 hover-type-none\"><div class=\"fusion-gallery-image\"><a href=\"https:\/\/zivykraj.cz\/wp-content\/uploads\/2021\/02\/Sokolov_2.jpg\" rel=\"noreferrer\" data-rel=\"iLightbox[gallery_image_1]\" class=\"fusion-lightbox\" target=\"_self\"><img decoding=\"async\" src=\"https:\/\/zivykraj.cz\/wp-content\/uploads\/2021\/02\/Sokolov_2-460x295.jpg\" width=\"460\" height=\"295\" alt=\"\" title=\"Sokolov_2\" aria-label=\"Sokolov_2\" class=\"img-responsive wp-image-9161 fusion-gallery-image-size-fixed\"  \/><\/a><\/div><\/div><div style=\"padding:5px;\" class=\"fusion-grid-column fusion-gallery-column fusion-gallery-column-3 hover-type-none\"><div class=\"fusion-gallery-image\"><a href=\"https:\/\/zivykraj.cz\/wp-content\/uploads\/2021\/02\/Sokolov_3.jpg\" rel=\"noreferrer\" data-rel=\"iLightbox[gallery_image_1]\" class=\"fusion-lightbox\" target=\"_self\"><img decoding=\"async\" src=\"https:\/\/zivykraj.cz\/wp-content\/uploads\/2021\/02\/Sokolov_3-460x295.jpg\" width=\"460\" height=\"295\" alt=\"\" title=\"Sokolov_3\" aria-label=\"Sokolov_3\" class=\"img-responsive wp-image-9162 fusion-gallery-image-size-fixed\"  \/><\/a><\/div><\/div><div class=\"clearfix\"><\/div><div style=\"padding:5px;\" class=\"fusion-grid-column fusion-gallery-column fusion-gallery-column-3 hover-type-none\"><div class=\"fusion-gallery-image\"><a href=\"https:\/\/zivykraj.cz\/wp-content\/uploads\/2021\/02\/Sokolov_4.jpg\" rel=\"noreferrer\" data-rel=\"iLightbox[gallery_image_1]\" class=\"fusion-lightbox\" target=\"_self\"><img decoding=\"async\" src=\"https:\/\/zivykraj.cz\/wp-content\/uploads\/2021\/02\/Sokolov_4-460x295.jpg\" width=\"460\" height=\"295\" alt=\"\" title=\"Sokolov_4\" aria-label=\"Sokolov_4\" class=\"img-responsive wp-image-9163 fusion-gallery-image-size-fixed\"  \/><\/a><\/div><\/div><div style=\"padding:5px;\" class=\"fusion-grid-column fusion-gallery-column fusion-gallery-column-3 hover-type-none\"><div class=\"fusion-gallery-image\"><a href=\"https:\/\/zivykraj.cz\/wp-content\/uploads\/2021\/02\/Sokolov_5.jpg\" rel=\"noreferrer\" data-rel=\"iLightbox[gallery_image_1]\" class=\"fusion-lightbox\" target=\"_self\"><img decoding=\"async\" src=\"https:\/\/zivykraj.cz\/wp-content\/uploads\/2021\/02\/Sokolov_5-460x295.jpg\" width=\"460\" height=\"295\" alt=\"\" title=\"Sokolov_5\" aria-label=\"Sokolov_5\" class=\"img-responsive wp-image-9164 fusion-gallery-image-size-fixed\"  \/><\/a><\/div><\/div><div style=\"padding:5px;\" class=\"fusion-grid-column fusion-gallery-column fusion-gallery-column-3 hover-type-none\"><div class=\"fusion-gallery-image\"><a href=\"https:\/\/zivykraj.cz\/wp-content\/uploads\/2021\/02\/Sokolov_6.jpg\" rel=\"noreferrer\" data-rel=\"iLightbox[gallery_image_1]\" class=\"fusion-lightbox\" target=\"_self\"><img decoding=\"async\" src=\"https:\/\/zivykraj.cz\/wp-content\/uploads\/2021\/02\/Sokolov_6-460x295.jpg\" width=\"460\" height=\"295\" alt=\"\" title=\"Sokolov_6\" aria-label=\"Sokolov_6\" class=\"img-responsive wp-image-9165 fusion-gallery-image-size-fixed\"  \/><\/a><\/div><\/div><div class=\"clearfix\"><\/div><\/div><div class=\"fusion-clearfix\"><\/div><\/div><\/div><\/div><\/div><div class=\"fusion-fullwidth fullwidth-box fusion-builder-row-3 nonhundred-percent-fullwidth non-hundred-percent-height-scrolling\" style=\"background-color: #fafafa;background-position: center center;background-repeat: no-repeat;padding-top:20px;padding-right:60px;padding-bottom:0px;padding-left:60px;margin-bottom: 40px;margin-top: 20px;border-width: 0px 0px 0px 0px;border-color:#ecefef;border-style:solid;\" ><div class=\"fusion-builder-row fusion-row\"><div class=\"fusion-layout-column fusion_builder_column fusion-builder-column-2 fusion_builder_column_1_2 1_2 fusion-one-half fusion-column-first\" style=\"width:50%;width:calc(50% - ( ( 4% ) * 0.5 ) );margin-right: 4%;margin-top:25px;margin-bottom:25px;\"><div class=\"fusion-column-wrapper fusion-flex-column-wrapper-legacy\" style=\"background-position:left top;background-repeat:no-repeat;-webkit-background-size:cover;-moz-background-size:cover;-o-background-size:cover;background-size:cover;padding: 0px 0px 0px 0px;\"><div class=\"fusion-text fusion-text-2\"><p><span class=\"block_size w70 right\"><strong>Telefon:<\/strong><\/span>\u00a0+420 359 808 729<br \/>\n<span class=\"block_size w70 right\"><strong>E-mail:<\/strong><\/span>\u00a0<a href=\"mailto:info@mdksokolov.cz\">info@mdksokolov.cz<\/a><\/p>\n<\/div><div class=\"fusion-clearfix\"><\/div><\/div><\/div><div class=\"fusion-layout-column fusion_builder_column fusion-builder-column-3 fusion_builder_column_1_2 1_2 fusion-one-half fusion-column-last\" style=\"width:50%;width:calc(50% - ( ( 4% ) * 0.5 ) );margin-top:25px;margin-bottom:25px;\"><div class=\"fusion-column-wrapper fusion-flex-column-wrapper-legacy\" style=\"background-position:left top;background-repeat:no-repeat;-webkit-background-size:cover;-moz-background-size:cover;-o-background-size:cover;background-size:cover;padding: 0px 0px 0px 0px;\"><div class=\"fusion-alignright\"><style>.fusion-body .fusion-button.button-1{border-radius:0px 0px 0px 0px;}<\/style><a class=\"fusion-button button-flat fusion-button-default-size button-default button-1 fusion-button-default-span fusion-button-default-type\" target=\"_self\" href=\"http:\/\/www.kamposokolovsku.cz\/\"><span class=\"fusion-button-text\">Die offizielle Website der Stadt<\/span><\/a><\/div><div class=\"fusion-clearfix\"><\/div><\/div><\/div><\/div><\/div><div class=\"fusion-fullwidth fullwidth-box fusion-builder-row-4 fusion-flex-container nonhundred-percent-fullwidth non-hundred-percent-height-scrolling\" style=\"background-color: rgba(255,255,255,0);background-position: center center;background-repeat: no-repeat;border-width: 0px 0px 0px 0px;border-color:#ecefef;border-style:solid;\" ><div class=\"fusion-builder-row fusion-row fusion-flex-align-items-flex-start\" style=\"max-width:1206.4px;margin-left: calc(-4% \/ 2 );margin-right: calc(-4% \/ 2 );\"><div class=\"fusion-layout-column fusion_builder_column fusion-builder-column-4 fusion_builder_column_1_1 1_1 fusion-flex-column\"><div class=\"fusion-column-wrapper fusion-flex-justify-content-flex-start fusion-content-layout-column\" style=\"background-position:left top;background-repeat:no-repeat;-webkit-background-size:cover;-moz-background-size:cover;-o-background-size:cover;background-size:cover;padding: 0px 0px 0px 0px;\"><div class=\"fusion-text fusion-text-3\"><h2 style=\"text-align: center;\"><b>Lass dich inspirieren<\/b><\/h2>\n<\/div><div class=\"fusion-recent-posts fusion-recent-posts-1 avada-container layout-default layout-columns-3 fusion-recent-posts-infinite fusion-recent-posts-load-more blog-grid\" data-pages=\"1\"><section class=\"fusion-columns columns fusion-columns-3 columns-3\"><article class=\"post fusion-column column col col-lg-4 col-md-4 col-sm-4\"><div class=\"fusion-flexslider fusion-flexslider-loading flexslider flexslider-hover-type-zoomin\"><ul class=\"slides\"><li><a href=\"https:\/\/zivykraj.cz\/de\/familienurlaub\/verlaengertes-wochenende-in-der-region-sokolov\/\" aria-label=\"Verl\u00e4ngertes Wochenende in der Region Sokolov\" class=\"hover-type-zoomin\"><img decoding=\"async\" width=\"2560\" height=\"1012\" src=\"https:\/\/zivykraj.cz\/wp-content\/uploads\/2023\/08\/Sokolov_02-scaled.jpg\" class=\"attachment-full size-full lazyload\" alt=\"\" srcset=\"data:image\/svg+xml,%3Csvg%20xmlns%3D%27http%3A%2F%2Fwww.w3.org%2F2000%2Fsvg%27%20width%3D%272560%27%20height%3D%271012%27%20viewBox%3D%270%200%202560%201012%27%3E%3Crect%20width%3D%272560%27%20height%3D%271012%27%20fill-opacity%3D%220%22%2F%3E%3C%2Fsvg%3E\" data-orig-src=\"https:\/\/zivykraj.cz\/wp-content\/uploads\/2023\/08\/Sokolov_02-scaled.jpg\" data-srcset=\"https:\/\/zivykraj.cz\/wp-content\/uploads\/2023\/08\/Sokolov_02-200x79.jpg 200w, https:\/\/zivykraj.cz\/wp-content\/uploads\/2023\/08\/Sokolov_02-400x158.jpg 400w, https:\/\/zivykraj.cz\/wp-content\/uploads\/2023\/08\/Sokolov_02-600x237.jpg 600w, https:\/\/zivykraj.cz\/wp-content\/uploads\/2023\/08\/Sokolov_02-800x316.jpg 800w, https:\/\/zivykraj.cz\/wp-content\/uploads\/2023\/08\/Sokolov_02-1200x474.jpg 1200w, https:\/\/zivykraj.cz\/wp-content\/uploads\/2023\/08\/Sokolov_02-scaled.jpg 2560w\" data-sizes=\"auto\" \/><\/a><\/li><\/ul><\/div><div class=\"recent-posts-content\"><span class=\"vcard\" style=\"display: none;\"><span class=\"fn\"><a href=\"https:\/\/zivykraj.cz\/de\/author\/admin\/\" title=\"Beitr\u00e4ge von admin\" rel=\"author\">admin<\/a><\/span><\/span><span class=\"updated\" style=\"display:none;\">2026-04-16T09:09:53+02:00<\/span><h4 class=\"entry-title\"><a href=\"https:\/\/zivykraj.cz\/de\/familienurlaub\/verlaengertes-wochenende-in-der-region-sokolov\/\">Verl\u00e4ngertes Wochenende in der Region Sokolov<\/a><\/h4><p>M\u00f6chten Sie einige Tage in der Region Sokolov (Falkenau an der Eger) verbringen und verlieren sich in der ...<\/p><\/div><\/article><\/section><\/div><\/div><style type=\"text\/css\">.fusion-body .fusion-builder-column-4{width:100% !important;margin-top : 25px;margin-bottom : 25px;}.fusion-builder-column-4 > .fusion-column-wrapper {padding-top : 0px !important;padding-right : 0px !important;margin-right : 1.92%;padding-bottom : 0px !important;padding-left : 0px !important;margin-left : 1.92%;}@media only screen and (max-width:1024px) {.fusion-body .fusion-builder-column-4{width:100% !important;order : 0;}.fusion-builder-column-4 > .fusion-column-wrapper {margin-right : 1.92%;margin-left : 1.92%;}}@media only screen and (max-width:640px) {.fusion-body .fusion-builder-column-4{width:100% !important;order : 0;}.fusion-builder-column-4 > .fusion-column-wrapper {margin-right : 1.92%;margin-left : 1.92%;}}<\/style><\/div><\/div><style type=\"text\/css\">.fusion-body .fusion-flex-container.fusion-builder-row-4{ padding-top : 0px;margin-top : 0px;padding-right : 0px;padding-bottom : 0px;margin-bottom : 0px;padding-left : 0px;}<\/style><\/div><div class=\"fusion-fullwidth fullwidth-box fusion-builder-row-5 display-none nonhundred-percent-fullwidth non-hundred-percent-height-scrolling\" style=\"background-color: rgba(255,255,255,0);background-position: center center;background-repeat: no-repeat;padding-top:0px;padding-right:0px;padding-bottom:0px;padding-left:0px;margin-bottom: 0px;margin-top: 0px;border-width: 0px 0px 0px 0px;border-color:#ecefef;border-style:solid;\" ><div class=\"fusion-builder-row fusion-row\"><div class=\"fusion-layout-column fusion_builder_column fusion-builder-column-5 fusion_builder_column_1_1 1_1 fusion-one-full fusion-column-first fusion-column-last\" style=\"margin-top:25px;margin-bottom:25px;\"><div class=\"fusion-column-wrapper fusion-flex-column-wrapper-legacy\" style=\"background-position:left top;background-repeat:no-repeat;-webkit-background-size:cover;-moz-background-size:cover;-o-background-size:cover;background-size:cover;padding: 0px 0px 0px 0px;\"><div class=\"fusion-text fusion-text-4 nechte-se-inspirovat\"><h2 style=\"text-align: center;\"><strong>Nechte se inspirovat<\/strong><\/h2>\n<\/div><div class=\"fusion-clearfix\"><\/div><\/div><\/div><\/div><\/div><\/p>\n","protected":false},"excerpt":{"rendered":"","protected":false},"author":1,"featured_media":17413,"parent":17779,"menu_order":0,"comment_status":"closed","ping_status":"closed","template":"","meta":{"_acf_changed":false,"inline_featured_image":false,"footnotes":""},"acf":[],"yoast_head":"<!-- This site is optimized with the Yoast SEO plugin v22.3 - https:\/\/yoast.com\/wordpress\/plugins\/seo\/ -->\n<title>Sokolov (Falkenau) | \u017divyKraj.cz<\/title>\n<meta name=\"robots\" content=\"index, follow, max-snippet:-1, max-image-preview:large, max-video-preview:-1\" \/>\n<link rel=\"canonical\" href=\"https:\/\/zivykraj.cz\/de\/ausflugsziele\/falkenau\/\" \/>\n<meta property=\"og:locale\" content=\"de_DE\" \/>\n<meta property=\"og:type\" content=\"article\" \/>\n<meta property=\"og:title\" content=\"Sokolov (Falkenau) | \u017divyKraj.cz\" \/>\n<meta property=\"og:url\" content=\"https:\/\/zivykraj.cz\/de\/ausflugsziele\/falkenau\/\" \/>\n<meta property=\"og:site_name\" content=\"\u017divyKraj.cz\" \/>\n<meta property=\"article:modified_time\" content=\"2022-07-18T08:28:30+00:00\" \/>\n<meta property=\"og:image\" content=\"https:\/\/zivykraj.cz\/wp-content\/uploads\/2021\/09\/Sokolov_uvodni.jpg\" \/>\n\t<meta property=\"og:image:width\" content=\"1920\" \/>\n\t<meta property=\"og:image:height\" content=\"647\" \/>\n\t<meta property=\"og:image:type\" content=\"image\/jpeg\" \/>\n<meta name=\"twitter:card\" content=\"summary_large_image\" \/>\n<meta name=\"twitter:label1\" content=\"Gesch\u00e4tzte Lesezeit\" \/>\n\t<meta name=\"twitter:data1\" content=\"15 Minuten\" \/>\n<script type=\"application\/ld+json\" class=\"yoast-schema-graph\">{\"@context\":\"https:\/\/schema.org\",\"@graph\":[{\"@type\":\"WebPage\",\"@id\":\"https:\/\/zivykraj.cz\/de\/ausflugsziele\/falkenau\/\",\"url\":\"https:\/\/zivykraj.cz\/de\/ausflugsziele\/falkenau\/\",\"name\":\"Sokolov (Falkenau) | \u017divyKraj.cz\",\"isPartOf\":{\"@id\":\"https:\/\/zivykraj.cz\/de\/#website\"},\"primaryImageOfPage\":{\"@id\":\"https:\/\/zivykraj.cz\/de\/ausflugsziele\/falkenau\/#primaryimage\"},\"image\":{\"@id\":\"https:\/\/zivykraj.cz\/de\/ausflugsziele\/falkenau\/#primaryimage\"},\"thumbnailUrl\":\"https:\/\/zivykraj.cz\/wp-content\/uploads\/2021\/09\/Sokolov_uvodni.jpg\",\"datePublished\":\"2020-01-13T04:50:30+00:00\",\"dateModified\":\"2022-07-18T08:28:30+00:00\",\"breadcrumb\":{\"@id\":\"https:\/\/zivykraj.cz\/de\/ausflugsziele\/falkenau\/#breadcrumb\"},\"inLanguage\":\"de-DE\",\"potentialAction\":[{\"@type\":\"ReadAction\",\"target\":[\"https:\/\/zivykraj.cz\/de\/ausflugsziele\/falkenau\/\"]}]},{\"@type\":\"ImageObject\",\"inLanguage\":\"de-DE\",\"@id\":\"https:\/\/zivykraj.cz\/de\/ausflugsziele\/falkenau\/#primaryimage\",\"url\":\"https:\/\/zivykraj.cz\/wp-content\/uploads\/2021\/09\/Sokolov_uvodni.jpg\",\"contentUrl\":\"https:\/\/zivykraj.cz\/wp-content\/uploads\/2021\/09\/Sokolov_uvodni.jpg\",\"width\":1920,\"height\":647},{\"@type\":\"BreadcrumbList\",\"@id\":\"https:\/\/zivykraj.cz\/de\/ausflugsziele\/falkenau\/#breadcrumb\",\"itemListElement\":[{\"@type\":\"ListItem\",\"position\":1,\"name\":\"Home\",\"item\":\"https:\/\/zivykraj.cz\/de\/\"},{\"@type\":\"ListItem\",\"position\":2,\"name\":\"Ausflugsziele\",\"item\":\"https:\/\/zivykraj.cz\/de\/ausflugsziele\/\"},{\"@type\":\"ListItem\",\"position\":3,\"name\":\"Sokolov (Falkenau)\"}]},{\"@type\":\"WebSite\",\"@id\":\"https:\/\/zivykraj.cz\/de\/#website\",\"url\":\"https:\/\/zivykraj.cz\/de\/\",\"name\":\"\u017divyKraj.cz\",\"description\":\"Turistick\u00fd web - Karlovarsk\u00fd kraj\",\"publisher\":{\"@id\":\"https:\/\/zivykraj.cz\/de\/#organization\"},\"potentialAction\":[{\"@type\":\"SearchAction\",\"target\":{\"@type\":\"EntryPoint\",\"urlTemplate\":\"https:\/\/zivykraj.cz\/de\/?s={search_term_string}\"},\"query-input\":\"required name=search_term_string\"}],\"inLanguage\":\"de-DE\"},{\"@type\":\"Organization\",\"@id\":\"https:\/\/zivykraj.cz\/de\/#organization\",\"name\":\"\u017divyKraj.cz\",\"url\":\"https:\/\/zivykraj.cz\/de\/\",\"logo\":{\"@type\":\"ImageObject\",\"inLanguage\":\"de-DE\",\"@id\":\"https:\/\/zivykraj.cz\/de\/#\/schema\/logo\/image\/\",\"url\":\"https:\/\/zivykraj.cz\/wp-content\/uploads\/2021\/08\/logo_white.png\",\"contentUrl\":\"https:\/\/zivykraj.cz\/wp-content\/uploads\/2021\/08\/logo_white.png\",\"width\":223,\"height\":59,\"caption\":\"\u017divyKraj.cz\"},\"image\":{\"@id\":\"https:\/\/zivykraj.cz\/de\/#\/schema\/logo\/image\/\"}}]}<\/script>\n<!-- \/ Yoast SEO plugin. -->","yoast_head_json":{"title":"Sokolov (Falkenau) | \u017divyKraj.cz","robots":{"index":"index","follow":"follow","max-snippet":"max-snippet:-1","max-image-preview":"max-image-preview:large","max-video-preview":"max-video-preview:-1"},"canonical":"https:\/\/zivykraj.cz\/de\/ausflugsziele\/falkenau\/","og_locale":"de_DE","og_type":"article","og_title":"Sokolov (Falkenau) | \u017divyKraj.cz","og_url":"https:\/\/zivykraj.cz\/de\/ausflugsziele\/falkenau\/","og_site_name":"\u017divyKraj.cz","article_modified_time":"2022-07-18T08:28:30+00:00","og_image":[{"width":1920,"height":647,"url":"https:\/\/zivykraj.cz\/wp-content\/uploads\/2021\/09\/Sokolov_uvodni.jpg","type":"image\/jpeg"}],"twitter_card":"summary_large_image","twitter_misc":{"Gesch\u00e4tzte Lesezeit":"15 Minuten"},"schema":{"@context":"https:\/\/schema.org","@graph":[{"@type":"WebPage","@id":"https:\/\/zivykraj.cz\/de\/ausflugsziele\/falkenau\/","url":"https:\/\/zivykraj.cz\/de\/ausflugsziele\/falkenau\/","name":"Sokolov (Falkenau) | \u017divyKraj.cz","isPartOf":{"@id":"https:\/\/zivykraj.cz\/de\/#website"},"primaryImageOfPage":{"@id":"https:\/\/zivykraj.cz\/de\/ausflugsziele\/falkenau\/#primaryimage"},"image":{"@id":"https:\/\/zivykraj.cz\/de\/ausflugsziele\/falkenau\/#primaryimage"},"thumbnailUrl":"https:\/\/zivykraj.cz\/wp-content\/uploads\/2021\/09\/Sokolov_uvodni.jpg","datePublished":"2020-01-13T04:50:30+00:00","dateModified":"2022-07-18T08:28:30+00:00","breadcrumb":{"@id":"https:\/\/zivykraj.cz\/de\/ausflugsziele\/falkenau\/#breadcrumb"},"inLanguage":"de-DE","potentialAction":[{"@type":"ReadAction","target":["https:\/\/zivykraj.cz\/de\/ausflugsziele\/falkenau\/"]}]},{"@type":"ImageObject","inLanguage":"de-DE","@id":"https:\/\/zivykraj.cz\/de\/ausflugsziele\/falkenau\/#primaryimage","url":"https:\/\/zivykraj.cz\/wp-content\/uploads\/2021\/09\/Sokolov_uvodni.jpg","contentUrl":"https:\/\/zivykraj.cz\/wp-content\/uploads\/2021\/09\/Sokolov_uvodni.jpg","width":1920,"height":647},{"@type":"BreadcrumbList","@id":"https:\/\/zivykraj.cz\/de\/ausflugsziele\/falkenau\/#breadcrumb","itemListElement":[{"@type":"ListItem","position":1,"name":"Home","item":"https:\/\/zivykraj.cz\/de\/"},{"@type":"ListItem","position":2,"name":"Ausflugsziele","item":"https:\/\/zivykraj.cz\/de\/ausflugsziele\/"},{"@type":"ListItem","position":3,"name":"Sokolov (Falkenau)"}]},{"@type":"WebSite","@id":"https:\/\/zivykraj.cz\/de\/#website","url":"https:\/\/zivykraj.cz\/de\/","name":"\u017divyKraj.cz","description":"Turistick\u00fd web - Karlovarsk\u00fd kraj","publisher":{"@id":"https:\/\/zivykraj.cz\/de\/#organization"},"potentialAction":[{"@type":"SearchAction","target":{"@type":"EntryPoint","urlTemplate":"https:\/\/zivykraj.cz\/de\/?s={search_term_string}"},"query-input":"required name=search_term_string"}],"inLanguage":"de-DE"},{"@type":"Organization","@id":"https:\/\/zivykraj.cz\/de\/#organization","name":"\u017divyKraj.cz","url":"https:\/\/zivykraj.cz\/de\/","logo":{"@type":"ImageObject","inLanguage":"de-DE","@id":"https:\/\/zivykraj.cz\/de\/#\/schema\/logo\/image\/","url":"https:\/\/zivykraj.cz\/wp-content\/uploads\/2021\/08\/logo_white.png","contentUrl":"https:\/\/zivykraj.cz\/wp-content\/uploads\/2021\/08\/logo_white.png","width":223,"height":59,"caption":"\u017divyKraj.cz"},"image":{"@id":"https:\/\/zivykraj.cz\/de\/#\/schema\/logo\/image\/"}}]}},"_links":{"self":[{"href":"https:\/\/zivykraj.cz\/de\/wp-json\/wp\/v2\/pages\/18034"}],"collection":[{"href":"https:\/\/zivykraj.cz\/de\/wp-json\/wp\/v2\/pages"}],"about":[{"href":"https:\/\/zivykraj.cz\/de\/wp-json\/wp\/v2\/types\/page"}],"author":[{"embeddable":true,"href":"https:\/\/zivykraj.cz\/de\/wp-json\/wp\/v2\/users\/1"}],"replies":[{"embeddable":true,"href":"https:\/\/zivykraj.cz\/de\/wp-json\/wp\/v2\/comments?post=18034"}],"version-history":[{"count":2,"href":"https:\/\/zivykraj.cz\/de\/wp-json\/wp\/v2\/pages\/18034\/revisions"}],"predecessor-version":[{"id":64353,"href":"https:\/\/zivykraj.cz\/de\/wp-json\/wp\/v2\/pages\/18034\/revisions\/64353"}],"up":[{"embeddable":true,"href":"https:\/\/zivykraj.cz\/de\/wp-json\/wp\/v2\/pages\/17779"}],"wp:featuredmedia":[{"embeddable":true,"href":"https:\/\/zivykraj.cz\/de\/wp-json\/wp\/v2\/media\/17413"}],"wp:attachment":[{"href":"https:\/\/zivykraj.cz\/de\/wp-json\/wp\/v2\/media?parent=18034"}],"curies":[{"name":"wp","href":"https:\/\/api.w.org\/{rel}","templated":true}]}}