{"id":18078,"date":"2020-01-25T18:54:14","date_gmt":"2020-01-25T17:54:14","guid":{"rendered":"https:\/\/zivykraj.cz\/vyletni-cile\/zlutice\/"},"modified":"2022-07-18T10:30:27","modified_gmt":"2022-07-18T08:30:27","slug":"zlutice","status":"publish","type":"page","link":"https:\/\/zivykraj.cz\/de\/ausflugsziele\/zlutice\/","title":{"rendered":"\u017dlutice"},"content":{"rendered":"<p><div class=\"fusion-fullwidth fullwidth-box fusion-builder-row-1 nonhundred-percent-fullwidth non-hundred-percent-height-scrolling\" style=\"background-color: rgba(255,255,255,0);background-position: center center;background-repeat: no-repeat;padding-top:0px;padding-right:0px;padding-bottom:0px;padding-left:0px;margin-bottom: 0px;margin-top: 0px;border-width: 0px 0px 0px 0px;border-color:#ecefef;border-style:solid;\" ><div class=\"fusion-builder-row fusion-row\"><div class=\"fusion-layout-column fusion_builder_column fusion-builder-column-0 fusion_builder_column_1_1 1_1 fusion-one-full fusion-column-first fusion-column-last\" style=\"margin-top:25px;margin-bottom:25px;\"><div class=\"fusion-column-wrapper fusion-flex-column-wrapper-legacy\" style=\"background-position:left top;background-repeat:no-repeat;-webkit-background-size:cover;-moz-background-size:cover;-o-background-size:cover;background-size:cover;padding: 0px 0px 0px 0px;\"><div class=\"fusion-text fusion-text-1\"><p>Im Schatten des geheimnisvollen Tafelbergs Vlada\u0159 liegt die Stadt \u017dlutice, im Untergrund durchqueren sie mittelalterliche Keller und oben wird sie von Kl\u00f6stern und Burgen geschm\u00fcckt. Wenn Sie versteckte Sch\u00e4tze in Tschechien suchen, dann sollten Sie sich diesen Ort nicht entgehen lassen und einen Abstecher zum ber\u00fchmten Kantional im Museum, zu der minimalistischen Architekturperle oder zu den Statuen von Matthias Braun einplanen.<\/p>\n<h3><b>Im Schatten der Hussiten<\/b><\/h3>\n<p>Auf dem Berg Vlada\u0159 k\u00e4mpften einst die Truppen von Jan \u017di\u017eka gegen die katholischen Truppen &#8211; heute befindet sich im Museum von \u017dlutice ein Modell dieser Schlacht. Die Ausstellungen widmen sich auch der Geschichte der Stadt und der Hussiten und im Keller des ehemaligen Gerichts befindet sich ein erhaltenes Arrestloch mit einem Foltermuseum.<\/p>\n<p>Bis in die 1970er Jahre beherbergte das Museum das Original des ber\u00fchmten Kantionals von \u017dlutice, eines handschriftlichen utraquistischen Liederbuchs aus dem Jahr 1558. Heute k\u00f6nnen Sie sich eine Kopie ansehen.<\/p>\n<h3><b>Eine Region &#8211; dem Glauben ganz nah<\/b><\/h3>\n<p>Es gibt viele Orte in der N\u00e4he von \u017dlutice, die eng mit dem Glauben verbunden sind. Der bekannteste von ihnen ist der Wallfahrtsort Skoky (Maria Stock), wo noch immer regelm\u00e4\u00dfig tschechische und deutsche Pilger unterwegs sind und wo die Gottesdienste in beiden Sprachen abgehalten werden.<\/p>\n<p>Etwa eine halbe Autostunde von \u017dlutice entfernt steht das Pr\u00e4monstratenserkloster Tepl\u00e1 mit einer \u00fcber 800-j\u00e4hrigen Tradition. Die Klosterbibliothek, das Museum sowie der barocke Wohntrakt des Klosters sind zug\u00e4nglich.<\/p>\n<p>Etwas weiter hinter Tepl\u00e1 liegt die Abtei Nov\u00fd dv\u016fr des Trappistenordens, der urspr\u00fcnglich aus Sept Fons in Frankreich stammt. Im Jahr 2000 begannen die M\u00f6nche mit dem Wiederaufbau der Ruine eines barocken Bauernhauses und der daraus entstandene Neubau mit einer modernen minimalistischen Kirche wurde dann mit mehreren Architekturpreisen ausgezeichnet. Vergessen Sie an diesem Halt nicht, den hier von den M\u00f6nchen zubereiteten Senf zu probieren.<\/p>\n<h3><b>Ein Besuch im Schloss und leckeres Bier<\/b><\/h3>\n<p>Einer der Radwege von \u017dlutice f\u00fchrt zum Schloss Chy\u0161e. Neben einer F\u00fchrung durch das Schloss, dessen Geschichte bis in das Jahr 1158 zur\u00fcckreicht, und einem einzigartigen \u00d6lgem\u00e4lde von Petr Brandl aus dem Jahr 1699 ist auch die Schlossbrauerei f\u00fcr Besucher zug\u00e4nglich, in der aus dem Quellwasser der Doupovsk\u00e9 hory (Duppauer Gebirge) Naturbier ohne Chemie gebraut wird.<\/p>\n<p>Etwas weiter n\u00f6rdlich liegt das Schloss Vale\u010d mit Statuen von Matthias Braun, die allegorisch menschliche Eigenschaften und mythologische Figuren darstellen. Nach einem Rundgang durch das Schloss machen Sie sich auf den Kreuzweg zum Kalvarienberg, wo sich ein sch\u00f6ner Ausblick auf den gesch\u00fctzten Stadtkern bietet.<\/p>\n<p>Wen eher die tschechischen Burgen beeindrucken, der sollte sich zu den Ruinen von Harten\u0161tejn bei Bochov aufmachen. Es war eines der ausgekl\u00fcgelt befestigten sp\u00e4tgotischen Bauwerke in der Tschechischen Republik mit einem durchdachten Grundriss aus Verteidigungsbastionen und Batteriet\u00fcrmen mit Schie\u00dfscharten. Einige Teile des Schlosses sind in ihrer urspr\u00fcnglichen Form erhalten geblieben.<\/p>\n<h3><b>Relaxen mit Tieren<\/b><\/h3>\n<p>Sightseeing ist nichts f\u00fcr Sie? Gleich hinter \u017dlutice liegt der Bio-Bauernhof Kobyl\u00e9, ein idealer Ort f\u00fcr einen erholsamen Urlaub in der Natur. Zum Beispiel mit Kindern, die in das Leben auf dem Bauernhof einbezogen werden, sich um die Tiere k\u00fcmmern oder das Reiten versuchen k\u00f6nnen.<\/p>\n<p>Die Alternative liegt nicht weit entfernt im Dorf Ne\u017eichov, s\u00fcdlich von Tou\u017eim. Der Familien-Biobauernhof Belina am Fu\u00dfe des Berges T\u0159ebou\u0148sk\u00fd vrch (beliebt bei Gleitschirmfliegern) konzentriert sich auf die Schaf- und Rinderzucht &#8211; Pferde, Kaninchen oder Katzen finden Sie hier auch. Es k\u00f6nnen hier hausgemachter Frischk\u00e4se und Milch, s\u00fc\u00dfe K\u00e4secremes oder Aufstriche verkostet werden. In den Dachgeschosszimmern oder in einem Ferienhaus am Hang werden hier Unterk\u00fcnfte f\u00fcr Familien mit Kindern angeboten.<\/p>\n<\/div><div class=\"fusion-clearfix\"><\/div><\/div><\/div><\/div><\/div><div class=\"fusion-fullwidth fullwidth-box fusion-builder-row-2 nonhundred-percent-fullwidth non-hundred-percent-height-scrolling\" style=\"background-color: rgba(255,255,255,0);background-position: center center;background-repeat: no-repeat;padding-top:0px;padding-right:0px;padding-bottom:0px;padding-left:0px;margin-bottom: 0px;margin-top: 0px;border-width: 0px 0px 0px 0px;border-color:#ecefef;border-style:solid;\" ><div class=\"fusion-builder-row fusion-row\"><div class=\"fusion-layout-column fusion_builder_column fusion-builder-column-1 fusion_builder_column_1_1 1_1 fusion-one-full fusion-column-first fusion-column-last\" style=\"margin-top:25px;margin-bottom:25px;\"><div class=\"fusion-column-wrapper fusion-flex-column-wrapper-legacy\" style=\"background-position:left top;background-repeat:no-repeat;-webkit-background-size:cover;-moz-background-size:cover;-o-background-size:cover;background-size:cover;padding: 0px 0px 0px 0px;\"><style type=\"text\/css\">.fusion-gallery-1 .fusion-gallery-image {border:0px solid #f2f3f3;}<\/style><div class=\"fusion-gallery fusion-gallery-container fusion-grid-3 fusion-columns-total-6 fusion-gallery-layout-grid fusion-gallery-1\" style=\"margin:-5px;\"><div style=\"padding:5px;\" class=\"fusion-grid-column fusion-gallery-column fusion-gallery-column-3 hover-type-none\"><div class=\"fusion-gallery-image\"><a href=\"https:\/\/zivykraj.cz\/wp-content\/uploads\/2021\/02\/\u017dlutice3.jpg\" rel=\"noreferrer\" data-rel=\"iLightbox[gallery_image_1]\" class=\"fusion-lightbox\" target=\"_self\"><img decoding=\"async\" src=\"https:\/\/zivykraj.cz\/wp-content\/uploads\/2021\/02\/\u017dlutice3-460x295.jpg\" width=\"460\" height=\"295\" alt=\"\" title=\"\u017dlutice3\" aria-label=\"\u017dlutice3\" class=\"img-responsive wp-image-9147 fusion-gallery-image-size-fixed\"  \/><\/a><\/div><\/div><div style=\"padding:5px;\" class=\"fusion-grid-column fusion-gallery-column fusion-gallery-column-3 hover-type-none\"><div class=\"fusion-gallery-image\"><a href=\"https:\/\/zivykraj.cz\/wp-content\/uploads\/2021\/02\/\u017dlutice2.jpg\" rel=\"noreferrer\" data-rel=\"iLightbox[gallery_image_1]\" class=\"fusion-lightbox\" target=\"_self\"><img decoding=\"async\" src=\"https:\/\/zivykraj.cz\/wp-content\/uploads\/2021\/02\/\u017dlutice2-460x295.jpg\" width=\"460\" height=\"295\" alt=\"\" title=\"\u017dlutice2\" aria-label=\"\u017dlutice2\" class=\"img-responsive wp-image-9146 fusion-gallery-image-size-fixed\"  \/><\/a><\/div><\/div><div style=\"padding:5px;\" class=\"fusion-grid-column fusion-gallery-column fusion-gallery-column-3 hover-type-none\"><div class=\"fusion-gallery-image\"><a href=\"https:\/\/zivykraj.cz\/wp-content\/uploads\/2021\/02\/\u017dlutice6.jpg\" rel=\"noreferrer\" data-rel=\"iLightbox[gallery_image_1]\" class=\"fusion-lightbox\" target=\"_self\"><img decoding=\"async\" src=\"https:\/\/zivykraj.cz\/wp-content\/uploads\/2021\/02\/\u017dlutice6-460x295.jpg\" width=\"460\" height=\"295\" alt=\"\" title=\"\u017dlutice6\" aria-label=\"\u017dlutice6\" class=\"img-responsive wp-image-9149 fusion-gallery-image-size-fixed\"  \/><\/a><\/div><\/div><div class=\"clearfix\"><\/div><div style=\"padding:5px;\" class=\"fusion-grid-column fusion-gallery-column fusion-gallery-column-3 hover-type-none\"><div class=\"fusion-gallery-image\"><a href=\"https:\/\/zivykraj.cz\/wp-content\/uploads\/2021\/02\/\u017dlutice4.jpg\" rel=\"noreferrer\" data-rel=\"iLightbox[gallery_image_1]\" class=\"fusion-lightbox\" target=\"_self\"><img decoding=\"async\" src=\"https:\/\/zivykraj.cz\/wp-content\/uploads\/2021\/02\/\u017dlutice4-460x295.jpg\" width=\"460\" height=\"295\" alt=\"\" title=\"\u017dlutice4\" aria-label=\"\u017dlutice4\" class=\"img-responsive wp-image-9148 fusion-gallery-image-size-fixed\"  \/><\/a><\/div><\/div><div style=\"padding:5px;\" class=\"fusion-grid-column fusion-gallery-column fusion-gallery-column-3 hover-type-none\"><div class=\"fusion-gallery-image\"><a href=\"https:\/\/zivykraj.cz\/wp-content\/uploads\/2021\/02\/\u017dltuice5.jpg\" rel=\"noreferrer\" data-rel=\"iLightbox[gallery_image_1]\" class=\"fusion-lightbox\" target=\"_self\"><img decoding=\"async\" src=\"https:\/\/zivykraj.cz\/wp-content\/uploads\/2021\/02\/\u017dltuice5-460x295.jpg\" width=\"460\" height=\"295\" alt=\"\" title=\"\u017dltuice5\" aria-label=\"\u017dltuice5\" class=\"img-responsive wp-image-9144 fusion-gallery-image-size-fixed\"  \/><\/a><\/div><\/div><div style=\"padding:5px;\" class=\"fusion-grid-column fusion-gallery-column fusion-gallery-column-3 hover-type-none\"><div class=\"fusion-gallery-image\"><a href=\"https:\/\/zivykraj.cz\/wp-content\/uploads\/2021\/02\/\u017dlutice1.jpg\" rel=\"noreferrer\" data-rel=\"iLightbox[gallery_image_1]\" class=\"fusion-lightbox\" target=\"_self\"><img decoding=\"async\" src=\"https:\/\/zivykraj.cz\/wp-content\/uploads\/2021\/02\/\u017dlutice1-460x295.jpg\" width=\"460\" height=\"295\" alt=\"\" title=\"\u017dlutice1\" aria-label=\"\u017dlutice1\" class=\"img-responsive wp-image-9145 fusion-gallery-image-size-fixed\"  \/><\/a><\/div><\/div><div class=\"clearfix\"><\/div><\/div><div class=\"fusion-clearfix\"><\/div><\/div><\/div><\/div><\/div><div class=\"fusion-fullwidth fullwidth-box fusion-builder-row-3 nonhundred-percent-fullwidth non-hundred-percent-height-scrolling\" style=\"background-color: #fafafa;background-position: center center;background-repeat: no-repeat;padding-top:20px;padding-right:60px;padding-bottom:0px;padding-left:60px;margin-bottom: 40px;margin-top: 20px;border-width: 0px 0px 0px 0px;border-color:#ecefef;border-style:solid;\" ><div class=\"fusion-builder-row fusion-row\"><div class=\"fusion-layout-column fusion_builder_column fusion-builder-column-2 fusion_builder_column_1_2 1_2 fusion-one-half fusion-column-first\" style=\"width:50%;width:calc(50% - ( ( 4% ) * 0.5 ) );margin-right: 4%;margin-top:25px;margin-bottom:25px;\"><div class=\"fusion-column-wrapper fusion-flex-column-wrapper-legacy\" style=\"background-position:left top;background-repeat:no-repeat;-webkit-background-size:cover;-moz-background-size:cover;-o-background-size:cover;background-size:cover;padding: 0px 0px 0px 0px;\"><div class=\"fusion-text fusion-text-2\"><p><strong>Telefon:<\/strong> +420 353 393 171<br \/>\n<strong>E-mail:<\/strong>\u00a0<a href=\"mailto:podatelna@zlutice.cz\">podatelna@zlutice.cz<\/a><\/p>\n<\/div><div class=\"fusion-clearfix\"><\/div><\/div><\/div><div class=\"fusion-layout-column fusion_builder_column fusion-builder-column-3 fusion_builder_column_1_2 1_2 fusion-one-half fusion-column-last\" style=\"width:50%;width:calc(50% - ( ( 4% ) * 0.5 ) );margin-top:25px;margin-bottom:25px;\"><div class=\"fusion-column-wrapper fusion-flex-column-wrapper-legacy\" style=\"background-position:left top;background-repeat:no-repeat;-webkit-background-size:cover;-moz-background-size:cover;-o-background-size:cover;background-size:cover;padding: 0px 0px 0px 0px;\"><div class=\"fusion-alignright\"><style>.fusion-body .fusion-button.button-1{border-radius:0px 0px 0px 0px;}<\/style><a class=\"fusion-button button-flat fusion-button-default-size button-default button-1 fusion-button-default-span fusion-button-default-type\" target=\"_self\" href=\"https:\/\/www.zlutice.cz\/turista\/\"><span class=\"fusion-button-text\">Die offizielle Website der Stadt<\/span><\/a><\/div><div class=\"fusion-clearfix\"><\/div><\/div><\/div><\/div><\/div><div class=\"fusion-fullwidth fullwidth-box fusion-builder-row-4 fusion-flex-container nonhundred-percent-fullwidth non-hundred-percent-height-scrolling\" style=\"background-color: rgba(255,255,255,0);background-position: center center;background-repeat: no-repeat;border-width: 0px 0px 0px 0px;border-color:#ecefef;border-style:solid;\" ><div class=\"fusion-builder-row fusion-row fusion-flex-align-items-flex-start\" style=\"max-width:1206.4px;margin-left: calc(-4% \/ 2 );margin-right: calc(-4% \/ 2 );\"><div class=\"fusion-layout-column fusion_builder_column fusion-builder-column-4 fusion_builder_column_1_1 1_1 fusion-flex-column\"><div class=\"fusion-column-wrapper fusion-flex-justify-content-flex-start fusion-content-layout-column\" style=\"background-position:left top;background-repeat:no-repeat;-webkit-background-size:cover;-moz-background-size:cover;-o-background-size:cover;background-size:cover;padding: 0px 0px 0px 0px;\"><div class=\"fusion-text fusion-text-3\"><h2 style=\"text-align: center;\"><b>Lass dich inspirieren<\/b><\/h2>\n<\/div><div class=\"fusion-recent-posts fusion-recent-posts-1 avada-container layout-default layout-columns-3 fusion-recent-posts-infinite fusion-recent-posts-load-more blog-grid\" data-pages=\"1\"><section class=\"fusion-columns columns fusion-columns-3 columns-3\"><article class=\"post fusion-column column col col-lg-4 col-md-4 col-sm-4\"><div class=\"fusion-flexslider fusion-flexslider-loading flexslider flexslider-hover-type-zoomin\"><ul class=\"slides\"><li><a href=\"https:\/\/zivykraj.cz\/de\/cestovani-de\/zlutice-ausflugstipps-fuer-familien-mit-kindern\/\" aria-label=\"\u017dlutice &#8211; Ausflugstipps f\u00fcr Familien mit Kindern\" class=\"hover-type-zoomin\"><img decoding=\"async\" width=\"1920\" height=\"1440\" src=\"https:\/\/zivykraj.cz\/wp-content\/uploads\/2021\/10\/Stezka-sovy-Rozarky5.jpg\" class=\"attachment-full size-full lazyload\" alt=\"\" srcset=\"data:image\/svg+xml,%3Csvg%20xmlns%3D%27http%3A%2F%2Fwww.w3.org%2F2000%2Fsvg%27%20width%3D%271920%27%20height%3D%271440%27%20viewBox%3D%270%200%201920%201440%27%3E%3Crect%20width%3D%271920%27%20height%3D%271440%27%20fill-opacity%3D%220%22%2F%3E%3C%2Fsvg%3E\" data-orig-src=\"https:\/\/zivykraj.cz\/wp-content\/uploads\/2021\/10\/Stezka-sovy-Rozarky5.jpg\" data-srcset=\"https:\/\/zivykraj.cz\/wp-content\/uploads\/2021\/10\/Stezka-sovy-Rozarky5-200x150.jpg 200w, https:\/\/zivykraj.cz\/wp-content\/uploads\/2021\/10\/Stezka-sovy-Rozarky5-400x300.jpg 400w, https:\/\/zivykraj.cz\/wp-content\/uploads\/2021\/10\/Stezka-sovy-Rozarky5-600x450.jpg 600w, https:\/\/zivykraj.cz\/wp-content\/uploads\/2021\/10\/Stezka-sovy-Rozarky5-800x600.jpg 800w, https:\/\/zivykraj.cz\/wp-content\/uploads\/2021\/10\/Stezka-sovy-Rozarky5-1200x900.jpg 1200w, https:\/\/zivykraj.cz\/wp-content\/uploads\/2021\/10\/Stezka-sovy-Rozarky5.jpg 1920w\" data-sizes=\"auto\" \/><\/a><\/li><\/ul><\/div><div class=\"recent-posts-content\"><span class=\"vcard\" style=\"display: none;\"><span class=\"fn\"><a href=\"https:\/\/zivykraj.cz\/de\/author\/admin\/\" title=\"Beitr\u00e4ge von admin\" rel=\"author\">admin<\/a><\/span><\/span><span class=\"updated\" style=\"display:none;\">2026-04-16T09:08:58+02:00<\/span><h4 class=\"entry-title\"><a href=\"https:\/\/zivykraj.cz\/de\/cestovani-de\/zlutice-ausflugstipps-fuer-familien-mit-kindern\/\">\u017dlutice &#8211; Ausflugstipps f\u00fcr Familien mit Kindern<\/a><\/h4><p>Die Gegend um \u017dlutice ist eine Stadt, die\u00a0f\u00fcr Kinder wie geschaffen ist. Ob Sie zu Hause nimmerm\u00fcde Lausbuben, ...<\/p><\/div><\/article><\/section><\/div><\/div><style type=\"text\/css\">.fusion-body .fusion-builder-column-4{width:100% !important;margin-top : 25px;margin-bottom : 25px;}.fusion-builder-column-4 > .fusion-column-wrapper {padding-top : 0px !important;padding-right : 0px !important;margin-right : 1.92%;padding-bottom : 0px !important;padding-left : 0px !important;margin-left : 1.92%;}@media only screen and (max-width:1024px) {.fusion-body .fusion-builder-column-4{width:100% !important;order : 0;}.fusion-builder-column-4 > .fusion-column-wrapper {margin-right : 1.92%;margin-left : 1.92%;}}@media only screen and (max-width:640px) {.fusion-body .fusion-builder-column-4{width:100% !important;order : 0;}.fusion-builder-column-4 > .fusion-column-wrapper {margin-right : 1.92%;margin-left : 1.92%;}}<\/style><\/div><\/div><style type=\"text\/css\">.fusion-body .fusion-flex-container.fusion-builder-row-4{ padding-top : 0px;margin-top : 0px;padding-right : 0px;padding-bottom : 0px;margin-bottom : 0px;padding-left : 0px;}<\/style><\/div><div class=\"fusion-fullwidth fullwidth-box fusion-builder-row-5 display-none nonhundred-percent-fullwidth non-hundred-percent-height-scrolling\" style=\"background-color: rgba(255,255,255,0);background-position: center center;background-repeat: no-repeat;padding-top:0px;padding-right:0px;padding-bottom:0px;padding-left:0px;margin-bottom: 0px;margin-top: 0px;border-width: 0px 0px 0px 0px;border-color:#ecefef;border-style:solid;\" ><div class=\"fusion-builder-row fusion-row\"><div class=\"fusion-layout-column fusion_builder_column fusion-builder-column-5 fusion_builder_column_1_1 1_1 fusion-one-full fusion-column-first fusion-column-last\" style=\"margin-top:25px;margin-bottom:25px;\"><div class=\"fusion-column-wrapper fusion-flex-column-wrapper-legacy\" style=\"background-position:left top;background-repeat:no-repeat;-webkit-background-size:cover;-moz-background-size:cover;-o-background-size:cover;background-size:cover;padding: 0px 0px 0px 0px;\"><div class=\"fusion-text fusion-text-4 nechte-se-inspirovat\"><h2 style=\"text-align: center;\"><strong>Nechte se inspirovat<\/strong><\/h2>\n<\/div><div class=\"fusion-clearfix\"><\/div><\/div><\/div><\/div><\/div><\/p>\n","protected":false},"excerpt":{"rendered":"","protected":false},"author":1,"featured_media":17419,"parent":17779,"menu_order":0,"comment_status":"closed","ping_status":"closed","template":"","meta":{"_acf_changed":false,"inline_featured_image":false,"footnotes":""},"acf":[],"yoast_head":"<!-- This site is optimized with the Yoast SEO plugin v22.3 - https:\/\/yoast.com\/wordpress\/plugins\/seo\/ -->\n<title>\u017dlutice | \u017divyKraj.cz<\/title>\n<meta name=\"robots\" content=\"index, follow, max-snippet:-1, max-image-preview:large, max-video-preview:-1\" \/>\n<link rel=\"canonical\" href=\"https:\/\/zivykraj.cz\/de\/ausflugsziele\/zlutice\/\" \/>\n<meta property=\"og:locale\" content=\"de_DE\" \/>\n<meta property=\"og:type\" content=\"article\" \/>\n<meta property=\"og:title\" content=\"\u017dlutice | \u017divyKraj.cz\" \/>\n<meta property=\"og:url\" content=\"https:\/\/zivykraj.cz\/de\/ausflugsziele\/zlutice\/\" \/>\n<meta property=\"og:site_name\" content=\"\u017divyKraj.cz\" \/>\n<meta property=\"article:modified_time\" content=\"2022-07-18T08:30:27+00:00\" \/>\n<meta property=\"og:image\" content=\"https:\/\/zivykraj.cz\/wp-content\/uploads\/2021\/09\/zlutice.jpg\" \/>\n\t<meta property=\"og:image:width\" content=\"1920\" \/>\n\t<meta property=\"og:image:height\" content=\"647\" \/>\n\t<meta property=\"og:image:type\" content=\"image\/jpeg\" \/>\n<meta name=\"twitter:card\" content=\"summary_large_image\" \/>\n<meta name=\"twitter:label1\" content=\"Gesch\u00e4tzte Lesezeit\" \/>\n\t<meta name=\"twitter:data1\" content=\"15 Minuten\" \/>\n<script type=\"application\/ld+json\" class=\"yoast-schema-graph\">{\"@context\":\"https:\/\/schema.org\",\"@graph\":[{\"@type\":\"WebPage\",\"@id\":\"https:\/\/zivykraj.cz\/de\/ausflugsziele\/zlutice\/\",\"url\":\"https:\/\/zivykraj.cz\/de\/ausflugsziele\/zlutice\/\",\"name\":\"\u017dlutice | \u017divyKraj.cz\",\"isPartOf\":{\"@id\":\"https:\/\/zivykraj.cz\/de\/#website\"},\"primaryImageOfPage\":{\"@id\":\"https:\/\/zivykraj.cz\/de\/ausflugsziele\/zlutice\/#primaryimage\"},\"image\":{\"@id\":\"https:\/\/zivykraj.cz\/de\/ausflugsziele\/zlutice\/#primaryimage\"},\"thumbnailUrl\":\"https:\/\/zivykraj.cz\/wp-content\/uploads\/2021\/09\/zlutice.jpg\",\"datePublished\":\"2020-01-25T17:54:14+00:00\",\"dateModified\":\"2022-07-18T08:30:27+00:00\",\"breadcrumb\":{\"@id\":\"https:\/\/zivykraj.cz\/de\/ausflugsziele\/zlutice\/#breadcrumb\"},\"inLanguage\":\"de-DE\",\"potentialAction\":[{\"@type\":\"ReadAction\",\"target\":[\"https:\/\/zivykraj.cz\/de\/ausflugsziele\/zlutice\/\"]}]},{\"@type\":\"ImageObject\",\"inLanguage\":\"de-DE\",\"@id\":\"https:\/\/zivykraj.cz\/de\/ausflugsziele\/zlutice\/#primaryimage\",\"url\":\"https:\/\/zivykraj.cz\/wp-content\/uploads\/2021\/09\/zlutice.jpg\",\"contentUrl\":\"https:\/\/zivykraj.cz\/wp-content\/uploads\/2021\/09\/zlutice.jpg\",\"width\":1920,\"height\":647},{\"@type\":\"BreadcrumbList\",\"@id\":\"https:\/\/zivykraj.cz\/de\/ausflugsziele\/zlutice\/#breadcrumb\",\"itemListElement\":[{\"@type\":\"ListItem\",\"position\":1,\"name\":\"Home\",\"item\":\"https:\/\/zivykraj.cz\/de\/\"},{\"@type\":\"ListItem\",\"position\":2,\"name\":\"Ausflugsziele\",\"item\":\"https:\/\/zivykraj.cz\/de\/ausflugsziele\/\"},{\"@type\":\"ListItem\",\"position\":3,\"name\":\"\u017dlutice\"}]},{\"@type\":\"WebSite\",\"@id\":\"https:\/\/zivykraj.cz\/de\/#website\",\"url\":\"https:\/\/zivykraj.cz\/de\/\",\"name\":\"\u017divyKraj.cz\",\"description\":\"Turistick\u00fd web - Karlovarsk\u00fd kraj\",\"publisher\":{\"@id\":\"https:\/\/zivykraj.cz\/de\/#organization\"},\"potentialAction\":[{\"@type\":\"SearchAction\",\"target\":{\"@type\":\"EntryPoint\",\"urlTemplate\":\"https:\/\/zivykraj.cz\/de\/?s={search_term_string}\"},\"query-input\":\"required name=search_term_string\"}],\"inLanguage\":\"de-DE\"},{\"@type\":\"Organization\",\"@id\":\"https:\/\/zivykraj.cz\/de\/#organization\",\"name\":\"\u017divyKraj.cz\",\"url\":\"https:\/\/zivykraj.cz\/de\/\",\"logo\":{\"@type\":\"ImageObject\",\"inLanguage\":\"de-DE\",\"@id\":\"https:\/\/zivykraj.cz\/de\/#\/schema\/logo\/image\/\",\"url\":\"https:\/\/zivykraj.cz\/wp-content\/uploads\/2021\/08\/logo_white.png\",\"contentUrl\":\"https:\/\/zivykraj.cz\/wp-content\/uploads\/2021\/08\/logo_white.png\",\"width\":223,\"height\":59,\"caption\":\"\u017divyKraj.cz\"},\"image\":{\"@id\":\"https:\/\/zivykraj.cz\/de\/#\/schema\/logo\/image\/\"}}]}<\/script>\n<!-- \/ Yoast SEO plugin. -->","yoast_head_json":{"title":"\u017dlutice | \u017divyKraj.cz","robots":{"index":"index","follow":"follow","max-snippet":"max-snippet:-1","max-image-preview":"max-image-preview:large","max-video-preview":"max-video-preview:-1"},"canonical":"https:\/\/zivykraj.cz\/de\/ausflugsziele\/zlutice\/","og_locale":"de_DE","og_type":"article","og_title":"\u017dlutice | \u017divyKraj.cz","og_url":"https:\/\/zivykraj.cz\/de\/ausflugsziele\/zlutice\/","og_site_name":"\u017divyKraj.cz","article_modified_time":"2022-07-18T08:30:27+00:00","og_image":[{"width":1920,"height":647,"url":"https:\/\/zivykraj.cz\/wp-content\/uploads\/2021\/09\/zlutice.jpg","type":"image\/jpeg"}],"twitter_card":"summary_large_image","twitter_misc":{"Gesch\u00e4tzte Lesezeit":"15 Minuten"},"schema":{"@context":"https:\/\/schema.org","@graph":[{"@type":"WebPage","@id":"https:\/\/zivykraj.cz\/de\/ausflugsziele\/zlutice\/","url":"https:\/\/zivykraj.cz\/de\/ausflugsziele\/zlutice\/","name":"\u017dlutice | \u017divyKraj.cz","isPartOf":{"@id":"https:\/\/zivykraj.cz\/de\/#website"},"primaryImageOfPage":{"@id":"https:\/\/zivykraj.cz\/de\/ausflugsziele\/zlutice\/#primaryimage"},"image":{"@id":"https:\/\/zivykraj.cz\/de\/ausflugsziele\/zlutice\/#primaryimage"},"thumbnailUrl":"https:\/\/zivykraj.cz\/wp-content\/uploads\/2021\/09\/zlutice.jpg","datePublished":"2020-01-25T17:54:14+00:00","dateModified":"2022-07-18T08:30:27+00:00","breadcrumb":{"@id":"https:\/\/zivykraj.cz\/de\/ausflugsziele\/zlutice\/#breadcrumb"},"inLanguage":"de-DE","potentialAction":[{"@type":"ReadAction","target":["https:\/\/zivykraj.cz\/de\/ausflugsziele\/zlutice\/"]}]},{"@type":"ImageObject","inLanguage":"de-DE","@id":"https:\/\/zivykraj.cz\/de\/ausflugsziele\/zlutice\/#primaryimage","url":"https:\/\/zivykraj.cz\/wp-content\/uploads\/2021\/09\/zlutice.jpg","contentUrl":"https:\/\/zivykraj.cz\/wp-content\/uploads\/2021\/09\/zlutice.jpg","width":1920,"height":647},{"@type":"BreadcrumbList","@id":"https:\/\/zivykraj.cz\/de\/ausflugsziele\/zlutice\/#breadcrumb","itemListElement":[{"@type":"ListItem","position":1,"name":"Home","item":"https:\/\/zivykraj.cz\/de\/"},{"@type":"ListItem","position":2,"name":"Ausflugsziele","item":"https:\/\/zivykraj.cz\/de\/ausflugsziele\/"},{"@type":"ListItem","position":3,"name":"\u017dlutice"}]},{"@type":"WebSite","@id":"https:\/\/zivykraj.cz\/de\/#website","url":"https:\/\/zivykraj.cz\/de\/","name":"\u017divyKraj.cz","description":"Turistick\u00fd web - Karlovarsk\u00fd kraj","publisher":{"@id":"https:\/\/zivykraj.cz\/de\/#organization"},"potentialAction":[{"@type":"SearchAction","target":{"@type":"EntryPoint","urlTemplate":"https:\/\/zivykraj.cz\/de\/?s={search_term_string}"},"query-input":"required name=search_term_string"}],"inLanguage":"de-DE"},{"@type":"Organization","@id":"https:\/\/zivykraj.cz\/de\/#organization","name":"\u017divyKraj.cz","url":"https:\/\/zivykraj.cz\/de\/","logo":{"@type":"ImageObject","inLanguage":"de-DE","@id":"https:\/\/zivykraj.cz\/de\/#\/schema\/logo\/image\/","url":"https:\/\/zivykraj.cz\/wp-content\/uploads\/2021\/08\/logo_white.png","contentUrl":"https:\/\/zivykraj.cz\/wp-content\/uploads\/2021\/08\/logo_white.png","width":223,"height":59,"caption":"\u017divyKraj.cz"},"image":{"@id":"https:\/\/zivykraj.cz\/de\/#\/schema\/logo\/image\/"}}]}},"_links":{"self":[{"href":"https:\/\/zivykraj.cz\/de\/wp-json\/wp\/v2\/pages\/18078"}],"collection":[{"href":"https:\/\/zivykraj.cz\/de\/wp-json\/wp\/v2\/pages"}],"about":[{"href":"https:\/\/zivykraj.cz\/de\/wp-json\/wp\/v2\/types\/page"}],"author":[{"embeddable":true,"href":"https:\/\/zivykraj.cz\/de\/wp-json\/wp\/v2\/users\/1"}],"replies":[{"embeddable":true,"href":"https:\/\/zivykraj.cz\/de\/wp-json\/wp\/v2\/comments?post=18078"}],"version-history":[{"count":2,"href":"https:\/\/zivykraj.cz\/de\/wp-json\/wp\/v2\/pages\/18078\/revisions"}],"predecessor-version":[{"id":64354,"href":"https:\/\/zivykraj.cz\/de\/wp-json\/wp\/v2\/pages\/18078\/revisions\/64354"}],"up":[{"embeddable":true,"href":"https:\/\/zivykraj.cz\/de\/wp-json\/wp\/v2\/pages\/17779"}],"wp:featuredmedia":[{"embeddable":true,"href":"https:\/\/zivykraj.cz\/de\/wp-json\/wp\/v2\/media\/17419"}],"wp:attachment":[{"href":"https:\/\/zivykraj.cz\/de\/wp-json\/wp\/v2\/media?parent=18078"}],"curies":[{"name":"wp","href":"https:\/\/api.w.org\/{rel}","templated":true}]}}