{"id":18100,"date":"2021-01-18T05:15:15","date_gmt":"2021-01-18T04:15:15","guid":{"rendered":"https:\/\/zivykraj.cz\/zimni-sporty\/"},"modified":"2022-07-18T10:22:25","modified_gmt":"2022-07-18T08:22:25","slug":"wintersport","status":"publish","type":"page","link":"https:\/\/zivykraj.cz\/de\/aktivitaten-und-erlebnisse\/wintersport\/","title":{"rendered":"Wintersport"},"content":{"rendered":"<div class=\"fusion-fullwidth fullwidth-box fusion-builder-row-1 nonhundred-percent-fullwidth non-hundred-percent-height-scrolling\" style=\"background-color: rgba(255,255,255,0);background-position: center center;background-repeat: no-repeat;padding-top:0px;padding-right:0px;padding-bottom:0px;padding-left:0px;margin-bottom: 0px;margin-top: 0px;border-width: 0px 0px 0px 0px;border-color:#ecefef;border-style:solid;\" ><div class=\"fusion-builder-row fusion-row\"><div class=\"fusion-layout-column fusion_builder_column fusion-builder-column-0 fusion_builder_column_1_1 1_1 fusion-one-full fusion-column-first fusion-column-last\" style=\"margin-top:25px;margin-bottom:25px;\"><div class=\"fusion-column-wrapper fusion-flex-column-wrapper-legacy\" style=\"background-position:left top;background-repeat:no-repeat;-webkit-background-size:cover;-moz-background-size:cover;-o-background-size:cover;background-size:cover;padding: 0px 0px 0px 0px;\"><div class=\"fusion-text fusion-text-1\"><h3><strong>Im Erzgebirge wird der Winterspa\u00df gro\u00dfgeschrieben.<\/strong><\/h3>\n<p>In der Region Karlsbad liegt eines der sch\u00f6nsten Gebirge in der Tschechischen Republik &#8211; das Erzgebirge. Vielf\u00e4ltige Landschaften, wundersch\u00f6ne Panoramen und bestens pr\u00e4parierte Skipisten locken die Wintersportler.<\/p>\n<p>W\u00e4hlen Sie einen Wintersportort mit Pisten f\u00fcr Anf\u00e4nger und erfahrene Skifahrer. Die Skiareale auf dem Kl\u00ednovec &#8211; dem h\u00f6chsten Berg des Erzgebirges (1.244 m), in Bo\u017e\u00ed Dar &#8211; der h\u00f6chstgelegenen Stadt Mitteleuropas (1.020 m) und in Ple\u0161ivec &#8211; dem j\u00fcngsten Skigebiet Tschechiens, k\u00f6nnen durchaus mit den ausl\u00e4ndischen Resorts konkurrieren. Kleinere Skiareale bieten meistens entspannteres Skifahren und tolle M\u00f6glichkeiten f\u00fcr Skianf\u00e4nger. Es erwarten Sie moderne Einrichtungen, Kinderareals, Snowparks, Ausr\u00fcstungsverleihe, Servicestellen und ein buntes Angebot an Imbissen.<\/p>\n<p>Folgen Sie der wei\u00dfen Loipe, die Sie durch die verschneite Landschaft f\u00fchrt und vor allem im Winter m\u00e4rchenhaft anmutet. Hunderte Kilometer pr\u00e4parierter Langlaufloipen rund um Pernink und Horn\u00ed Blatn\u00e1 oder im beliebten Skigebiet Eduard zwischen J\u00e1chymov und Bo\u017e\u00ed Dar warten auf Sie. Beliebt ist die Skimagistrale Erzgebirge\/Kru\u0161n\u00e9 hory zwischen Bublava und Bo\u017e\u00ed Dar.<\/p>\n<p>Sie werden begeistert sein, wenn Sie den Winterspa\u00df mit den Kindern gemeinsam genie\u00dfen m\u00f6chten oder wenn Sie Adrenalin-Sportarten bevorzugen. Ihre Kleinen werden das Snowtubing lieben &#8211; das Rutschen auf mit Luft gef\u00fcllten Reifenschl\u00e4uchen in einer speziell angelegten Fahrrinne &#8211; versuchen Sie es inzwischen zum Beispiel mit dem Snowkiten.<\/p>\n<p>Bei schlechtem Wetter bietet sich f\u00fcr Klein und Gro\u00df sicherlich das \u00f6ffentliche Eislaufen in der KV-Arena in Karlsbad an &#8211; oder auch in den Winterstadien in Ostrov, Cheb, Sokolov, Nejdek und Marienbad.<\/p>\n<p>Suchen Sie die perfekte Erholung nach einem Tag auf der Piste? In den Kurorten J\u00e1chymov, Karlsbad, Marienbad und Franzensbad, die nur einen Katzensprung entfernt von den Skigebieten liegen, k\u00f6nnen Sie aus einem reichen Angebot an Kur- und Wellness-Anwendungen w\u00e4hlen. G\u00f6nnen Sie sich ein wohltuendes Bad oder eine entspannende Massage und regenerieren Sie Ihren K\u00f6rper nach einem anstrengenden Tag drau\u00dfen in der Natur. Genie\u00dfen Sie den Winterurlaub in der Region Karlsbad.<\/p>\n<\/div><style type=\"text\/css\">.fusion-gallery-1 .fusion-gallery-image {border:0px solid #f2f3f3;}<\/style><div class=\"fusion-gallery fusion-gallery-container fusion-grid-3 fusion-columns-total-3 fusion-gallery-layout-grid fusion-gallery-1\" style=\"margin:-5px;\"><div style=\"padding:5px;\" class=\"fusion-grid-column fusion-gallery-column fusion-gallery-column-3 hover-type-none\"><div class=\"fusion-gallery-image\"><a href=\"https:\/\/zivykraj.cz\/wp-content\/uploads\/2021\/10\/IMG_1537.jpg\" rel=\"noreferrer\" data-rel=\"iLightbox[gallery_image_1]\" class=\"fusion-lightbox\" target=\"_self\"><img decoding=\"async\" src=\"https:\/\/zivykraj.cz\/wp-content\/uploads\/2021\/10\/IMG_1537-460x295.jpg\" width=\"460\" height=\"295\" alt=\"\" title=\"IMG_1537\" aria-label=\"IMG_1537\" class=\"img-responsive wp-image-19041 fusion-gallery-image-size-fixed\"  \/><\/a><\/div><\/div><div style=\"padding:5px;\" class=\"fusion-grid-column fusion-gallery-column fusion-gallery-column-3 hover-type-none\"><div class=\"fusion-gallery-image\"><a href=\"https:\/\/zivykraj.cz\/wp-content\/uploads\/2021\/10\/IMG_0276.jpg\" rel=\"noreferrer\" data-rel=\"iLightbox[gallery_image_1]\" class=\"fusion-lightbox\" target=\"_self\"><img decoding=\"async\" src=\"https:\/\/zivykraj.cz\/wp-content\/uploads\/2021\/10\/IMG_0276-460x295.jpg\" width=\"460\" height=\"295\" alt=\"\" title=\"IMG_0276\" aria-label=\"IMG_0276\" class=\"img-responsive wp-image-19044 fusion-gallery-image-size-fixed\"  \/><\/a><\/div><\/div><div style=\"padding:5px;\" class=\"fusion-grid-column fusion-gallery-column fusion-gallery-column-3 hover-type-none\"><div class=\"fusion-gallery-image\"><a href=\"https:\/\/zivykraj.cz\/wp-content\/uploads\/2021\/10\/IMG_1285.jpg\" rel=\"noreferrer\" data-rel=\"iLightbox[gallery_image_1]\" class=\"fusion-lightbox\" target=\"_self\"><img decoding=\"async\" src=\"https:\/\/zivykraj.cz\/wp-content\/uploads\/2021\/10\/IMG_1285-460x295.jpg\" width=\"460\" height=\"295\" alt=\"\" title=\"IMG_1285\" aria-label=\"IMG_1285\" class=\"img-responsive wp-image-19047 fusion-gallery-image-size-fixed\"  \/><\/a><\/div><\/div><div class=\"clearfix\"><\/div><\/div><div class=\"fusion-sep-clear\"><\/div><div class=\"fusion-separator fusion-full-width-sep\" style=\"margin-left: auto;margin-right: auto;width:100%;\"><\/div><div class=\"fusion-sep-clear\"><\/div><div class=\"fusion-text fusion-text-2\"><h2 style=\"text-align: center;\"><b>Lass dich inspirieren<\/b><\/h2>\n<\/div><div class=\"fusion-recent-posts fusion-recent-posts-1 avada-container layout-default layout-columns-3 fusion-recent-posts-infinite fusion-recent-posts-load-more blog-grid\" data-pages=\"1\"><section class=\"fusion-columns columns fusion-columns-3 columns-3\"><article class=\"post fusion-column column col col-lg-4 col-md-4 col-sm-4\"><div class=\"fusion-flexslider fusion-flexslider-loading flexslider flexslider-hover-type-zoomin\"><ul class=\"slides\"><li><a href=\"https:\/\/zivykraj.cz\/de\/aktivitaten\/wilde-fahrten-im-winter\/\" aria-label=\"Wilde Fahrten im Winter\" class=\"hover-type-zoomin\"><img decoding=\"async\" width=\"1344\" height=\"896\" src=\"https:\/\/zivykraj.cz\/wp-content\/uploads\/2021\/12\/Stepan-Latal-Snowkiting-Bozi-Dar2.jpg\" class=\"attachment-full size-full lazyload\" alt=\"\" srcset=\"data:image\/svg+xml,%3Csvg%20xmlns%3D%27http%3A%2F%2Fwww.w3.org%2F2000%2Fsvg%27%20width%3D%271344%27%20height%3D%27896%27%20viewBox%3D%270%200%201344%20896%27%3E%3Crect%20width%3D%271344%27%20height%3D%27896%27%20fill-opacity%3D%220%22%2F%3E%3C%2Fsvg%3E\" data-orig-src=\"https:\/\/zivykraj.cz\/wp-content\/uploads\/2021\/12\/Stepan-Latal-Snowkiting-Bozi-Dar2.jpg\" data-srcset=\"https:\/\/zivykraj.cz\/wp-content\/uploads\/2021\/12\/Stepan-Latal-Snowkiting-Bozi-Dar2-200x133.jpg 200w, https:\/\/zivykraj.cz\/wp-content\/uploads\/2021\/12\/Stepan-Latal-Snowkiting-Bozi-Dar2-400x267.jpg 400w, https:\/\/zivykraj.cz\/wp-content\/uploads\/2021\/12\/Stepan-Latal-Snowkiting-Bozi-Dar2-600x400.jpg 600w, https:\/\/zivykraj.cz\/wp-content\/uploads\/2021\/12\/Stepan-Latal-Snowkiting-Bozi-Dar2-800x533.jpg 800w, https:\/\/zivykraj.cz\/wp-content\/uploads\/2021\/12\/Stepan-Latal-Snowkiting-Bozi-Dar2-1200x800.jpg 1200w, https:\/\/zivykraj.cz\/wp-content\/uploads\/2021\/12\/Stepan-Latal-Snowkiting-Bozi-Dar2.jpg 1344w\" data-sizes=\"auto\" \/><\/a><\/li><\/ul><\/div><div class=\"recent-posts-content\"><span class=\"vcard\" style=\"display: none;\"><span class=\"fn\"><a href=\"https:\/\/zivykraj.cz\/de\/author\/admin\/\" title=\"Beitr\u00e4ge von admin\" rel=\"author\">admin<\/a><\/span><\/span><span class=\"updated\" style=\"display:none;\">2026-04-16T09:04:32+02:00<\/span><h4 class=\"entry-title\"><a href=\"https:\/\/zivykraj.cz\/de\/aktivitaten\/wilde-fahrten-im-winter\/\">Wilde Fahrten im Winter<\/a><\/h4><p>Sie haben keine Freude mehr daran, nur vor dem Fernseher zu liegen und sich mit S\u00fc\u00dfigkeiten vollzustopfen? Suchen ...<\/p><\/div><\/article><\/section><\/div><div class=\"fusion-clearfix\"><\/div><\/div><\/div><\/div><\/div>\n","protected":false},"excerpt":{"rendered":"","protected":false},"author":1,"featured_media":80282,"parent":18110,"menu_order":0,"comment_status":"closed","ping_status":"closed","template":"","meta":{"_acf_changed":false,"inline_featured_image":false,"footnotes":""},"acf":[],"yoast_head":"<!-- This site is optimized with the Yoast SEO plugin v22.3 - https:\/\/yoast.com\/wordpress\/plugins\/seo\/ -->\n<title>Wintersport | \u017divyKraj.cz<\/title>\n<meta name=\"robots\" content=\"index, follow, max-snippet:-1, max-image-preview:large, max-video-preview:-1\" \/>\n<link rel=\"canonical\" href=\"https:\/\/zivykraj.cz\/de\/aktivitaten-und-erlebnisse\/wintersport\/\" \/>\n<meta property=\"og:locale\" content=\"de_DE\" \/>\n<meta property=\"og:type\" content=\"article\" \/>\n<meta property=\"og:title\" content=\"Wintersport | \u017divyKraj.cz\" \/>\n<meta property=\"og:url\" content=\"https:\/\/zivykraj.cz\/de\/aktivitaten-und-erlebnisse\/wintersport\/\" \/>\n<meta property=\"og:site_name\" content=\"\u017divyKraj.cz\" \/>\n<meta property=\"article:modified_time\" content=\"2022-07-18T08:22:25+00:00\" \/>\n<meta property=\"og:image\" content=\"https:\/\/zivykraj.cz\/wp-content\/uploads\/2021\/09\/Zimni-sporty_uvodni.jpg\" \/>\n\t<meta property=\"og:image:width\" content=\"1920\" \/>\n\t<meta property=\"og:image:height\" content=\"647\" \/>\n\t<meta property=\"og:image:type\" content=\"image\/jpeg\" \/>\n<meta name=\"twitter:card\" content=\"summary_large_image\" \/>\n<meta name=\"twitter:label1\" content=\"Gesch\u00e4tzte Lesezeit\" \/>\n\t<meta name=\"twitter:data1\" content=\"3 Minuten\" \/>\n<script type=\"application\/ld+json\" class=\"yoast-schema-graph\">{\"@context\":\"https:\/\/schema.org\",\"@graph\":[{\"@type\":\"WebPage\",\"@id\":\"https:\/\/zivykraj.cz\/de\/aktivitaten-und-erlebnisse\/wintersport\/\",\"url\":\"https:\/\/zivykraj.cz\/de\/aktivitaten-und-erlebnisse\/wintersport\/\",\"name\":\"Wintersport | \u017divyKraj.cz\",\"isPartOf\":{\"@id\":\"https:\/\/zivykraj.cz\/de\/#website\"},\"primaryImageOfPage\":{\"@id\":\"https:\/\/zivykraj.cz\/de\/aktivitaten-und-erlebnisse\/wintersport\/#primaryimage\"},\"image\":{\"@id\":\"https:\/\/zivykraj.cz\/de\/aktivitaten-und-erlebnisse\/wintersport\/#primaryimage\"},\"thumbnailUrl\":\"https:\/\/zivykraj.cz\/wp-content\/uploads\/2024\/12\/Martin-VrbickA\u00bd-KlA\u00adnovec-v-zimA\u009b-1-scaled.jpg\",\"datePublished\":\"2021-01-18T04:15:15+00:00\",\"dateModified\":\"2022-07-18T08:22:25+00:00\",\"breadcrumb\":{\"@id\":\"https:\/\/zivykraj.cz\/de\/aktivitaten-und-erlebnisse\/wintersport\/#breadcrumb\"},\"inLanguage\":\"de-DE\",\"potentialAction\":[{\"@type\":\"ReadAction\",\"target\":[\"https:\/\/zivykraj.cz\/de\/aktivitaten-und-erlebnisse\/wintersport\/\"]}]},{\"@type\":\"ImageObject\",\"inLanguage\":\"de-DE\",\"@id\":\"https:\/\/zivykraj.cz\/de\/aktivitaten-und-erlebnisse\/wintersport\/#primaryimage\",\"url\":\"https:\/\/zivykraj.cz\/wp-content\/uploads\/2024\/12\/Martin-VrbickA\u00bd-KlA\u00adnovec-v-zimA\u009b-1-scaled.jpg\",\"contentUrl\":\"https:\/\/zivykraj.cz\/wp-content\/uploads\/2024\/12\/Martin-VrbickA\u00bd-KlA\u00adnovec-v-zimA\u009b-1-scaled.jpg\",\"width\":2560,\"height\":1705},{\"@type\":\"BreadcrumbList\",\"@id\":\"https:\/\/zivykraj.cz\/de\/aktivitaten-und-erlebnisse\/wintersport\/#breadcrumb\",\"itemListElement\":[{\"@type\":\"ListItem\",\"position\":1,\"name\":\"Home\",\"item\":\"https:\/\/zivykraj.cz\/de\/\"},{\"@type\":\"ListItem\",\"position\":2,\"name\":\"Aktivit\u00e4ten und Erlebnisse\",\"item\":\"https:\/\/zivykraj.cz\/de\/aktivitaten-und-erlebnisse\/\"},{\"@type\":\"ListItem\",\"position\":3,\"name\":\"Wintersport\"}]},{\"@type\":\"WebSite\",\"@id\":\"https:\/\/zivykraj.cz\/de\/#website\",\"url\":\"https:\/\/zivykraj.cz\/de\/\",\"name\":\"\u017divyKraj.cz\",\"description\":\"Turistick\u00fd web - Karlovarsk\u00fd kraj\",\"publisher\":{\"@id\":\"https:\/\/zivykraj.cz\/de\/#organization\"},\"potentialAction\":[{\"@type\":\"SearchAction\",\"target\":{\"@type\":\"EntryPoint\",\"urlTemplate\":\"https:\/\/zivykraj.cz\/de\/?s={search_term_string}\"},\"query-input\":\"required name=search_term_string\"}],\"inLanguage\":\"de-DE\"},{\"@type\":\"Organization\",\"@id\":\"https:\/\/zivykraj.cz\/de\/#organization\",\"name\":\"\u017divyKraj.cz\",\"url\":\"https:\/\/zivykraj.cz\/de\/\",\"logo\":{\"@type\":\"ImageObject\",\"inLanguage\":\"de-DE\",\"@id\":\"https:\/\/zivykraj.cz\/de\/#\/schema\/logo\/image\/\",\"url\":\"https:\/\/zivykraj.cz\/wp-content\/uploads\/2021\/08\/logo_white.png\",\"contentUrl\":\"https:\/\/zivykraj.cz\/wp-content\/uploads\/2021\/08\/logo_white.png\",\"width\":223,\"height\":59,\"caption\":\"\u017divyKraj.cz\"},\"image\":{\"@id\":\"https:\/\/zivykraj.cz\/de\/#\/schema\/logo\/image\/\"}}]}<\/script>\n<!-- \/ Yoast SEO plugin. -->","yoast_head_json":{"title":"Wintersport | \u017divyKraj.cz","robots":{"index":"index","follow":"follow","max-snippet":"max-snippet:-1","max-image-preview":"max-image-preview:large","max-video-preview":"max-video-preview:-1"},"canonical":"https:\/\/zivykraj.cz\/de\/aktivitaten-und-erlebnisse\/wintersport\/","og_locale":"de_DE","og_type":"article","og_title":"Wintersport | \u017divyKraj.cz","og_url":"https:\/\/zivykraj.cz\/de\/aktivitaten-und-erlebnisse\/wintersport\/","og_site_name":"\u017divyKraj.cz","article_modified_time":"2022-07-18T08:22:25+00:00","og_image":[{"width":1920,"height":647,"url":"https:\/\/zivykraj.cz\/wp-content\/uploads\/2021\/09\/Zimni-sporty_uvodni.jpg","type":"image\/jpeg"}],"twitter_card":"summary_large_image","twitter_misc":{"Gesch\u00e4tzte Lesezeit":"3 Minuten"},"schema":{"@context":"https:\/\/schema.org","@graph":[{"@type":"WebPage","@id":"https:\/\/zivykraj.cz\/de\/aktivitaten-und-erlebnisse\/wintersport\/","url":"https:\/\/zivykraj.cz\/de\/aktivitaten-und-erlebnisse\/wintersport\/","name":"Wintersport | \u017divyKraj.cz","isPartOf":{"@id":"https:\/\/zivykraj.cz\/de\/#website"},"primaryImageOfPage":{"@id":"https:\/\/zivykraj.cz\/de\/aktivitaten-und-erlebnisse\/wintersport\/#primaryimage"},"image":{"@id":"https:\/\/zivykraj.cz\/de\/aktivitaten-und-erlebnisse\/wintersport\/#primaryimage"},"thumbnailUrl":"https:\/\/zivykraj.cz\/wp-content\/uploads\/2024\/12\/Martin-VrbickA\u00bd-KlA\u00adnovec-v-zimA\u009b-1-scaled.jpg","datePublished":"2021-01-18T04:15:15+00:00","dateModified":"2022-07-18T08:22:25+00:00","breadcrumb":{"@id":"https:\/\/zivykraj.cz\/de\/aktivitaten-und-erlebnisse\/wintersport\/#breadcrumb"},"inLanguage":"de-DE","potentialAction":[{"@type":"ReadAction","target":["https:\/\/zivykraj.cz\/de\/aktivitaten-und-erlebnisse\/wintersport\/"]}]},{"@type":"ImageObject","inLanguage":"de-DE","@id":"https:\/\/zivykraj.cz\/de\/aktivitaten-und-erlebnisse\/wintersport\/#primaryimage","url":"https:\/\/zivykraj.cz\/wp-content\/uploads\/2024\/12\/Martin-VrbickA\u00bd-KlA\u00adnovec-v-zimA\u009b-1-scaled.jpg","contentUrl":"https:\/\/zivykraj.cz\/wp-content\/uploads\/2024\/12\/Martin-VrbickA\u00bd-KlA\u00adnovec-v-zimA\u009b-1-scaled.jpg","width":2560,"height":1705},{"@type":"BreadcrumbList","@id":"https:\/\/zivykraj.cz\/de\/aktivitaten-und-erlebnisse\/wintersport\/#breadcrumb","itemListElement":[{"@type":"ListItem","position":1,"name":"Home","item":"https:\/\/zivykraj.cz\/de\/"},{"@type":"ListItem","position":2,"name":"Aktivit\u00e4ten und Erlebnisse","item":"https:\/\/zivykraj.cz\/de\/aktivitaten-und-erlebnisse\/"},{"@type":"ListItem","position":3,"name":"Wintersport"}]},{"@type":"WebSite","@id":"https:\/\/zivykraj.cz\/de\/#website","url":"https:\/\/zivykraj.cz\/de\/","name":"\u017divyKraj.cz","description":"Turistick\u00fd web - Karlovarsk\u00fd kraj","publisher":{"@id":"https:\/\/zivykraj.cz\/de\/#organization"},"potentialAction":[{"@type":"SearchAction","target":{"@type":"EntryPoint","urlTemplate":"https:\/\/zivykraj.cz\/de\/?s={search_term_string}"},"query-input":"required name=search_term_string"}],"inLanguage":"de-DE"},{"@type":"Organization","@id":"https:\/\/zivykraj.cz\/de\/#organization","name":"\u017divyKraj.cz","url":"https:\/\/zivykraj.cz\/de\/","logo":{"@type":"ImageObject","inLanguage":"de-DE","@id":"https:\/\/zivykraj.cz\/de\/#\/schema\/logo\/image\/","url":"https:\/\/zivykraj.cz\/wp-content\/uploads\/2021\/08\/logo_white.png","contentUrl":"https:\/\/zivykraj.cz\/wp-content\/uploads\/2021\/08\/logo_white.png","width":223,"height":59,"caption":"\u017divyKraj.cz"},"image":{"@id":"https:\/\/zivykraj.cz\/de\/#\/schema\/logo\/image\/"}}]}},"_links":{"self":[{"href":"https:\/\/zivykraj.cz\/de\/wp-json\/wp\/v2\/pages\/18100"}],"collection":[{"href":"https:\/\/zivykraj.cz\/de\/wp-json\/wp\/v2\/pages"}],"about":[{"href":"https:\/\/zivykraj.cz\/de\/wp-json\/wp\/v2\/types\/page"}],"author":[{"embeddable":true,"href":"https:\/\/zivykraj.cz\/de\/wp-json\/wp\/v2\/users\/1"}],"replies":[{"embeddable":true,"href":"https:\/\/zivykraj.cz\/de\/wp-json\/wp\/v2\/comments?post=18100"}],"version-history":[{"count":1,"href":"https:\/\/zivykraj.cz\/de\/wp-json\/wp\/v2\/pages\/18100\/revisions"}],"predecessor-version":[{"id":64330,"href":"https:\/\/zivykraj.cz\/de\/wp-json\/wp\/v2\/pages\/18100\/revisions\/64330"}],"up":[{"embeddable":true,"href":"https:\/\/zivykraj.cz\/de\/wp-json\/wp\/v2\/pages\/18110"}],"wp:featuredmedia":[{"embeddable":true,"href":"https:\/\/zivykraj.cz\/de\/wp-json\/wp\/v2\/media\/80282"}],"wp:attachment":[{"href":"https:\/\/zivykraj.cz\/de\/wp-json\/wp\/v2\/media?parent=18100"}],"curies":[{"name":"wp","href":"https:\/\/api.w.org\/{rel}","templated":true}]}}