{"id":18162,"date":"2021-01-18T04:48:10","date_gmt":"2021-01-18T03:48:10","guid":{"rendered":"https:\/\/zivykraj.cz\/aktivity-a-zazitky\/cykloturistika\/"},"modified":"2023-03-03T11:43:20","modified_gmt":"2023-03-03T10:43:20","slug":"radfahren","status":"publish","type":"page","link":"https:\/\/zivykraj.cz\/de\/aktivitaten-und-erlebnisse\/radfahren\/","title":{"rendered":"Radfahren"},"content":{"rendered":"<div class=\"fusion-fullwidth fullwidth-box fusion-builder-row-1 nonhundred-percent-fullwidth non-hundred-percent-height-scrolling\" style=\"background-color: rgba(255,255,255,0);background-position: center center;background-repeat: no-repeat;padding-top:0px;padding-right:0px;padding-bottom:0px;padding-left:0px;margin-bottom: 0px;margin-top: 0px;border-width: 0px 0px 0px 0px;border-color:#ecefef;border-style:solid;\" ><div class=\"fusion-builder-row fusion-row\"><div class=\"fusion-layout-column fusion_builder_column fusion-builder-column-0 fusion_builder_column_1_1 1_1 fusion-one-full fusion-column-first fusion-column-last\" style=\"margin-top:25px;margin-bottom:25px;\"><div class=\"fusion-column-wrapper fusion-flex-column-wrapper-legacy\" style=\"background-position:left top;background-repeat:no-repeat;-webkit-background-size:cover;-moz-background-size:cover;-o-background-size:cover;background-size:cover;padding: 0px 0px 0px 0px;\"><div class=\"fusion-text fusion-text-1\"><h3><b>Treten Sie in die Pedale und entdecken Sie die Sch\u00f6nheiten der Region Karlsbad.<\/b><\/h3>\n<p>Kennen Sie das Gef\u00fchl: Wind in den Haaren und die Landschaft zieht vorbei? Atmen Sie in der Region Karlsbad ganz tief durch, die frische Luft hier verj\u00fcngt und schmeckt nach wilder Natur. F\u00fcr Radsportbegeisterte bietet die Region \u00fcber 2.000 Kilometer gut markierter Wege, die entlang der Erzgebirgsk\u00e4mme und durch die Region Slavkovsk\u00fd les (Kaiserwald), dem smaragdgr\u00fcnen Kleinod der Region, f\u00fchren. Radwege f\u00fchren oft an beliebten Ausflugszielen entlang, mit dem Rad kann man auch einen der vielen Lehrpfade bew\u00e4ltigen und gleichzeitig etwas Neues dazulernen. Sie k\u00f6nnen sich auf ein qualitativ hochwertiges Angebot an spezialisierten Dienstleistungen verlassen, seien es Serviceleistungen, Verleih, L\u00e4den mit Fahrradausr\u00fcstung und Fahrradtransport. Warten Sie nicht mehr, treten Sie in die Pedale und begeben Sie sich auf ein Abenteuer!<\/p>\n<\/div><div class=\"fusion-clearfix\"><\/div><\/div><\/div><div class=\"fusion-layout-column fusion_builder_column fusion-builder-column-1 fusion_builder_column_1_4 1_4 fusion-one-fourth fusion-column-first\" style=\"width:25%;width:calc(25% - ( ( 4% ) * 0.25 ) );margin-right: 4%;margin-top:25px;margin-bottom:25px;\"><div class=\"fusion-column-wrapper fusion-flex-column-wrapper-legacy\" style=\"background-position:left top;background-repeat:no-repeat;-webkit-background-size:cover;-moz-background-size:cover;-o-background-size:cover;background-size:cover;padding: 0px 0px 0px 0px;\"><span class=\" fusion-imageframe imageframe-none imageframe-1 hover-type-none fusion-no-small-visibility\"><a class=\"fusion-no-lightbox\" href=\"https:\/\/zivykraj.cz\/wp-content\/uploads\/2021\/05\/Cyklobrozura_KK_DE.pdf\" target=\"_blank\" aria-label=\"Sn\u00edmek obrazovky 2023-03-03 110851\" rel=\"noopener noreferrer\"><img decoding=\"async\" width=\"300\" height=\"239\" src=\"https:\/\/zivykraj.cz\/wp-content\/uploads\/2023\/03\/Snimek-obrazovky-2023-03-03-110851.jpg\" data-orig-src=\"https:\/\/zivykraj.cz\/wp-content\/uploads\/2023\/03\/Snimek-obrazovky-2023-03-03-110851-300x239.jpg\" alt class=\"lazyload img-responsive wp-image-69261\" srcset=\"data:image\/svg+xml,%3Csvg%20xmlns%3D%27http%3A%2F%2Fwww.w3.org%2F2000%2Fsvg%27%20width%3D%27737%27%20height%3D%27587%27%20viewBox%3D%270%200%20737%20587%27%3E%3Crect%20width%3D%27737%27%20height%3D%27587%27%20fill-opacity%3D%220%22%2F%3E%3C%2Fsvg%3E\" data-srcset=\"https:\/\/zivykraj.cz\/wp-content\/uploads\/2023\/03\/Snimek-obrazovky-2023-03-03-110851-200x159.jpg 200w, https:\/\/zivykraj.cz\/wp-content\/uploads\/2023\/03\/Snimek-obrazovky-2023-03-03-110851-400x319.jpg 400w, https:\/\/zivykraj.cz\/wp-content\/uploads\/2023\/03\/Snimek-obrazovky-2023-03-03-110851-600x478.jpg 600w, https:\/\/zivykraj.cz\/wp-content\/uploads\/2023\/03\/Snimek-obrazovky-2023-03-03-110851.jpg 737w\" data-sizes=\"auto\" data-orig-sizes=\"(max-width: 1000px) 100vw, 400px\" \/><\/a><\/span><div class=\"fusion-clearfix\"><\/div><\/div><\/div><div class=\"fusion-layout-column fusion_builder_column fusion-builder-column-2 fusion_builder_column_1_2 1_2 fusion-one-half fusion-column-last\" style=\"width:50%;width:calc(50% - ( ( 4% ) * 0.5 ) );margin-top:25px;margin-bottom:25px;\"><div class=\"fusion-column-wrapper fusion-flex-column-wrapper-legacy\" style=\"background-position:left top;background-repeat:no-repeat;-webkit-background-size:cover;-moz-background-size:cover;-o-background-size:cover;background-size:cover;padding: 0px 0px 0px 0px;\"><div class=\"fusion-text fusion-text-2\"><h4 class=\"fusion-responsive-typography-calculated\" data-fontsize=\"32\" data-lineheight=\"41.6px\"><a href=\"https:\/\/zivykraj.cz\/wp-content\/uploads\/2021\/05\/Cyklobrozura_KK_DE.pdf\">Zum\u00a0<span class=\"Y2IQFc\" lang=\"de\">Herunterladen<\/span><\/a><\/h4>\n<p class=\"fusion-responsive-typography-calculated\" data-fontsize=\"32\" data-lineheight=\"41.6px\">Tipps f\u00fcr Radtouren in der Region Karlsbad\u00a0\u2013 Auf dem Rad zu den sch\u00f6nsten Pl\u00e4tzen Westb\u00f6hmens<\/p>\n<\/div><div class=\"fusion-clearfix\"><\/div><\/div><\/div><div class=\"fusion-layout-column fusion_builder_column fusion-builder-column-3 fusion_builder_column_1_1 1_1 fusion-one-full fusion-column-first fusion-column-last\" style=\"margin-top:25px;margin-bottom:25px;\"><div class=\"fusion-column-wrapper fusion-flex-column-wrapper-legacy\" style=\"background-position:left top;background-repeat:no-repeat;-webkit-background-size:cover;-moz-background-size:cover;-o-background-size:cover;background-size:cover;padding: 0px 0px 0px 0px;\"><div class=\"fusion-sep-clear\"><\/div><div class=\"fusion-separator fusion-full-width-sep\" style=\"margin-left: auto;margin-right: auto;width:100%;\"><\/div><div class=\"fusion-sep-clear\"><\/div><div class=\"fusion-text fusion-text-3\"><h2 style=\"text-align: center;\"><b>Lass dich inspirieren<\/b><\/h2>\n<\/div><div class=\"fusion-recent-posts fusion-recent-posts-1 avada-container layout-default layout-columns-3 fusion-recent-posts-infinite fusion-recent-posts-load-more blog-grid\" data-pages=\"1\"><section class=\"fusion-columns columns fusion-columns-3 columns-3\"><article class=\"post fusion-column column col col-lg-4 col-md-4 col-sm-4\"><div class=\"fusion-flexslider fusion-flexslider-loading flexslider flexslider-hover-type-zoomin\"><ul class=\"slides\"><li><a href=\"https:\/\/zivykraj.cz\/de\/sport-3\/die-schoensten-tipps-fuer-radtouren\/\" aria-label=\"Die sch\u00f6nsten Tipps f\u00fcr Radtouren\" class=\"hover-type-zoomin\"><img decoding=\"async\" width=\"2560\" height=\"1706\" src=\"https:\/\/zivykraj.cz\/wp-content\/uploads\/2022\/07\/Foto-kampan-1-2-scaled.jpg\" class=\"attachment-full size-full lazyload\" alt=\"\" srcset=\"data:image\/svg+xml,%3Csvg%20xmlns%3D%27http%3A%2F%2Fwww.w3.org%2F2000%2Fsvg%27%20width%3D%272560%27%20height%3D%271706%27%20viewBox%3D%270%200%202560%201706%27%3E%3Crect%20width%3D%272560%27%20height%3D%271706%27%20fill-opacity%3D%220%22%2F%3E%3C%2Fsvg%3E\" data-orig-src=\"https:\/\/zivykraj.cz\/wp-content\/uploads\/2022\/07\/Foto-kampan-1-2-scaled.jpg\" data-srcset=\"https:\/\/zivykraj.cz\/wp-content\/uploads\/2022\/07\/Foto-kampan-1-2-200x133.jpg 200w, https:\/\/zivykraj.cz\/wp-content\/uploads\/2022\/07\/Foto-kampan-1-2-400x266.jpg 400w, https:\/\/zivykraj.cz\/wp-content\/uploads\/2022\/07\/Foto-kampan-1-2-600x400.jpg 600w, https:\/\/zivykraj.cz\/wp-content\/uploads\/2022\/07\/Foto-kampan-1-2-800x533.jpg 800w, https:\/\/zivykraj.cz\/wp-content\/uploads\/2022\/07\/Foto-kampan-1-2-1200x799.jpg 1200w, https:\/\/zivykraj.cz\/wp-content\/uploads\/2022\/07\/Foto-kampan-1-2-scaled.jpg 2560w\" data-sizes=\"auto\" \/><\/a><\/li><\/ul><\/div><div class=\"recent-posts-content\"><span class=\"vcard\" style=\"display: none;\"><span class=\"fn\"><a href=\"https:\/\/zivykraj.cz\/de\/author\/admin\/\" title=\"Beitr\u00e4ge von admin\" rel=\"author\">admin<\/a><\/span><\/span><span class=\"updated\" style=\"display:none;\">2026-04-16T09:05:39+02:00<\/span><h4 class=\"entry-title\"><a href=\"https:\/\/zivykraj.cz\/de\/sport-3\/die-schoensten-tipps-fuer-radtouren\/\">Die sch\u00f6nsten Tipps f\u00fcr Radtouren<\/a><\/h4><p>Radfahren ist eine gro\u00dfartige Alternative zum traditionellen Wandern - man treibt nicht nur mehr Sport, sondern kann mit ...<\/p><\/div><\/article><article class=\"post fusion-column column col col-lg-4 col-md-4 col-sm-4\"><div class=\"fusion-flexslider fusion-flexslider-loading flexslider flexslider-hover-type-zoomin\"><ul class=\"slides\"><li><a href=\"https:\/\/zivykraj.cz\/de\/cestovani-de\/zlutice-ausflugstipps-fuer-familien-mit-kindern\/\" aria-label=\"\u017dlutice &#8211; Ausflugstipps f\u00fcr Familien mit Kindern\" class=\"hover-type-zoomin\"><img decoding=\"async\" width=\"1920\" height=\"1440\" src=\"https:\/\/zivykraj.cz\/wp-content\/uploads\/2021\/10\/Stezka-sovy-Rozarky5.jpg\" class=\"attachment-full size-full lazyload\" alt=\"\" srcset=\"data:image\/svg+xml,%3Csvg%20xmlns%3D%27http%3A%2F%2Fwww.w3.org%2F2000%2Fsvg%27%20width%3D%271920%27%20height%3D%271440%27%20viewBox%3D%270%200%201920%201440%27%3E%3Crect%20width%3D%271920%27%20height%3D%271440%27%20fill-opacity%3D%220%22%2F%3E%3C%2Fsvg%3E\" data-orig-src=\"https:\/\/zivykraj.cz\/wp-content\/uploads\/2021\/10\/Stezka-sovy-Rozarky5.jpg\" data-srcset=\"https:\/\/zivykraj.cz\/wp-content\/uploads\/2021\/10\/Stezka-sovy-Rozarky5-200x150.jpg 200w, https:\/\/zivykraj.cz\/wp-content\/uploads\/2021\/10\/Stezka-sovy-Rozarky5-400x300.jpg 400w, https:\/\/zivykraj.cz\/wp-content\/uploads\/2021\/10\/Stezka-sovy-Rozarky5-600x450.jpg 600w, https:\/\/zivykraj.cz\/wp-content\/uploads\/2021\/10\/Stezka-sovy-Rozarky5-800x600.jpg 800w, https:\/\/zivykraj.cz\/wp-content\/uploads\/2021\/10\/Stezka-sovy-Rozarky5-1200x900.jpg 1200w, https:\/\/zivykraj.cz\/wp-content\/uploads\/2021\/10\/Stezka-sovy-Rozarky5.jpg 1920w\" data-sizes=\"auto\" \/><\/a><\/li><\/ul><\/div><div class=\"recent-posts-content\"><span class=\"vcard\" style=\"display: none;\"><span class=\"fn\"><a href=\"https:\/\/zivykraj.cz\/de\/author\/admin\/\" title=\"Beitr\u00e4ge von admin\" rel=\"author\">admin<\/a><\/span><\/span><span class=\"updated\" style=\"display:none;\">2026-04-16T09:08:58+02:00<\/span><h4 class=\"entry-title\"><a href=\"https:\/\/zivykraj.cz\/de\/cestovani-de\/zlutice-ausflugstipps-fuer-familien-mit-kindern\/\">\u017dlutice &#8211; Ausflugstipps f\u00fcr Familien mit Kindern<\/a><\/h4><p>Die Gegend um \u017dlutice ist eine Stadt, die\u00a0f\u00fcr Kinder wie geschaffen ist. Ob Sie zu Hause nimmerm\u00fcde Lausbuben, ...<\/p><\/div><\/article><\/section><\/div><div class=\"fusion-clearfix\"><\/div><\/div><\/div><\/div><\/div>\n","protected":false},"excerpt":{"rendered":"","protected":false},"author":1,"featured_media":17332,"parent":18110,"menu_order":0,"comment_status":"closed","ping_status":"closed","template":"","meta":{"_acf_changed":false,"inline_featured_image":false,"footnotes":""},"acf":[],"yoast_head":"<!-- This site is optimized with the Yoast SEO plugin v22.3 - https:\/\/yoast.com\/wordpress\/plugins\/seo\/ -->\n<title>Radfahren | \u017divyKraj.cz<\/title>\n<meta name=\"robots\" content=\"index, follow, max-snippet:-1, max-image-preview:large, max-video-preview:-1\" \/>\n<link rel=\"canonical\" href=\"https:\/\/zivykraj.cz\/de\/aktivitaten-und-erlebnisse\/radfahren\/\" \/>\n<meta property=\"og:locale\" content=\"de_DE\" \/>\n<meta property=\"og:type\" content=\"article\" \/>\n<meta property=\"og:title\" content=\"Radfahren | \u017divyKraj.cz\" \/>\n<meta property=\"og:url\" content=\"https:\/\/zivykraj.cz\/de\/aktivitaten-und-erlebnisse\/radfahren\/\" \/>\n<meta property=\"og:site_name\" content=\"\u017divyKraj.cz\" \/>\n<meta property=\"article:modified_time\" content=\"2023-03-03T10:43:20+00:00\" \/>\n<meta property=\"og:image\" content=\"https:\/\/zivykraj.cz\/wp-content\/uploads\/2021\/09\/Cykloturistika_uvodni2-1.jpg\" \/>\n\t<meta property=\"og:image:width\" content=\"1920\" \/>\n\t<meta property=\"og:image:height\" content=\"647\" \/>\n\t<meta property=\"og:image:type\" content=\"image\/jpeg\" \/>\n<meta name=\"twitter:card\" content=\"summary_large_image\" \/>\n<meta name=\"twitter:label1\" content=\"Gesch\u00e4tzte Lesezeit\" \/>\n\t<meta name=\"twitter:data1\" content=\"5 Minuten\" \/>\n<script type=\"application\/ld+json\" class=\"yoast-schema-graph\">{\"@context\":\"https:\/\/schema.org\",\"@graph\":[{\"@type\":\"WebPage\",\"@id\":\"https:\/\/zivykraj.cz\/de\/aktivitaten-und-erlebnisse\/radfahren\/\",\"url\":\"https:\/\/zivykraj.cz\/de\/aktivitaten-und-erlebnisse\/radfahren\/\",\"name\":\"Radfahren | \u017divyKraj.cz\",\"isPartOf\":{\"@id\":\"https:\/\/zivykraj.cz\/de\/#website\"},\"primaryImageOfPage\":{\"@id\":\"https:\/\/zivykraj.cz\/de\/aktivitaten-und-erlebnisse\/radfahren\/#primaryimage\"},\"image\":{\"@id\":\"https:\/\/zivykraj.cz\/de\/aktivitaten-und-erlebnisse\/radfahren\/#primaryimage\"},\"thumbnailUrl\":\"https:\/\/zivykraj.cz\/wp-content\/uploads\/2021\/09\/Cykloturistika_uvodni2-1.jpg\",\"datePublished\":\"2021-01-18T03:48:10+00:00\",\"dateModified\":\"2023-03-03T10:43:20+00:00\",\"breadcrumb\":{\"@id\":\"https:\/\/zivykraj.cz\/de\/aktivitaten-und-erlebnisse\/radfahren\/#breadcrumb\"},\"inLanguage\":\"de-DE\",\"potentialAction\":[{\"@type\":\"ReadAction\",\"target\":[\"https:\/\/zivykraj.cz\/de\/aktivitaten-und-erlebnisse\/radfahren\/\"]}]},{\"@type\":\"ImageObject\",\"inLanguage\":\"de-DE\",\"@id\":\"https:\/\/zivykraj.cz\/de\/aktivitaten-und-erlebnisse\/radfahren\/#primaryimage\",\"url\":\"https:\/\/zivykraj.cz\/wp-content\/uploads\/2021\/09\/Cykloturistika_uvodni2-1.jpg\",\"contentUrl\":\"https:\/\/zivykraj.cz\/wp-content\/uploads\/2021\/09\/Cykloturistika_uvodni2-1.jpg\",\"width\":1920,\"height\":647},{\"@type\":\"BreadcrumbList\",\"@id\":\"https:\/\/zivykraj.cz\/de\/aktivitaten-und-erlebnisse\/radfahren\/#breadcrumb\",\"itemListElement\":[{\"@type\":\"ListItem\",\"position\":1,\"name\":\"Home\",\"item\":\"https:\/\/zivykraj.cz\/de\/\"},{\"@type\":\"ListItem\",\"position\":2,\"name\":\"Aktivit\u00e4ten und Erlebnisse\",\"item\":\"https:\/\/zivykraj.cz\/de\/aktivitaten-und-erlebnisse\/\"},{\"@type\":\"ListItem\",\"position\":3,\"name\":\"Radfahren\"}]},{\"@type\":\"WebSite\",\"@id\":\"https:\/\/zivykraj.cz\/de\/#website\",\"url\":\"https:\/\/zivykraj.cz\/de\/\",\"name\":\"\u017divyKraj.cz\",\"description\":\"Turistick\u00fd web - Karlovarsk\u00fd kraj\",\"publisher\":{\"@id\":\"https:\/\/zivykraj.cz\/de\/#organization\"},\"potentialAction\":[{\"@type\":\"SearchAction\",\"target\":{\"@type\":\"EntryPoint\",\"urlTemplate\":\"https:\/\/zivykraj.cz\/de\/?s={search_term_string}\"},\"query-input\":\"required name=search_term_string\"}],\"inLanguage\":\"de-DE\"},{\"@type\":\"Organization\",\"@id\":\"https:\/\/zivykraj.cz\/de\/#organization\",\"name\":\"\u017divyKraj.cz\",\"url\":\"https:\/\/zivykraj.cz\/de\/\",\"logo\":{\"@type\":\"ImageObject\",\"inLanguage\":\"de-DE\",\"@id\":\"https:\/\/zivykraj.cz\/de\/#\/schema\/logo\/image\/\",\"url\":\"https:\/\/zivykraj.cz\/wp-content\/uploads\/2021\/08\/logo_white.png\",\"contentUrl\":\"https:\/\/zivykraj.cz\/wp-content\/uploads\/2021\/08\/logo_white.png\",\"width\":223,\"height\":59,\"caption\":\"\u017divyKraj.cz\"},\"image\":{\"@id\":\"https:\/\/zivykraj.cz\/de\/#\/schema\/logo\/image\/\"}}]}<\/script>\n<!-- \/ Yoast SEO plugin. -->","yoast_head_json":{"title":"Radfahren | \u017divyKraj.cz","robots":{"index":"index","follow":"follow","max-snippet":"max-snippet:-1","max-image-preview":"max-image-preview:large","max-video-preview":"max-video-preview:-1"},"canonical":"https:\/\/zivykraj.cz\/de\/aktivitaten-und-erlebnisse\/radfahren\/","og_locale":"de_DE","og_type":"article","og_title":"Radfahren | \u017divyKraj.cz","og_url":"https:\/\/zivykraj.cz\/de\/aktivitaten-und-erlebnisse\/radfahren\/","og_site_name":"\u017divyKraj.cz","article_modified_time":"2023-03-03T10:43:20+00:00","og_image":[{"width":1920,"height":647,"url":"https:\/\/zivykraj.cz\/wp-content\/uploads\/2021\/09\/Cykloturistika_uvodni2-1.jpg","type":"image\/jpeg"}],"twitter_card":"summary_large_image","twitter_misc":{"Gesch\u00e4tzte Lesezeit":"5 Minuten"},"schema":{"@context":"https:\/\/schema.org","@graph":[{"@type":"WebPage","@id":"https:\/\/zivykraj.cz\/de\/aktivitaten-und-erlebnisse\/radfahren\/","url":"https:\/\/zivykraj.cz\/de\/aktivitaten-und-erlebnisse\/radfahren\/","name":"Radfahren | \u017divyKraj.cz","isPartOf":{"@id":"https:\/\/zivykraj.cz\/de\/#website"},"primaryImageOfPage":{"@id":"https:\/\/zivykraj.cz\/de\/aktivitaten-und-erlebnisse\/radfahren\/#primaryimage"},"image":{"@id":"https:\/\/zivykraj.cz\/de\/aktivitaten-und-erlebnisse\/radfahren\/#primaryimage"},"thumbnailUrl":"https:\/\/zivykraj.cz\/wp-content\/uploads\/2021\/09\/Cykloturistika_uvodni2-1.jpg","datePublished":"2021-01-18T03:48:10+00:00","dateModified":"2023-03-03T10:43:20+00:00","breadcrumb":{"@id":"https:\/\/zivykraj.cz\/de\/aktivitaten-und-erlebnisse\/radfahren\/#breadcrumb"},"inLanguage":"de-DE","potentialAction":[{"@type":"ReadAction","target":["https:\/\/zivykraj.cz\/de\/aktivitaten-und-erlebnisse\/radfahren\/"]}]},{"@type":"ImageObject","inLanguage":"de-DE","@id":"https:\/\/zivykraj.cz\/de\/aktivitaten-und-erlebnisse\/radfahren\/#primaryimage","url":"https:\/\/zivykraj.cz\/wp-content\/uploads\/2021\/09\/Cykloturistika_uvodni2-1.jpg","contentUrl":"https:\/\/zivykraj.cz\/wp-content\/uploads\/2021\/09\/Cykloturistika_uvodni2-1.jpg","width":1920,"height":647},{"@type":"BreadcrumbList","@id":"https:\/\/zivykraj.cz\/de\/aktivitaten-und-erlebnisse\/radfahren\/#breadcrumb","itemListElement":[{"@type":"ListItem","position":1,"name":"Home","item":"https:\/\/zivykraj.cz\/de\/"},{"@type":"ListItem","position":2,"name":"Aktivit\u00e4ten und Erlebnisse","item":"https:\/\/zivykraj.cz\/de\/aktivitaten-und-erlebnisse\/"},{"@type":"ListItem","position":3,"name":"Radfahren"}]},{"@type":"WebSite","@id":"https:\/\/zivykraj.cz\/de\/#website","url":"https:\/\/zivykraj.cz\/de\/","name":"\u017divyKraj.cz","description":"Turistick\u00fd web - Karlovarsk\u00fd kraj","publisher":{"@id":"https:\/\/zivykraj.cz\/de\/#organization"},"potentialAction":[{"@type":"SearchAction","target":{"@type":"EntryPoint","urlTemplate":"https:\/\/zivykraj.cz\/de\/?s={search_term_string}"},"query-input":"required name=search_term_string"}],"inLanguage":"de-DE"},{"@type":"Organization","@id":"https:\/\/zivykraj.cz\/de\/#organization","name":"\u017divyKraj.cz","url":"https:\/\/zivykraj.cz\/de\/","logo":{"@type":"ImageObject","inLanguage":"de-DE","@id":"https:\/\/zivykraj.cz\/de\/#\/schema\/logo\/image\/","url":"https:\/\/zivykraj.cz\/wp-content\/uploads\/2021\/08\/logo_white.png","contentUrl":"https:\/\/zivykraj.cz\/wp-content\/uploads\/2021\/08\/logo_white.png","width":223,"height":59,"caption":"\u017divyKraj.cz"},"image":{"@id":"https:\/\/zivykraj.cz\/de\/#\/schema\/logo\/image\/"}}]}},"_links":{"self":[{"href":"https:\/\/zivykraj.cz\/de\/wp-json\/wp\/v2\/pages\/18162"}],"collection":[{"href":"https:\/\/zivykraj.cz\/de\/wp-json\/wp\/v2\/pages"}],"about":[{"href":"https:\/\/zivykraj.cz\/de\/wp-json\/wp\/v2\/types\/page"}],"author":[{"embeddable":true,"href":"https:\/\/zivykraj.cz\/de\/wp-json\/wp\/v2\/users\/1"}],"replies":[{"embeddable":true,"href":"https:\/\/zivykraj.cz\/de\/wp-json\/wp\/v2\/comments?post=18162"}],"version-history":[{"count":13,"href":"https:\/\/zivykraj.cz\/de\/wp-json\/wp\/v2\/pages\/18162\/revisions"}],"predecessor-version":[{"id":69282,"href":"https:\/\/zivykraj.cz\/de\/wp-json\/wp\/v2\/pages\/18162\/revisions\/69282"}],"up":[{"embeddable":true,"href":"https:\/\/zivykraj.cz\/de\/wp-json\/wp\/v2\/pages\/18110"}],"wp:featuredmedia":[{"embeddable":true,"href":"https:\/\/zivykraj.cz\/de\/wp-json\/wp\/v2\/media\/17332"}],"wp:attachment":[{"href":"https:\/\/zivykraj.cz\/de\/wp-json\/wp\/v2\/media?parent=18162"}],"curies":[{"name":"wp","href":"https:\/\/api.w.org\/{rel}","templated":true}]}}