{"id":18189,"date":"2021-01-18T05:34:25","date_gmt":"2021-01-18T04:34:25","guid":{"rendered":"https:\/\/zivykraj.cz\/aktivity-a-zazitky\/letni-sporty\/adrenalinove-sporty\/"},"modified":"2022-07-18T10:19:05","modified_gmt":"2022-07-18T08:19:05","slug":"adrenalin","status":"publish","type":"page","link":"https:\/\/zivykraj.cz\/de\/aktivitaten-und-erlebnisse\/sommersportarten\/adrenalin\/","title":{"rendered":"Adrenalin"},"content":{"rendered":"<div class=\"fusion-fullwidth fullwidth-box fusion-builder-row-1 nonhundred-percent-fullwidth non-hundred-percent-height-scrolling\" style=\"background-color: rgba(255,255,255,0);background-position: center center;background-repeat: no-repeat;padding-top:0px;padding-right:0px;padding-bottom:0px;padding-left:0px;margin-bottom: 0px;margin-top: 0px;border-width: 0px 0px 0px 0px;border-color:#ecefef;border-style:solid;\" ><div class=\"fusion-builder-row fusion-row\"><div class=\"fusion-layout-column fusion_builder_column fusion-builder-column-0 fusion_builder_column_1_1 1_1 fusion-one-full fusion-column-first fusion-column-last\" style=\"margin-top:25px;margin-bottom:0px;\"><div class=\"fusion-column-wrapper fusion-flex-column-wrapper-legacy\" style=\"background-position:left top;background-repeat:no-repeat;-webkit-background-size:cover;-moz-background-size:cover;-o-background-size:cover;background-size:cover;padding: 0px 0px 0px 0px;\"><div class=\"fusion-text fusion-text-1\"><h3><b>Genie\u00dfen Sie Freiheit und Nervenkitzel. In Tschechien k\u00f6nnen Sie so viele Adrenalin-Sportarten aus\u00fcben, wie Sie w\u00fcnschen und vertragen.<\/b><\/h3>\n<p>Sind Sie ein Fan von Outdoor-Aktivit\u00e4ten? Sie werden unruhig, wenn Sie extremeren Spa\u00df erleben k\u00f6nnten? Dann sind Sie bei uns richtig. W\u00e4hlen Sie aus einer langen Liste an Adrenalin-Aktivit\u00e4ten, die Sie in der Region Karlsbad genie\u00dfen k\u00f6nnen. Testen Sie in den Bergen die Gel\u00e4nde-Quads oder Cross-Country-Roller aus und fahren Sie einen der Trails hinunter. Die W\u00e4lder rund um Karlsbad sind wiederum f\u00fcr Paintball geeignet, hier finden Sie auch mehrere Hochseilg\u00e4rten mit Parcours f\u00fcr Kinder und Erwachsene. Ihre Rennfahrer-Ambitionen k\u00f6nnen Sie auf der gr\u00f6\u00dften Rennstrecke dieser Art in der Kartarena in Cheb ausleben. Und wenn Sie immer noch nicht genug haben, entdecken Sie die Region aus der Vogelperspektive vom Bord eines Sightseeing-Flugzeugs.<\/p>\n<\/div><div class=\"fusion-sep-clear\"><\/div><div class=\"fusion-separator fusion-full-width-sep\" style=\"margin-left: auto;margin-right: auto;margin-top:40px;width:100%;\"><\/div><div class=\"fusion-sep-clear\"><\/div><style type=\"text\/css\">.fusion-gallery-1 .fusion-gallery-image {border:0px solid #f2f3f3;}<\/style><div class=\"fusion-gallery fusion-gallery-container fusion-grid-3 fusion-columns-total-3 fusion-gallery-layout-grid fusion-gallery-1\" style=\"margin:-5px;\"><div style=\"padding:5px;\" class=\"fusion-grid-column fusion-gallery-column fusion-gallery-column-3 hover-type-none\"><div class=\"fusion-gallery-image\"><a href=\"https:\/\/zivykraj.cz\/wp-content\/uploads\/2021\/10\/GRE_3441-scaled.jpg\" rel=\"noreferrer\" data-rel=\"iLightbox[gallery_image_1]\" class=\"fusion-lightbox\" target=\"_self\"><img decoding=\"async\" src=\"https:\/\/zivykraj.cz\/wp-content\/uploads\/2021\/10\/GRE_3441-460x295.jpg\" width=\"460\" height=\"295\" alt=\"\" title=\"GRE_3441\" aria-label=\"GRE_3441\" class=\"img-responsive wp-image-19067 fusion-gallery-image-size-fixed\"  \/><\/a><\/div><\/div><div style=\"padding:5px;\" class=\"fusion-grid-column fusion-gallery-column fusion-gallery-column-3 hover-type-none\"><div class=\"fusion-gallery-image\"><a href=\"https:\/\/zivykraj.cz\/wp-content\/uploads\/2021\/10\/1L0A8606-scaled.jpg\" rel=\"noreferrer\" data-rel=\"iLightbox[gallery_image_1]\" class=\"fusion-lightbox\" target=\"_self\"><img decoding=\"async\" src=\"https:\/\/zivykraj.cz\/wp-content\/uploads\/2021\/10\/1L0A8606-460x295.jpg\" width=\"460\" height=\"295\" alt=\"\" title=\"1L0A8606\" aria-label=\"1L0A8606\" class=\"img-responsive wp-image-19074 fusion-gallery-image-size-fixed\"  \/><\/a><\/div><\/div><div style=\"padding:5px;\" class=\"fusion-grid-column fusion-gallery-column fusion-gallery-column-3 hover-type-none\"><div class=\"fusion-gallery-image\"><a href=\"https:\/\/zivykraj.cz\/wp-content\/uploads\/2021\/10\/1L0A7935-scaled.jpg\" rel=\"noreferrer\" data-rel=\"iLightbox[gallery_image_1]\" class=\"fusion-lightbox\" target=\"_self\"><img decoding=\"async\" src=\"https:\/\/zivykraj.cz\/wp-content\/uploads\/2021\/10\/1L0A7935-460x295.jpg\" width=\"460\" height=\"295\" alt=\"\" title=\"1L0A7935\" aria-label=\"1L0A7935\" class=\"img-responsive wp-image-19064 fusion-gallery-image-size-fixed\"  \/><\/a><\/div><\/div><div class=\"clearfix\"><\/div><\/div><div class=\"fusion-text fusion-text-2\"><h2 style=\"text-align: center;\"><b>Lass dich inspirieren<\/b><\/h2>\n<\/div><div class=\"fusion-recent-posts fusion-recent-posts-1 avada-container layout-default layout-columns-3 fusion-recent-posts-infinite fusion-recent-posts-load-more blog-grid\" data-pages=\"1\"><section class=\"fusion-columns columns fusion-columns-3 columns-3\"><article class=\"post fusion-column column col col-lg-4 col-md-4 col-sm-4\"><div class=\"fusion-flexslider fusion-flexslider-loading flexslider flexslider-hover-type-zoomin\"><ul class=\"slides\"><li><a href=\"https:\/\/zivykraj.cz\/de\/aktivitaten\/kinder-ferienspass\/\" aria-label=\"Kinder-Ferienspa\u00df\" class=\"hover-type-zoomin\"><img decoding=\"async\" width=\"2560\" height=\"1708\" src=\"https:\/\/zivykraj.cz\/wp-content\/uploads\/2022\/08\/Sony_Klinovec_067-scaled.jpg\" class=\"attachment-full size-full lazyload\" alt=\"\" srcset=\"data:image\/svg+xml,%3Csvg%20xmlns%3D%27http%3A%2F%2Fwww.w3.org%2F2000%2Fsvg%27%20width%3D%272560%27%20height%3D%271708%27%20viewBox%3D%270%200%202560%201708%27%3E%3Crect%20width%3D%272560%27%20height%3D%271708%27%20fill-opacity%3D%220%22%2F%3E%3C%2Fsvg%3E\" data-orig-src=\"https:\/\/zivykraj.cz\/wp-content\/uploads\/2022\/08\/Sony_Klinovec_067-scaled.jpg\" data-srcset=\"https:\/\/zivykraj.cz\/wp-content\/uploads\/2022\/08\/Sony_Klinovec_067-200x133.jpg 200w, https:\/\/zivykraj.cz\/wp-content\/uploads\/2022\/08\/Sony_Klinovec_067-400x267.jpg 400w, https:\/\/zivykraj.cz\/wp-content\/uploads\/2022\/08\/Sony_Klinovec_067-600x400.jpg 600w, https:\/\/zivykraj.cz\/wp-content\/uploads\/2022\/08\/Sony_Klinovec_067-800x534.jpg 800w, https:\/\/zivykraj.cz\/wp-content\/uploads\/2022\/08\/Sony_Klinovec_067-1200x801.jpg 1200w, https:\/\/zivykraj.cz\/wp-content\/uploads\/2022\/08\/Sony_Klinovec_067-scaled.jpg 2560w\" data-sizes=\"auto\" \/><\/a><\/li><\/ul><\/div><div class=\"recent-posts-content\"><span class=\"vcard\" style=\"display: none;\"><span class=\"fn\"><a href=\"https:\/\/zivykraj.cz\/de\/author\/admin\/\" title=\"Beitr\u00e4ge von admin\" rel=\"author\">admin<\/a><\/span><\/span><span class=\"updated\" style=\"display:none;\">2026-04-16T09:01:41+02:00<\/span><h4 class=\"entry-title\"><a href=\"https:\/\/zivykraj.cz\/de\/aktivitaten\/kinder-ferienspass\/\">Kinder-Ferienspa\u00df<\/a><\/h4><p>Was w\u00e4re der Sommer ohne Spa\u00df und sch\u00f6ne Erlebnisse? Fahrrad-Touren, Ausfl\u00fcge, Schwimmen - das kennt jeder. Gehen Sie ...<\/p><\/div><\/article><\/section><\/div><div class=\"fusion-sep-clear\"><\/div><div class=\"fusion-separator fusion-full-width-sep\" style=\"margin-left: auto;margin-right: auto;width:100%;\"><\/div><div class=\"fusion-sep-clear\"><\/div><div class=\"fusion-clearfix\"><\/div><\/div><\/div><\/div><\/div>\n","protected":false},"excerpt":{"rendered":"","protected":false},"author":1,"featured_media":17552,"parent":18179,"menu_order":0,"comment_status":"closed","ping_status":"closed","template":"","meta":{"_acf_changed":false,"inline_featured_image":false,"footnotes":""},"acf":[],"yoast_head":"<!-- This site is optimized with the Yoast SEO plugin v22.3 - https:\/\/yoast.com\/wordpress\/plugins\/seo\/ -->\n<title>Adrenalin | \u017divyKraj.cz<\/title>\n<meta name=\"robots\" content=\"index, follow, max-snippet:-1, max-image-preview:large, max-video-preview:-1\" \/>\n<link rel=\"canonical\" href=\"https:\/\/zivykraj.cz\/de\/aktivitaten-und-erlebnisse\/sommersportarten\/adrenalin\/\" \/>\n<meta property=\"og:locale\" content=\"de_DE\" \/>\n<meta property=\"og:type\" content=\"article\" \/>\n<meta property=\"og:title\" content=\"Adrenalin | \u017divyKraj.cz\" \/>\n<meta property=\"og:url\" content=\"https:\/\/zivykraj.cz\/de\/aktivitaten-und-erlebnisse\/sommersportarten\/adrenalin\/\" \/>\n<meta property=\"og:site_name\" content=\"\u017divyKraj.cz\" \/>\n<meta property=\"article:modified_time\" content=\"2022-07-18T08:19:05+00:00\" \/>\n<meta property=\"og:image\" content=\"https:\/\/zivykraj.cz\/wp-content\/uploads\/2021\/09\/Adrenalin_uvodni.jpg\" \/>\n\t<meta property=\"og:image:width\" content=\"1920\" \/>\n\t<meta property=\"og:image:height\" content=\"647\" \/>\n\t<meta property=\"og:image:type\" content=\"image\/jpeg\" \/>\n<meta name=\"twitter:card\" content=\"summary_large_image\" \/>\n<meta name=\"twitter:label1\" content=\"Gesch\u00e4tzte Lesezeit\" \/>\n\t<meta name=\"twitter:data1\" content=\"2 Minuten\" \/>\n<script type=\"application\/ld+json\" class=\"yoast-schema-graph\">{\"@context\":\"https:\/\/schema.org\",\"@graph\":[{\"@type\":\"WebPage\",\"@id\":\"https:\/\/zivykraj.cz\/de\/aktivitaten-und-erlebnisse\/sommersportarten\/adrenalin\/\",\"url\":\"https:\/\/zivykraj.cz\/de\/aktivitaten-und-erlebnisse\/sommersportarten\/adrenalin\/\",\"name\":\"Adrenalin | \u017divyKraj.cz\",\"isPartOf\":{\"@id\":\"https:\/\/zivykraj.cz\/de\/#website\"},\"primaryImageOfPage\":{\"@id\":\"https:\/\/zivykraj.cz\/de\/aktivitaten-und-erlebnisse\/sommersportarten\/adrenalin\/#primaryimage\"},\"image\":{\"@id\":\"https:\/\/zivykraj.cz\/de\/aktivitaten-und-erlebnisse\/sommersportarten\/adrenalin\/#primaryimage\"},\"thumbnailUrl\":\"https:\/\/zivykraj.cz\/wp-content\/uploads\/2021\/09\/Adrenalin_uvodni.jpg\",\"datePublished\":\"2021-01-18T04:34:25+00:00\",\"dateModified\":\"2022-07-18T08:19:05+00:00\",\"breadcrumb\":{\"@id\":\"https:\/\/zivykraj.cz\/de\/aktivitaten-und-erlebnisse\/sommersportarten\/adrenalin\/#breadcrumb\"},\"inLanguage\":\"de-DE\",\"potentialAction\":[{\"@type\":\"ReadAction\",\"target\":[\"https:\/\/zivykraj.cz\/de\/aktivitaten-und-erlebnisse\/sommersportarten\/adrenalin\/\"]}]},{\"@type\":\"ImageObject\",\"inLanguage\":\"de-DE\",\"@id\":\"https:\/\/zivykraj.cz\/de\/aktivitaten-und-erlebnisse\/sommersportarten\/adrenalin\/#primaryimage\",\"url\":\"https:\/\/zivykraj.cz\/wp-content\/uploads\/2021\/09\/Adrenalin_uvodni.jpg\",\"contentUrl\":\"https:\/\/zivykraj.cz\/wp-content\/uploads\/2021\/09\/Adrenalin_uvodni.jpg\",\"width\":1920,\"height\":647},{\"@type\":\"BreadcrumbList\",\"@id\":\"https:\/\/zivykraj.cz\/de\/aktivitaten-und-erlebnisse\/sommersportarten\/adrenalin\/#breadcrumb\",\"itemListElement\":[{\"@type\":\"ListItem\",\"position\":1,\"name\":\"Home\",\"item\":\"https:\/\/zivykraj.cz\/de\/\"},{\"@type\":\"ListItem\",\"position\":2,\"name\":\"Aktivit\u00e4ten und Erlebnisse\",\"item\":\"https:\/\/zivykraj.cz\/de\/aktivitaten-und-erlebnisse\/\"},{\"@type\":\"ListItem\",\"position\":3,\"name\":\"Letn\u00ed sporty\",\"item\":\"https:\/\/zivykraj.cz\/de\/aktivitaten-und-erlebnisse\/sommersportarten\/\"},{\"@type\":\"ListItem\",\"position\":4,\"name\":\"Adrenalin\"}]},{\"@type\":\"WebSite\",\"@id\":\"https:\/\/zivykraj.cz\/de\/#website\",\"url\":\"https:\/\/zivykraj.cz\/de\/\",\"name\":\"\u017divyKraj.cz\",\"description\":\"Turistick\u00fd web - Karlovarsk\u00fd kraj\",\"publisher\":{\"@id\":\"https:\/\/zivykraj.cz\/de\/#organization\"},\"potentialAction\":[{\"@type\":\"SearchAction\",\"target\":{\"@type\":\"EntryPoint\",\"urlTemplate\":\"https:\/\/zivykraj.cz\/de\/?s={search_term_string}\"},\"query-input\":\"required name=search_term_string\"}],\"inLanguage\":\"de-DE\"},{\"@type\":\"Organization\",\"@id\":\"https:\/\/zivykraj.cz\/de\/#organization\",\"name\":\"\u017divyKraj.cz\",\"url\":\"https:\/\/zivykraj.cz\/de\/\",\"logo\":{\"@type\":\"ImageObject\",\"inLanguage\":\"de-DE\",\"@id\":\"https:\/\/zivykraj.cz\/de\/#\/schema\/logo\/image\/\",\"url\":\"https:\/\/zivykraj.cz\/wp-content\/uploads\/2021\/08\/logo_white.png\",\"contentUrl\":\"https:\/\/zivykraj.cz\/wp-content\/uploads\/2021\/08\/logo_white.png\",\"width\":223,\"height\":59,\"caption\":\"\u017divyKraj.cz\"},\"image\":{\"@id\":\"https:\/\/zivykraj.cz\/de\/#\/schema\/logo\/image\/\"}}]}<\/script>\n<!-- \/ Yoast SEO plugin. -->","yoast_head_json":{"title":"Adrenalin | \u017divyKraj.cz","robots":{"index":"index","follow":"follow","max-snippet":"max-snippet:-1","max-image-preview":"max-image-preview:large","max-video-preview":"max-video-preview:-1"},"canonical":"https:\/\/zivykraj.cz\/de\/aktivitaten-und-erlebnisse\/sommersportarten\/adrenalin\/","og_locale":"de_DE","og_type":"article","og_title":"Adrenalin | \u017divyKraj.cz","og_url":"https:\/\/zivykraj.cz\/de\/aktivitaten-und-erlebnisse\/sommersportarten\/adrenalin\/","og_site_name":"\u017divyKraj.cz","article_modified_time":"2022-07-18T08:19:05+00:00","og_image":[{"width":1920,"height":647,"url":"https:\/\/zivykraj.cz\/wp-content\/uploads\/2021\/09\/Adrenalin_uvodni.jpg","type":"image\/jpeg"}],"twitter_card":"summary_large_image","twitter_misc":{"Gesch\u00e4tzte Lesezeit":"2 Minuten"},"schema":{"@context":"https:\/\/schema.org","@graph":[{"@type":"WebPage","@id":"https:\/\/zivykraj.cz\/de\/aktivitaten-und-erlebnisse\/sommersportarten\/adrenalin\/","url":"https:\/\/zivykraj.cz\/de\/aktivitaten-und-erlebnisse\/sommersportarten\/adrenalin\/","name":"Adrenalin | \u017divyKraj.cz","isPartOf":{"@id":"https:\/\/zivykraj.cz\/de\/#website"},"primaryImageOfPage":{"@id":"https:\/\/zivykraj.cz\/de\/aktivitaten-und-erlebnisse\/sommersportarten\/adrenalin\/#primaryimage"},"image":{"@id":"https:\/\/zivykraj.cz\/de\/aktivitaten-und-erlebnisse\/sommersportarten\/adrenalin\/#primaryimage"},"thumbnailUrl":"https:\/\/zivykraj.cz\/wp-content\/uploads\/2021\/09\/Adrenalin_uvodni.jpg","datePublished":"2021-01-18T04:34:25+00:00","dateModified":"2022-07-18T08:19:05+00:00","breadcrumb":{"@id":"https:\/\/zivykraj.cz\/de\/aktivitaten-und-erlebnisse\/sommersportarten\/adrenalin\/#breadcrumb"},"inLanguage":"de-DE","potentialAction":[{"@type":"ReadAction","target":["https:\/\/zivykraj.cz\/de\/aktivitaten-und-erlebnisse\/sommersportarten\/adrenalin\/"]}]},{"@type":"ImageObject","inLanguage":"de-DE","@id":"https:\/\/zivykraj.cz\/de\/aktivitaten-und-erlebnisse\/sommersportarten\/adrenalin\/#primaryimage","url":"https:\/\/zivykraj.cz\/wp-content\/uploads\/2021\/09\/Adrenalin_uvodni.jpg","contentUrl":"https:\/\/zivykraj.cz\/wp-content\/uploads\/2021\/09\/Adrenalin_uvodni.jpg","width":1920,"height":647},{"@type":"BreadcrumbList","@id":"https:\/\/zivykraj.cz\/de\/aktivitaten-und-erlebnisse\/sommersportarten\/adrenalin\/#breadcrumb","itemListElement":[{"@type":"ListItem","position":1,"name":"Home","item":"https:\/\/zivykraj.cz\/de\/"},{"@type":"ListItem","position":2,"name":"Aktivit\u00e4ten und Erlebnisse","item":"https:\/\/zivykraj.cz\/de\/aktivitaten-und-erlebnisse\/"},{"@type":"ListItem","position":3,"name":"Letn\u00ed sporty","item":"https:\/\/zivykraj.cz\/de\/aktivitaten-und-erlebnisse\/sommersportarten\/"},{"@type":"ListItem","position":4,"name":"Adrenalin"}]},{"@type":"WebSite","@id":"https:\/\/zivykraj.cz\/de\/#website","url":"https:\/\/zivykraj.cz\/de\/","name":"\u017divyKraj.cz","description":"Turistick\u00fd web - Karlovarsk\u00fd kraj","publisher":{"@id":"https:\/\/zivykraj.cz\/de\/#organization"},"potentialAction":[{"@type":"SearchAction","target":{"@type":"EntryPoint","urlTemplate":"https:\/\/zivykraj.cz\/de\/?s={search_term_string}"},"query-input":"required name=search_term_string"}],"inLanguage":"de-DE"},{"@type":"Organization","@id":"https:\/\/zivykraj.cz\/de\/#organization","name":"\u017divyKraj.cz","url":"https:\/\/zivykraj.cz\/de\/","logo":{"@type":"ImageObject","inLanguage":"de-DE","@id":"https:\/\/zivykraj.cz\/de\/#\/schema\/logo\/image\/","url":"https:\/\/zivykraj.cz\/wp-content\/uploads\/2021\/08\/logo_white.png","contentUrl":"https:\/\/zivykraj.cz\/wp-content\/uploads\/2021\/08\/logo_white.png","width":223,"height":59,"caption":"\u017divyKraj.cz"},"image":{"@id":"https:\/\/zivykraj.cz\/de\/#\/schema\/logo\/image\/"}}]}},"_links":{"self":[{"href":"https:\/\/zivykraj.cz\/de\/wp-json\/wp\/v2\/pages\/18189"}],"collection":[{"href":"https:\/\/zivykraj.cz\/de\/wp-json\/wp\/v2\/pages"}],"about":[{"href":"https:\/\/zivykraj.cz\/de\/wp-json\/wp\/v2\/types\/page"}],"author":[{"embeddable":true,"href":"https:\/\/zivykraj.cz\/de\/wp-json\/wp\/v2\/users\/1"}],"replies":[{"embeddable":true,"href":"https:\/\/zivykraj.cz\/de\/wp-json\/wp\/v2\/comments?post=18189"}],"version-history":[{"count":2,"href":"https:\/\/zivykraj.cz\/de\/wp-json\/wp\/v2\/pages\/18189\/revisions"}],"predecessor-version":[{"id":64323,"href":"https:\/\/zivykraj.cz\/de\/wp-json\/wp\/v2\/pages\/18189\/revisions\/64323"}],"up":[{"embeddable":true,"href":"https:\/\/zivykraj.cz\/de\/wp-json\/wp\/v2\/pages\/18179"}],"wp:featuredmedia":[{"embeddable":true,"href":"https:\/\/zivykraj.cz\/de\/wp-json\/wp\/v2\/media\/17552"}],"wp:attachment":[{"href":"https:\/\/zivykraj.cz\/de\/wp-json\/wp\/v2\/media?parent=18189"}],"curies":[{"name":"wp","href":"https:\/\/api.w.org\/{rel}","templated":true}]}}