{"id":18204,"date":"2021-01-18T05:36:04","date_gmt":"2021-01-18T04:36:04","guid":{"rendered":"https:\/\/zivykraj.cz\/aktivity-a-zazitky\/letni-sporty\/golf\/"},"modified":"2026-04-01T12:50:51","modified_gmt":"2026-04-01T10:50:51","slug":"golf","status":"publish","type":"page","link":"https:\/\/zivykraj.cz\/de\/aktivitaten-und-erlebnisse\/sommersportarten\/golf\/","title":{"rendered":"Golf"},"content":{"rendered":"<div class=\"fusion-fullwidth fullwidth-box fusion-builder-row-1 nonhundred-percent-fullwidth non-hundred-percent-height-scrolling\" style=\"background-color: rgba(255,255,255,0);background-position: center center;background-repeat: no-repeat;padding-top:0px;padding-right:0px;padding-bottom:0px;padding-left:0px;margin-bottom: 0px;margin-top: 0px;border-width: 0px 0px 0px 0px;border-color:#ecefef;border-style:solid;\" ><div class=\"fusion-builder-row fusion-row\"><div class=\"fusion-layout-column fusion_builder_column fusion-builder-column-0 fusion_builder_column_1_1 1_1 fusion-one-full fusion-column-first fusion-column-last\" style=\"margin-top:25px;margin-bottom:0px;\"><div class=\"fusion-column-wrapper fusion-flex-column-wrapper-legacy\" style=\"background-position:left top;background-repeat:no-repeat;-webkit-background-size:cover;-moz-background-size:cover;-o-background-size:cover;background-size:cover;padding: 0px 0px 0px 0px;\"><div class=\"fusion-text fusion-text-1\"><h3>Die Region Karlovy Vary gilt als die Wiege des tschechischen Golfsports.<\/h3>\n<p>Die Karlsbader Region ist nicht nur ein Kurort. Neben den zahlreichen Mineralquellen finden Sie hier auch perfekte Golfpl\u00e4tze. W\u00e4hlen Sie aus neun Golfpl\u00e4tzen und spielen Sie in Mari\u00e1nsk\u00e9 L\u00e1zn\u011b, dem einzigen Platz mit der Bezeichnung Royal Golf Club in Mitteleuropa. Nutzen Sie die Vorteile der \u00f6rtlichen Hotels, die Wellness-Aufenthalte f\u00fcr Golfbegeisterte mit einem Programm f\u00fcr die ganze Familie anbieten. Kaufen Sie den Westb\u00f6hmischen Golfpass und erhalten Sie erm\u00e4\u00dfigte Greenfees auf den f\u00fcnf folgenden Partnerpl\u00e4tzen. Weitere Informationen finden Sie unter <a href=\"https:\/\/www.golf-pass.cz\/de\/\">www.golf-pass.cz\/de\/<\/a>. Also, packen Sie Ihre Tasche und los!<\/p>\n<\/div><div class=\"fusion-sep-clear\"><\/div><div class=\"fusion-separator fusion-full-width-sep\" style=\"margin-left: auto;margin-right: auto;margin-top:40px;width:100%;\"><\/div><div class=\"fusion-sep-clear\"><\/div><style type=\"text\/css\">.fusion-gallery-1 .fusion-gallery-image {border:0px solid #f2f3f3;}<\/style><div class=\"fusion-gallery fusion-gallery-container fusion-grid-3 fusion-columns-total-3 fusion-gallery-layout-grid fusion-gallery-1\" style=\"margin:-5px;\"><div style=\"padding:5px;\" class=\"fusion-grid-column fusion-gallery-column fusion-gallery-column-3 hover-type-none\"><div class=\"fusion-gallery-image\"><a href=\"https:\/\/zivykraj.cz\/wp-content\/uploads\/2021\/10\/1L0A8352.jpg\" rel=\"noreferrer\" data-rel=\"iLightbox[gallery_image_1]\" class=\"fusion-lightbox\" target=\"_self\"><img decoding=\"async\" src=\"https:\/\/zivykraj.cz\/wp-content\/uploads\/2021\/10\/1L0A8352-460x295.jpg\" width=\"460\" height=\"295\" alt=\"\" title=\"1L0A8352\" aria-label=\"1L0A8352\" class=\"img-responsive wp-image-19031 fusion-gallery-image-size-fixed\"  \/><\/a><\/div><\/div><div style=\"padding:5px;\" class=\"fusion-grid-column fusion-gallery-column fusion-gallery-column-3 hover-type-none\"><div class=\"fusion-gallery-image\"><a href=\"https:\/\/zivykraj.cz\/wp-content\/uploads\/2021\/10\/1L0A0787-scaled.jpg\" rel=\"noreferrer\" data-rel=\"iLightbox[gallery_image_1]\" class=\"fusion-lightbox\" target=\"_self\"><img decoding=\"async\" src=\"https:\/\/zivykraj.cz\/wp-content\/uploads\/2021\/10\/1L0A0787-460x295.jpg\" width=\"460\" height=\"295\" alt=\"\" title=\"1L0A0787\" aria-label=\"1L0A0787\" class=\"img-responsive wp-image-19037 fusion-gallery-image-size-fixed\"  \/><\/a><\/div><\/div><div style=\"padding:5px;\" class=\"fusion-grid-column fusion-gallery-column fusion-gallery-column-3 hover-type-none\"><div class=\"fusion-gallery-image\"><a href=\"https:\/\/zivykraj.cz\/wp-content\/uploads\/2021\/10\/1L0A8921-scaled.jpg\" rel=\"noreferrer\" data-rel=\"iLightbox[gallery_image_1]\" class=\"fusion-lightbox\" target=\"_self\"><img decoding=\"async\" src=\"https:\/\/zivykraj.cz\/wp-content\/uploads\/2021\/10\/1L0A8921-460x295.jpg\" width=\"460\" height=\"295\" alt=\"\" title=\"1L0A8921\" aria-label=\"1L0A8921\" class=\"img-responsive wp-image-19034 fusion-gallery-image-size-fixed\"  \/><\/a><\/div><\/div><div class=\"clearfix\"><\/div><\/div><div class=\"fusion-text fusion-text-2\"><h2 style=\"text-align: center;\"><b>Lass dich inspirieren<\/b><\/h2>\n<\/div><div class=\"fusion-sep-clear\"><\/div><div class=\"fusion-separator fusion-full-width-sep\" style=\"margin-left: auto;margin-right: auto;width:100%;\"><\/div><div class=\"fusion-sep-clear\"><\/div><div class=\"fusion-text fusion-text-3 nechte-se-inspirovat display-none\"><h2 style=\"text-align: center;\"><b>Lass dich inspirieren<\/b><\/h2>\n<\/div><div class=\"fusion-recent-posts fusion-recent-posts-1 avada-container layout-default layout-columns-3 fusion-recent-posts-infinite fusion-recent-posts-load-more blog-grid\" data-pages=\"1\"><section class=\"fusion-columns columns fusion-columns-3 columns-3\"><article class=\"post fusion-column column col col-lg-4 col-md-4 col-sm-4\"><div class=\"fusion-flexslider fusion-flexslider-loading flexslider flexslider-hover-type-zoomin\"><ul class=\"slides\"><li><a href=\"https:\/\/zivykraj.cz\/de\/tipy-de\/karlovarsky-kraj-raj-golfistu\/\" aria-label=\"Region Karlovy Vary &#8211; ein Paradies f\u00fcr Golfer\" class=\"hover-type-zoomin\"><img decoding=\"async\" width=\"1900\" height=\"1107\" src=\"https:\/\/zivykraj.cz\/wp-content\/uploads\/2025\/04\/1L0A1629-1-1.webp\" class=\"attachment-full size-full lazyload\" alt=\"\" srcset=\"data:image\/svg+xml,%3Csvg%20xmlns%3D%27http%3A%2F%2Fwww.w3.org%2F2000%2Fsvg%27%20width%3D%271900%27%20height%3D%271107%27%20viewBox%3D%270%200%201900%201107%27%3E%3Crect%20width%3D%271900%27%20height%3D%271107%27%20fill-opacity%3D%220%22%2F%3E%3C%2Fsvg%3E\" data-orig-src=\"https:\/\/zivykraj.cz\/wp-content\/uploads\/2025\/04\/1L0A1629-1-1.webp\" data-srcset=\"https:\/\/zivykraj.cz\/wp-content\/uploads\/2025\/04\/1L0A1629-1-1-200x117.webp 200w, https:\/\/zivykraj.cz\/wp-content\/uploads\/2025\/04\/1L0A1629-1-1-300x175.webp 300w, https:\/\/zivykraj.cz\/wp-content\/uploads\/2025\/04\/1L0A1629-1-1-400x233.webp 400w, https:\/\/zivykraj.cz\/wp-content\/uploads\/2025\/04\/1L0A1629-1-1-600x350.webp 600w, https:\/\/zivykraj.cz\/wp-content\/uploads\/2025\/04\/1L0A1629-1-1-768x447.webp 768w, https:\/\/zivykraj.cz\/wp-content\/uploads\/2025\/04\/1L0A1629-1-1-800x466.webp 800w, https:\/\/zivykraj.cz\/wp-content\/uploads\/2025\/04\/1L0A1629-1-1-1024x597.webp 1024w, https:\/\/zivykraj.cz\/wp-content\/uploads\/2025\/04\/1L0A1629-1-1-1200x699.webp 1200w, https:\/\/zivykraj.cz\/wp-content\/uploads\/2025\/04\/1L0A1629-1-1-1536x895.webp 1536w, https:\/\/zivykraj.cz\/wp-content\/uploads\/2025\/04\/1L0A1629-1-1.webp 1900w\" data-sizes=\"auto\" \/><\/a><\/li><\/ul><\/div><div class=\"recent-posts-content\"><span class=\"vcard\" style=\"display: none;\"><span class=\"fn\"><a href=\"https:\/\/zivykraj.cz\/de\/author\/admin\/\" title=\"Beitr\u00e4ge von admin\" rel=\"author\">admin<\/a><\/span><\/span><span class=\"updated\" style=\"display:none;\">2025-05-20T13:42:14+02:00<\/span><h4 class=\"entry-title\"><a href=\"https:\/\/zivykraj.cz\/de\/tipy-de\/karlovarsky-kraj-raj-golfistu\/\">Region Karlovy Vary &#8211; ein Paradies f\u00fcr Golfer<\/a><\/h4><p>Die Region Karlovy Vary ist nicht nur ein Kurort. Neben den vielen Mineralquellen gibt es hier auch perfekte Golfpl\u00e4tze. Der erste wurde 1905 er\u00f6ffnet, heute gibt es in der Karlsbader Region zehn davon, sieben davon sind sogar Achtzehn-Loch-Pl\u00e4tze. Wir stellen Ihnen die besten von ihnen vor, also schnappen Sie sich Ihre Tasche und los geht's!<\/p><\/div><\/article><article class=\"post fusion-column column col col-lg-4 col-md-4 col-sm-4\"><div class=\"fusion-flexslider fusion-flexslider-loading flexslider flexslider-hover-type-zoomin\"><ul class=\"slides\"><li><a href=\"https:\/\/zivykraj.cz\/de\/aktivitaten\/top-3-der-besten-golfplatze-in-der-region\/\" aria-label=\"Top 3 der besten Golfpl\u00e4tze in der Region\" class=\"hover-type-zoomin\"><img decoding=\"async\" width=\"1200\" height=\"800\" src=\"https:\/\/zivykraj.cz\/wp-content\/uploads\/2025\/04\/41_10_1353946997_879950_max-e1551277098135.webp\" class=\"attachment-full size-full lazyload\" alt=\"\" srcset=\"data:image\/svg+xml,%3Csvg%20xmlns%3D%27http%3A%2F%2Fwww.w3.org%2F2000%2Fsvg%27%20width%3D%271200%27%20height%3D%27800%27%20viewBox%3D%270%200%201200%20800%27%3E%3Crect%20width%3D%271200%27%20height%3D%27800%27%20fill-opacity%3D%220%22%2F%3E%3C%2Fsvg%3E\" data-orig-src=\"https:\/\/zivykraj.cz\/wp-content\/uploads\/2025\/04\/41_10_1353946997_879950_max-e1551277098135.webp\" data-srcset=\"https:\/\/zivykraj.cz\/wp-content\/uploads\/2025\/04\/41_10_1353946997_879950_max-e1551277098135-200x133.webp 200w, https:\/\/zivykraj.cz\/wp-content\/uploads\/2025\/04\/41_10_1353946997_879950_max-e1551277098135-300x200.webp 300w, https:\/\/zivykraj.cz\/wp-content\/uploads\/2025\/04\/41_10_1353946997_879950_max-e1551277098135-400x267.webp 400w, https:\/\/zivykraj.cz\/wp-content\/uploads\/2025\/04\/41_10_1353946997_879950_max-e1551277098135-600x400.webp 600w, https:\/\/zivykraj.cz\/wp-content\/uploads\/2025\/04\/41_10_1353946997_879950_max-e1551277098135-768x512.webp 768w, https:\/\/zivykraj.cz\/wp-content\/uploads\/2025\/04\/41_10_1353946997_879950_max-e1551277098135-800x533.webp 800w, https:\/\/zivykraj.cz\/wp-content\/uploads\/2025\/04\/41_10_1353946997_879950_max-e1551277098135-1024x683.webp 1024w, https:\/\/zivykraj.cz\/wp-content\/uploads\/2025\/04\/41_10_1353946997_879950_max-e1551277098135.webp 1200w\" data-sizes=\"auto\" \/><\/a><\/li><\/ul><\/div><div class=\"recent-posts-content\"><span class=\"vcard\" style=\"display: none;\"><span class=\"fn\"><a href=\"https:\/\/zivykraj.cz\/de\/author\/admin\/\" title=\"Beitr\u00e4ge von admin\" rel=\"author\">admin<\/a><\/span><\/span><span class=\"updated\" style=\"display:none;\">2025-05-21T10:38:03+02:00<\/span><h4 class=\"entry-title\"><a href=\"https:\/\/zivykraj.cz\/de\/aktivitaten\/top-3-der-besten-golfplatze-in-der-region\/\">Top 3 der besten Golfpl\u00e4tze in der Region<\/a><\/h4><p>Wir bringen Ihnen einen \u00dcberblick \u00fcber die besten Golfpl\u00e4tze, an denen Sie spielen k\u00f6nnen. Glauben Sie uns, es gibt gen\u00fcgend M\u00f6glichkeiten - denn auch der \u00e4lteste Golfclub Tschechiens wurde in Karlsbad gegr\u00fcndet! Dieser Sport hat in der Region definitiv Tradition und seine Anh\u00e4nger.<\/p><\/div><\/article><\/section><\/div><div class=\"fusion-clearfix\"><\/div><\/div><\/div><\/div><\/div>\n","protected":false},"excerpt":{"rendered":"","protected":false},"author":1,"featured_media":17555,"parent":18179,"menu_order":0,"comment_status":"closed","ping_status":"closed","template":"","meta":{"_acf_changed":false,"inline_featured_image":false,"footnotes":""},"acf":[],"yoast_head":"<!-- This site is optimized with the Yoast SEO plugin v22.3 - https:\/\/yoast.com\/wordpress\/plugins\/seo\/ -->\n<title>Golf | \u017divyKraj.cz<\/title>\n<meta name=\"robots\" content=\"index, follow, max-snippet:-1, max-image-preview:large, max-video-preview:-1\" \/>\n<link rel=\"canonical\" href=\"https:\/\/zivykraj.cz\/de\/aktivitaten-und-erlebnisse\/sommersportarten\/golf\/\" \/>\n<meta property=\"og:locale\" content=\"de_DE\" \/>\n<meta property=\"og:type\" content=\"article\" \/>\n<meta property=\"og:title\" content=\"Golf | \u017divyKraj.cz\" \/>\n<meta property=\"og:url\" content=\"https:\/\/zivykraj.cz\/de\/aktivitaten-und-erlebnisse\/sommersportarten\/golf\/\" \/>\n<meta property=\"og:site_name\" content=\"\u017divyKraj.cz\" \/>\n<meta property=\"article:modified_time\" content=\"2026-04-01T10:50:51+00:00\" \/>\n<meta property=\"og:image\" content=\"https:\/\/zivykraj.cz\/wp-content\/uploads\/2021\/09\/Golf_uvodni.jpg\" \/>\n\t<meta property=\"og:image:width\" content=\"1920\" \/>\n\t<meta property=\"og:image:height\" content=\"647\" \/>\n\t<meta property=\"og:image:type\" content=\"image\/jpeg\" \/>\n<meta name=\"twitter:card\" content=\"summary_large_image\" \/>\n<meta name=\"twitter:label1\" content=\"Gesch\u00e4tzte Lesezeit\" \/>\n\t<meta name=\"twitter:data1\" content=\"3 Minuten\" \/>\n<script type=\"application\/ld+json\" class=\"yoast-schema-graph\">{\"@context\":\"https:\/\/schema.org\",\"@graph\":[{\"@type\":\"WebPage\",\"@id\":\"https:\/\/zivykraj.cz\/de\/aktivitaten-und-erlebnisse\/sommersportarten\/golf\/\",\"url\":\"https:\/\/zivykraj.cz\/de\/aktivitaten-und-erlebnisse\/sommersportarten\/golf\/\",\"name\":\"Golf | \u017divyKraj.cz\",\"isPartOf\":{\"@id\":\"https:\/\/zivykraj.cz\/de\/#website\"},\"primaryImageOfPage\":{\"@id\":\"https:\/\/zivykraj.cz\/de\/aktivitaten-und-erlebnisse\/sommersportarten\/golf\/#primaryimage\"},\"image\":{\"@id\":\"https:\/\/zivykraj.cz\/de\/aktivitaten-und-erlebnisse\/sommersportarten\/golf\/#primaryimage\"},\"thumbnailUrl\":\"https:\/\/zivykraj.cz\/wp-content\/uploads\/2021\/09\/Golf_uvodni.jpg\",\"datePublished\":\"2021-01-18T04:36:04+00:00\",\"dateModified\":\"2026-04-01T10:50:51+00:00\",\"breadcrumb\":{\"@id\":\"https:\/\/zivykraj.cz\/de\/aktivitaten-und-erlebnisse\/sommersportarten\/golf\/#breadcrumb\"},\"inLanguage\":\"de-DE\",\"potentialAction\":[{\"@type\":\"ReadAction\",\"target\":[\"https:\/\/zivykraj.cz\/de\/aktivitaten-und-erlebnisse\/sommersportarten\/golf\/\"]}]},{\"@type\":\"ImageObject\",\"inLanguage\":\"de-DE\",\"@id\":\"https:\/\/zivykraj.cz\/de\/aktivitaten-und-erlebnisse\/sommersportarten\/golf\/#primaryimage\",\"url\":\"https:\/\/zivykraj.cz\/wp-content\/uploads\/2021\/09\/Golf_uvodni.jpg\",\"contentUrl\":\"https:\/\/zivykraj.cz\/wp-content\/uploads\/2021\/09\/Golf_uvodni.jpg\",\"width\":1920,\"height\":647},{\"@type\":\"BreadcrumbList\",\"@id\":\"https:\/\/zivykraj.cz\/de\/aktivitaten-und-erlebnisse\/sommersportarten\/golf\/#breadcrumb\",\"itemListElement\":[{\"@type\":\"ListItem\",\"position\":1,\"name\":\"Home\",\"item\":\"https:\/\/zivykraj.cz\/de\/\"},{\"@type\":\"ListItem\",\"position\":2,\"name\":\"Aktivit\u00e4ten und Erlebnisse\",\"item\":\"https:\/\/zivykraj.cz\/de\/aktivitaten-und-erlebnisse\/\"},{\"@type\":\"ListItem\",\"position\":3,\"name\":\"Letn\u00ed sporty\",\"item\":\"https:\/\/zivykraj.cz\/de\/aktivitaten-und-erlebnisse\/sommersportarten\/\"},{\"@type\":\"ListItem\",\"position\":4,\"name\":\"Golf\"}]},{\"@type\":\"WebSite\",\"@id\":\"https:\/\/zivykraj.cz\/de\/#website\",\"url\":\"https:\/\/zivykraj.cz\/de\/\",\"name\":\"\u017divyKraj.cz\",\"description\":\"Turistick\u00fd web - Karlovarsk\u00fd kraj\",\"publisher\":{\"@id\":\"https:\/\/zivykraj.cz\/de\/#organization\"},\"potentialAction\":[{\"@type\":\"SearchAction\",\"target\":{\"@type\":\"EntryPoint\",\"urlTemplate\":\"https:\/\/zivykraj.cz\/de\/?s={search_term_string}\"},\"query-input\":\"required name=search_term_string\"}],\"inLanguage\":\"de-DE\"},{\"@type\":\"Organization\",\"@id\":\"https:\/\/zivykraj.cz\/de\/#organization\",\"name\":\"\u017divyKraj.cz\",\"url\":\"https:\/\/zivykraj.cz\/de\/\",\"logo\":{\"@type\":\"ImageObject\",\"inLanguage\":\"de-DE\",\"@id\":\"https:\/\/zivykraj.cz\/de\/#\/schema\/logo\/image\/\",\"url\":\"https:\/\/zivykraj.cz\/wp-content\/uploads\/2021\/08\/logo_white.png\",\"contentUrl\":\"https:\/\/zivykraj.cz\/wp-content\/uploads\/2021\/08\/logo_white.png\",\"width\":223,\"height\":59,\"caption\":\"\u017divyKraj.cz\"},\"image\":{\"@id\":\"https:\/\/zivykraj.cz\/de\/#\/schema\/logo\/image\/\"}}]}<\/script>\n<!-- \/ Yoast SEO plugin. -->","yoast_head_json":{"title":"Golf | \u017divyKraj.cz","robots":{"index":"index","follow":"follow","max-snippet":"max-snippet:-1","max-image-preview":"max-image-preview:large","max-video-preview":"max-video-preview:-1"},"canonical":"https:\/\/zivykraj.cz\/de\/aktivitaten-und-erlebnisse\/sommersportarten\/golf\/","og_locale":"de_DE","og_type":"article","og_title":"Golf | \u017divyKraj.cz","og_url":"https:\/\/zivykraj.cz\/de\/aktivitaten-und-erlebnisse\/sommersportarten\/golf\/","og_site_name":"\u017divyKraj.cz","article_modified_time":"2026-04-01T10:50:51+00:00","og_image":[{"width":1920,"height":647,"url":"https:\/\/zivykraj.cz\/wp-content\/uploads\/2021\/09\/Golf_uvodni.jpg","type":"image\/jpeg"}],"twitter_card":"summary_large_image","twitter_misc":{"Gesch\u00e4tzte Lesezeit":"3 Minuten"},"schema":{"@context":"https:\/\/schema.org","@graph":[{"@type":"WebPage","@id":"https:\/\/zivykraj.cz\/de\/aktivitaten-und-erlebnisse\/sommersportarten\/golf\/","url":"https:\/\/zivykraj.cz\/de\/aktivitaten-und-erlebnisse\/sommersportarten\/golf\/","name":"Golf | \u017divyKraj.cz","isPartOf":{"@id":"https:\/\/zivykraj.cz\/de\/#website"},"primaryImageOfPage":{"@id":"https:\/\/zivykraj.cz\/de\/aktivitaten-und-erlebnisse\/sommersportarten\/golf\/#primaryimage"},"image":{"@id":"https:\/\/zivykraj.cz\/de\/aktivitaten-und-erlebnisse\/sommersportarten\/golf\/#primaryimage"},"thumbnailUrl":"https:\/\/zivykraj.cz\/wp-content\/uploads\/2021\/09\/Golf_uvodni.jpg","datePublished":"2021-01-18T04:36:04+00:00","dateModified":"2026-04-01T10:50:51+00:00","breadcrumb":{"@id":"https:\/\/zivykraj.cz\/de\/aktivitaten-und-erlebnisse\/sommersportarten\/golf\/#breadcrumb"},"inLanguage":"de-DE","potentialAction":[{"@type":"ReadAction","target":["https:\/\/zivykraj.cz\/de\/aktivitaten-und-erlebnisse\/sommersportarten\/golf\/"]}]},{"@type":"ImageObject","inLanguage":"de-DE","@id":"https:\/\/zivykraj.cz\/de\/aktivitaten-und-erlebnisse\/sommersportarten\/golf\/#primaryimage","url":"https:\/\/zivykraj.cz\/wp-content\/uploads\/2021\/09\/Golf_uvodni.jpg","contentUrl":"https:\/\/zivykraj.cz\/wp-content\/uploads\/2021\/09\/Golf_uvodni.jpg","width":1920,"height":647},{"@type":"BreadcrumbList","@id":"https:\/\/zivykraj.cz\/de\/aktivitaten-und-erlebnisse\/sommersportarten\/golf\/#breadcrumb","itemListElement":[{"@type":"ListItem","position":1,"name":"Home","item":"https:\/\/zivykraj.cz\/de\/"},{"@type":"ListItem","position":2,"name":"Aktivit\u00e4ten und Erlebnisse","item":"https:\/\/zivykraj.cz\/de\/aktivitaten-und-erlebnisse\/"},{"@type":"ListItem","position":3,"name":"Letn\u00ed sporty","item":"https:\/\/zivykraj.cz\/de\/aktivitaten-und-erlebnisse\/sommersportarten\/"},{"@type":"ListItem","position":4,"name":"Golf"}]},{"@type":"WebSite","@id":"https:\/\/zivykraj.cz\/de\/#website","url":"https:\/\/zivykraj.cz\/de\/","name":"\u017divyKraj.cz","description":"Turistick\u00fd web - Karlovarsk\u00fd kraj","publisher":{"@id":"https:\/\/zivykraj.cz\/de\/#organization"},"potentialAction":[{"@type":"SearchAction","target":{"@type":"EntryPoint","urlTemplate":"https:\/\/zivykraj.cz\/de\/?s={search_term_string}"},"query-input":"required name=search_term_string"}],"inLanguage":"de-DE"},{"@type":"Organization","@id":"https:\/\/zivykraj.cz\/de\/#organization","name":"\u017divyKraj.cz","url":"https:\/\/zivykraj.cz\/de\/","logo":{"@type":"ImageObject","inLanguage":"de-DE","@id":"https:\/\/zivykraj.cz\/de\/#\/schema\/logo\/image\/","url":"https:\/\/zivykraj.cz\/wp-content\/uploads\/2021\/08\/logo_white.png","contentUrl":"https:\/\/zivykraj.cz\/wp-content\/uploads\/2021\/08\/logo_white.png","width":223,"height":59,"caption":"\u017divyKraj.cz"},"image":{"@id":"https:\/\/zivykraj.cz\/de\/#\/schema\/logo\/image\/"}}]}},"_links":{"self":[{"href":"https:\/\/zivykraj.cz\/de\/wp-json\/wp\/v2\/pages\/18204"}],"collection":[{"href":"https:\/\/zivykraj.cz\/de\/wp-json\/wp\/v2\/pages"}],"about":[{"href":"https:\/\/zivykraj.cz\/de\/wp-json\/wp\/v2\/types\/page"}],"author":[{"embeddable":true,"href":"https:\/\/zivykraj.cz\/de\/wp-json\/wp\/v2\/users\/1"}],"replies":[{"embeddable":true,"href":"https:\/\/zivykraj.cz\/de\/wp-json\/wp\/v2\/comments?post=18204"}],"version-history":[{"count":8,"href":"https:\/\/zivykraj.cz\/de\/wp-json\/wp\/v2\/pages\/18204\/revisions"}],"predecessor-version":[{"id":93145,"href":"https:\/\/zivykraj.cz\/de\/wp-json\/wp\/v2\/pages\/18204\/revisions\/93145"}],"up":[{"embeddable":true,"href":"https:\/\/zivykraj.cz\/de\/wp-json\/wp\/v2\/pages\/18179"}],"wp:featuredmedia":[{"embeddable":true,"href":"https:\/\/zivykraj.cz\/de\/wp-json\/wp\/v2\/media\/17555"}],"wp:attachment":[{"href":"https:\/\/zivykraj.cz\/de\/wp-json\/wp\/v2\/media?parent=18204"}],"curies":[{"name":"wp","href":"https:\/\/api.w.org\/{rel}","templated":true}]}}