{"id":18246,"date":"2020-01-13T06:02:19","date_gmt":"2020-01-13T05:02:19","guid":{"rendered":"https:\/\/zivykraj.cz\/vyletni-cile\/cheb\/"},"modified":"2022-07-18T10:24:23","modified_gmt":"2022-07-18T08:24:23","slug":"cheb","status":"publish","type":"page","link":"https:\/\/zivykraj.cz\/de\/ausflugsziele\/cheb\/","title":{"rendered":"Cheb (Eger)"},"content":{"rendered":"<p><div class=\"fusion-fullwidth fullwidth-box fusion-builder-row-1 nonhundred-percent-fullwidth non-hundred-percent-height-scrolling\" style=\"background-color: rgba(255,255,255,0);background-position: center center;background-repeat: no-repeat;padding-top:0px;padding-right:0px;padding-bottom:0px;padding-left:0px;margin-bottom: 0px;margin-top: 0px;border-width: 0px 0px 0px 0px;border-color:#ecefef;border-style:solid;\" ><div class=\"fusion-builder-row fusion-row\"><div class=\"fusion-layout-column fusion_builder_column fusion-builder-column-0 fusion_builder_column_1_1 1_1 fusion-one-full fusion-column-first fusion-column-last\" style=\"margin-top:25px;margin-bottom:25px;\"><div class=\"fusion-column-wrapper fusion-flex-column-wrapper-legacy\" style=\"background-position:left top;background-repeat:no-repeat;-webkit-background-size:cover;-moz-background-size:cover;-o-background-size:cover;background-size:cover;padding: 0px 0px 0px 0px;\"><div class=\"fusion-text fusion-text-1\"><p>In diesem wichtigen Zentrum der Region Karlsbad finden Sie eine beispiellose Ansammlung von weltlichen und religi\u00f6sen Denkm\u00e4lern, die Ihnen bestimmt lange in Erinnerung bleiben werden. Fahren Sie in Richtung der Westspitze der Tschechischen Republik und betreten Sie die Stra\u00dfen des historischen Cheb. Es ist eine Stadt, die definitiv etwas zu bieten hat.<\/p>\n<h3><b>Auf den Spuren mittelalterlicher Kaufleute<\/b><\/h3>\n<p>Kennen Sie \u0160pal\u00ed\u010dek? Dieser einzigartige Komplex urspr\u00fcnglich gotischer Kaufmannsh\u00e4user mit Fachwerkstruktur wurde im 13. Jahrhundert an der Stelle ehemaliger Fleischereien und Fleischerl\u00e4den errichtet, etwas Vergleichbares werden Sie in Tschechien nicht entdecken. Noch heute befinden sich in diesen Geb\u00e4uden Gesch\u00e4fte &#8211; spazieren Sie einfach durch die schmale Kram\u00e1\u0159sk\u00e1-Stra\u00dfe, Sie werden staunen.<\/p>\n<p>Das eigentliche Ph\u00e4nomen sind jedoch die Dachst\u00fchle der hiesigen mittelalterlichen B\u00fcrgerh\u00e4user, deren Besichtigung das I-T\u00fcpfelchen eines jeden Besuches in der Stadt Cheb sein sollte. Die Tour \u201eUnter den D\u00e4chern der Egerer H\u00e4user\u201c zeigt Ihnen die Dachst\u00fchle und stellt Ihnen die handwerkliche und geometrische Vorstellungskraft unserer Vorfahren vor.<\/p>\n<h3><b>Residenzen der Herrschenden und Wallfahrtsorte<\/b><\/h3>\n<p>Die Burg Cheb (Egerer Burg) ist buchst\u00e4blich geschichtstr\u00e4chtig. Ihre Schlosskapelle steht an der Stelle eines alten slawischen Gr\u00e4berfeldes, hier fand eine k\u00f6nigliche Hochzeit statt und hier wurde der Adjutant des F\u00fcrsten Albrecht von Wallenstein heimt\u00fcckisch ermordet. Die Geschichte der Burg ist mit dem m\u00e4chtigen Adelsgeschlecht der Staufer verbunden, der auch Friedrich Barbarossa angeh\u00f6rte. Gerade er lie\u00df die Burg zu einer Kaiserpfalz der Staufer umbauen, der einzigen in Tschechien.<\/p>\n<p>Von der Burg Cheb sind es nur wenige Schritte bis zur Kirche St. Nikolaus und Elisabeth aus dem 13. Jahrhundert. Hier kann man sich etwas ausruhen, in die Krypta hinabsteigen oder vom S\u00fcdturm den Ausblick auf die Stadt genie\u00dfen. Wem 67 Meter H\u00f6he nicht hoch genug sind, der sollte den Bismarck-Aussichtsturm auf dem nahegelegenen Berg Zelen\u00e1 hora aufsuchen, von wo aus man bei gutem Wetter bis ins Riesengebirge blicken kann.<\/p>\n<p>M\u00f6gen Sie kirchliche Denkm\u00e4ler? Dann besuchen Sie die barocke Loretakapelle mit Kreuzgang und die Wallfahrtskirche Heiliger Geist in Star\u00fd Hroz\u0148atov, etwa acht Kilometer s\u00fcdlich von Cheb. Sie wurde im 17. Jahrhundert von den Jesuiten erbaut und noch heute finden hier tschechisch-deutsche Wallfahrten und Messen statt.<\/p>\n<h3><b>Eine etwas andere Geschichte<\/b><\/h3>\n<p>Wenn Sie sich mehr f\u00fcr Volksarchitektur oder Handwerk als f\u00fcr Burgen und Kirchen interessieren, dann werden Sie sich im Freilichtmuseum Doubrava wohlf\u00fchlen. Hier gibt es die gr\u00f6\u00dfte Ansammlung von erhaltenen Fachwerkbauernh\u00f6fen, ein Museum f\u00fcr Landwirtschaft und Volksleben sowie eine Ausstellung historischer Werkzeuge. Ein stilvolles Restaurant gibt es auch.<\/p>\n<p>Oder m\u00f6chten Sie Geschichte lieber hautnah erleben? Dann besuchen Sie Cheb w\u00e4hrend des Wallensteinfestes! In der Stadt finden ein Jahrmarkt sowie ein Ritterturnier auf Pferden statt und alle warten sehns\u00fcchtig auf die Ankunft von Albrecht von Wallenstein und sein Gefolge.<\/p>\n<h3><b>Chebsk\u00e9 mo\u0159e (Egerer Meer)<\/b><\/h3>\n<p>Cheb &#8211; das ist nicht nur Vergangenheit, im Gegenteil. Das riesige Sport- und Erholungsareal Krajinka am linken Ufer der Oh\u0159e (Eger) bietet unter anderem mehrere Mehrzwecksportpl\u00e4tze, ein Hochseilzentrum, eine Crossbahn und eine Picknickwiese. Am Stausee Jesenice mit au\u00dfergew\u00f6hnlich klarem Wasser k\u00f6nnen Sie surfen, auf einer Yacht segeln oder unter einem Sonnenschirm am Strand entspannen. Fast wie am Meer.<\/p>\n<\/div><div class=\"fusion-clearfix\"><\/div><\/div><\/div><\/div><\/div><div class=\"fusion-fullwidth fullwidth-box fusion-builder-row-2 nonhundred-percent-fullwidth non-hundred-percent-height-scrolling\" style=\"background-color: rgba(255,255,255,0);background-position: center center;background-repeat: no-repeat;padding-top:0px;padding-right:0px;padding-bottom:0px;padding-left:0px;margin-bottom: 0px;margin-top: 0px;border-width: 0px 0px 0px 0px;border-color:#ecefef;border-style:solid;\" ><div class=\"fusion-builder-row fusion-row\"><div class=\"fusion-layout-column fusion_builder_column fusion-builder-column-1 fusion_builder_column_1_1 1_1 fusion-one-full fusion-column-first fusion-column-last\" style=\"margin-top:25px;margin-bottom:25px;\"><div class=\"fusion-column-wrapper fusion-flex-column-wrapper-legacy\" style=\"background-position:left top;background-repeat:no-repeat;-webkit-background-size:cover;-moz-background-size:cover;-o-background-size:cover;background-size:cover;padding: 0px 0px 0px 0px;\"><style type=\"text\/css\">.fusion-gallery-1 .fusion-gallery-image {border:0px solid #f2f3f3;}<\/style><div class=\"fusion-gallery fusion-gallery-container fusion-grid-3 fusion-columns-total-6 fusion-gallery-layout-grid fusion-gallery-1\" style=\"margin:-5px;\"><div style=\"padding:5px;\" class=\"fusion-grid-column fusion-gallery-column fusion-gallery-column-3 hover-type-none\"><div class=\"fusion-gallery-image\"><a href=\"https:\/\/zivykraj.cz\/wp-content\/uploads\/2021\/02\/Cheb_1.jpg\" rel=\"noreferrer\" data-rel=\"iLightbox[gallery_image_1]\" class=\"fusion-lightbox\" target=\"_self\"><img decoding=\"async\" src=\"https:\/\/zivykraj.cz\/wp-content\/uploads\/2021\/02\/Cheb_1-460x295.jpg\" width=\"460\" height=\"295\" alt=\"\" title=\"Cheb_1\" aria-label=\"Cheb_1\" class=\"img-responsive wp-image-9092 fusion-gallery-image-size-fixed\"  \/><\/a><\/div><\/div><div style=\"padding:5px;\" class=\"fusion-grid-column fusion-gallery-column fusion-gallery-column-3 hover-type-none\"><div class=\"fusion-gallery-image\"><a href=\"https:\/\/zivykraj.cz\/wp-content\/uploads\/2021\/02\/Cheb_2.jpg\" rel=\"noreferrer\" data-rel=\"iLightbox[gallery_image_1]\" class=\"fusion-lightbox\" target=\"_self\"><img decoding=\"async\" src=\"https:\/\/zivykraj.cz\/wp-content\/uploads\/2021\/02\/Cheb_2-460x295.jpg\" width=\"460\" height=\"295\" alt=\"\" title=\"Cheb_2\" aria-label=\"Cheb_2\" class=\"img-responsive wp-image-9093 fusion-gallery-image-size-fixed\"  \/><\/a><\/div><\/div><div style=\"padding:5px;\" class=\"fusion-grid-column fusion-gallery-column fusion-gallery-column-3 hover-type-none\"><div class=\"fusion-gallery-image\"><a href=\"https:\/\/zivykraj.cz\/wp-content\/uploads\/2021\/02\/Cheb_3.jpg\" rel=\"noreferrer\" data-rel=\"iLightbox[gallery_image_1]\" class=\"fusion-lightbox\" target=\"_self\"><img decoding=\"async\" src=\"https:\/\/zivykraj.cz\/wp-content\/uploads\/2021\/02\/Cheb_3-460x295.jpg\" width=\"460\" height=\"295\" alt=\"\" title=\"Cheb_3\" aria-label=\"Cheb_3\" class=\"img-responsive wp-image-9094 fusion-gallery-image-size-fixed\"  \/><\/a><\/div><\/div><div class=\"clearfix\"><\/div><div style=\"padding:5px;\" class=\"fusion-grid-column fusion-gallery-column fusion-gallery-column-3 hover-type-none\"><div class=\"fusion-gallery-image\"><a href=\"https:\/\/zivykraj.cz\/wp-content\/uploads\/2021\/02\/Cheb_4.jpg\" rel=\"noreferrer\" data-rel=\"iLightbox[gallery_image_1]\" class=\"fusion-lightbox\" target=\"_self\"><img decoding=\"async\" src=\"https:\/\/zivykraj.cz\/wp-content\/uploads\/2021\/02\/Cheb_4-460x295.jpg\" width=\"460\" height=\"295\" alt=\"\" title=\"Cheb_4\" aria-label=\"Cheb_4\" class=\"img-responsive wp-image-9095 fusion-gallery-image-size-fixed\"  \/><\/a><\/div><\/div><div style=\"padding:5px;\" class=\"fusion-grid-column fusion-gallery-column fusion-gallery-column-3 hover-type-none\"><div class=\"fusion-gallery-image\"><a href=\"https:\/\/zivykraj.cz\/wp-content\/uploads\/2021\/02\/Cheb_5.jpg\" rel=\"noreferrer\" data-rel=\"iLightbox[gallery_image_1]\" class=\"fusion-lightbox\" target=\"_self\"><img decoding=\"async\" src=\"https:\/\/zivykraj.cz\/wp-content\/uploads\/2021\/02\/Cheb_5-460x295.jpg\" width=\"460\" height=\"295\" alt=\"\" title=\"Cheb_5\" aria-label=\"Cheb_5\" class=\"img-responsive wp-image-9096 fusion-gallery-image-size-fixed\"  \/><\/a><\/div><\/div><div style=\"padding:5px;\" class=\"fusion-grid-column fusion-gallery-column fusion-gallery-column-3 hover-type-none\"><div class=\"fusion-gallery-image\"><a href=\"https:\/\/zivykraj.cz\/wp-content\/uploads\/2021\/02\/Cheb_6.jpg\" rel=\"noreferrer\" data-rel=\"iLightbox[gallery_image_1]\" class=\"fusion-lightbox\" target=\"_self\"><img decoding=\"async\" src=\"https:\/\/zivykraj.cz\/wp-content\/uploads\/2021\/02\/Cheb_6-460x295.jpg\" width=\"460\" height=\"295\" alt=\"\" title=\"Cheb_6\" aria-label=\"Cheb_6\" class=\"img-responsive wp-image-9097 fusion-gallery-image-size-fixed\"  \/><\/a><\/div><\/div><div class=\"clearfix\"><\/div><\/div><div class=\"fusion-clearfix\"><\/div><\/div><\/div><\/div><\/div><div class=\"fusion-fullwidth fullwidth-box fusion-builder-row-3 nonhundred-percent-fullwidth non-hundred-percent-height-scrolling\" style=\"background-color: #fafafa;background-position: center center;background-repeat: no-repeat;padding-top:20px;padding-right:60px;padding-bottom:0px;padding-left:60px;margin-bottom: 40px;margin-top: 20px;border-width: 0px 0px 0px 0px;border-color:#ecefef;border-style:solid;\" ><div class=\"fusion-builder-row fusion-row\"><div class=\"fusion-layout-column fusion_builder_column fusion-builder-column-2 fusion_builder_column_1_2 1_2 fusion-one-half fusion-column-first\" style=\"width:50%;width:calc(50% - ( ( 4% ) * 0.5 ) );margin-right: 4%;margin-top:25px;margin-bottom:25px;\"><div class=\"fusion-column-wrapper fusion-flex-column-wrapper-legacy\" style=\"background-position:left top;background-repeat:no-repeat;-webkit-background-size:cover;-moz-background-size:cover;-o-background-size:cover;background-size:cover;padding: 0px 0px 0px 0px;\"><div class=\"fusion-text fusion-text-2\"><p><strong>Telefon:<\/strong> +420 354 440 302<br \/>\n<strong>E-mail:<\/strong> <a href=\"mailto:infocentrum@cheb.cz\">infocentrum@cheb.cz<\/a><\/p>\n<\/div><div class=\"fusion-clearfix\"><\/div><\/div><\/div><div class=\"fusion-layout-column fusion_builder_column fusion-builder-column-3 fusion_builder_column_1_2 1_2 fusion-one-half fusion-column-last\" style=\"width:50%;width:calc(50% - ( ( 4% ) * 0.5 ) );margin-top:25px;margin-bottom:25px;\"><div class=\"fusion-column-wrapper fusion-flex-column-wrapper-legacy\" style=\"background-position:left top;background-repeat:no-repeat;-webkit-background-size:cover;-moz-background-size:cover;-o-background-size:cover;background-size:cover;padding: 0px 0px 0px 0px;\"><div class=\"fusion-alignright\"><style>.fusion-body .fusion-button.button-1{border-radius:0px 0px 0px 0px;}<\/style><a class=\"fusion-button button-flat fusion-button-default-size button-default button-1 fusion-button-default-span fusion-button-default-type\" target=\"_self\" href=\"https:\/\/tic.cheb.cz\/\"><span class=\"fusion-button-text\">Die offizielle Website der Stadt<\/span><\/a><\/div><div class=\"fusion-clearfix\"><\/div><\/div><\/div><\/div><\/div><div class=\"fusion-fullwidth fullwidth-box fusion-builder-row-4 fusion-flex-container nonhundred-percent-fullwidth non-hundred-percent-height-scrolling\" style=\"background-color: rgba(255,255,255,0);background-position: center center;background-repeat: no-repeat;border-width: 0px 0px 0px 0px;border-color:#ecefef;border-style:solid;\" ><div class=\"fusion-builder-row fusion-row fusion-flex-align-items-flex-start\" style=\"max-width:1206.4px;margin-left: calc(-4% \/ 2 );margin-right: calc(-4% \/ 2 );\"><div class=\"fusion-layout-column fusion_builder_column fusion-builder-column-4 fusion_builder_column_1_1 1_1 fusion-flex-column\"><div class=\"fusion-column-wrapper fusion-flex-justify-content-flex-start fusion-content-layout-column\" style=\"background-position:left top;background-repeat:no-repeat;-webkit-background-size:cover;-moz-background-size:cover;-o-background-size:cover;background-size:cover;padding: 0px 0px 0px 0px;\"><div class=\"fusion-text fusion-text-3\"><h2 style=\"text-align: center;\"><b>Lass dich inspirieren<\/b><\/h2>\n<\/div><\/div><style type=\"text\/css\">.fusion-body .fusion-builder-column-4{width:100% !important;margin-top : 25px;margin-bottom : 25px;}.fusion-builder-column-4 > .fusion-column-wrapper {padding-top : 0px !important;padding-right : 0px !important;margin-right : 1.92%;padding-bottom : 0px !important;padding-left : 0px !important;margin-left : 1.92%;}@media only screen and (max-width:1024px) {.fusion-body .fusion-builder-column-4{width:100% !important;order : 0;}.fusion-builder-column-4 > .fusion-column-wrapper {margin-right : 1.92%;margin-left : 1.92%;}}@media only screen and (max-width:640px) {.fusion-body .fusion-builder-column-4{width:100% !important;order : 0;}.fusion-builder-column-4 > .fusion-column-wrapper {margin-right : 1.92%;margin-left : 1.92%;}}<\/style><\/div><\/div><style type=\"text\/css\">.fusion-body .fusion-flex-container.fusion-builder-row-4{ padding-top : 0px;margin-top : 0px;padding-right : 0px;padding-bottom : 0px;margin-bottom : 0px;padding-left : 0px;}<\/style><\/div><div class=\"fusion-fullwidth fullwidth-box fusion-builder-row-5 display-none nonhundred-percent-fullwidth non-hundred-percent-height-scrolling\" style=\"background-color: rgba(255,255,255,0);background-position: center center;background-repeat: no-repeat;padding-top:0px;padding-right:0px;padding-bottom:0px;padding-left:0px;margin-bottom: 0px;margin-top: 0px;border-width: 0px 0px 0px 0px;border-color:#ecefef;border-style:solid;\" ><div class=\"fusion-builder-row fusion-row\"><div class=\"fusion-layout-column fusion_builder_column fusion-builder-column-5 fusion_builder_column_1_1 1_1 fusion-one-full fusion-column-first fusion-column-last\" style=\"margin-top:25px;margin-bottom:25px;\"><div class=\"fusion-column-wrapper fusion-flex-column-wrapper-legacy\" style=\"background-position:left top;background-repeat:no-repeat;-webkit-background-size:cover;-moz-background-size:cover;-o-background-size:cover;background-size:cover;padding: 0px 0px 0px 0px;\"><div class=\"fusion-text fusion-text-4 nechte-se-inspirovat\"><h2 style=\"text-align: center;\"><b>Lass dich inspirieren<\/b><\/h2>\n<\/div><div class=\"fusion-clearfix\"><\/div><\/div><\/div><\/div><\/div><\/p>\n","protected":false},"excerpt":{"rendered":"","protected":false},"author":1,"featured_media":17392,"parent":17779,"menu_order":0,"comment_status":"closed","ping_status":"closed","template":"","meta":{"_acf_changed":false,"inline_featured_image":false,"footnotes":""},"acf":[],"yoast_head":"<!-- This site is optimized with the Yoast SEO plugin v22.3 - https:\/\/yoast.com\/wordpress\/plugins\/seo\/ -->\n<title>Cheb (Eger) | \u017divyKraj.cz<\/title>\n<meta name=\"robots\" content=\"index, follow, max-snippet:-1, max-image-preview:large, max-video-preview:-1\" \/>\n<link rel=\"canonical\" href=\"https:\/\/zivykraj.cz\/de\/ausflugsziele\/cheb\/\" \/>\n<meta property=\"og:locale\" content=\"de_DE\" \/>\n<meta property=\"og:type\" content=\"article\" \/>\n<meta property=\"og:title\" content=\"Cheb (Eger) | \u017divyKraj.cz\" \/>\n<meta property=\"og:url\" content=\"https:\/\/zivykraj.cz\/de\/ausflugsziele\/cheb\/\" \/>\n<meta property=\"og:site_name\" content=\"\u017divyKraj.cz\" \/>\n<meta property=\"article:modified_time\" content=\"2022-07-18T08:24:23+00:00\" \/>\n<meta property=\"og:image\" content=\"https:\/\/zivykraj.cz\/wp-content\/uploads\/2021\/09\/Cheb_uvodni.jpg\" \/>\n\t<meta property=\"og:image:width\" content=\"1920\" \/>\n\t<meta property=\"og:image:height\" content=\"647\" \/>\n\t<meta property=\"og:image:type\" content=\"image\/jpeg\" \/>\n<meta name=\"twitter:card\" content=\"summary_large_image\" \/>\n<meta name=\"twitter:label1\" content=\"Gesch\u00e4tzte Lesezeit\" \/>\n\t<meta name=\"twitter:data1\" content=\"15 Minuten\" \/>\n<script type=\"application\/ld+json\" class=\"yoast-schema-graph\">{\"@context\":\"https:\/\/schema.org\",\"@graph\":[{\"@type\":\"WebPage\",\"@id\":\"https:\/\/zivykraj.cz\/de\/ausflugsziele\/cheb\/\",\"url\":\"https:\/\/zivykraj.cz\/de\/ausflugsziele\/cheb\/\",\"name\":\"Cheb (Eger) | \u017divyKraj.cz\",\"isPartOf\":{\"@id\":\"https:\/\/zivykraj.cz\/de\/#website\"},\"primaryImageOfPage\":{\"@id\":\"https:\/\/zivykraj.cz\/de\/ausflugsziele\/cheb\/#primaryimage\"},\"image\":{\"@id\":\"https:\/\/zivykraj.cz\/de\/ausflugsziele\/cheb\/#primaryimage\"},\"thumbnailUrl\":\"https:\/\/zivykraj.cz\/wp-content\/uploads\/2021\/09\/Cheb_uvodni.jpg\",\"datePublished\":\"2020-01-13T05:02:19+00:00\",\"dateModified\":\"2022-07-18T08:24:23+00:00\",\"breadcrumb\":{\"@id\":\"https:\/\/zivykraj.cz\/de\/ausflugsziele\/cheb\/#breadcrumb\"},\"inLanguage\":\"de-DE\",\"potentialAction\":[{\"@type\":\"ReadAction\",\"target\":[\"https:\/\/zivykraj.cz\/de\/ausflugsziele\/cheb\/\"]}]},{\"@type\":\"ImageObject\",\"inLanguage\":\"de-DE\",\"@id\":\"https:\/\/zivykraj.cz\/de\/ausflugsziele\/cheb\/#primaryimage\",\"url\":\"https:\/\/zivykraj.cz\/wp-content\/uploads\/2021\/09\/Cheb_uvodni.jpg\",\"contentUrl\":\"https:\/\/zivykraj.cz\/wp-content\/uploads\/2021\/09\/Cheb_uvodni.jpg\",\"width\":1920,\"height\":647},{\"@type\":\"BreadcrumbList\",\"@id\":\"https:\/\/zivykraj.cz\/de\/ausflugsziele\/cheb\/#breadcrumb\",\"itemListElement\":[{\"@type\":\"ListItem\",\"position\":1,\"name\":\"Home\",\"item\":\"https:\/\/zivykraj.cz\/de\/\"},{\"@type\":\"ListItem\",\"position\":2,\"name\":\"Ausflugsziele\",\"item\":\"https:\/\/zivykraj.cz\/de\/ausflugsziele\/\"},{\"@type\":\"ListItem\",\"position\":3,\"name\":\"Cheb (Eger)\"}]},{\"@type\":\"WebSite\",\"@id\":\"https:\/\/zivykraj.cz\/de\/#website\",\"url\":\"https:\/\/zivykraj.cz\/de\/\",\"name\":\"\u017divyKraj.cz\",\"description\":\"Turistick\u00fd web - Karlovarsk\u00fd kraj\",\"publisher\":{\"@id\":\"https:\/\/zivykraj.cz\/de\/#organization\"},\"potentialAction\":[{\"@type\":\"SearchAction\",\"target\":{\"@type\":\"EntryPoint\",\"urlTemplate\":\"https:\/\/zivykraj.cz\/de\/?s={search_term_string}\"},\"query-input\":\"required name=search_term_string\"}],\"inLanguage\":\"de-DE\"},{\"@type\":\"Organization\",\"@id\":\"https:\/\/zivykraj.cz\/de\/#organization\",\"name\":\"\u017divyKraj.cz\",\"url\":\"https:\/\/zivykraj.cz\/de\/\",\"logo\":{\"@type\":\"ImageObject\",\"inLanguage\":\"de-DE\",\"@id\":\"https:\/\/zivykraj.cz\/de\/#\/schema\/logo\/image\/\",\"url\":\"https:\/\/zivykraj.cz\/wp-content\/uploads\/2021\/08\/logo_white.png\",\"contentUrl\":\"https:\/\/zivykraj.cz\/wp-content\/uploads\/2021\/08\/logo_white.png\",\"width\":223,\"height\":59,\"caption\":\"\u017divyKraj.cz\"},\"image\":{\"@id\":\"https:\/\/zivykraj.cz\/de\/#\/schema\/logo\/image\/\"}}]}<\/script>\n<!-- \/ Yoast SEO plugin. -->","yoast_head_json":{"title":"Cheb (Eger) | \u017divyKraj.cz","robots":{"index":"index","follow":"follow","max-snippet":"max-snippet:-1","max-image-preview":"max-image-preview:large","max-video-preview":"max-video-preview:-1"},"canonical":"https:\/\/zivykraj.cz\/de\/ausflugsziele\/cheb\/","og_locale":"de_DE","og_type":"article","og_title":"Cheb (Eger) | \u017divyKraj.cz","og_url":"https:\/\/zivykraj.cz\/de\/ausflugsziele\/cheb\/","og_site_name":"\u017divyKraj.cz","article_modified_time":"2022-07-18T08:24:23+00:00","og_image":[{"width":1920,"height":647,"url":"https:\/\/zivykraj.cz\/wp-content\/uploads\/2021\/09\/Cheb_uvodni.jpg","type":"image\/jpeg"}],"twitter_card":"summary_large_image","twitter_misc":{"Gesch\u00e4tzte Lesezeit":"15 Minuten"},"schema":{"@context":"https:\/\/schema.org","@graph":[{"@type":"WebPage","@id":"https:\/\/zivykraj.cz\/de\/ausflugsziele\/cheb\/","url":"https:\/\/zivykraj.cz\/de\/ausflugsziele\/cheb\/","name":"Cheb (Eger) | \u017divyKraj.cz","isPartOf":{"@id":"https:\/\/zivykraj.cz\/de\/#website"},"primaryImageOfPage":{"@id":"https:\/\/zivykraj.cz\/de\/ausflugsziele\/cheb\/#primaryimage"},"image":{"@id":"https:\/\/zivykraj.cz\/de\/ausflugsziele\/cheb\/#primaryimage"},"thumbnailUrl":"https:\/\/zivykraj.cz\/wp-content\/uploads\/2021\/09\/Cheb_uvodni.jpg","datePublished":"2020-01-13T05:02:19+00:00","dateModified":"2022-07-18T08:24:23+00:00","breadcrumb":{"@id":"https:\/\/zivykraj.cz\/de\/ausflugsziele\/cheb\/#breadcrumb"},"inLanguage":"de-DE","potentialAction":[{"@type":"ReadAction","target":["https:\/\/zivykraj.cz\/de\/ausflugsziele\/cheb\/"]}]},{"@type":"ImageObject","inLanguage":"de-DE","@id":"https:\/\/zivykraj.cz\/de\/ausflugsziele\/cheb\/#primaryimage","url":"https:\/\/zivykraj.cz\/wp-content\/uploads\/2021\/09\/Cheb_uvodni.jpg","contentUrl":"https:\/\/zivykraj.cz\/wp-content\/uploads\/2021\/09\/Cheb_uvodni.jpg","width":1920,"height":647},{"@type":"BreadcrumbList","@id":"https:\/\/zivykraj.cz\/de\/ausflugsziele\/cheb\/#breadcrumb","itemListElement":[{"@type":"ListItem","position":1,"name":"Home","item":"https:\/\/zivykraj.cz\/de\/"},{"@type":"ListItem","position":2,"name":"Ausflugsziele","item":"https:\/\/zivykraj.cz\/de\/ausflugsziele\/"},{"@type":"ListItem","position":3,"name":"Cheb (Eger)"}]},{"@type":"WebSite","@id":"https:\/\/zivykraj.cz\/de\/#website","url":"https:\/\/zivykraj.cz\/de\/","name":"\u017divyKraj.cz","description":"Turistick\u00fd web - Karlovarsk\u00fd kraj","publisher":{"@id":"https:\/\/zivykraj.cz\/de\/#organization"},"potentialAction":[{"@type":"SearchAction","target":{"@type":"EntryPoint","urlTemplate":"https:\/\/zivykraj.cz\/de\/?s={search_term_string}"},"query-input":"required name=search_term_string"}],"inLanguage":"de-DE"},{"@type":"Organization","@id":"https:\/\/zivykraj.cz\/de\/#organization","name":"\u017divyKraj.cz","url":"https:\/\/zivykraj.cz\/de\/","logo":{"@type":"ImageObject","inLanguage":"de-DE","@id":"https:\/\/zivykraj.cz\/de\/#\/schema\/logo\/image\/","url":"https:\/\/zivykraj.cz\/wp-content\/uploads\/2021\/08\/logo_white.png","contentUrl":"https:\/\/zivykraj.cz\/wp-content\/uploads\/2021\/08\/logo_white.png","width":223,"height":59,"caption":"\u017divyKraj.cz"},"image":{"@id":"https:\/\/zivykraj.cz\/de\/#\/schema\/logo\/image\/"}}]}},"_links":{"self":[{"href":"https:\/\/zivykraj.cz\/de\/wp-json\/wp\/v2\/pages\/18246"}],"collection":[{"href":"https:\/\/zivykraj.cz\/de\/wp-json\/wp\/v2\/pages"}],"about":[{"href":"https:\/\/zivykraj.cz\/de\/wp-json\/wp\/v2\/types\/page"}],"author":[{"embeddable":true,"href":"https:\/\/zivykraj.cz\/de\/wp-json\/wp\/v2\/users\/1"}],"replies":[{"embeddable":true,"href":"https:\/\/zivykraj.cz\/de\/wp-json\/wp\/v2\/comments?post=18246"}],"version-history":[{"count":2,"href":"https:\/\/zivykraj.cz\/de\/wp-json\/wp\/v2\/pages\/18246\/revisions"}],"predecessor-version":[{"id":64335,"href":"https:\/\/zivykraj.cz\/de\/wp-json\/wp\/v2\/pages\/18246\/revisions\/64335"}],"up":[{"embeddable":true,"href":"https:\/\/zivykraj.cz\/de\/wp-json\/wp\/v2\/pages\/17779"}],"wp:featuredmedia":[{"embeddable":true,"href":"https:\/\/zivykraj.cz\/de\/wp-json\/wp\/v2\/media\/17392"}],"wp:attachment":[{"href":"https:\/\/zivykraj.cz\/de\/wp-json\/wp\/v2\/media?parent=18246"}],"curies":[{"name":"wp","href":"https:\/\/api.w.org\/{rel}","templated":true}]}}