{"id":18550,"date":"2021-10-15T10:31:56","date_gmt":"2021-10-15T08:31:56","guid":{"rendered":"https:\/\/zivykraj.cz\/?page_id=18550"},"modified":"2022-07-18T10:33:10","modified_gmt":"2022-07-18T08:33:10","slug":"wellness","status":"publish","type":"page","link":"https:\/\/zivykraj.cz\/de\/kuren-und-wellness\/wellness\/","title":{"rendered":"Wellness"},"content":{"rendered":"<div class=\"fusion-fullwidth fullwidth-box fusion-builder-row-1 nonhundred-percent-fullwidth non-hundred-percent-height-scrolling\" style=\"background-color: rgba(255,255,255,0);background-position: center center;background-repeat: no-repeat;padding-top:0px;padding-right:0px;padding-bottom:0px;padding-left:0px;margin-bottom: 0px;margin-top: 0px;border-width: 0px 0px 0px 0px;border-color:#ecefef;border-style:solid;\" ><div class=\"fusion-builder-row fusion-row\"><div class=\"fusion-layout-column fusion_builder_column fusion-builder-column-0 fusion_builder_column_1_1 1_1 fusion-one-full fusion-column-first fusion-column-last\" style=\"margin-top:25px;margin-bottom:0px;\"><div class=\"fusion-column-wrapper fusion-flex-column-wrapper-legacy\" style=\"background-position:left top;background-repeat:no-repeat;-webkit-background-size:cover;-moz-background-size:cover;-o-background-size:cover;background-size:cover;padding: 0px 0px 0px 0px;\"><div class=\"fusion-text fusion-text-1\"><h3><b>Wellness &#8211; jeder Tag ist eine Herausforderung. Finden Sie in einem Heilbad eine wohlverdiente Ruhepause.<\/b><\/h3>\n<p>Wellness-Aufenthalte dienen dazu, sich von Alltagssorgen zu l\u00f6sen, den K\u00f6rper von beginnenden Schmerzen durch stereotype Bewegungsabl\u00e4ufe in der Arbeitswelt zu befreien, Energie zu tanken, zu entspannen, sich einer gewissen inneren Reinigung zu unterziehen und sowohl den K\u00f6rper als auch die Psyche, die f\u00fcr die Gesundheit so wichtig ist, in Einklang zu bringen.<\/p>\n<p>Genie\u00dfen Sie K\u00f6rper- und Gesichtsrituale, die reich an Kr\u00e4utern, Natur\u00f6len oder Schokolade sind. Massagen mit einem Touch von Orient, Saunen, Whirlpools und Schwimmb\u00e4der. Im breiten Angebot an Entspannungs- und Wellness-Aufenthalten wird jeder f\u00fcndig.<span class=\"Apple-converted-space\">\u00a0<\/span><\/p>\n<h3><b>Selfness &#8211; halten Sie die Zeit an und konzentrieren Sie sich nur auf Ihren K\u00f6rper und Geist<\/b><\/h3>\n<p>Dabei geht es nicht nur um Entspannung, sondern auch um die St\u00e4rkung der psychischen Gesundheit, die uns mit positiver Energie aufl\u00e4dt. Ein ganzheitlicher Ansatz f\u00fcr einen gesunden Lebensstil beruht auf einer Kombination moderner und uralter Techniken der Entspannung und der Meditation, des Ergr\u00fcndens des inneren Ich und der Befriedigung eigener Bed\u00fcrfnisse. Kurorte &#8211; \u00fcbers\u00e4t mit gr\u00fcnen Parks und eingebettet in tiefe W\u00e4lder &#8211; sind die richtige Umgebung zum Entspannen, in der Sie die n\u00f6tige Ruhe finden und neue Energie tanken k\u00f6nnen. W\u00e4hlen Sie aus dem Angebot der Wellness-Hotels aus.<\/p>\n<h3><b>Gesundheit und Vitalit\u00e4t<\/b><\/h3>\n<ul>\n<li>Die gro\u00dfe Dichte an Heilquellen, das einzigartige Klima und andere nat\u00fcrliche Heilquellen zeugen von der au\u00dfergew\u00f6hnlich positiven Energie dieses Ortes, die sich in den Sch\u00e4tzen von Mutter Natur verbirgt.<\/li>\n<li>Kurorte sind f\u00fcr die Steigerung der k\u00f6rperlichen Vitalit\u00e4t wie geschaffen und bieten sportliche Aktivit\u00e4ten in einer wundersch\u00f6nen Umgebung, die zu Spazierg\u00e4ngen und Wanderungen einl\u00e4dt.<span class=\"Apple-converted-space\">\u00a0<\/span><\/li>\n<li>G\u00e4ste k\u00f6nnen Schwimmb\u00e4der mit Saunen, Fitnesscenter, Tennispl\u00e4tze, Golfpl\u00e4tze, Fahrradverleihe nutzen und viele andere sportliche Aktivit\u00e4ten unternehmen.<\/li>\n<\/ul>\n<h3><b>Familienurlaub im Heilbad<\/b><\/h3>\n<p>Sie wollen Entspannung, Wellness, sportliche Aktivit\u00e4ten und Romantik f\u00fcr Eltern sowie Spa\u00df und Aktivit\u00e4ten f\u00fcr neugierige und rastlose Kinder? Die Region Karlsbad ist perfekt f\u00fcr einen aktiven und gleichzeitig erholsamen Familienurlaub. Moderne Wellness-Zentren verw\u00f6hnen Sie mit einem bemerkenswerten Angebot an Pflege-, Entspannungs- und Therapieprogrammen sowie mit Sch\u00f6nheits- und Well-Being-Angeboten und hochwertigen Hoteleinrichtungen.<\/p>\n<p>Haben Sie Spa\u00df an Aktivit\u00e4ten im und am Wasser? Fahren Sie gerne Rad, lernen gerne lokale Geschichten kennen und fahren im Winter gern Ski? In der Region Karlsbad wird jeder f\u00fcndig. M\u00e4rchenhafte Burgen, zauberhafte Schl\u00f6sser, ausgedehnte Radwege, Bio-Bauernh\u00f6fe sowie Adrenalin im Blut f\u00fcr Anspruchsvolle warten auf Sie. Bereiten Sie Ihren Familienurlaub vor &#8211; einen, den Sie nicht vergessen werden.<\/p>\n<h3><b>Genie\u00dfen Sie Spa\u00df im und am Wasser<\/b><\/h3>\n<p>\u2022 Aquaforum Franzensbad<\/p>\n<p>\u2022 Aquacentrum Agricola<\/p>\n<p>\u2022 KV Ar\u00e9na<\/p>\n<p>\u2022 Hallenbad Sokolov<\/p>\n<h3><b>Urlaub mit Kindern<\/b><\/h3>\n<p>\u2022 Boheminium Park<\/p>\n<p>\u2022 Botanischer Garten und Schloss Be\u010dov<\/p>\n<p>\u2022 Zoopark und Teich Amerika<\/p>\n<p>\u2022 Seilzentrum und das Gehege Obora Svat\u00fd Linhart<\/p>\n<p>\u2022 Schmetterlingshaus und Aussichtsturm Diana<\/p>\n<p>\u2022 Christkindlweg in Bo\u017e\u00ed Dar<\/p>\n<p>\u2022 Kindertour im Schloss Kyn\u017evart<\/p>\n<p>\u2022 Park Prel\u00e1t u. v. a.<\/p>\n<\/div><div class=\"fusion-sep-clear\"><\/div><div class=\"fusion-separator fusion-full-width-sep\" style=\"margin-left: auto;margin-right: auto;margin-top:40px;width:100%;\"><\/div><div class=\"fusion-sep-clear\"><\/div><div class=\"fusion-text fusion-text-2\"><h2 style=\"text-align: center;\"><b>Lass dich inspirieren<\/b><\/h2>\n<\/div><div class=\"fusion-text fusion-text-3 nechte-se-inspirovat display-none\"><h2 style=\"text-align: center;\"><b>Lass dich inspirieren<\/b><\/h2>\n<\/div><div class=\"fusion-recent-posts fusion-recent-posts-1 avada-container layout-default layout-columns-3 fusion-recent-posts-center fusion-recent-posts-infinite fusion-recent-posts-load-more blog-grid display-none\" data-pages=\"1\"><section class=\"fusion-columns columns fusion-columns-3 columns-3\"><article class=\"post fusion-column column col col-lg-4 col-md-4 col-sm-4\"><div class=\"fusion-flexslider fusion-flexslider-loading flexslider flexslider-hover-type-zoomin\"><ul class=\"slides\"><li><a href=\"https:\/\/zivykraj.cz\/de\/tipy-de\/karlovarsky-kraj-raj-golfistu\/\" aria-label=\"Region Karlovy Vary &#8211; ein Paradies f\u00fcr Golfer\" class=\"hover-type-zoomin\"><img decoding=\"async\" width=\"700\" height=\"441\" src=\"https:\/\/zivykraj.cz\/wp-content\/uploads\/2025\/04\/1L0A1629-1-1-700x441.webp\" class=\"attachment-recent-posts size-recent-posts lazyload\" alt=\"\" srcset=\"data:image\/svg+xml,%3Csvg%20xmlns%3D%27http%3A%2F%2Fwww.w3.org%2F2000%2Fsvg%27%20width%3D%271900%27%20height%3D%271107%27%20viewBox%3D%270%200%201900%201107%27%3E%3Crect%20width%3D%271900%27%20height%3D%271107%27%20fill-opacity%3D%220%22%2F%3E%3C%2Fsvg%3E\" data-orig-src=\"https:\/\/zivykraj.cz\/wp-content\/uploads\/2025\/04\/1L0A1629-1-1-700x441.webp\" data-srcset=\"https:\/\/zivykraj.cz\/wp-content\/uploads\/2025\/04\/1L0A1629-1-1-320x202.webp 320w, https:\/\/zivykraj.cz\/wp-content\/uploads\/2025\/04\/1L0A1629-1-1-700x441.webp 700w\" data-sizes=\"auto\" \/><\/a><\/li><\/ul><\/div><div class=\"recent-posts-content\"><span class=\"vcard\" style=\"display: none;\"><span class=\"fn\"><a href=\"https:\/\/zivykraj.cz\/de\/author\/admin\/\" title=\"Beitr\u00e4ge von admin\" rel=\"author\">admin<\/a><\/span><\/span><span class=\"updated\" style=\"display:none;\">2025-05-20T13:42:14+02:00<\/span><h4 class=\"entry-title\"><a href=\"https:\/\/zivykraj.cz\/de\/tipy-de\/karlovarsky-kraj-raj-golfistu\/\">Region Karlovy Vary &#8211; ein Paradies f\u00fcr Golfer<\/a><\/h4><p>Die Region Karlovy Vary ist nicht nur ein Kurort. Neben den vielen Mineralquellen gibt es hier auch perfekte Golfpl\u00e4tze. Der erste wurde 1905 er\u00f6ffnet, heute gibt es in der Karlsbader Region zehn davon, sieben davon sind sogar Achtzehn-Loch-Pl\u00e4tze. Wir stellen Ihnen die besten von ihnen vor, also schnappen Sie sich Ihre Tasche und los geht's!<\/p><\/div><\/article><article class=\"post fusion-column column col col-lg-4 col-md-4 col-sm-4\"><div class=\"fusion-flexslider fusion-flexslider-loading flexslider flexslider-hover-type-zoomin\"><ul class=\"slides\"><li><a href=\"https:\/\/zivykraj.cz\/de\/aktivitaten\/top-3-der-besten-golfplatze-in-der-region\/\" aria-label=\"Top 3 der besten Golfpl\u00e4tze in der Region\" class=\"hover-type-zoomin\"><img decoding=\"async\" width=\"700\" height=\"441\" src=\"https:\/\/zivykraj.cz\/wp-content\/uploads\/2025\/04\/41_10_1353946997_879950_max-e1551277098135-700x441.webp\" class=\"attachment-recent-posts size-recent-posts lazyload\" alt=\"\" srcset=\"data:image\/svg+xml,%3Csvg%20xmlns%3D%27http%3A%2F%2Fwww.w3.org%2F2000%2Fsvg%27%20width%3D%271200%27%20height%3D%27800%27%20viewBox%3D%270%200%201200%20800%27%3E%3Crect%20width%3D%271200%27%20height%3D%27800%27%20fill-opacity%3D%220%22%2F%3E%3C%2Fsvg%3E\" data-orig-src=\"https:\/\/zivykraj.cz\/wp-content\/uploads\/2025\/04\/41_10_1353946997_879950_max-e1551277098135-700x441.webp\" data-srcset=\"https:\/\/zivykraj.cz\/wp-content\/uploads\/2025\/04\/41_10_1353946997_879950_max-e1551277098135-320x202.webp 320w, https:\/\/zivykraj.cz\/wp-content\/uploads\/2025\/04\/41_10_1353946997_879950_max-e1551277098135-700x441.webp 700w\" data-sizes=\"auto\" \/><\/a><\/li><\/ul><\/div><div class=\"recent-posts-content\"><span class=\"vcard\" style=\"display: none;\"><span class=\"fn\"><a href=\"https:\/\/zivykraj.cz\/de\/author\/admin\/\" title=\"Beitr\u00e4ge von admin\" rel=\"author\">admin<\/a><\/span><\/span><span class=\"updated\" style=\"display:none;\">2025-05-21T10:38:03+02:00<\/span><h4 class=\"entry-title\"><a href=\"https:\/\/zivykraj.cz\/de\/aktivitaten\/top-3-der-besten-golfplatze-in-der-region\/\">Top 3 der besten Golfpl\u00e4tze in der Region<\/a><\/h4><p>Wir bringen Ihnen einen \u00dcberblick \u00fcber die besten Golfpl\u00e4tze, an denen Sie spielen k\u00f6nnen. Glauben Sie uns, es gibt gen\u00fcgend M\u00f6glichkeiten - denn auch der \u00e4lteste Golfclub Tschechiens wurde in Karlsbad gegr\u00fcndet! Dieser Sport hat in der Region definitiv Tradition und seine Anh\u00e4nger.<\/p><\/div><\/article><\/section><\/div><div class=\"fusion-clearfix\"><\/div><\/div><\/div><\/div><\/div>\n","protected":false},"excerpt":{"rendered":"","protected":false},"author":1,"featured_media":19019,"parent":19179,"menu_order":0,"comment_status":"closed","ping_status":"closed","template":"","meta":{"_acf_changed":false,"inline_featured_image":false,"footnotes":""},"acf":[],"yoast_head":"<!-- This site is optimized with the Yoast SEO plugin v22.3 - https:\/\/yoast.com\/wordpress\/plugins\/seo\/ -->\n<title>Wellness | \u017divyKraj.cz<\/title>\n<meta name=\"robots\" content=\"index, follow, max-snippet:-1, max-image-preview:large, max-video-preview:-1\" \/>\n<link rel=\"canonical\" href=\"https:\/\/zivykraj.cz\/de\/kuren-und-wellness\/wellness\/\" \/>\n<meta property=\"og:locale\" content=\"de_DE\" \/>\n<meta property=\"og:type\" content=\"article\" \/>\n<meta property=\"og:title\" content=\"Wellness | \u017divyKraj.cz\" \/>\n<meta property=\"og:url\" content=\"https:\/\/zivykraj.cz\/de\/kuren-und-wellness\/wellness\/\" \/>\n<meta property=\"og:site_name\" content=\"\u017divyKraj.cz\" \/>\n<meta property=\"article:modified_time\" content=\"2022-07-18T08:33:10+00:00\" \/>\n<meta property=\"og:image\" content=\"https:\/\/zivykraj.cz\/wp-content\/uploads\/2021\/10\/Foto-header1-scaled.jpg\" \/>\n\t<meta property=\"og:image:width\" content=\"2560\" \/>\n\t<meta property=\"og:image:height\" content=\"2210\" \/>\n\t<meta property=\"og:image:type\" content=\"image\/jpeg\" \/>\n<meta name=\"twitter:card\" content=\"summary_large_image\" \/>\n<meta name=\"twitter:label1\" content=\"Gesch\u00e4tzte Lesezeit\" \/>\n\t<meta name=\"twitter:data1\" content=\"6 Minuten\" \/>\n<script type=\"application\/ld+json\" class=\"yoast-schema-graph\">{\"@context\":\"https:\/\/schema.org\",\"@graph\":[{\"@type\":\"WebPage\",\"@id\":\"https:\/\/zivykraj.cz\/de\/kuren-und-wellness\/wellness\/\",\"url\":\"https:\/\/zivykraj.cz\/de\/kuren-und-wellness\/wellness\/\",\"name\":\"Wellness | \u017divyKraj.cz\",\"isPartOf\":{\"@id\":\"https:\/\/zivykraj.cz\/de\/#website\"},\"primaryImageOfPage\":{\"@id\":\"https:\/\/zivykraj.cz\/de\/kuren-und-wellness\/wellness\/#primaryimage\"},\"image\":{\"@id\":\"https:\/\/zivykraj.cz\/de\/kuren-und-wellness\/wellness\/#primaryimage\"},\"thumbnailUrl\":\"https:\/\/zivykraj.cz\/wp-content\/uploads\/2021\/10\/Foto-header1-scaled.jpg\",\"datePublished\":\"2021-10-15T08:31:56+00:00\",\"dateModified\":\"2022-07-18T08:33:10+00:00\",\"breadcrumb\":{\"@id\":\"https:\/\/zivykraj.cz\/de\/kuren-und-wellness\/wellness\/#breadcrumb\"},\"inLanguage\":\"de-DE\",\"potentialAction\":[{\"@type\":\"ReadAction\",\"target\":[\"https:\/\/zivykraj.cz\/de\/kuren-und-wellness\/wellness\/\"]}]},{\"@type\":\"ImageObject\",\"inLanguage\":\"de-DE\",\"@id\":\"https:\/\/zivykraj.cz\/de\/kuren-und-wellness\/wellness\/#primaryimage\",\"url\":\"https:\/\/zivykraj.cz\/wp-content\/uploads\/2021\/10\/Foto-header1-scaled.jpg\",\"contentUrl\":\"https:\/\/zivykraj.cz\/wp-content\/uploads\/2021\/10\/Foto-header1-scaled.jpg\",\"width\":2560,\"height\":2210},{\"@type\":\"BreadcrumbList\",\"@id\":\"https:\/\/zivykraj.cz\/de\/kuren-und-wellness\/wellness\/#breadcrumb\",\"itemListElement\":[{\"@type\":\"ListItem\",\"position\":1,\"name\":\"Home\",\"item\":\"https:\/\/zivykraj.cz\/de\/\"},{\"@type\":\"ListItem\",\"position\":2,\"name\":\"Kuren und Wellness\",\"item\":\"https:\/\/zivykraj.cz\/de\/kuren-und-wellness\/\"},{\"@type\":\"ListItem\",\"position\":3,\"name\":\"Wellness\"}]},{\"@type\":\"WebSite\",\"@id\":\"https:\/\/zivykraj.cz\/de\/#website\",\"url\":\"https:\/\/zivykraj.cz\/de\/\",\"name\":\"\u017divyKraj.cz\",\"description\":\"Turistick\u00fd web - Karlovarsk\u00fd kraj\",\"publisher\":{\"@id\":\"https:\/\/zivykraj.cz\/de\/#organization\"},\"potentialAction\":[{\"@type\":\"SearchAction\",\"target\":{\"@type\":\"EntryPoint\",\"urlTemplate\":\"https:\/\/zivykraj.cz\/de\/?s={search_term_string}\"},\"query-input\":\"required name=search_term_string\"}],\"inLanguage\":\"de-DE\"},{\"@type\":\"Organization\",\"@id\":\"https:\/\/zivykraj.cz\/de\/#organization\",\"name\":\"\u017divyKraj.cz\",\"url\":\"https:\/\/zivykraj.cz\/de\/\",\"logo\":{\"@type\":\"ImageObject\",\"inLanguage\":\"de-DE\",\"@id\":\"https:\/\/zivykraj.cz\/de\/#\/schema\/logo\/image\/\",\"url\":\"https:\/\/zivykraj.cz\/wp-content\/uploads\/2021\/08\/logo_white.png\",\"contentUrl\":\"https:\/\/zivykraj.cz\/wp-content\/uploads\/2021\/08\/logo_white.png\",\"width\":223,\"height\":59,\"caption\":\"\u017divyKraj.cz\"},\"image\":{\"@id\":\"https:\/\/zivykraj.cz\/de\/#\/schema\/logo\/image\/\"}}]}<\/script>\n<!-- \/ Yoast SEO plugin. -->","yoast_head_json":{"title":"Wellness | \u017divyKraj.cz","robots":{"index":"index","follow":"follow","max-snippet":"max-snippet:-1","max-image-preview":"max-image-preview:large","max-video-preview":"max-video-preview:-1"},"canonical":"https:\/\/zivykraj.cz\/de\/kuren-und-wellness\/wellness\/","og_locale":"de_DE","og_type":"article","og_title":"Wellness | \u017divyKraj.cz","og_url":"https:\/\/zivykraj.cz\/de\/kuren-und-wellness\/wellness\/","og_site_name":"\u017divyKraj.cz","article_modified_time":"2022-07-18T08:33:10+00:00","og_image":[{"width":2560,"height":2210,"url":"https:\/\/zivykraj.cz\/wp-content\/uploads\/2021\/10\/Foto-header1-scaled.jpg","type":"image\/jpeg"}],"twitter_card":"summary_large_image","twitter_misc":{"Gesch\u00e4tzte Lesezeit":"6 Minuten"},"schema":{"@context":"https:\/\/schema.org","@graph":[{"@type":"WebPage","@id":"https:\/\/zivykraj.cz\/de\/kuren-und-wellness\/wellness\/","url":"https:\/\/zivykraj.cz\/de\/kuren-und-wellness\/wellness\/","name":"Wellness | \u017divyKraj.cz","isPartOf":{"@id":"https:\/\/zivykraj.cz\/de\/#website"},"primaryImageOfPage":{"@id":"https:\/\/zivykraj.cz\/de\/kuren-und-wellness\/wellness\/#primaryimage"},"image":{"@id":"https:\/\/zivykraj.cz\/de\/kuren-und-wellness\/wellness\/#primaryimage"},"thumbnailUrl":"https:\/\/zivykraj.cz\/wp-content\/uploads\/2021\/10\/Foto-header1-scaled.jpg","datePublished":"2021-10-15T08:31:56+00:00","dateModified":"2022-07-18T08:33:10+00:00","breadcrumb":{"@id":"https:\/\/zivykraj.cz\/de\/kuren-und-wellness\/wellness\/#breadcrumb"},"inLanguage":"de-DE","potentialAction":[{"@type":"ReadAction","target":["https:\/\/zivykraj.cz\/de\/kuren-und-wellness\/wellness\/"]}]},{"@type":"ImageObject","inLanguage":"de-DE","@id":"https:\/\/zivykraj.cz\/de\/kuren-und-wellness\/wellness\/#primaryimage","url":"https:\/\/zivykraj.cz\/wp-content\/uploads\/2021\/10\/Foto-header1-scaled.jpg","contentUrl":"https:\/\/zivykraj.cz\/wp-content\/uploads\/2021\/10\/Foto-header1-scaled.jpg","width":2560,"height":2210},{"@type":"BreadcrumbList","@id":"https:\/\/zivykraj.cz\/de\/kuren-und-wellness\/wellness\/#breadcrumb","itemListElement":[{"@type":"ListItem","position":1,"name":"Home","item":"https:\/\/zivykraj.cz\/de\/"},{"@type":"ListItem","position":2,"name":"Kuren und Wellness","item":"https:\/\/zivykraj.cz\/de\/kuren-und-wellness\/"},{"@type":"ListItem","position":3,"name":"Wellness"}]},{"@type":"WebSite","@id":"https:\/\/zivykraj.cz\/de\/#website","url":"https:\/\/zivykraj.cz\/de\/","name":"\u017divyKraj.cz","description":"Turistick\u00fd web - Karlovarsk\u00fd kraj","publisher":{"@id":"https:\/\/zivykraj.cz\/de\/#organization"},"potentialAction":[{"@type":"SearchAction","target":{"@type":"EntryPoint","urlTemplate":"https:\/\/zivykraj.cz\/de\/?s={search_term_string}"},"query-input":"required name=search_term_string"}],"inLanguage":"de-DE"},{"@type":"Organization","@id":"https:\/\/zivykraj.cz\/de\/#organization","name":"\u017divyKraj.cz","url":"https:\/\/zivykraj.cz\/de\/","logo":{"@type":"ImageObject","inLanguage":"de-DE","@id":"https:\/\/zivykraj.cz\/de\/#\/schema\/logo\/image\/","url":"https:\/\/zivykraj.cz\/wp-content\/uploads\/2021\/08\/logo_white.png","contentUrl":"https:\/\/zivykraj.cz\/wp-content\/uploads\/2021\/08\/logo_white.png","width":223,"height":59,"caption":"\u017divyKraj.cz"},"image":{"@id":"https:\/\/zivykraj.cz\/de\/#\/schema\/logo\/image\/"}}]}},"_links":{"self":[{"href":"https:\/\/zivykraj.cz\/de\/wp-json\/wp\/v2\/pages\/18550"}],"collection":[{"href":"https:\/\/zivykraj.cz\/de\/wp-json\/wp\/v2\/pages"}],"about":[{"href":"https:\/\/zivykraj.cz\/de\/wp-json\/wp\/v2\/types\/page"}],"author":[{"embeddable":true,"href":"https:\/\/zivykraj.cz\/de\/wp-json\/wp\/v2\/users\/1"}],"replies":[{"embeddable":true,"href":"https:\/\/zivykraj.cz\/de\/wp-json\/wp\/v2\/comments?post=18550"}],"version-history":[{"count":2,"href":"https:\/\/zivykraj.cz\/de\/wp-json\/wp\/v2\/pages\/18550\/revisions"}],"predecessor-version":[{"id":64365,"href":"https:\/\/zivykraj.cz\/de\/wp-json\/wp\/v2\/pages\/18550\/revisions\/64365"}],"up":[{"embeddable":true,"href":"https:\/\/zivykraj.cz\/de\/wp-json\/wp\/v2\/pages\/19179"}],"wp:featuredmedia":[{"embeddable":true,"href":"https:\/\/zivykraj.cz\/de\/wp-json\/wp\/v2\/media\/19019"}],"wp:attachment":[{"href":"https:\/\/zivykraj.cz\/de\/wp-json\/wp\/v2\/media?parent=18550"}],"curies":[{"name":"wp","href":"https:\/\/api.w.org\/{rel}","templated":true}]}}