{"id":18577,"date":"2021-10-15T10:32:19","date_gmt":"2021-10-15T08:32:19","guid":{"rendered":"https:\/\/zivykraj.cz\/?page_id=18577"},"modified":"2022-07-18T10:31:22","modified_gmt":"2022-07-18T08:31:22","slug":"gesundheistourismus","status":"publish","type":"page","link":"https:\/\/zivykraj.cz\/de\/kuren-und-wellness\/gesundheistourismus\/","title":{"rendered":"Gesundheitstourismus"},"content":{"rendered":"<div class=\"fusion-fullwidth fullwidth-box fusion-builder-row-1 nonhundred-percent-fullwidth non-hundred-percent-height-scrolling\" style=\"background-color: rgba(255,255,255,0);background-position: center center;background-repeat: no-repeat;padding-top:0px;padding-right:0px;padding-bottom:0px;padding-left:0px;margin-bottom: 0px;margin-top: 0px;border-width: 0px 0px 0px 0px;border-color:#ecefef;border-style:solid;\" ><div class=\"fusion-builder-row fusion-row\"><div class=\"fusion-layout-column fusion_builder_column fusion-builder-column-0 fusion_builder_column_1_1 1_1 fusion-one-full fusion-column-first fusion-column-last\" style=\"margin-top:25px;margin-bottom:0px;\"><div class=\"fusion-column-wrapper fusion-flex-column-wrapper-legacy\" style=\"background-position:left top;background-repeat:no-repeat;-webkit-background-size:cover;-moz-background-size:cover;-o-background-size:cover;background-size:cover;padding: 0px 0px 0px 0px;\"><div class=\"fusion-text fusion-text-1\"><h3 class=\"entry-title\" data-fontsize=\"48\" data-lineheight=\"60px\">Gesundheitstourismus<b> in den Heilb\u00e4dern<\/b><\/h3>\n<p>Die Heilb\u00e4der der Region Karlsbad sind auf der ganzen Welt f\u00fcr ihre einzigartigen Heilquellen bekannt, die im Innern des K\u00f6rpers und auch \u00e4u\u00dferlich eine wohltuende Wirkung entfalten. Wegen ihrer Leiden wurden hier der Dichter J. W. Goethe, Zar Peter I. oder K\u00f6nig Edward II. behandelt. Das Kurwesen ist jedoch nicht der einzige Grund, warum Sie die Region Karlsbad besuchen sollten. Besucher des Heilbades aus aller Welt finden hier Gesundheit und Sch\u00f6nheit. In den Kliniken vertrauen sie sich den Fachleuten an &#8211; Augen\u00e4rzten, Dermatologen, Gastroenterologen, Zahn\u00e4rzten und plastischen Chirurgen. Das Angebot ist wirklich sehr vielf\u00e4ltig &#8211; es beginnt mit der Behandlung von Gesundheitsproblemen, der Modellierung des K\u00f6rpers mithilfe von Fettabsaugungstechniken \u00fcber plastische Chirurgie verschiedener K\u00f6rperteile, die Laserchirurgie und reicht bis hin zu Anti-Aging-Anwendungen. Hier in der wundersch\u00f6nen Umgebung der Kurkolonnaden und -parks finden Sie das beste Preis-Leistungs-Verh\u00e4ltnis in ganz Europa. Verbinden Sie einen geplanten medizinischen Eingriff mit anschlie\u00dfender Erholung und Entspannung im Heilbad. Neben Wellness-Anwendungen wie Massagen, B\u00e4dern, Saunas usw. finden Sie viele weitere M\u00f6glichkeiten f\u00fcr sportliche Bet\u00e4tigung &#8211; Tennis, Golf, Wandern, Radfahren und Schwimmen. Wenn Sie das Heilbad verlassen, f\u00fchlen Sie sich wie neugeboren. Sie kommen bestimmt gern wieder, um sich die erlebte bunte Vielfalt wieder vor Augen zu f\u00fchren. Nicht umsonst wird die Region Karlsbad als Paradies bezeichnet.<span class=\"Apple-converted-space\"> <\/span><\/p>\n<h3 data-fontsize=\"32\" style=\"--fontSize:32; line-height: 1.3;\" data-lineheight=\"41.6px\" class=\"fusion-responsive-typography-calculated\"><b>Kliniken in der Region Karlsbad<\/b><\/h3>\n<p><span style=\"text-decoration: underline;\">HB Clinic, Karlovy Vary<\/span><\/p>\n<p>Das Institut f\u00fcr Sch\u00f6nheit und Gesundheit bietet eine breite Palette von Premium-Dienstleistungen an, von kleinen kosmetischen Eingriffen bis hin zur plastischen Chirurgie. <a href=\"http:\/\/www.hbclinic.cz\">www.hbclinic.cz<\/a><\/p>\n<p><span style=\"text-decoration: underline;\">Asklepion<\/span><\/p>\n<p>Das Asklepion-Institut f\u00fcr klinische und \u00e4sthetische Medizin ist auf Lasermedizin, Dermatologie, Zahnmedizin, Gastroenterologie und andere Fachrichtungen spezialisiert. Die Niederlassungen des Instituts befinden sich in Karlsbad in den Hotels Bristol, Savoy Westend, Dvo\u0159\u00e1k und Thermal und in Marienbad im Health Spa Grandhotel Pacifik und im Health Spa Resort Centr\u00e1ln\u00ed L\u00e1zn\u011b. Die Infrastruktur des Kurzentrums erlaubt auch lange Kur- und Reha-Aufenthalte. <a href=\"http:\/\/www.asklepion.cz\">www.asklepion.cz<\/a><\/p>\n<p><span style=\"text-decoration: underline;\">Carlsbad Clinic, Karlovy Vary<span class=\"Apple-converted-space\"> <\/span><\/span><\/p>\n<p>Das luxuri\u00f6se Medizin- und Wellnesscenter im Medical Spa &amp; Wellness Hotel Carlsbad Plaza bietet umfassende Diagnostik, Ganzk\u00f6rper-Kryotherapie, traditionelle und thail\u00e4ndische Massagen, Haut- und K\u00f6rperbehandlungen f\u00fcr Frauen und M\u00e4nner, Moorb\u00e4der, ein Gastrozentrum, physiologische Regulationsmedizin oder apparative Kosmetik. All dies findet in einer angenehmen Atmosph\u00e4re, verbunden mit luxuri\u00f6sem Service und modernster Ausstattung statt. <a href=\"http:\/\/www.carlsbad-clinic.com\">www.carlsbad-clinic.com<\/a><\/p>\n<p><span style=\"text-decoration: underline;\">Centrale Clinique Esth\u00e9tique &#8211; Biologique Recherche Karlovy Vary<\/span><\/p>\n<p>Dieser autorisierte Salon der franz\u00f6sischen Kosmetikmarke BIOLOGIQUE RECHERCHE ist zugleich eine Klinik, die erstklassige ma\u00dfgeschneiderte kosmetische Pflege bietet. Freuen Sie sich auf Hautdiagnostik, kosmetische, verj\u00fcngende und andere Anwendungen, Enthaarung des gesamten K\u00f6rpers, Make-up, Hautbehandlung, verj\u00fcngende Verfahren und vieles mehr. <a href=\"http:\/\/www.centraleclinique.cz\">www.centraleclinique.cz<\/a><\/p>\n<p><span style=\"text-decoration: underline;\">GiSant-Klinik, Karlovy Vary<\/span><\/p>\n<p>Die Klinik ist spezialisiert auf ausgew\u00e4hlte Behandlungen auf dem Gebiet der plastischen Chirurgie und der \u00e4sthetischen Medizin. Andere Bereiche umfassen Laserchirurgie oder korrigierende Dermatologie und andere verwandte medizinische Fachgebiete. Die Klinik z\u00e4hlt zu den Pionieren der zunehmend beliebten innovativen Behandlung von Zivilisationskrankheiten der Haut wie Neurodermitis und Psoriasis. <a href=\"http:\/\/www.gisant.eu\">www.gisant.eu<\/a><\/p>\n<p><span style=\"text-decoration: underline;\">Institut f\u00fcr \u00c4sthetische MedizinKarlovy Vary<\/span><\/p>\n<p>Neben plastischer Chirurgie werden hier auch andere Arten von Eingriffen der \u00e4sthetischen Medizin durchgef\u00fchrt. <a href=\"http:\/\/www.uem.cz\">www.uem.cz<\/a><\/p>\n<p><span style=\"text-decoration: underline;\">Augenzentrum Somich, Karlovy Vary<\/span><\/p>\n<p>Die Klinik bietet umfassende Betreuung auf dem Gebiet der Augenheilkunde und ist spezialisiert auf das Augenlasern, Operationen des grauen Stars, refraktive Chirurgie, Behandlung und Operationen von Hornhaut, Glaukom und Netzhaut. Das Zentrum bietet seinen Kunden auch \u00e4sthetische Augenchirurgie an. <a href=\"http:\/\/www.somich.cz\">www.somich.cz<\/a><\/p>\n<p><span style=\"text-decoration: underline;\">Petra Clinic und Estet Derma in Karlovy Vary<span class=\"Apple-converted-space\"> <\/span><\/span><\/p>\n<p>Die Kliniken f\u00fcr Laser- und \u00e4sthetische Medizin bieten moderne Anti-Aging-Behandlungen f\u00fcr strahlend junge Haut an. <a href=\"http:\/\/www.petraclinic.cz\">www.petraclinic.cz<\/a>, <a href=\"http:\/\/www.estetderma.cz\">www.estetderma.cz<\/a><span class=\"Apple-converted-space\"> <\/span><\/p>\n<p><span style=\"text-decoration: underline;\">Kurklinik im Hotel Pawlik &#8211; Aquaforum<\/span><\/p>\n<p>Diese moderne medizinische Einrichtung bietet traditionelle Kuranwendungen &#8211; garantiert unter Nutzung lokaler nat\u00fcrlicher Heilmittel &#8211; sowie neue nicht-invasive \u00e4sthetische Verfahren. <a href=\"http:\/\/www.aquaforum-frantiskovylazne.cz\">www.aquaforum-frantiskovylazne.cz<\/a><span class=\"Apple-converted-space\"> <\/span><\/p>\n<p><span style=\"text-decoration: underline;\">Gastrocentrum Karlovy Vary<\/span><\/p>\n<p>Diagnose und Behandlung von Erkrankungen des Verdauungssystems, der Leber, der Bauchspeicheldr\u00fcse und des Rektums. <a href=\"http:\/\/www.gastrokv.cz\">www.gastrokv.cz<\/a><\/p>\n<p><span style=\"text-decoration: underline;\">Centrum Formosa, Sokolov<\/span><\/p>\n<p>Die Klinik bietet kosmetische Behandlungen, Gesichts- und Hautverj\u00fcngung, Laserbehandlung, K\u00f6rperformung und Regeneration an. <a href=\"http:\/\/www.formosacentrum.cz\">www.formosacentrum.cz<\/a><\/p>\n<p><span style=\"text-decoration: underline;\">Clinic for Luck, Ostrov<\/span><\/p>\n<p>Die Klinik bietet ein komplettes Spektrum plastischer chirurgischer Eingriffe an, von Brustvergr\u00f6\u00dferung, Modellierung des K\u00f6rpers, Fettabsaugung, chirurgischer und nicht-chirurgischer Anti-Aging-Behandlung des Gesichts bis hin zur Modellierung des Intimbereichs. <a href=\"http:\/\/www.clinicforluck.cz\">www.clinicforluck.cz<\/a> <span class=\"Apple-converted-space\"> <\/span><\/p>\n<p><span style=\"text-decoration: underline;\">Dental Praxis, Karlovy Vary<\/span><\/p>\n<p>\u00c4sthetische Zahnmedizin. <a href=\"http:\/\/www.dentalpraxis.cz\">www.dentalpraxis.cz<\/a><\/p>\n<p><span style=\"text-decoration: underline;\">Spadentist, Karlovy Vary<\/span><\/p>\n<p>Komplexe zahn\u00e4rztliche Diagnostik und Therapie f\u00fcr Erwachsene und Kinder. <a href=\"http:\/\/www.spadentist.cz\">www.spadentist.cz<\/a><\/p>\n<p><span style=\"text-decoration: underline;\">Kinderwunschzentren<\/span><\/p>\n<p>Die Behandlung der Unfruchtbarkeit in den Heilb\u00e4dern erreicht im europ\u00e4ischen Ma\u00dfstab Spitzenniveau. Die Zentren f\u00fcr Reproduktionsmedizin und Genetik in Karlsbad Pronatal Spa (<a href=\"http:\/\/www.pronatal.cz\">www.pronatal.cz<\/a>) und Ferticare Karlsbad &#8211; Institut f\u00fcr Reproduktionsmedizin und Genetik (<a href=\"http:\/\/www.inf-kv.cz\">www.inf-kv.cz<\/a>) helfen ihren Kunden, sich den Traum von einem eigenem Kind zu erf\u00fcllen.<\/p>\n<\/div><div class=\"fusion-text fusion-text-2\"><h2 style=\"text-align: center;\"><b>Lass dich inspirieren<\/b><\/h2>\n<\/div><div class=\"fusion-sep-clear\"><\/div><div class=\"fusion-separator fusion-full-width-sep\" style=\"margin-left: auto;margin-right: auto;margin-top:40px;width:100%;\"><\/div><div class=\"fusion-sep-clear\"><\/div><div class=\"fusion-text fusion-text-3 nechte-se-inspirovat display-none\"><h2 style=\"text-align: center;\"><b>Lass dich inspirieren<\/b><\/h2>\n<\/div><div class=\"fusion-recent-posts fusion-recent-posts-1 avada-container layout-default layout-columns-3 fusion-recent-posts-center fusion-recent-posts-infinite fusion-recent-posts-load-more blog-grid display-none\" data-pages=\"1\"><section class=\"fusion-columns columns fusion-columns-3 columns-3\"><article class=\"post fusion-column column col col-lg-4 col-md-4 col-sm-4\"><div class=\"fusion-flexslider fusion-flexslider-loading flexslider flexslider-hover-type-zoomin\"><ul class=\"slides\"><li><a href=\"https:\/\/zivykraj.cz\/de\/tipy-de\/karlovarsky-kraj-raj-golfistu\/\" aria-label=\"Region Karlovy Vary &#8211; ein Paradies f\u00fcr Golfer\" class=\"hover-type-zoomin\"><img decoding=\"async\" width=\"700\" height=\"441\" src=\"https:\/\/zivykraj.cz\/wp-content\/uploads\/2025\/04\/1L0A1629-1-1-700x441.webp\" class=\"attachment-recent-posts size-recent-posts lazyload\" alt=\"\" srcset=\"data:image\/svg+xml,%3Csvg%20xmlns%3D%27http%3A%2F%2Fwww.w3.org%2F2000%2Fsvg%27%20width%3D%271900%27%20height%3D%271107%27%20viewBox%3D%270%200%201900%201107%27%3E%3Crect%20width%3D%271900%27%20height%3D%271107%27%20fill-opacity%3D%220%22%2F%3E%3C%2Fsvg%3E\" data-orig-src=\"https:\/\/zivykraj.cz\/wp-content\/uploads\/2025\/04\/1L0A1629-1-1-700x441.webp\" data-srcset=\"https:\/\/zivykraj.cz\/wp-content\/uploads\/2025\/04\/1L0A1629-1-1-320x202.webp 320w, https:\/\/zivykraj.cz\/wp-content\/uploads\/2025\/04\/1L0A1629-1-1-700x441.webp 700w\" data-sizes=\"auto\" \/><\/a><\/li><\/ul><\/div><div class=\"recent-posts-content\"><span class=\"vcard\" style=\"display: none;\"><span class=\"fn\"><a href=\"https:\/\/zivykraj.cz\/de\/author\/admin\/\" title=\"Beitr\u00e4ge von admin\" rel=\"author\">admin<\/a><\/span><\/span><span class=\"updated\" style=\"display:none;\">2025-05-20T13:42:14+02:00<\/span><h4 class=\"entry-title\"><a href=\"https:\/\/zivykraj.cz\/de\/tipy-de\/karlovarsky-kraj-raj-golfistu\/\">Region Karlovy Vary &#8211; ein Paradies f\u00fcr Golfer<\/a><\/h4><p>Die Region Karlovy Vary ist nicht nur ein Kurort. Neben den vielen Mineralquellen gibt es hier auch perfekte Golfpl\u00e4tze. Der erste wurde 1905 er\u00f6ffnet, heute gibt es in der Karlsbader Region zehn davon, sieben davon sind sogar Achtzehn-Loch-Pl\u00e4tze. Wir stellen Ihnen die besten von ihnen vor, also schnappen Sie sich Ihre Tasche und los geht's!<\/p><\/div><\/article><article class=\"post fusion-column column col col-lg-4 col-md-4 col-sm-4\"><div class=\"fusion-flexslider fusion-flexslider-loading flexslider flexslider-hover-type-zoomin\"><ul class=\"slides\"><li><a href=\"https:\/\/zivykraj.cz\/de\/aktivitaten\/top-3-der-besten-golfplatze-in-der-region\/\" aria-label=\"Top 3 der besten Golfpl\u00e4tze in der Region\" class=\"hover-type-zoomin\"><img decoding=\"async\" width=\"700\" height=\"441\" src=\"https:\/\/zivykraj.cz\/wp-content\/uploads\/2025\/04\/41_10_1353946997_879950_max-e1551277098135-700x441.webp\" class=\"attachment-recent-posts size-recent-posts lazyload\" alt=\"\" srcset=\"data:image\/svg+xml,%3Csvg%20xmlns%3D%27http%3A%2F%2Fwww.w3.org%2F2000%2Fsvg%27%20width%3D%271200%27%20height%3D%27800%27%20viewBox%3D%270%200%201200%20800%27%3E%3Crect%20width%3D%271200%27%20height%3D%27800%27%20fill-opacity%3D%220%22%2F%3E%3C%2Fsvg%3E\" data-orig-src=\"https:\/\/zivykraj.cz\/wp-content\/uploads\/2025\/04\/41_10_1353946997_879950_max-e1551277098135-700x441.webp\" data-srcset=\"https:\/\/zivykraj.cz\/wp-content\/uploads\/2025\/04\/41_10_1353946997_879950_max-e1551277098135-320x202.webp 320w, https:\/\/zivykraj.cz\/wp-content\/uploads\/2025\/04\/41_10_1353946997_879950_max-e1551277098135-700x441.webp 700w\" data-sizes=\"auto\" \/><\/a><\/li><\/ul><\/div><div class=\"recent-posts-content\"><span class=\"vcard\" style=\"display: none;\"><span class=\"fn\"><a href=\"https:\/\/zivykraj.cz\/de\/author\/admin\/\" title=\"Beitr\u00e4ge von admin\" rel=\"author\">admin<\/a><\/span><\/span><span class=\"updated\" style=\"display:none;\">2025-05-21T10:38:03+02:00<\/span><h4 class=\"entry-title\"><a href=\"https:\/\/zivykraj.cz\/de\/aktivitaten\/top-3-der-besten-golfplatze-in-der-region\/\">Top 3 der besten Golfpl\u00e4tze in der Region<\/a><\/h4><p>Wir bringen Ihnen einen \u00dcberblick \u00fcber die besten Golfpl\u00e4tze, an denen Sie spielen k\u00f6nnen. Glauben Sie uns, es gibt gen\u00fcgend M\u00f6glichkeiten - denn auch der \u00e4lteste Golfclub Tschechiens wurde in Karlsbad gegr\u00fcndet! Dieser Sport hat in der Region definitiv Tradition und seine Anh\u00e4nger.<\/p><\/div><\/article><\/section><\/div><div class=\"fusion-clearfix\"><\/div><\/div><\/div><\/div><\/div>\n","protected":false},"excerpt":{"rendered":"","protected":false},"author":1,"featured_media":18998,"parent":19179,"menu_order":0,"comment_status":"closed","ping_status":"closed","template":"","meta":{"_acf_changed":false,"inline_featured_image":false,"footnotes":""},"acf":[],"yoast_head":"<!-- This site is optimized with the Yoast SEO plugin v22.3 - https:\/\/yoast.com\/wordpress\/plugins\/seo\/ -->\n<title>Gesundheitstourismus | \u017divyKraj.cz<\/title>\n<meta name=\"robots\" content=\"index, follow, max-snippet:-1, max-image-preview:large, max-video-preview:-1\" \/>\n<link rel=\"canonical\" href=\"https:\/\/zivykraj.cz\/de\/kuren-und-wellness\/gesundheistourismus\/\" \/>\n<meta property=\"og:locale\" content=\"de_DE\" \/>\n<meta property=\"og:type\" content=\"article\" \/>\n<meta property=\"og:title\" content=\"Gesundheitstourismus | \u017divyKraj.cz\" \/>\n<meta property=\"og:url\" content=\"https:\/\/zivykraj.cz\/de\/kuren-und-wellness\/gesundheistourismus\/\" \/>\n<meta property=\"og:site_name\" content=\"\u017divyKraj.cz\" \/>\n<meta property=\"article:modified_time\" content=\"2022-07-18T08:31:22+00:00\" \/>\n<meta property=\"og:image\" content=\"https:\/\/zivykraj.cz\/wp-content\/uploads\/2021\/10\/09A0473-1.jpg\" \/>\n\t<meta property=\"og:image:width\" content=\"2000\" \/>\n\t<meta property=\"og:image:height\" content=\"1333\" \/>\n\t<meta property=\"og:image:type\" content=\"image\/jpeg\" \/>\n<meta name=\"twitter:card\" content=\"summary_large_image\" \/>\n<meta name=\"twitter:label1\" content=\"Gesch\u00e4tzte Lesezeit\" \/>\n\t<meta name=\"twitter:data1\" content=\"8 Minuten\" \/>\n<script type=\"application\/ld+json\" class=\"yoast-schema-graph\">{\"@context\":\"https:\/\/schema.org\",\"@graph\":[{\"@type\":\"WebPage\",\"@id\":\"https:\/\/zivykraj.cz\/de\/kuren-und-wellness\/gesundheistourismus\/\",\"url\":\"https:\/\/zivykraj.cz\/de\/kuren-und-wellness\/gesundheistourismus\/\",\"name\":\"Gesundheitstourismus | \u017divyKraj.cz\",\"isPartOf\":{\"@id\":\"https:\/\/zivykraj.cz\/de\/#website\"},\"primaryImageOfPage\":{\"@id\":\"https:\/\/zivykraj.cz\/de\/kuren-und-wellness\/gesundheistourismus\/#primaryimage\"},\"image\":{\"@id\":\"https:\/\/zivykraj.cz\/de\/kuren-und-wellness\/gesundheistourismus\/#primaryimage\"},\"thumbnailUrl\":\"https:\/\/zivykraj.cz\/wp-content\/uploads\/2021\/10\/09A0473-1.jpg\",\"datePublished\":\"2021-10-15T08:32:19+00:00\",\"dateModified\":\"2022-07-18T08:31:22+00:00\",\"breadcrumb\":{\"@id\":\"https:\/\/zivykraj.cz\/de\/kuren-und-wellness\/gesundheistourismus\/#breadcrumb\"},\"inLanguage\":\"de-DE\",\"potentialAction\":[{\"@type\":\"ReadAction\",\"target\":[\"https:\/\/zivykraj.cz\/de\/kuren-und-wellness\/gesundheistourismus\/\"]}]},{\"@type\":\"ImageObject\",\"inLanguage\":\"de-DE\",\"@id\":\"https:\/\/zivykraj.cz\/de\/kuren-und-wellness\/gesundheistourismus\/#primaryimage\",\"url\":\"https:\/\/zivykraj.cz\/wp-content\/uploads\/2021\/10\/09A0473-1.jpg\",\"contentUrl\":\"https:\/\/zivykraj.cz\/wp-content\/uploads\/2021\/10\/09A0473-1.jpg\",\"width\":2000,\"height\":1333},{\"@type\":\"BreadcrumbList\",\"@id\":\"https:\/\/zivykraj.cz\/de\/kuren-und-wellness\/gesundheistourismus\/#breadcrumb\",\"itemListElement\":[{\"@type\":\"ListItem\",\"position\":1,\"name\":\"Home\",\"item\":\"https:\/\/zivykraj.cz\/de\/\"},{\"@type\":\"ListItem\",\"position\":2,\"name\":\"Kuren und Wellness\",\"item\":\"https:\/\/zivykraj.cz\/de\/kuren-und-wellness\/\"},{\"@type\":\"ListItem\",\"position\":3,\"name\":\"Gesundheitstourismus\"}]},{\"@type\":\"WebSite\",\"@id\":\"https:\/\/zivykraj.cz\/de\/#website\",\"url\":\"https:\/\/zivykraj.cz\/de\/\",\"name\":\"\u017divyKraj.cz\",\"description\":\"Turistick\u00fd web - Karlovarsk\u00fd kraj\",\"publisher\":{\"@id\":\"https:\/\/zivykraj.cz\/de\/#organization\"},\"potentialAction\":[{\"@type\":\"SearchAction\",\"target\":{\"@type\":\"EntryPoint\",\"urlTemplate\":\"https:\/\/zivykraj.cz\/de\/?s={search_term_string}\"},\"query-input\":\"required name=search_term_string\"}],\"inLanguage\":\"de-DE\"},{\"@type\":\"Organization\",\"@id\":\"https:\/\/zivykraj.cz\/de\/#organization\",\"name\":\"\u017divyKraj.cz\",\"url\":\"https:\/\/zivykraj.cz\/de\/\",\"logo\":{\"@type\":\"ImageObject\",\"inLanguage\":\"de-DE\",\"@id\":\"https:\/\/zivykraj.cz\/de\/#\/schema\/logo\/image\/\",\"url\":\"https:\/\/zivykraj.cz\/wp-content\/uploads\/2021\/08\/logo_white.png\",\"contentUrl\":\"https:\/\/zivykraj.cz\/wp-content\/uploads\/2021\/08\/logo_white.png\",\"width\":223,\"height\":59,\"caption\":\"\u017divyKraj.cz\"},\"image\":{\"@id\":\"https:\/\/zivykraj.cz\/de\/#\/schema\/logo\/image\/\"}}]}<\/script>\n<!-- \/ Yoast SEO plugin. -->","yoast_head_json":{"title":"Gesundheitstourismus | \u017divyKraj.cz","robots":{"index":"index","follow":"follow","max-snippet":"max-snippet:-1","max-image-preview":"max-image-preview:large","max-video-preview":"max-video-preview:-1"},"canonical":"https:\/\/zivykraj.cz\/de\/kuren-und-wellness\/gesundheistourismus\/","og_locale":"de_DE","og_type":"article","og_title":"Gesundheitstourismus | \u017divyKraj.cz","og_url":"https:\/\/zivykraj.cz\/de\/kuren-und-wellness\/gesundheistourismus\/","og_site_name":"\u017divyKraj.cz","article_modified_time":"2022-07-18T08:31:22+00:00","og_image":[{"width":2000,"height":1333,"url":"https:\/\/zivykraj.cz\/wp-content\/uploads\/2021\/10\/09A0473-1.jpg","type":"image\/jpeg"}],"twitter_card":"summary_large_image","twitter_misc":{"Gesch\u00e4tzte Lesezeit":"8 Minuten"},"schema":{"@context":"https:\/\/schema.org","@graph":[{"@type":"WebPage","@id":"https:\/\/zivykraj.cz\/de\/kuren-und-wellness\/gesundheistourismus\/","url":"https:\/\/zivykraj.cz\/de\/kuren-und-wellness\/gesundheistourismus\/","name":"Gesundheitstourismus | \u017divyKraj.cz","isPartOf":{"@id":"https:\/\/zivykraj.cz\/de\/#website"},"primaryImageOfPage":{"@id":"https:\/\/zivykraj.cz\/de\/kuren-und-wellness\/gesundheistourismus\/#primaryimage"},"image":{"@id":"https:\/\/zivykraj.cz\/de\/kuren-und-wellness\/gesundheistourismus\/#primaryimage"},"thumbnailUrl":"https:\/\/zivykraj.cz\/wp-content\/uploads\/2021\/10\/09A0473-1.jpg","datePublished":"2021-10-15T08:32:19+00:00","dateModified":"2022-07-18T08:31:22+00:00","breadcrumb":{"@id":"https:\/\/zivykraj.cz\/de\/kuren-und-wellness\/gesundheistourismus\/#breadcrumb"},"inLanguage":"de-DE","potentialAction":[{"@type":"ReadAction","target":["https:\/\/zivykraj.cz\/de\/kuren-und-wellness\/gesundheistourismus\/"]}]},{"@type":"ImageObject","inLanguage":"de-DE","@id":"https:\/\/zivykraj.cz\/de\/kuren-und-wellness\/gesundheistourismus\/#primaryimage","url":"https:\/\/zivykraj.cz\/wp-content\/uploads\/2021\/10\/09A0473-1.jpg","contentUrl":"https:\/\/zivykraj.cz\/wp-content\/uploads\/2021\/10\/09A0473-1.jpg","width":2000,"height":1333},{"@type":"BreadcrumbList","@id":"https:\/\/zivykraj.cz\/de\/kuren-und-wellness\/gesundheistourismus\/#breadcrumb","itemListElement":[{"@type":"ListItem","position":1,"name":"Home","item":"https:\/\/zivykraj.cz\/de\/"},{"@type":"ListItem","position":2,"name":"Kuren und Wellness","item":"https:\/\/zivykraj.cz\/de\/kuren-und-wellness\/"},{"@type":"ListItem","position":3,"name":"Gesundheitstourismus"}]},{"@type":"WebSite","@id":"https:\/\/zivykraj.cz\/de\/#website","url":"https:\/\/zivykraj.cz\/de\/","name":"\u017divyKraj.cz","description":"Turistick\u00fd web - Karlovarsk\u00fd kraj","publisher":{"@id":"https:\/\/zivykraj.cz\/de\/#organization"},"potentialAction":[{"@type":"SearchAction","target":{"@type":"EntryPoint","urlTemplate":"https:\/\/zivykraj.cz\/de\/?s={search_term_string}"},"query-input":"required name=search_term_string"}],"inLanguage":"de-DE"},{"@type":"Organization","@id":"https:\/\/zivykraj.cz\/de\/#organization","name":"\u017divyKraj.cz","url":"https:\/\/zivykraj.cz\/de\/","logo":{"@type":"ImageObject","inLanguage":"de-DE","@id":"https:\/\/zivykraj.cz\/de\/#\/schema\/logo\/image\/","url":"https:\/\/zivykraj.cz\/wp-content\/uploads\/2021\/08\/logo_white.png","contentUrl":"https:\/\/zivykraj.cz\/wp-content\/uploads\/2021\/08\/logo_white.png","width":223,"height":59,"caption":"\u017divyKraj.cz"},"image":{"@id":"https:\/\/zivykraj.cz\/de\/#\/schema\/logo\/image\/"}}]}},"_links":{"self":[{"href":"https:\/\/zivykraj.cz\/de\/wp-json\/wp\/v2\/pages\/18577"}],"collection":[{"href":"https:\/\/zivykraj.cz\/de\/wp-json\/wp\/v2\/pages"}],"about":[{"href":"https:\/\/zivykraj.cz\/de\/wp-json\/wp\/v2\/types\/page"}],"author":[{"embeddable":true,"href":"https:\/\/zivykraj.cz\/de\/wp-json\/wp\/v2\/users\/1"}],"replies":[{"embeddable":true,"href":"https:\/\/zivykraj.cz\/de\/wp-json\/wp\/v2\/comments?post=18577"}],"version-history":[{"count":2,"href":"https:\/\/zivykraj.cz\/de\/wp-json\/wp\/v2\/pages\/18577\/revisions"}],"predecessor-version":[{"id":64360,"href":"https:\/\/zivykraj.cz\/de\/wp-json\/wp\/v2\/pages\/18577\/revisions\/64360"}],"up":[{"embeddable":true,"href":"https:\/\/zivykraj.cz\/de\/wp-json\/wp\/v2\/pages\/19179"}],"wp:featuredmedia":[{"embeddable":true,"href":"https:\/\/zivykraj.cz\/de\/wp-json\/wp\/v2\/media\/18998"}],"wp:attachment":[{"href":"https:\/\/zivykraj.cz\/de\/wp-json\/wp\/v2\/media?parent=18577"}],"curies":[{"name":"wp","href":"https:\/\/api.w.org\/{rel}","templated":true}]}}