{"id":19179,"date":"2021-10-20T11:34:19","date_gmt":"2021-10-20T09:34:19","guid":{"rendered":"https:\/\/zivykraj.cz\/?page_id=19179"},"modified":"2024-08-22T14:48:58","modified_gmt":"2024-08-22T12:48:58","slug":"kuren-und-wellness","status":"publish","type":"page","link":"https:\/\/zivykraj.cz\/de\/kuren-und-wellness\/","title":{"rendered":"Kuren und Wellness"},"content":{"rendered":"<p><div class=\"fusion-fullwidth fullwidth-box fusion-builder-row-1 nonhundred-percent-fullwidth non-hundred-percent-height-scrolling\" style=\"background-color: rgba(255,255,255,0);background-position: center center;background-repeat: no-repeat;padding-top:0px;padding-right:0px;padding-bottom:0px;padding-left:0px;margin-bottom: 0px;margin-top: 0px;border-width: 0px 0px 0px 0px;border-color:#ecefef;border-style:solid;\" ><div class=\"fusion-builder-row fusion-row\"><div class=\"fusion-layout-column fusion_builder_column fusion-builder-column-0 fusion_builder_column_1_1 1_1 fusion-one-full fusion-column-first fusion-column-last\" style=\"margin-top:25px;margin-bottom:0px;\"><div class=\"fusion-column-wrapper fusion-flex-column-wrapper-legacy\" style=\"background-position:left top;background-repeat:no-repeat;-webkit-background-size:cover;-moz-background-size:cover;-o-background-size:cover;background-size:cover;padding: 0px 0px 0px 0px;\"><div class=\"fusion-text fusion-text-1\"><p>Heilende Mineralquellen und andere Naturheilmittel wie Torf, Heilgase und Radonwasser werden in der Region Karlsbad seit Jahrhunderten genutzt und sind auch durch die rasante Entwicklung im Bereich der Pharmazie nicht verdr\u00e4ngt worden. Im Gegenteil, die Medizin sch\u00e4tzt sie mehr denn je, in viele F\u00e4llen werden sie sogar aus guten Gr\u00fcnden bevorzugt.<\/p>\n<p>Die Hotels in den Kurorten bieten Heilaufenthalte und Wellness f\u00fcr jedes Alter. Behandelt wird hier ein breites Spektrum an Erkrankungen, eine gro\u00dfe Rolle spielen die Rekonvaleszenz und Pr\u00e4vention, der Aufenthalt kann aber auch beim Abbau von Alltagsstress helfen. Lassen Sie sich in modernen Wellness-Zentren verw\u00f6hnen, g\u00f6nnen Sie sich die hiesige Spitzengastronomie und ein buntes Kulturprogramm.<\/p>\n<\/div><div class=\"fusion-sep-clear\"><\/div><div class=\"fusion-separator fusion-full-width-sep\" style=\"margin-left: auto;margin-right: auto;margin-top:40px;width:100%;\"><\/div><div class=\"fusion-sep-clear\"><\/div><div class=\"fusion-text fusion-text-2 nechte-se-inspirovat display-none\"><h2 style=\"text-align: center;\"><b>Lass dich inspirieren<\/b><\/h2>\n<\/div><div class=\"fusion-recent-posts fusion-recent-posts-1 avada-container layout-default layout-columns-3 fusion-recent-posts-center fusion-recent-posts-infinite fusion-recent-posts-load-more blog-grid display-none\" data-pages=\"1\"><section class=\"fusion-columns columns fusion-columns-3 columns-3\"><article class=\"post fusion-column column col col-lg-4 col-md-4 col-sm-4\"><div class=\"fusion-flexslider fusion-flexslider-loading flexslider flexslider-hover-type-zoomin\"><ul class=\"slides\"><li><a href=\"https:\/\/zivykraj.cz\/de\/tipy-de\/karlovarsky-kraj-raj-golfistu\/\" aria-label=\"Region Karlovy Vary &#8211; ein Paradies f\u00fcr Golfer\" class=\"hover-type-zoomin\"><img decoding=\"async\" width=\"700\" height=\"441\" src=\"https:\/\/zivykraj.cz\/wp-content\/uploads\/2025\/04\/1L0A1629-1-1-700x441.webp\" class=\"attachment-recent-posts size-recent-posts lazyload\" alt=\"\" srcset=\"data:image\/svg+xml,%3Csvg%20xmlns%3D%27http%3A%2F%2Fwww.w3.org%2F2000%2Fsvg%27%20width%3D%271900%27%20height%3D%271107%27%20viewBox%3D%270%200%201900%201107%27%3E%3Crect%20width%3D%271900%27%20height%3D%271107%27%20fill-opacity%3D%220%22%2F%3E%3C%2Fsvg%3E\" data-orig-src=\"https:\/\/zivykraj.cz\/wp-content\/uploads\/2025\/04\/1L0A1629-1-1-700x441.webp\" data-srcset=\"https:\/\/zivykraj.cz\/wp-content\/uploads\/2025\/04\/1L0A1629-1-1-320x202.webp 320w, https:\/\/zivykraj.cz\/wp-content\/uploads\/2025\/04\/1L0A1629-1-1-700x441.webp 700w\" data-sizes=\"auto\" \/><\/a><\/li><\/ul><\/div><div class=\"recent-posts-content\"><span class=\"vcard\" style=\"display: none;\"><span class=\"fn\"><a href=\"https:\/\/zivykraj.cz\/de\/author\/admin\/\" title=\"Beitr\u00e4ge von admin\" rel=\"author\">admin<\/a><\/span><\/span><span class=\"updated\" style=\"display:none;\">2025-05-20T13:42:14+02:00<\/span><h4 class=\"entry-title\"><a href=\"https:\/\/zivykraj.cz\/de\/tipy-de\/karlovarsky-kraj-raj-golfistu\/\">Region Karlovy Vary &#8211; ein Paradies f\u00fcr Golfer<\/a><\/h4><p>Die Region Karlovy Vary ist nicht nur ein Kurort. Neben den vielen Mineralquellen gibt es hier auch perfekte Golfpl\u00e4tze. Der erste wurde 1905 er\u00f6ffnet, heute gibt es in der Karlsbader Region zehn davon, sieben davon sind sogar Achtzehn-Loch-Pl\u00e4tze. Wir stellen Ihnen die besten von ihnen vor, also schnappen Sie sich Ihre Tasche und los geht's!<\/p><\/div><\/article><article class=\"post fusion-column column col col-lg-4 col-md-4 col-sm-4\"><div class=\"fusion-flexslider fusion-flexslider-loading flexslider flexslider-hover-type-zoomin\"><ul class=\"slides\"><li><a href=\"https:\/\/zivykraj.cz\/de\/aktivitaten\/top-3-der-besten-golfplatze-in-der-region\/\" aria-label=\"Top 3 der besten Golfpl\u00e4tze in der Region\" class=\"hover-type-zoomin\"><img decoding=\"async\" width=\"700\" height=\"441\" src=\"https:\/\/zivykraj.cz\/wp-content\/uploads\/2025\/04\/41_10_1353946997_879950_max-e1551277098135-700x441.webp\" class=\"attachment-recent-posts size-recent-posts lazyload\" alt=\"\" srcset=\"data:image\/svg+xml,%3Csvg%20xmlns%3D%27http%3A%2F%2Fwww.w3.org%2F2000%2Fsvg%27%20width%3D%271200%27%20height%3D%27800%27%20viewBox%3D%270%200%201200%20800%27%3E%3Crect%20width%3D%271200%27%20height%3D%27800%27%20fill-opacity%3D%220%22%2F%3E%3C%2Fsvg%3E\" data-orig-src=\"https:\/\/zivykraj.cz\/wp-content\/uploads\/2025\/04\/41_10_1353946997_879950_max-e1551277098135-700x441.webp\" data-srcset=\"https:\/\/zivykraj.cz\/wp-content\/uploads\/2025\/04\/41_10_1353946997_879950_max-e1551277098135-320x202.webp 320w, https:\/\/zivykraj.cz\/wp-content\/uploads\/2025\/04\/41_10_1353946997_879950_max-e1551277098135-700x441.webp 700w\" data-sizes=\"auto\" \/><\/a><\/li><\/ul><\/div><div class=\"recent-posts-content\"><span class=\"vcard\" style=\"display: none;\"><span class=\"fn\"><a href=\"https:\/\/zivykraj.cz\/de\/author\/admin\/\" title=\"Beitr\u00e4ge von admin\" rel=\"author\">admin<\/a><\/span><\/span><span class=\"updated\" style=\"display:none;\">2025-05-21T10:38:03+02:00<\/span><h4 class=\"entry-title\"><a href=\"https:\/\/zivykraj.cz\/de\/aktivitaten\/top-3-der-besten-golfplatze-in-der-region\/\">Top 3 der besten Golfpl\u00e4tze in der Region<\/a><\/h4><p>Wir bringen Ihnen einen \u00dcberblick \u00fcber die besten Golfpl\u00e4tze, an denen Sie spielen k\u00f6nnen. Glauben Sie uns, es gibt gen\u00fcgend M\u00f6glichkeiten - denn auch der \u00e4lteste Golfclub Tschechiens wurde in Karlsbad gegr\u00fcndet! Dieser Sport hat in der Region definitiv Tradition und seine Anh\u00e4nger.<\/p><\/div><\/article><\/section><\/div><div class=\"fusion-clearfix\"><\/div><\/div><\/div><\/div><\/div><div class=\"fusion-fullwidth fullwidth-box fusion-builder-row-2 nonhundred-percent-fullwidth non-hundred-percent-height-scrolling\" style=\"background-color: rgba(255,255,255,0);background-position: center center;background-repeat: no-repeat;padding-top:0px;padding-right:0px;padding-bottom:0px;padding-left:0px;margin-bottom: 0px;margin-top: 0px;border-width: 0px 0px 0px 0px;border-color:#ecefef;border-style:solid;\" ><div class=\"fusion-builder-row fusion-row\"><div class=\"fusion-layout-column fusion_builder_column fusion-builder-column-1 fusion_builder_column_1_1 1_1 fusion-one-full fusion-column-first fusion-column-last\" style=\"margin-top:25px;margin-bottom:25px;\"><div class=\"fusion-column-wrapper fusion-flex-column-wrapper-legacy\" style=\"background-position:left top;background-repeat:no-repeat;-webkit-background-size:cover;-moz-background-size:cover;-o-background-size:cover;background-size:cover;padding: 0px 0px 0px 0px;\"><div class=\"fusion-aligncenter\"><style>.fusion-body .fusion-button.button-1{border-radius:0px 0px 0px 0px;}<\/style><a class=\"fusion-button button-flat fusion-button-default-size button-default button-1 fusion-button-default-span fusion-button-default-type\" target=\"_blank\" rel=\"noopener noreferrer\" href=\"https:\/\/laznezdravi.cz\/de\/\"><span class=\"fusion-button-text\">W\u00e4hlen Sie Ihren Kur- oder Wellnessaufenthalt.<\/span><\/a><\/div><div class=\"fusion-clearfix\"><\/div><\/div><\/div><div class=\"fusion-layout-column fusion_builder_column fusion-builder-column-2 fusion_builder_column_1_3 1_3 fusion-one-third fusion-column-first\" style=\"width:33.333333333333%;width:calc(33.333333333333% - ( ( 24px + 24px ) * 0.33333333333333 ) );margin-right: 24px;margin-top:25px;margin-bottom:25px;\"><div class=\"fusion-column-wrapper fusion-flex-column-wrapper-legacy\" style=\"background-position:left top;background-repeat:no-repeat;-webkit-background-size:cover;-moz-background-size:cover;-o-background-size:cover;background-size:cover;padding: 0px 0px 0px 0px;\"><div class=\"jag-himg-wrapper icSSPRtqRD kk-hover-image\">\t<div class=\"jag-hoverimage-card  jag-himg-s1  jag-title-default\" onclick=\"\">\n\t\t\n\t\t\t\t\t<a target=\"_self\" class=\"jag-wrapper-link\" href=https:\/\/zivykraj.cz\/lazenstvi-a-wellness\/kuren\/?lang=de>\n\t\t\t\t\t\n\t\t\t<div class=\"jag-hoverimage-overlay\"><\/div>\n\t\t\t\n\t\t\t\t\t\t\n\t\t\t<div class=\"jag-hover-content-wrapper\">\n\t\t\t\t<div class=\"jag-hoverimage-content jag-align-center jag-align-middle\">\n\t\t\t\t\t\t\t\t\t\t\t<div class=\"clearfix\"><\/div>\n\t\t\t\t\t\t<div class=\"jag-hoverimage-title\">\n\t\t\t\t\t\t\tKurwesen\t\t\t\t\t\t<\/div>\n\t\t\t\t\t\t\t\t\t\t<div class=\"jag-title-default-wrapper\">\n\t\t\t\t\t\t\t\t\t\t\t\t<div class=\"clearfix\"><\/div>\n\t\t\t\t\t\t\t<div class=\"jag-hoverimage-short-desc\">\n\t\t\t\t\t\t\t\tDie Region Karlsbad \u2013 ein Hotspot des internationalen Kurwesens\t\t\t\t\t\t\t<\/div>\n\t\t\t\t\t\t\t\t\t\t\t\t\t<div class=\"clearfix\"><\/div>\n\t\t\t\t\t\t\t<div class=\"jag-himg-readmore-wrapper\">\n\t\t\t\t\t\t\t\t\t\t\t\t\t\t\t\t\t<span class=\"jag-himg-readmore jag-btn-medium jag-btn-fill\">\n\t\t\t\t\t\t\t\t\t\t\t\t\t\t\t\t\t\t\t\t\t\t\t\t\tWeiterlesen\t\t\t\t\t\t\t\t\t\t\t\t\t\t\t\t\t\t\t\t\t\t\t\t\t<\/span>\n\t\t\t\t\t\t\t\t\t\t\t\t\t\t\t<\/div>\n\t\t\t\t\t\t\t\t\t\t\t<\/div>\n\t\t\t\t\t\t\t\t\t<\/div>\n\t\t\t<\/div>\n\t\t\t\t\t<\/a>\n\t\t\t<\/div>\n\t<\/div><div class=\"fusion-clearfix\"><\/div><\/div><\/div><div class=\"fusion-layout-column fusion_builder_column fusion-builder-column-3 fusion_builder_column_1_3 1_3 fusion-one-third\" style=\"width:33.333333333333%;width:calc(33.333333333333% - ( ( 24px + 24px ) * 0.33333333333333 ) );margin-right: 24px;margin-top:25px;margin-bottom:25px;\"><div class=\"fusion-column-wrapper fusion-flex-column-wrapper-legacy\" style=\"background-position:left top;background-repeat:no-repeat;-webkit-background-size:cover;-moz-background-size:cover;-o-background-size:cover;background-size:cover;padding: 0px 0px 0px 0px;\"><div class=\"jag-himg-wrapper ShhgRtxynz kk-hover-image\">\t<div class=\"jag-hoverimage-card  jag-himg-s1  jag-title-default\" onclick=\"\">\n\t\t\n\t\t\t\t\t<a target=\"_self\" class=\"jag-wrapper-link\" href=https:\/\/zivykraj.cz\/lazenstvi-a-wellness\/wellness\/?lang=de>\n\t\t\t\t\t\n\t\t\t<div class=\"jag-hoverimage-overlay\"><\/div>\n\t\t\t\n\t\t\t\t\t\t\n\t\t\t<div class=\"jag-hover-content-wrapper\">\n\t\t\t\t<div class=\"jag-hoverimage-content jag-align-center jag-align-middle\">\n\t\t\t\t\t\t\t\t\t\t\t<div class=\"clearfix\"><\/div>\n\t\t\t\t\t\t<div class=\"jag-hoverimage-title\">\n\t\t\t\t\t\t\tWellness\t\t\t\t\t\t<\/div>\n\t\t\t\t\t\t\t\t\t\t<div class=\"jag-title-default-wrapper\">\n\t\t\t\t\t\t\t\t\t\t\t\t<div class=\"clearfix\"><\/div>\n\t\t\t\t\t\t\t<div class=\"jag-hoverimage-short-desc\">\n\t\t\t\t\t\t\t\tWellness \u2013 jeder Tag ist eine Herausforderung. Finden Sie in einem Heilbad eine wohlverdiente Ruhepause.\t\t\t\t\t\t\t<\/div>\n\t\t\t\t\t\t\t\t\t\t\t\t\t<div class=\"clearfix\"><\/div>\n\t\t\t\t\t\t\t<div class=\"jag-himg-readmore-wrapper\">\n\t\t\t\t\t\t\t\t\t\t\t\t\t\t\t\t\t<span class=\"jag-himg-readmore jag-btn-medium jag-btn-fill\">\n\t\t\t\t\t\t\t\t\t\t\t\t\t\t\t\t\t\t\t\t\t\t\t\t\tWeiterlesen\t\t\t\t\t\t\t\t\t\t\t\t\t\t\t\t\t\t\t\t\t\t\t\t\t<\/span>\n\t\t\t\t\t\t\t\t\t\t\t\t\t\t\t<\/div>\n\t\t\t\t\t\t\t\t\t\t\t<\/div>\n\t\t\t\t\t\t\t\t\t<\/div>\n\t\t\t<\/div>\n\t\t\t\t\t<\/a>\n\t\t\t<\/div>\n\t<\/div><div class=\"fusion-clearfix\"><\/div><\/div><\/div><div class=\"fusion-layout-column fusion_builder_column fusion-builder-column-4 fusion_builder_column_1_3 1_3 fusion-one-third fusion-column-last\" style=\"width:33.333333333333%;width:calc(33.333333333333% - ( ( 24px + 24px ) * 0.33333333333333 ) );margin-top:25px;margin-bottom:25px;\"><div class=\"fusion-column-wrapper fusion-flex-column-wrapper-legacy\" style=\"background-position:left top;background-repeat:no-repeat;-webkit-background-size:cover;-moz-background-size:cover;-o-background-size:cover;background-size:cover;padding: 0px 0px 0px 0px;\"><div class=\"jag-himg-wrapper iIcrVlXyFu kk-hover-image\">\t<div class=\"jag-hoverimage-card  jag-himg-s1  jag-title-default\" onclick=\"\">\n\t\t\n\t\t\t\t\t<a target=\"_self\" class=\"jag-wrapper-link\" href=https:\/\/zivykraj.cz\/lazenstvi-a-wellness\/gesundheistourismus\/?lang=de>\n\t\t\t\t\t\n\t\t\t<div class=\"jag-hoverimage-overlay\"><\/div>\n\t\t\t\n\t\t\t\t\t\t\n\t\t\t<div class=\"jag-hover-content-wrapper\">\n\t\t\t\t<div class=\"jag-hoverimage-content jag-align-center jag-align-middle\">\n\t\t\t\t\t\t\t\t\t\t\t<div class=\"clearfix\"><\/div>\n\t\t\t\t\t\t<div class=\"jag-hoverimage-title\">\n\t\t\t\t\t\t\tGesundheitstourismus\t\t\t\t\t\t<\/div>\n\t\t\t\t\t\t\t\t\t\t<div class=\"jag-title-default-wrapper\">\n\t\t\t\t\t\t\t\t\t\t\t\t<div class=\"clearfix\"><\/div>\n\t\t\t\t\t\t\t<div class=\"jag-hoverimage-short-desc\">\n\t\t\t\t\t\t\t\tGesundheitstourismus in den Heilb\u00e4dern\t\t\t\t\t\t\t<\/div>\n\t\t\t\t\t\t\t\t\t\t\t\t\t<div class=\"clearfix\"><\/div>\n\t\t\t\t\t\t\t<div class=\"jag-himg-readmore-wrapper\">\n\t\t\t\t\t\t\t\t\t\t\t\t\t\t\t\t\t<span class=\"jag-himg-readmore jag-btn-medium jag-btn-fill\">\n\t\t\t\t\t\t\t\t\t\t\t\t\t\t\t\t\t\t\t\t\t\t\t\t\tWeiterlesen\t\t\t\t\t\t\t\t\t\t\t\t\t\t\t\t\t\t\t\t\t\t\t\t\t<\/span>\n\t\t\t\t\t\t\t\t\t\t\t\t\t\t\t<\/div>\n\t\t\t\t\t\t\t\t\t\t\t<\/div>\n\t\t\t\t\t\t\t\t\t<\/div>\n\t\t\t<\/div>\n\t\t\t\t\t<\/a>\n\t\t\t<\/div>\n\t<\/div><div class=\"fusion-clearfix\"><\/div><\/div><\/div><\/div><\/div><div class=\"fusion-fullwidth fullwidth-box fusion-builder-row-3 fusion-flex-container nonhundred-percent-fullwidth non-hundred-percent-height-scrolling\" style=\"background-color: rgba(255,255,255,0);background-position: center center;background-repeat: no-repeat;border-width: 0px 0px 0px 0px;border-color:#ecefef;border-style:solid;\" ><div class=\"fusion-builder-row fusion-row fusion-flex-align-items-flex-start\" style=\"max-width:1206.4px;margin-left: calc(-4% \/ 2 );margin-right: calc(-4% \/ 2 );\"><\/div><style type=\"text\/css\">.fusion-body .fusion-flex-container.fusion-builder-row-3{ padding-top : 0px;margin-top : 0px;padding-right : 0px;padding-bottom : 0px;margin-bottom : 0px;padding-left : 0px;}<\/style><\/div><\/p>\n","protected":false},"excerpt":{"rendered":"","protected":false},"author":1,"featured_media":76302,"parent":0,"menu_order":0,"comment_status":"closed","ping_status":"closed","template":"","meta":{"_acf_changed":false,"inline_featured_image":false,"footnotes":""},"acf":[],"yoast_head":"<!-- This site is optimized with the Yoast SEO plugin v22.3 - https:\/\/yoast.com\/wordpress\/plugins\/seo\/ -->\n<title>Kuren und Wellness | \u017divyKraj.cz<\/title>\n<meta name=\"robots\" content=\"index, follow, max-snippet:-1, max-image-preview:large, max-video-preview:-1\" \/>\n<link rel=\"canonical\" href=\"https:\/\/zivykraj.cz\/de\/kuren-und-wellness\/\" \/>\n<meta property=\"og:locale\" content=\"de_DE\" \/>\n<meta property=\"og:type\" content=\"article\" \/>\n<meta property=\"og:title\" content=\"Kuren und Wellness | \u017divyKraj.cz\" \/>\n<meta property=\"og:url\" content=\"https:\/\/zivykraj.cz\/de\/kuren-und-wellness\/\" \/>\n<meta property=\"og:site_name\" content=\"\u017divyKraj.cz\" \/>\n<meta property=\"article:modified_time\" content=\"2024-08-22T12:48:58+00:00\" \/>\n<meta property=\"og:image\" content=\"https:\/\/zivykraj.cz\/wp-content\/uploads\/2024\/05\/RELA-162-Karlovy-Vary-Ladislav-Renner-2-scaled.jpg\" \/>\n\t<meta property=\"og:image:width\" content=\"2560\" \/>\n\t<meta property=\"og:image:height\" content=\"1429\" \/>\n\t<meta property=\"og:image:type\" content=\"image\/jpeg\" \/>\n<meta name=\"twitter:card\" content=\"summary_large_image\" \/>\n<meta name=\"twitter:label1\" content=\"Gesch\u00e4tzte Lesezeit\" \/>\n\t<meta name=\"twitter:data1\" content=\"6 Minuten\" \/>\n<script type=\"application\/ld+json\" class=\"yoast-schema-graph\">{\"@context\":\"https:\/\/schema.org\",\"@graph\":[{\"@type\":\"WebPage\",\"@id\":\"https:\/\/zivykraj.cz\/de\/kuren-und-wellness\/\",\"url\":\"https:\/\/zivykraj.cz\/de\/kuren-und-wellness\/\",\"name\":\"Kuren und Wellness | \u017divyKraj.cz\",\"isPartOf\":{\"@id\":\"https:\/\/zivykraj.cz\/de\/#website\"},\"primaryImageOfPage\":{\"@id\":\"https:\/\/zivykraj.cz\/de\/kuren-und-wellness\/#primaryimage\"},\"image\":{\"@id\":\"https:\/\/zivykraj.cz\/de\/kuren-und-wellness\/#primaryimage\"},\"thumbnailUrl\":\"https:\/\/zivykraj.cz\/wp-content\/uploads\/2024\/05\/RELA-162-Karlovy-Vary-Ladislav-Renner-2-scaled.jpg\",\"datePublished\":\"2021-10-20T09:34:19+00:00\",\"dateModified\":\"2024-08-22T12:48:58+00:00\",\"breadcrumb\":{\"@id\":\"https:\/\/zivykraj.cz\/de\/kuren-und-wellness\/#breadcrumb\"},\"inLanguage\":\"de-DE\",\"potentialAction\":[{\"@type\":\"ReadAction\",\"target\":[\"https:\/\/zivykraj.cz\/de\/kuren-und-wellness\/\"]}]},{\"@type\":\"ImageObject\",\"inLanguage\":\"de-DE\",\"@id\":\"https:\/\/zivykraj.cz\/de\/kuren-und-wellness\/#primaryimage\",\"url\":\"https:\/\/zivykraj.cz\/wp-content\/uploads\/2024\/05\/RELA-162-Karlovy-Vary-Ladislav-Renner-2-scaled.jpg\",\"contentUrl\":\"https:\/\/zivykraj.cz\/wp-content\/uploads\/2024\/05\/RELA-162-Karlovy-Vary-Ladislav-Renner-2-scaled.jpg\",\"width\":2560,\"height\":1429},{\"@type\":\"BreadcrumbList\",\"@id\":\"https:\/\/zivykraj.cz\/de\/kuren-und-wellness\/#breadcrumb\",\"itemListElement\":[{\"@type\":\"ListItem\",\"position\":1,\"name\":\"Home\",\"item\":\"https:\/\/zivykraj.cz\/de\/\"},{\"@type\":\"ListItem\",\"position\":2,\"name\":\"Kuren und Wellness\"}]},{\"@type\":\"WebSite\",\"@id\":\"https:\/\/zivykraj.cz\/de\/#website\",\"url\":\"https:\/\/zivykraj.cz\/de\/\",\"name\":\"\u017divyKraj.cz\",\"description\":\"Turistick\u00fd web - Karlovarsk\u00fd kraj\",\"publisher\":{\"@id\":\"https:\/\/zivykraj.cz\/de\/#organization\"},\"potentialAction\":[{\"@type\":\"SearchAction\",\"target\":{\"@type\":\"EntryPoint\",\"urlTemplate\":\"https:\/\/zivykraj.cz\/de\/?s={search_term_string}\"},\"query-input\":\"required name=search_term_string\"}],\"inLanguage\":\"de-DE\"},{\"@type\":\"Organization\",\"@id\":\"https:\/\/zivykraj.cz\/de\/#organization\",\"name\":\"\u017divyKraj.cz\",\"url\":\"https:\/\/zivykraj.cz\/de\/\",\"logo\":{\"@type\":\"ImageObject\",\"inLanguage\":\"de-DE\",\"@id\":\"https:\/\/zivykraj.cz\/de\/#\/schema\/logo\/image\/\",\"url\":\"https:\/\/zivykraj.cz\/wp-content\/uploads\/2021\/08\/logo_white.png\",\"contentUrl\":\"https:\/\/zivykraj.cz\/wp-content\/uploads\/2021\/08\/logo_white.png\",\"width\":223,\"height\":59,\"caption\":\"\u017divyKraj.cz\"},\"image\":{\"@id\":\"https:\/\/zivykraj.cz\/de\/#\/schema\/logo\/image\/\"}}]}<\/script>\n<!-- \/ Yoast SEO plugin. -->","yoast_head_json":{"title":"Kuren und Wellness | \u017divyKraj.cz","robots":{"index":"index","follow":"follow","max-snippet":"max-snippet:-1","max-image-preview":"max-image-preview:large","max-video-preview":"max-video-preview:-1"},"canonical":"https:\/\/zivykraj.cz\/de\/kuren-und-wellness\/","og_locale":"de_DE","og_type":"article","og_title":"Kuren und Wellness | \u017divyKraj.cz","og_url":"https:\/\/zivykraj.cz\/de\/kuren-und-wellness\/","og_site_name":"\u017divyKraj.cz","article_modified_time":"2024-08-22T12:48:58+00:00","og_image":[{"width":2560,"height":1429,"url":"https:\/\/zivykraj.cz\/wp-content\/uploads\/2024\/05\/RELA-162-Karlovy-Vary-Ladislav-Renner-2-scaled.jpg","type":"image\/jpeg"}],"twitter_card":"summary_large_image","twitter_misc":{"Gesch\u00e4tzte Lesezeit":"6 Minuten"},"schema":{"@context":"https:\/\/schema.org","@graph":[{"@type":"WebPage","@id":"https:\/\/zivykraj.cz\/de\/kuren-und-wellness\/","url":"https:\/\/zivykraj.cz\/de\/kuren-und-wellness\/","name":"Kuren und Wellness | \u017divyKraj.cz","isPartOf":{"@id":"https:\/\/zivykraj.cz\/de\/#website"},"primaryImageOfPage":{"@id":"https:\/\/zivykraj.cz\/de\/kuren-und-wellness\/#primaryimage"},"image":{"@id":"https:\/\/zivykraj.cz\/de\/kuren-und-wellness\/#primaryimage"},"thumbnailUrl":"https:\/\/zivykraj.cz\/wp-content\/uploads\/2024\/05\/RELA-162-Karlovy-Vary-Ladislav-Renner-2-scaled.jpg","datePublished":"2021-10-20T09:34:19+00:00","dateModified":"2024-08-22T12:48:58+00:00","breadcrumb":{"@id":"https:\/\/zivykraj.cz\/de\/kuren-und-wellness\/#breadcrumb"},"inLanguage":"de-DE","potentialAction":[{"@type":"ReadAction","target":["https:\/\/zivykraj.cz\/de\/kuren-und-wellness\/"]}]},{"@type":"ImageObject","inLanguage":"de-DE","@id":"https:\/\/zivykraj.cz\/de\/kuren-und-wellness\/#primaryimage","url":"https:\/\/zivykraj.cz\/wp-content\/uploads\/2024\/05\/RELA-162-Karlovy-Vary-Ladislav-Renner-2-scaled.jpg","contentUrl":"https:\/\/zivykraj.cz\/wp-content\/uploads\/2024\/05\/RELA-162-Karlovy-Vary-Ladislav-Renner-2-scaled.jpg","width":2560,"height":1429},{"@type":"BreadcrumbList","@id":"https:\/\/zivykraj.cz\/de\/kuren-und-wellness\/#breadcrumb","itemListElement":[{"@type":"ListItem","position":1,"name":"Home","item":"https:\/\/zivykraj.cz\/de\/"},{"@type":"ListItem","position":2,"name":"Kuren und Wellness"}]},{"@type":"WebSite","@id":"https:\/\/zivykraj.cz\/de\/#website","url":"https:\/\/zivykraj.cz\/de\/","name":"\u017divyKraj.cz","description":"Turistick\u00fd web - Karlovarsk\u00fd kraj","publisher":{"@id":"https:\/\/zivykraj.cz\/de\/#organization"},"potentialAction":[{"@type":"SearchAction","target":{"@type":"EntryPoint","urlTemplate":"https:\/\/zivykraj.cz\/de\/?s={search_term_string}"},"query-input":"required name=search_term_string"}],"inLanguage":"de-DE"},{"@type":"Organization","@id":"https:\/\/zivykraj.cz\/de\/#organization","name":"\u017divyKraj.cz","url":"https:\/\/zivykraj.cz\/de\/","logo":{"@type":"ImageObject","inLanguage":"de-DE","@id":"https:\/\/zivykraj.cz\/de\/#\/schema\/logo\/image\/","url":"https:\/\/zivykraj.cz\/wp-content\/uploads\/2021\/08\/logo_white.png","contentUrl":"https:\/\/zivykraj.cz\/wp-content\/uploads\/2021\/08\/logo_white.png","width":223,"height":59,"caption":"\u017divyKraj.cz"},"image":{"@id":"https:\/\/zivykraj.cz\/de\/#\/schema\/logo\/image\/"}}]}},"_links":{"self":[{"href":"https:\/\/zivykraj.cz\/de\/wp-json\/wp\/v2\/pages\/19179"}],"collection":[{"href":"https:\/\/zivykraj.cz\/de\/wp-json\/wp\/v2\/pages"}],"about":[{"href":"https:\/\/zivykraj.cz\/de\/wp-json\/wp\/v2\/types\/page"}],"author":[{"embeddable":true,"href":"https:\/\/zivykraj.cz\/de\/wp-json\/wp\/v2\/users\/1"}],"replies":[{"embeddable":true,"href":"https:\/\/zivykraj.cz\/de\/wp-json\/wp\/v2\/comments?post=19179"}],"version-history":[{"count":5,"href":"https:\/\/zivykraj.cz\/de\/wp-json\/wp\/v2\/pages\/19179\/revisions"}],"predecessor-version":[{"id":78061,"href":"https:\/\/zivykraj.cz\/de\/wp-json\/wp\/v2\/pages\/19179\/revisions\/78061"}],"wp:featuredmedia":[{"embeddable":true,"href":"https:\/\/zivykraj.cz\/de\/wp-json\/wp\/v2\/media\/76302"}],"wp:attachment":[{"href":"https:\/\/zivykraj.cz\/de\/wp-json\/wp\/v2\/media?parent=19179"}],"curies":[{"name":"wp","href":"https:\/\/api.w.org\/{rel}","templated":true}]}}