{"id":36808,"date":"2022-03-28T12:37:43","date_gmt":"2022-03-28T10:37:43","guid":{"rendered":"https:\/\/zivykraj.cz\/?page_id=36808"},"modified":"2022-07-18T10:37:27","modified_gmt":"2022-07-18T08:37:27","slug":"daguerreotypie-von-kynzvart-auf-der-unesco-liste","status":"publish","type":"page","link":"https:\/\/zivykraj.cz\/de\/unesco\/daguerreotypie-von-kynzvart-auf-der-unesco-liste\/","title":{"rendered":"Daguerreotypie von Kyn\u017evart auf der UNESCO-Liste"},"content":{"rendered":"<p><div class=\"fusion-fullwidth fullwidth-box fusion-builder-row-1 nonhundred-percent-fullwidth non-hundred-percent-height-scrolling\" style=\"background-color: rgba(255,255,255,0);background-position: center center;background-repeat: no-repeat;padding-top:0px;padding-right:0px;padding-bottom:0px;padding-left:0px;margin-bottom: 0px;margin-top: 0px;border-width: 0px 0px 0px 0px;border-color:#ecefef;border-style:solid;\" ><div class=\"fusion-builder-row fusion-row\"><div class=\"fusion-layout-column fusion_builder_column fusion-builder-column-0 fusion_builder_column_1_1 1_1 fusion-one-full fusion-column-first fusion-column-last\" style=\"margin-top:25px;margin-bottom:0px;\"><div class=\"fusion-column-wrapper fusion-flex-column-wrapper-legacy\" style=\"background-position:left top;background-repeat:no-repeat;-webkit-background-size:cover;-moz-background-size:cover;-o-background-size:cover;background-size:cover;padding: 0px 0px 0px 0px;\"><div class=\"fusion-text fusion-text-1\"><p><strong>Die Erfindung der Daguerreotypie wird allgemein als die Geburtsstunde der Fotografie angesehen. Die Daguerreotypie von Kyn\u017evart, die von der UNESCO zum &#8222;Weltdokumentenerbe&#8220; erkl\u00e4rt wurde, ist in dieser Hinsicht eine Rarit\u00e4t. Es handelt sich um eine der seltensten Fotografien der Welt, die ein Stillleben mit dem Motiv eines K\u00fcnstlerateliers abbildet.<\/strong><\/p>\n<p>Es ist das Werk des Erfinders selbst, Louis Jacques Mand\u00e9 Daguerre, das F\u00fcrst Metternich gewidmet ist, der auf der R\u00fcckseite handschriftlich die Bedeutung dieses Geschenks vermerkt hat. Der Erfinder hat 23 Jahre lang an der Erforschung dieser Methode gearbeitet. Er verwendete eine Metallplatte mit einer d\u00fcnnen Silberschicht, um die Daguerreotypie mit Hilfe von Chemikalien herzustellen. Der Fotograf belichtete die Platte in einer Camera obscura, einem Vorl\u00e4ufer der Kamera. Der n\u00e4chste Schritt bestand dann darin, das Bild sichtbar zu machen und es zu fixieren.<\/p>\n<p>Das Schloss Kyn\u017evart, in dem eine neue Ausstellung \u00fcber die Daguerreotypie vorbereitet wird, ist auch wegen seiner umfangreichen Sammlung von Reliquien und Gegenst\u00e4nden aus aller Welt der ber\u00fchmten Freunde des F\u00fcrsten Metternich einen Besuch wert, darunter eine \u00e4gyptologische Sammlung mit Mumien, ein Kuriosit\u00e4tenkabinett und eine Ausstellung von Waffen und Drucken.<\/p>\n<\/div><div class=\"fusion-clearfix\"><\/div><\/div><\/div><\/div><\/div><div class=\"fusion-fullwidth fullwidth-box fusion-builder-row-2 nonhundred-percent-fullwidth non-hundred-percent-height-scrolling\" style=\"background-color: rgba(255,255,255,0);background-position: center center;background-repeat: no-repeat;padding-top:0px;padding-right:0px;padding-bottom:0px;padding-left:0px;margin-bottom: 0px;margin-top: 0px;border-width: 0px 0px 0px 0px;border-color:#ecefef;border-style:solid;\" ><div class=\"fusion-builder-row fusion-row\"><div class=\"fusion-layout-column fusion_builder_column fusion-builder-column-1 fusion_builder_column_1_1 1_1 fusion-one-full fusion-column-first fusion-column-last\" style=\"margin-top:25px;margin-bottom:25px;\"><div class=\"fusion-column-wrapper fusion-flex-column-wrapper-legacy\" style=\"background-position:left top;background-repeat:no-repeat;-webkit-background-size:cover;-moz-background-size:cover;-o-background-size:cover;background-size:cover;padding: 0px 0px 0px 0px;\"><style type=\"text\/css\">.fusion-gallery-1 .fusion-gallery-image {border:0px solid #f2f3f3;}<\/style><div class=\"fusion-gallery fusion-gallery-container fusion-grid-3 fusion-columns-total-3 fusion-gallery-layout-grid fusion-gallery-1\" style=\"margin:-5px;\"><div style=\"padding:5px;\" class=\"fusion-grid-column fusion-gallery-column fusion-gallery-column-3 hover-type-none\"><div class=\"fusion-gallery-image\"><a href=\"https:\/\/zivykraj.cz\/wp-content\/uploads\/2022\/03\/daguerottypie-.jpg\" rel=\"noreferrer\" data-rel=\"iLightbox[gallery_image_1]\" class=\"fusion-lightbox\" target=\"_self\"><img decoding=\"async\" src=\"https:\/\/zivykraj.cz\/wp-content\/uploads\/2022\/03\/daguerottypie--460x295.jpg\" width=\"460\" height=\"295\" alt=\"\" title=\"daguerottypie\" aria-label=\"daguerottypie\" class=\"img-responsive wp-image-36627 fusion-gallery-image-size-fixed\"  \/><\/a><\/div><\/div><div style=\"padding:5px;\" class=\"fusion-grid-column fusion-gallery-column fusion-gallery-column-3 hover-type-none\"><div class=\"fusion-gallery-image\"><a href=\"https:\/\/zivykraj.cz\/wp-content\/uploads\/2022\/03\/kynzvart_nastolniky_4.jpg\" rel=\"noreferrer\" data-rel=\"iLightbox[gallery_image_1]\" class=\"fusion-lightbox\" target=\"_self\"><img decoding=\"async\" src=\"https:\/\/zivykraj.cz\/wp-content\/uploads\/2022\/03\/kynzvart_nastolniky_4-460x295.jpg\" width=\"460\" height=\"295\" alt=\"\" title=\"kynzvart_nastolniky_4\" aria-label=\"kynzvart_nastolniky_4\" class=\"img-responsive wp-image-36619 fusion-gallery-image-size-fixed\"  \/><\/a><\/div><\/div><div style=\"padding:5px;\" class=\"fusion-grid-column fusion-gallery-column fusion-gallery-column-3 hover-type-none\"><div class=\"fusion-gallery-image\"><a href=\"https:\/\/zivykraj.cz\/wp-content\/uploads\/2022\/03\/kynzvart_exterier_5.jpg\" rel=\"noreferrer\" data-rel=\"iLightbox[gallery_image_1]\" class=\"fusion-lightbox\" target=\"_self\"><img decoding=\"async\" src=\"https:\/\/zivykraj.cz\/wp-content\/uploads\/2022\/03\/kynzvart_exterier_5-460x295.jpg\" width=\"460\" height=\"295\" alt=\"\" title=\"kynzvart_exterier_5\" aria-label=\"kynzvart_exterier_5\" class=\"img-responsive wp-image-36631 fusion-gallery-image-size-fixed\"  \/><\/a><\/div><\/div><div class=\"clearfix\"><\/div><\/div><div class=\"fusion-clearfix\"><\/div><\/div><\/div><\/div><\/div><div class=\"fusion-fullwidth fullwidth-box fusion-builder-row-3 nonhundred-percent-fullwidth non-hundred-percent-height-scrolling\" style=\"background-color: #fafafa;background-position: center center;background-repeat: no-repeat;padding-top:20px;padding-right:60px;padding-bottom:20px;padding-left:60px;margin-bottom: 40px;margin-top: 20px;border-width: 0px 0px 0px 0px;border-color:#ecefef;border-style:solid;\" ><div class=\"fusion-builder-row fusion-row\"><div class=\"fusion-layout-column fusion_builder_column fusion-builder-column-2 fusion_builder_column_1_1 1_1 fusion-one-full fusion-column-first fusion-column-last\" style=\"margin-top:25px;margin-bottom:25px;\"><div class=\"fusion-column-wrapper fusion-flex-column-wrapper-legacy\" style=\"background-position:left top;background-repeat:no-repeat;-webkit-background-size:cover;-moz-background-size:cover;-o-background-size:cover;background-size:cover;padding: 0px 0px 0px 0px;\"><div class=\"fusion-column-content-centered\"><div class=\"fusion-column-content\"><div class=\"fusion-aligncenter\"><style>.fusion-body .fusion-button.button-1{border-radius:0px 0px 0px 0px;}<\/style><a class=\"fusion-button button-flat fusion-button-default-size button-default button-1 fusion-button-default-span fusion-button-default-type\" target=\"_self\" href=\"https:\/\/www.zamek-kynzvart.cz\/cs\/Pamatka-UNESCO\"><span class=\"fusion-button-text\">Mehr Informationen<\/span><\/a><\/div><\/div><\/div><div class=\"fusion-clearfix\"><\/div><\/div><\/div><\/div><\/div><div class=\"fusion-fullwidth fullwidth-box fusion-builder-row-4 nonhundred-percent-fullwidth non-hundred-percent-height-scrolling\" style=\"background-color: rgba(255,255,255,0);background-position: center center;background-repeat: no-repeat;padding-top:0px;padding-right:0px;padding-bottom:0px;padding-left:0px;margin-bottom: 0px;margin-top: 0px;border-width: 0px 0px 0px 0px;border-color:#ecefef;border-style:solid;\" ><div class=\"fusion-builder-row fusion-row\"><div class=\"fusion-layout-column fusion_builder_column fusion-builder-column-3 fusion_builder_column_1_1 1_1 fusion-one-full fusion-column-first fusion-column-last\" style=\"margin-top:25px;margin-bottom:25px;\"><div class=\"fusion-column-wrapper fusion-flex-column-wrapper-legacy\" style=\"background-position:left top;background-repeat:no-repeat;-webkit-background-size:cover;-moz-background-size:cover;-o-background-size:cover;background-size:cover;padding: 0px 0px 0px 0px;\"><div class=\"fusion-text fusion-text-2 nechte-se-inspirovat\"><h3 style=\"text-align: center;\"><strong>Lassen Sie sich inspirieren<\/strong><\/h3>\n<\/div><div class=\"fusion-recent-posts fusion-recent-posts-1 avada-container layout-default layout-columns-3 fusion-recent-posts-center fusion-recent-posts-infinite fusion-recent-posts-load-more blog-grid\" data-pages=\"1\"><section class=\"fusion-columns columns fusion-columns-3 columns-3\"><article class=\"post fusion-column column col col-lg-4 col-md-4 col-sm-4\"><div class=\"fusion-flexslider fusion-flexslider-loading flexslider flexslider-hover-type-zoomin\"><ul class=\"slides\"><li><a href=\"https:\/\/zivykraj.cz\/de\/sehenswuerdigkeiten\/meisterhaft-getarnte-orte\/\" aria-label=\"Meisterhaft getarnte Orte\" class=\"hover-type-zoomin\"><img decoding=\"async\" width=\"700\" height=\"441\" src=\"https:\/\/zivykraj.cz\/wp-content\/uploads\/2024\/05\/SOA-architects-Park-of-memories-photo-by-alex-shoots-buildings-4-700x441.jpg\" class=\"attachment-recent-posts size-recent-posts lazyload\" alt=\"\" srcset=\"data:image\/svg+xml,%3Csvg%20xmlns%3D%27http%3A%2F%2Fwww.w3.org%2F2000%2Fsvg%27%20width%3D%272560%27%20height%3D%271439%27%20viewBox%3D%270%200%202560%201439%27%3E%3Crect%20width%3D%272560%27%20height%3D%271439%27%20fill-opacity%3D%220%22%2F%3E%3C%2Fsvg%3E\" data-orig-src=\"https:\/\/zivykraj.cz\/wp-content\/uploads\/2024\/05\/SOA-architects-Park-of-memories-photo-by-alex-shoots-buildings-4-700x441.jpg\" data-srcset=\"https:\/\/zivykraj.cz\/wp-content\/uploads\/2024\/05\/SOA-architects-Park-of-memories-photo-by-alex-shoots-buildings-4-320x202.jpg 320w, https:\/\/zivykraj.cz\/wp-content\/uploads\/2024\/05\/SOA-architects-Park-of-memories-photo-by-alex-shoots-buildings-4-700x441.jpg 700w\" data-sizes=\"auto\" \/><\/a><\/li><\/ul><\/div><div class=\"recent-posts-content\"><span class=\"vcard\" style=\"display: none;\"><span class=\"fn\"><a href=\"https:\/\/zivykraj.cz\/de\/author\/admin\/\" title=\"Beitr\u00e4ge von admin\" rel=\"author\">admin<\/a><\/span><\/span><span class=\"updated\" style=\"display:none;\">2024-05-21T08:34:18+02:00<\/span><h4 class=\"entry-title\"><a href=\"https:\/\/zivykraj.cz\/de\/sehenswuerdigkeiten\/meisterhaft-getarnte-orte\/\">Meisterhaft getarnte Orte<\/a><\/h4><p> Text: Eva Slune\u010dkov\u00e1 Die Karlsbader Region ist nicht allein durch Oblaten, Quellen und flanierende Kurg\u00e4ste gekennzeichnet.\u00a0\u00a0 Es ...<\/p><\/div><\/article><article class=\"post fusion-column column col col-lg-4 col-md-4 col-sm-4\"><div class=\"fusion-flexslider fusion-flexslider-loading flexslider flexslider-hover-type-zoomin\"><ul class=\"slides\"><li><a href=\"https:\/\/zivykraj.cz\/de\/pamatky-blog-de\/in-cheb-kann-man-nichts-falsch-machen\/\" aria-label=\"In Cheb kann man nichts falsch machen\" class=\"hover-type-zoomin\"><img decoding=\"async\" width=\"700\" height=\"441\" src=\"https:\/\/zivykraj.cz\/wp-content\/uploads\/2023\/06\/2VS01688-700x441.jpg\" class=\"attachment-recent-posts size-recent-posts lazyload\" alt=\"\" srcset=\"data:image\/svg+xml,%3Csvg%20xmlns%3D%27http%3A%2F%2Fwww.w3.org%2F2000%2Fsvg%27%20width%3D%272560%27%20height%3D%271708%27%20viewBox%3D%270%200%202560%201708%27%3E%3Crect%20width%3D%272560%27%20height%3D%271708%27%20fill-opacity%3D%220%22%2F%3E%3C%2Fsvg%3E\" data-orig-src=\"https:\/\/zivykraj.cz\/wp-content\/uploads\/2023\/06\/2VS01688-700x441.jpg\" data-srcset=\"https:\/\/zivykraj.cz\/wp-content\/uploads\/2023\/06\/2VS01688-320x202.jpg 320w, https:\/\/zivykraj.cz\/wp-content\/uploads\/2023\/06\/2VS01688-700x441.jpg 700w\" data-sizes=\"auto\" \/><\/a><\/li><\/ul><\/div><div class=\"recent-posts-content\"><span class=\"vcard\" style=\"display: none;\"><span class=\"fn\"><a href=\"https:\/\/zivykraj.cz\/de\/author\/admin\/\" title=\"Beitr\u00e4ge von admin\" rel=\"author\">admin<\/a><\/span><\/span><span class=\"updated\" style=\"display:none;\">2026-04-16T09:11:03+02:00<\/span><h4 class=\"entry-title\"><a href=\"https:\/\/zivykraj.cz\/de\/pamatky-blog-de\/in-cheb-kann-man-nichts-falsch-machen\/\">In Cheb kann man nichts falsch machen<\/a><\/h4><p>Cheb, die Stadt der drei Buchstaben. Sie ist nicht gerade ein \"ber\u00fchmtes\" Touristenziel oder eine klassische L\u00f6wengrube f\u00fcr Touristen, denn sie liegt zu ihrem (Un-)Vorteil ganz am Ende Westb\u00f6hmens und der Weg dorthin liegt im Schatten des B\u00e4derdreiecks. Trotzdem! Wenn Sie sich hierher verirren, sei es absichtlich oder zuf\u00e4llig, werden Sie sehr angenehm \u00fcberrascht sein.<\/p><\/div><\/article><article class=\"post fusion-column column col col-lg-4 col-md-4 col-sm-4\"><div class=\"fusion-flexslider fusion-flexslider-loading flexslider flexslider-hover-type-zoomin\"><ul class=\"slides\"><li><a href=\"https:\/\/zivykraj.cz\/de\/tipy-de\/die-wahren-schaetze-liegen-tief-unter-der-erde-verborgen\/\" aria-label=\"Die wahren Sch\u00e4tze liegen tief unter der Erde verborgen\" class=\"hover-type-zoomin\"><img decoding=\"async\" width=\"700\" height=\"441\" src=\"https:\/\/zivykraj.cz\/wp-content\/uploads\/2023\/05\/Stola-c.-1-700x441.jpg\" class=\"attachment-recent-posts size-recent-posts lazyload\" alt=\"\" srcset=\"data:image\/svg+xml,%3Csvg%20xmlns%3D%27http%3A%2F%2Fwww.w3.org%2F2000%2Fsvg%27%20width%3D%272560%27%20height%3D%271709%27%20viewBox%3D%270%200%202560%201709%27%3E%3Crect%20width%3D%272560%27%20height%3D%271709%27%20fill-opacity%3D%220%22%2F%3E%3C%2Fsvg%3E\" data-orig-src=\"https:\/\/zivykraj.cz\/wp-content\/uploads\/2023\/05\/Stola-c.-1-700x441.jpg\" data-srcset=\"https:\/\/zivykraj.cz\/wp-content\/uploads\/2023\/05\/Stola-c.-1-320x202.jpg 320w, https:\/\/zivykraj.cz\/wp-content\/uploads\/2023\/05\/Stola-c.-1-700x441.jpg 700w\" data-sizes=\"auto\" \/><\/a><\/li><\/ul><\/div><div class=\"recent-posts-content\"><span class=\"vcard\" style=\"display: none;\"><span class=\"fn\"><a href=\"https:\/\/zivykraj.cz\/de\/author\/admin\/\" title=\"Beitr\u00e4ge von admin\" rel=\"author\">admin<\/a><\/span><\/span><span class=\"updated\" style=\"display:none;\">2026-04-16T09:14:29+02:00<\/span><h4 class=\"entry-title\"><a href=\"https:\/\/zivykraj.cz\/de\/tipy-de\/die-wahren-schaetze-liegen-tief-unter-der-erde-verborgen\/\">Die wahren Sch\u00e4tze liegen tief unter der Erde verborgen<\/a><\/h4><p> Dass das Erzgebirge f\u00fcr seine Wanderwege weithin bekannt ist, ist kein Geheimnis. Aber wussten Sie, dass Ihre ...<\/p><\/div><\/article><\/section><\/div><div class=\"fusion-clearfix\"><\/div><\/div><\/div><\/div><\/div><\/p>\n","protected":false},"excerpt":{"rendered":"","protected":false},"author":1,"featured_media":36633,"parent":32288,"menu_order":0,"comment_status":"closed","ping_status":"closed","template":"","meta":{"_acf_changed":false,"inline_featured_image":false,"footnotes":""},"acf":[],"yoast_head":"<!-- This site is optimized with the Yoast SEO plugin v22.3 - https:\/\/yoast.com\/wordpress\/plugins\/seo\/ -->\n<title>Daguerreotypie von Kyn\u017evart auf der UNESCO-Liste | \u017divyKraj.cz<\/title>\n<meta name=\"robots\" content=\"index, follow, max-snippet:-1, max-image-preview:large, max-video-preview:-1\" \/>\n<link rel=\"canonical\" href=\"https:\/\/zivykraj.cz\/de\/unesco\/daguerreotypie-von-kynzvart-auf-der-unesco-liste\/\" \/>\n<meta property=\"og:locale\" content=\"de_DE\" \/>\n<meta property=\"og:type\" content=\"article\" \/>\n<meta property=\"og:title\" content=\"Daguerreotypie von Kyn\u017evart auf der UNESCO-Liste | \u017divyKraj.cz\" \/>\n<meta property=\"og:url\" content=\"https:\/\/zivykraj.cz\/de\/unesco\/daguerreotypie-von-kynzvart-auf-der-unesco-liste\/\" \/>\n<meta property=\"og:site_name\" content=\"\u017divyKraj.cz\" \/>\n<meta property=\"article:modified_time\" content=\"2022-07-18T08:37:27+00:00\" \/>\n<meta property=\"og:image\" content=\"https:\/\/zivykraj.cz\/wp-content\/uploads\/2022\/03\/kynzvart_exterier_5.jpg\" \/>\n\t<meta property=\"og:image:width\" content=\"1920\" \/>\n\t<meta property=\"og:image:height\" content=\"1283\" \/>\n\t<meta property=\"og:image:type\" content=\"image\/jpeg\" \/>\n<meta name=\"twitter:card\" content=\"summary_large_image\" \/>\n<meta name=\"twitter:label1\" content=\"Gesch\u00e4tzte Lesezeit\" \/>\n\t<meta name=\"twitter:data1\" content=\"7 Minuten\" \/>\n<script type=\"application\/ld+json\" class=\"yoast-schema-graph\">{\"@context\":\"https:\/\/schema.org\",\"@graph\":[{\"@type\":\"WebPage\",\"@id\":\"https:\/\/zivykraj.cz\/de\/unesco\/daguerreotypie-von-kynzvart-auf-der-unesco-liste\/\",\"url\":\"https:\/\/zivykraj.cz\/de\/unesco\/daguerreotypie-von-kynzvart-auf-der-unesco-liste\/\",\"name\":\"Daguerreotypie von Kyn\u017evart auf der UNESCO-Liste | \u017divyKraj.cz\",\"isPartOf\":{\"@id\":\"https:\/\/zivykraj.cz\/de\/#website\"},\"primaryImageOfPage\":{\"@id\":\"https:\/\/zivykraj.cz\/de\/unesco\/daguerreotypie-von-kynzvart-auf-der-unesco-liste\/#primaryimage\"},\"image\":{\"@id\":\"https:\/\/zivykraj.cz\/de\/unesco\/daguerreotypie-von-kynzvart-auf-der-unesco-liste\/#primaryimage\"},\"thumbnailUrl\":\"https:\/\/zivykraj.cz\/wp-content\/uploads\/2022\/03\/kynzvart_exterier_5.jpg\",\"datePublished\":\"2022-03-28T10:37:43+00:00\",\"dateModified\":\"2022-07-18T08:37:27+00:00\",\"breadcrumb\":{\"@id\":\"https:\/\/zivykraj.cz\/de\/unesco\/daguerreotypie-von-kynzvart-auf-der-unesco-liste\/#breadcrumb\"},\"inLanguage\":\"de-DE\",\"potentialAction\":[{\"@type\":\"ReadAction\",\"target\":[\"https:\/\/zivykraj.cz\/de\/unesco\/daguerreotypie-von-kynzvart-auf-der-unesco-liste\/\"]}]},{\"@type\":\"ImageObject\",\"inLanguage\":\"de-DE\",\"@id\":\"https:\/\/zivykraj.cz\/de\/unesco\/daguerreotypie-von-kynzvart-auf-der-unesco-liste\/#primaryimage\",\"url\":\"https:\/\/zivykraj.cz\/wp-content\/uploads\/2022\/03\/kynzvart_exterier_5.jpg\",\"contentUrl\":\"https:\/\/zivykraj.cz\/wp-content\/uploads\/2022\/03\/kynzvart_exterier_5.jpg\",\"width\":1920,\"height\":1283},{\"@type\":\"BreadcrumbList\",\"@id\":\"https:\/\/zivykraj.cz\/de\/unesco\/daguerreotypie-von-kynzvart-auf-der-unesco-liste\/#breadcrumb\",\"itemListElement\":[{\"@type\":\"ListItem\",\"position\":1,\"name\":\"Home\",\"item\":\"https:\/\/zivykraj.cz\/de\/\"},{\"@type\":\"ListItem\",\"position\":2,\"name\":\"UNESCO\",\"item\":\"https:\/\/zivykraj.cz\/de\/unesco\/\"},{\"@type\":\"ListItem\",\"position\":3,\"name\":\"Daguerreotypie von Kyn\u017evart auf der UNESCO-Liste\"}]},{\"@type\":\"WebSite\",\"@id\":\"https:\/\/zivykraj.cz\/de\/#website\",\"url\":\"https:\/\/zivykraj.cz\/de\/\",\"name\":\"\u017divyKraj.cz\",\"description\":\"Turistick\u00fd web - Karlovarsk\u00fd kraj\",\"publisher\":{\"@id\":\"https:\/\/zivykraj.cz\/de\/#organization\"},\"potentialAction\":[{\"@type\":\"SearchAction\",\"target\":{\"@type\":\"EntryPoint\",\"urlTemplate\":\"https:\/\/zivykraj.cz\/de\/?s={search_term_string}\"},\"query-input\":\"required name=search_term_string\"}],\"inLanguage\":\"de-DE\"},{\"@type\":\"Organization\",\"@id\":\"https:\/\/zivykraj.cz\/de\/#organization\",\"name\":\"\u017divyKraj.cz\",\"url\":\"https:\/\/zivykraj.cz\/de\/\",\"logo\":{\"@type\":\"ImageObject\",\"inLanguage\":\"de-DE\",\"@id\":\"https:\/\/zivykraj.cz\/de\/#\/schema\/logo\/image\/\",\"url\":\"https:\/\/zivykraj.cz\/wp-content\/uploads\/2021\/08\/logo_white.png\",\"contentUrl\":\"https:\/\/zivykraj.cz\/wp-content\/uploads\/2021\/08\/logo_white.png\",\"width\":223,\"height\":59,\"caption\":\"\u017divyKraj.cz\"},\"image\":{\"@id\":\"https:\/\/zivykraj.cz\/de\/#\/schema\/logo\/image\/\"}}]}<\/script>\n<!-- \/ Yoast SEO plugin. -->","yoast_head_json":{"title":"Daguerreotypie von Kyn\u017evart auf der UNESCO-Liste | \u017divyKraj.cz","robots":{"index":"index","follow":"follow","max-snippet":"max-snippet:-1","max-image-preview":"max-image-preview:large","max-video-preview":"max-video-preview:-1"},"canonical":"https:\/\/zivykraj.cz\/de\/unesco\/daguerreotypie-von-kynzvart-auf-der-unesco-liste\/","og_locale":"de_DE","og_type":"article","og_title":"Daguerreotypie von Kyn\u017evart auf der UNESCO-Liste | \u017divyKraj.cz","og_url":"https:\/\/zivykraj.cz\/de\/unesco\/daguerreotypie-von-kynzvart-auf-der-unesco-liste\/","og_site_name":"\u017divyKraj.cz","article_modified_time":"2022-07-18T08:37:27+00:00","og_image":[{"width":1920,"height":1283,"url":"https:\/\/zivykraj.cz\/wp-content\/uploads\/2022\/03\/kynzvart_exterier_5.jpg","type":"image\/jpeg"}],"twitter_card":"summary_large_image","twitter_misc":{"Gesch\u00e4tzte Lesezeit":"7 Minuten"},"schema":{"@context":"https:\/\/schema.org","@graph":[{"@type":"WebPage","@id":"https:\/\/zivykraj.cz\/de\/unesco\/daguerreotypie-von-kynzvart-auf-der-unesco-liste\/","url":"https:\/\/zivykraj.cz\/de\/unesco\/daguerreotypie-von-kynzvart-auf-der-unesco-liste\/","name":"Daguerreotypie von Kyn\u017evart auf der UNESCO-Liste | \u017divyKraj.cz","isPartOf":{"@id":"https:\/\/zivykraj.cz\/de\/#website"},"primaryImageOfPage":{"@id":"https:\/\/zivykraj.cz\/de\/unesco\/daguerreotypie-von-kynzvart-auf-der-unesco-liste\/#primaryimage"},"image":{"@id":"https:\/\/zivykraj.cz\/de\/unesco\/daguerreotypie-von-kynzvart-auf-der-unesco-liste\/#primaryimage"},"thumbnailUrl":"https:\/\/zivykraj.cz\/wp-content\/uploads\/2022\/03\/kynzvart_exterier_5.jpg","datePublished":"2022-03-28T10:37:43+00:00","dateModified":"2022-07-18T08:37:27+00:00","breadcrumb":{"@id":"https:\/\/zivykraj.cz\/de\/unesco\/daguerreotypie-von-kynzvart-auf-der-unesco-liste\/#breadcrumb"},"inLanguage":"de-DE","potentialAction":[{"@type":"ReadAction","target":["https:\/\/zivykraj.cz\/de\/unesco\/daguerreotypie-von-kynzvart-auf-der-unesco-liste\/"]}]},{"@type":"ImageObject","inLanguage":"de-DE","@id":"https:\/\/zivykraj.cz\/de\/unesco\/daguerreotypie-von-kynzvart-auf-der-unesco-liste\/#primaryimage","url":"https:\/\/zivykraj.cz\/wp-content\/uploads\/2022\/03\/kynzvart_exterier_5.jpg","contentUrl":"https:\/\/zivykraj.cz\/wp-content\/uploads\/2022\/03\/kynzvart_exterier_5.jpg","width":1920,"height":1283},{"@type":"BreadcrumbList","@id":"https:\/\/zivykraj.cz\/de\/unesco\/daguerreotypie-von-kynzvart-auf-der-unesco-liste\/#breadcrumb","itemListElement":[{"@type":"ListItem","position":1,"name":"Home","item":"https:\/\/zivykraj.cz\/de\/"},{"@type":"ListItem","position":2,"name":"UNESCO","item":"https:\/\/zivykraj.cz\/de\/unesco\/"},{"@type":"ListItem","position":3,"name":"Daguerreotypie von Kyn\u017evart auf der UNESCO-Liste"}]},{"@type":"WebSite","@id":"https:\/\/zivykraj.cz\/de\/#website","url":"https:\/\/zivykraj.cz\/de\/","name":"\u017divyKraj.cz","description":"Turistick\u00fd web - Karlovarsk\u00fd kraj","publisher":{"@id":"https:\/\/zivykraj.cz\/de\/#organization"},"potentialAction":[{"@type":"SearchAction","target":{"@type":"EntryPoint","urlTemplate":"https:\/\/zivykraj.cz\/de\/?s={search_term_string}"},"query-input":"required name=search_term_string"}],"inLanguage":"de-DE"},{"@type":"Organization","@id":"https:\/\/zivykraj.cz\/de\/#organization","name":"\u017divyKraj.cz","url":"https:\/\/zivykraj.cz\/de\/","logo":{"@type":"ImageObject","inLanguage":"de-DE","@id":"https:\/\/zivykraj.cz\/de\/#\/schema\/logo\/image\/","url":"https:\/\/zivykraj.cz\/wp-content\/uploads\/2021\/08\/logo_white.png","contentUrl":"https:\/\/zivykraj.cz\/wp-content\/uploads\/2021\/08\/logo_white.png","width":223,"height":59,"caption":"\u017divyKraj.cz"},"image":{"@id":"https:\/\/zivykraj.cz\/de\/#\/schema\/logo\/image\/"}}]}},"_links":{"self":[{"href":"https:\/\/zivykraj.cz\/de\/wp-json\/wp\/v2\/pages\/36808"}],"collection":[{"href":"https:\/\/zivykraj.cz\/de\/wp-json\/wp\/v2\/pages"}],"about":[{"href":"https:\/\/zivykraj.cz\/de\/wp-json\/wp\/v2\/types\/page"}],"author":[{"embeddable":true,"href":"https:\/\/zivykraj.cz\/de\/wp-json\/wp\/v2\/users\/1"}],"replies":[{"embeddable":true,"href":"https:\/\/zivykraj.cz\/de\/wp-json\/wp\/v2\/comments?post=36808"}],"version-history":[{"count":2,"href":"https:\/\/zivykraj.cz\/de\/wp-json\/wp\/v2\/pages\/36808\/revisions"}],"predecessor-version":[{"id":64372,"href":"https:\/\/zivykraj.cz\/de\/wp-json\/wp\/v2\/pages\/36808\/revisions\/64372"}],"up":[{"embeddable":true,"href":"https:\/\/zivykraj.cz\/de\/wp-json\/wp\/v2\/pages\/32288"}],"wp:featuredmedia":[{"embeddable":true,"href":"https:\/\/zivykraj.cz\/de\/wp-json\/wp\/v2\/media\/36633"}],"wp:attachment":[{"href":"https:\/\/zivykraj.cz\/de\/wp-json\/wp\/v2\/media?parent=36808"}],"curies":[{"name":"wp","href":"https:\/\/api.w.org\/{rel}","templated":true}]}}