{"id":66309,"date":"2022-10-27T10:22:27","date_gmt":"2022-10-27T08:22:27","guid":{"rendered":"https:\/\/zivykraj.cz\/?page_id=66309"},"modified":"2024-11-07T10:36:56","modified_gmt":"2024-11-07T09:36:56","slug":"kontakt","status":"publish","type":"page","link":"https:\/\/zivykraj.cz\/de\/b2b\/kontakt\/","title":{"rendered":"Kontakt"},"content":{"rendered":"<div class=\"fusion-fullwidth fullwidth-box fusion-builder-row-1 fusion-flex-container nonhundred-percent-fullwidth non-hundred-percent-height-scrolling\" style=\"background-color: rgba(255,255,255,0);background-position: center center;background-repeat: no-repeat;border-width: 0px 0px 0px 0px;border-color:#ecefef;border-style:solid;\" ><div class=\"fusion-builder-row fusion-row fusion-flex-align-items-flex-start\" style=\"max-width:1206.4px;margin-left: calc(-4% \/ 2 );margin-right: calc(-4% \/ 2 );\"><div class=\"fusion-layout-column fusion_builder_column fusion-builder-column-0 fusion_builder_column_1_1 1_1 fusion-flex-column\"><div class=\"fusion-column-wrapper fusion-flex-justify-content-flex-start fusion-content-layout-column\" style=\"background-position:left top;background-repeat:no-repeat;-webkit-background-size:cover;-moz-background-size:cover;-o-background-size:cover;background-size:cover;padding: 0px 0px 0px 0px;\"><div class=\"fusion-text fusion-text-1\"><h3 class=\"fusion-responsive-typography-calculated\" data-fontsize=\"32\" data-lineheight=\"41.6px\"><b>\u017div\u00fd kraj \u2013 destina\u010dn\u00ed agentura pro Karlovarsk\u00fd kraj, z.s.<\/b><\/h3>\n<\/div><div class=\"fusion-text fusion-text-2 fusion-text-split-columns fusion-text-columns-2\" style=\" -webkit-column-count:2; -webkit-column-gap:2em; -webkit-column-width:100px; -moz-column-count:2; -moz-column-gap:2em; -moz-column-width:100px; column-count:2; column-gap:2em; column-width:100px;\"><p>Z\u00e1vodn\u00ed 379\/84a<br \/>\n360 06 Karlovy Vary \u2013 Dvory<\/p>\n<p>E-mail:\u00a0<a href=\"mailto:info@zivykraj.cz\">info@zivykraj.cz<\/a><br \/>\nTelefon:\u00a0+420\u00a0354\u00a0222 243<\/p>\n<p>I\u010c:\u00a005309964<br \/>\nDI\u010c: CZ05309964<\/p>\n<p>Datum vzniku a z\u00e1pisu do obchodn\u00edho rejst\u0159\u00edku \u2013 29. srpen 2016<br \/>\n<a href=\"https:\/\/or.justice.cz\/ias\/ui\/vypis-sl-firma?subjektId=943355\" rel=\"noopener noreferrer\">\u2192 Ve\u0159ejn\u00fd rejst\u0159\u00edk a sb\u00edrka listin<\/a><\/p>\n<\/div><div class=\"fusion-separator fusion-full-width-sep\" style=\"align-self: center;margin-left: auto;margin-right: auto;margin-bottom:30px;width:100%;\"><div class=\"fusion-separator-border sep-single sep-solid\" style=\"border-color:#ecefef;border-top-width:1px;\"><\/div><\/div><div class=\"fusion-text fusion-text-3 fusion-text-split-columns fusion-text-columns-3\" style=\" -webkit-column-count:3; -webkit-column-gap:2em; -webkit-column-width:100px; -moz-column-count:3; -moz-column-gap:2em; -moz-column-width:100px; column-count:3; column-gap:2em; column-width:100px;\"><p><b>Ing. Petr \u017didlick\u00fd<br \/>\n<\/b><em>p\u0159edseda Destina\u010dn\u00ed agentury \u017div\u00fd kraj<br \/>\n<\/em>+420 354 222 243, +420 736 650 129<br \/>\n<a href=\"mailto:zidlicky@zivykraj.cz\">zidlicky@zivykraj.cz<\/a><\/p>\n<p><b>Lucie \u010cervinkov\u00e1, DiS.<br \/>\n<\/b><em>marketingov\u00fd mana\u017eer<br \/>\n<\/em>+420 354 222 681, +420 734 164 020<br \/>\n<a href=\"mailto:terekova@zivykraj.cz\">cervinkova@zivykraj.cz<\/a><\/p>\n<p><b>Ing. Josef Slune\u010dko, MBA<br \/>\n<\/b><em>marketingov\u00fd mana\u017eer<br \/>\n<\/em>+420 354 222 682, +420 736 650 301<br \/>\n<a href=\"mailto:slunecko@zivykraj.cz\">slunecko@zivykraj.cz<\/a><\/p>\n<p><strong>Bc. Jitka Svobodov\u00e1<br \/>\n<\/strong><em>marketingov\u00fd mana\u017eer<br \/>\n+420 354 222 680, +420 734 164 024<\/em><strong><em><br \/>\n<\/em><\/strong><a href=\"mailto:svobodova@zivykraj.cz\">svobodova@zivykraj.cz<\/a><\/p>\n<p><strong>Ing. Lenka \u0160im\u00e1\u010dkov\u00e1<\/strong><br \/>\n<em>marketingov\u00fd mana\u017eer<br \/>\n+420 731 779 544<\/em><br \/>\n<a href=\"mailto:simackova@zivykraj.cz\">simackova@zivykraj.cz<\/a><\/p>\n<\/div><\/div><style type=\"text\/css\">.fusion-body .fusion-builder-column-0{width:100% !important;margin-top : 25px;margin-bottom : 25px;}.fusion-builder-column-0 > .fusion-column-wrapper {padding-top : 0px !important;padding-right : 0px !important;margin-right : 1.92%;padding-bottom : 0px !important;padding-left : 0px !important;margin-left : 1.92%;}@media only screen and (max-width:1024px) {.fusion-body .fusion-builder-column-0{width:100% !important;order : 0;}.fusion-builder-column-0 > .fusion-column-wrapper {margin-right : 1.92%;margin-left : 1.92%;}}@media only screen and (max-width:640px) {.fusion-body .fusion-builder-column-0{width:100% !important;order : 0;}.fusion-builder-column-0 > .fusion-column-wrapper {margin-right : 1.92%;margin-left : 1.92%;}}<\/style><\/div><\/div><style type=\"text\/css\">.fusion-body .fusion-flex-container.fusion-builder-row-1{ padding-top : 0px;margin-top : 0px;padding-right : 0px;padding-bottom : 0px;margin-bottom : 0px;padding-left : 0px;}<\/style><\/div>\n","protected":false},"excerpt":{"rendered":"","protected":false},"author":4,"featured_media":66347,"parent":27246,"menu_order":0,"comment_status":"closed","ping_status":"closed","template":"","meta":{"_acf_changed":false,"inline_featured_image":false,"footnotes":""},"acf":[],"yoast_head":"<!-- This site is optimized with the Yoast SEO plugin v22.3 - https:\/\/yoast.com\/wordpress\/plugins\/seo\/ -->\n<title>Kontakt | \u017divyKraj.cz<\/title>\n<meta name=\"robots\" content=\"index, follow, max-snippet:-1, max-image-preview:large, max-video-preview:-1\" \/>\n<link rel=\"canonical\" href=\"https:\/\/zivykraj.cz\/de\/b2b\/kontakt\/\" \/>\n<meta property=\"og:locale\" content=\"de_DE\" \/>\n<meta property=\"og:type\" content=\"article\" \/>\n<meta property=\"og:title\" content=\"Kontakt | \u017divyKraj.cz\" \/>\n<meta property=\"og:url\" content=\"https:\/\/zivykraj.cz\/de\/b2b\/kontakt\/\" \/>\n<meta property=\"og:site_name\" content=\"\u017divyKraj.cz\" \/>\n<meta property=\"article:modified_time\" content=\"2024-11-07T09:36:56+00:00\" \/>\n<meta property=\"og:image\" content=\"https:\/\/zivykraj.cz\/wp-content\/uploads\/2022\/11\/Jana-Mensatorova-Krusne-hory1.jpg\" \/>\n\t<meta property=\"og:image:width\" content=\"1772\" \/>\n\t<meta property=\"og:image:height\" content=\"1181\" \/>\n\t<meta property=\"og:image:type\" content=\"image\/jpeg\" \/>\n<meta name=\"twitter:card\" content=\"summary_large_image\" \/>\n<meta name=\"twitter:label1\" content=\"Gesch\u00e4tzte Lesezeit\" \/>\n\t<meta name=\"twitter:data1\" content=\"3 Minuten\" \/>\n<script type=\"application\/ld+json\" class=\"yoast-schema-graph\">{\"@context\":\"https:\/\/schema.org\",\"@graph\":[{\"@type\":\"WebPage\",\"@id\":\"https:\/\/zivykraj.cz\/de\/b2b\/kontakt\/\",\"url\":\"https:\/\/zivykraj.cz\/de\/b2b\/kontakt\/\",\"name\":\"Kontakt | \u017divyKraj.cz\",\"isPartOf\":{\"@id\":\"https:\/\/zivykraj.cz\/de\/#website\"},\"primaryImageOfPage\":{\"@id\":\"https:\/\/zivykraj.cz\/de\/b2b\/kontakt\/#primaryimage\"},\"image\":{\"@id\":\"https:\/\/zivykraj.cz\/de\/b2b\/kontakt\/#primaryimage\"},\"thumbnailUrl\":\"https:\/\/zivykraj.cz\/wp-content\/uploads\/2022\/11\/Jana-Mensatorova-Krusne-hory1.jpg\",\"datePublished\":\"2022-10-27T08:22:27+00:00\",\"dateModified\":\"2024-11-07T09:36:56+00:00\",\"breadcrumb\":{\"@id\":\"https:\/\/zivykraj.cz\/de\/b2b\/kontakt\/#breadcrumb\"},\"inLanguage\":\"de-DE\",\"potentialAction\":[{\"@type\":\"ReadAction\",\"target\":[\"https:\/\/zivykraj.cz\/de\/b2b\/kontakt\/\"]}]},{\"@type\":\"ImageObject\",\"inLanguage\":\"de-DE\",\"@id\":\"https:\/\/zivykraj.cz\/de\/b2b\/kontakt\/#primaryimage\",\"url\":\"https:\/\/zivykraj.cz\/wp-content\/uploads\/2022\/11\/Jana-Mensatorova-Krusne-hory1.jpg\",\"contentUrl\":\"https:\/\/zivykraj.cz\/wp-content\/uploads\/2022\/11\/Jana-Mensatorova-Krusne-hory1.jpg\",\"width\":1772,\"height\":1181},{\"@type\":\"BreadcrumbList\",\"@id\":\"https:\/\/zivykraj.cz\/de\/b2b\/kontakt\/#breadcrumb\",\"itemListElement\":[{\"@type\":\"ListItem\",\"position\":1,\"name\":\"Home\",\"item\":\"https:\/\/zivykraj.cz\/de\/\"},{\"@type\":\"ListItem\",\"position\":2,\"name\":\"B2B\",\"item\":\"https:\/\/zivykraj.cz\/de\/b2b\/\"},{\"@type\":\"ListItem\",\"position\":3,\"name\":\"Kontakt\"}]},{\"@type\":\"WebSite\",\"@id\":\"https:\/\/zivykraj.cz\/de\/#website\",\"url\":\"https:\/\/zivykraj.cz\/de\/\",\"name\":\"\u017divyKraj.cz\",\"description\":\"Turistick\u00fd web - Karlovarsk\u00fd kraj\",\"publisher\":{\"@id\":\"https:\/\/zivykraj.cz\/de\/#organization\"},\"potentialAction\":[{\"@type\":\"SearchAction\",\"target\":{\"@type\":\"EntryPoint\",\"urlTemplate\":\"https:\/\/zivykraj.cz\/de\/?s={search_term_string}\"},\"query-input\":\"required name=search_term_string\"}],\"inLanguage\":\"de-DE\"},{\"@type\":\"Organization\",\"@id\":\"https:\/\/zivykraj.cz\/de\/#organization\",\"name\":\"\u017divyKraj.cz\",\"url\":\"https:\/\/zivykraj.cz\/de\/\",\"logo\":{\"@type\":\"ImageObject\",\"inLanguage\":\"de-DE\",\"@id\":\"https:\/\/zivykraj.cz\/de\/#\/schema\/logo\/image\/\",\"url\":\"https:\/\/zivykraj.cz\/wp-content\/uploads\/2021\/08\/logo_white.png\",\"contentUrl\":\"https:\/\/zivykraj.cz\/wp-content\/uploads\/2021\/08\/logo_white.png\",\"width\":223,\"height\":59,\"caption\":\"\u017divyKraj.cz\"},\"image\":{\"@id\":\"https:\/\/zivykraj.cz\/de\/#\/schema\/logo\/image\/\"}}]}<\/script>\n<!-- \/ Yoast SEO plugin. -->","yoast_head_json":{"title":"Kontakt | \u017divyKraj.cz","robots":{"index":"index","follow":"follow","max-snippet":"max-snippet:-1","max-image-preview":"max-image-preview:large","max-video-preview":"max-video-preview:-1"},"canonical":"https:\/\/zivykraj.cz\/de\/b2b\/kontakt\/","og_locale":"de_DE","og_type":"article","og_title":"Kontakt | \u017divyKraj.cz","og_url":"https:\/\/zivykraj.cz\/de\/b2b\/kontakt\/","og_site_name":"\u017divyKraj.cz","article_modified_time":"2024-11-07T09:36:56+00:00","og_image":[{"width":1772,"height":1181,"url":"https:\/\/zivykraj.cz\/wp-content\/uploads\/2022\/11\/Jana-Mensatorova-Krusne-hory1.jpg","type":"image\/jpeg"}],"twitter_card":"summary_large_image","twitter_misc":{"Gesch\u00e4tzte Lesezeit":"3 Minuten"},"schema":{"@context":"https:\/\/schema.org","@graph":[{"@type":"WebPage","@id":"https:\/\/zivykraj.cz\/de\/b2b\/kontakt\/","url":"https:\/\/zivykraj.cz\/de\/b2b\/kontakt\/","name":"Kontakt | \u017divyKraj.cz","isPartOf":{"@id":"https:\/\/zivykraj.cz\/de\/#website"},"primaryImageOfPage":{"@id":"https:\/\/zivykraj.cz\/de\/b2b\/kontakt\/#primaryimage"},"image":{"@id":"https:\/\/zivykraj.cz\/de\/b2b\/kontakt\/#primaryimage"},"thumbnailUrl":"https:\/\/zivykraj.cz\/wp-content\/uploads\/2022\/11\/Jana-Mensatorova-Krusne-hory1.jpg","datePublished":"2022-10-27T08:22:27+00:00","dateModified":"2024-11-07T09:36:56+00:00","breadcrumb":{"@id":"https:\/\/zivykraj.cz\/de\/b2b\/kontakt\/#breadcrumb"},"inLanguage":"de-DE","potentialAction":[{"@type":"ReadAction","target":["https:\/\/zivykraj.cz\/de\/b2b\/kontakt\/"]}]},{"@type":"ImageObject","inLanguage":"de-DE","@id":"https:\/\/zivykraj.cz\/de\/b2b\/kontakt\/#primaryimage","url":"https:\/\/zivykraj.cz\/wp-content\/uploads\/2022\/11\/Jana-Mensatorova-Krusne-hory1.jpg","contentUrl":"https:\/\/zivykraj.cz\/wp-content\/uploads\/2022\/11\/Jana-Mensatorova-Krusne-hory1.jpg","width":1772,"height":1181},{"@type":"BreadcrumbList","@id":"https:\/\/zivykraj.cz\/de\/b2b\/kontakt\/#breadcrumb","itemListElement":[{"@type":"ListItem","position":1,"name":"Home","item":"https:\/\/zivykraj.cz\/de\/"},{"@type":"ListItem","position":2,"name":"B2B","item":"https:\/\/zivykraj.cz\/de\/b2b\/"},{"@type":"ListItem","position":3,"name":"Kontakt"}]},{"@type":"WebSite","@id":"https:\/\/zivykraj.cz\/de\/#website","url":"https:\/\/zivykraj.cz\/de\/","name":"\u017divyKraj.cz","description":"Turistick\u00fd web - Karlovarsk\u00fd kraj","publisher":{"@id":"https:\/\/zivykraj.cz\/de\/#organization"},"potentialAction":[{"@type":"SearchAction","target":{"@type":"EntryPoint","urlTemplate":"https:\/\/zivykraj.cz\/de\/?s={search_term_string}"},"query-input":"required name=search_term_string"}],"inLanguage":"de-DE"},{"@type":"Organization","@id":"https:\/\/zivykraj.cz\/de\/#organization","name":"\u017divyKraj.cz","url":"https:\/\/zivykraj.cz\/de\/","logo":{"@type":"ImageObject","inLanguage":"de-DE","@id":"https:\/\/zivykraj.cz\/de\/#\/schema\/logo\/image\/","url":"https:\/\/zivykraj.cz\/wp-content\/uploads\/2021\/08\/logo_white.png","contentUrl":"https:\/\/zivykraj.cz\/wp-content\/uploads\/2021\/08\/logo_white.png","width":223,"height":59,"caption":"\u017divyKraj.cz"},"image":{"@id":"https:\/\/zivykraj.cz\/de\/#\/schema\/logo\/image\/"}}]}},"_links":{"self":[{"href":"https:\/\/zivykraj.cz\/de\/wp-json\/wp\/v2\/pages\/66309"}],"collection":[{"href":"https:\/\/zivykraj.cz\/de\/wp-json\/wp\/v2\/pages"}],"about":[{"href":"https:\/\/zivykraj.cz\/de\/wp-json\/wp\/v2\/types\/page"}],"author":[{"embeddable":true,"href":"https:\/\/zivykraj.cz\/de\/wp-json\/wp\/v2\/users\/4"}],"replies":[{"embeddable":true,"href":"https:\/\/zivykraj.cz\/de\/wp-json\/wp\/v2\/comments?post=66309"}],"version-history":[{"count":3,"href":"https:\/\/zivykraj.cz\/de\/wp-json\/wp\/v2\/pages\/66309\/revisions"}],"predecessor-version":[{"id":79570,"href":"https:\/\/zivykraj.cz\/de\/wp-json\/wp\/v2\/pages\/66309\/revisions\/79570"}],"up":[{"embeddable":true,"href":"https:\/\/zivykraj.cz\/de\/wp-json\/wp\/v2\/pages\/27246"}],"wp:featuredmedia":[{"embeddable":true,"href":"https:\/\/zivykraj.cz\/de\/wp-json\/wp\/v2\/media\/66347"}],"wp:attachment":[{"href":"https:\/\/zivykraj.cz\/de\/wp-json\/wp\/v2\/media?parent=66309"}],"curies":[{"name":"wp","href":"https:\/\/api.w.org\/{rel}","templated":true}]}}