{"id":66316,"date":"2022-10-27T10:26:56","date_gmt":"2022-10-27T08:26:56","guid":{"rendered":"https:\/\/zivykraj.cz\/?page_id=66316"},"modified":"2024-10-19T15:40:19","modified_gmt":"2024-10-19T13:40:19","slug":"herunterladen","status":"publish","type":"page","link":"https:\/\/zivykraj.cz\/de\/b2b\/herunterladen\/","title":{"rendered":"Herunterladen"},"content":{"rendered":"<div class=\"fusion-fullwidth fullwidth-box fusion-builder-row-1 fusion-flex-container nonhundred-percent-fullwidth non-hundred-percent-height-scrolling\" style=\"background-color: rgba(255,255,255,0);background-position: center center;background-repeat: no-repeat;border-width: 0px 0px 0px 0px;border-color:#ecefef;border-style:solid;\" ><div class=\"fusion-builder-row fusion-row fusion-flex-align-items-flex-start\" style=\"max-width:1206.4px;margin-left: calc(-4% \/ 2 );margin-right: calc(-4% \/ 2 );\"><div class=\"fusion-layout-column fusion_builder_column fusion-builder-column-0 fusion_builder_column_1_1 1_1 fusion-flex-column\"><div class=\"fusion-column-wrapper fusion-flex-justify-content-flex-start fusion-content-layout-column\" style=\"background-position:left top;background-repeat:no-repeat;-webkit-background-size:cover;-moz-background-size:cover;-o-background-size:cover;background-size:cover;padding: 0px 0px 0px 0px;\"><div class=\"fusion-tabs fusion-tabs-1 classic horizontal-tabs icon-position-left\"><style type=\"text\/css\">.fusion-tabs.fusion-tabs-1 .nav-tabs li a.tab-link{border-top-color:#ecefef;background-color:#ecefef;}.fusion-tabs.fusion-tabs-1 .nav-tabs{background-color:#ffffff;}.fusion-tabs.fusion-tabs-1 .nav-tabs li.active a.tab-link,.fusion-tabs.fusion-tabs-1 .nav-tabs li.active a.tab-link:hover,.fusion-tabs.fusion-tabs-1 .nav-tabs li.active a.tab-link:focus{border-right-color:#ffffff;}.fusion-tabs.fusion-tabs-1 .nav-tabs li.active a.tab-link,.fusion-tabs.fusion-tabs-1 .nav-tabs li.active a.tab-link:hover,.fusion-tabs.fusion-tabs-1 .nav-tabs li.active a.tab-link:focus{background-color:#ffffff;}.fusion-tabs.fusion-tabs-1 .nav-tabs li a:hover{background-color:#ffffff;border-top-color:#ffffff;}.fusion-tabs.fusion-tabs-1 .tab-pane{background-color:#ffffff;}.fusion-tabs.fusion-tabs-1 .nav,.fusion-tabs.fusion-tabs-1 .nav-tabs,.fusion-tabs.fusion-tabs-1 .tab-content .tab-pane{border-color:#ecefef;}<\/style><div class=\"nav\"><ul class=\"nav-tabs nav-justified\" role=\"tablist\"><li class=\"active\" role=\"presentation\"><a class=\"tab-link\" data-toggle=\"tab\" role=\"tab\" aria-controls=\"tab-44a7cd87fb6fe5c6ba7\" aria-selected=\"true\" id=\"fusion-tab-brochures\" href=\"#tab-44a7cd87fb6fe5c6ba7\"><h4 class=\"fusion-tab-heading\">Brochures<\/h4><\/a><\/li><li role=\"presentation\"><a class=\"tab-link\" data-toggle=\"tab\" role=\"tab\" aria-controls=\"tab-3f52ff94630f32ff513\" aria-selected=\"false\" tabindex=\"-1\" id=\"fusion-tab-maps\" href=\"#tab-3f52ff94630f32ff513\"><h4 class=\"fusion-tab-heading\">Maps<\/h4><\/a><\/li><li role=\"presentation\"><a class=\"tab-link\" data-toggle=\"tab\" role=\"tab\" aria-controls=\"tab-50413a34645634fa160\" aria-selected=\"false\" tabindex=\"-1\" id=\"fusion-tab-photographs\" href=\"#tab-50413a34645634fa160\"><h4 class=\"fusion-tab-heading\">Photographs<\/h4><\/a><\/li><li role=\"presentation\"><a class=\"tab-link\" data-toggle=\"tab\" role=\"tab\" aria-controls=\"tab-fcbc9eba377ea79ba6e\" aria-selected=\"false\" tabindex=\"-1\" id=\"fusion-tab-logoandmanual\" href=\"#tab-fcbc9eba377ea79ba6e\"><h4 class=\"fusion-tab-heading\">Logo and manual<\/h4><\/a><\/li><\/ul><\/div><div class=\"tab-content\"><div class=\"nav fusion-mobile-tab-nav\"><ul class=\"nav-tabs nav-justified\" role=\"tablist\"><li class=\"active\" role=\"presentation\"><a class=\"tab-link\" data-toggle=\"tab\" role=\"tab\" aria-controls=\"tab-44a7cd87fb6fe5c6ba7\" aria-selected=\"true\" id=\"mobile-fusion-tab-brochures\" href=\"#tab-44a7cd87fb6fe5c6ba7\"><h4 class=\"fusion-tab-heading\">Brochures<\/h4><\/a><\/li><\/ul><\/div><div class=\"tab-pane fade fusion-clearfix in active\" role=\"tabpanel\" tabindex=\"0\" aria-labelledby=\"fusion-tab-brochures\" id=\"tab-44a7cd87fb6fe5c6ba7\">\n<h3>Historical monuments of the Karlovy Vary Region<\/h3>\n<ul>\n<li><a href=\"https:\/\/zivykraj.cz\/wp-content\/uploads\/2022\/08\/Pamatky-Karlovarskeho-kraje_CZ.pdf\" target=\"_blank\" rel=\"noopener\">Pam\u00e1tky Karlovarsk\u00e9ho kraje<\/a><\/li>\n<li><a href=\"\/wp-content\/uploads\/2020\/04\/pamatky_KK_AJ_2020.pdf\" target=\"_blank\" rel=\"noopener noreferrer\">Historical monuments of the Karlovy Vary Region<\/a><\/li>\n<li><a href=\"\/wp-content\/uploads\/2020\/04\/pamatky_KK_NJ_2020.pdf\" target=\"_blank\" rel=\"noopener noreferrer\">Historische Denkm\u00e4ler in der Region Karlovy Vary<\/a><\/li>\n<li><a href=\"\/wp-content\/uploads\/2020\/04\/pamatky_KK_RJ_2020.pdf\" target=\"_blank\" rel=\"noopener noreferrer\">\u0418\u0441\u0442\u043e\u0440\u0438\u0447\u0435\u0441\u043a\u0438\u0435 \u043f\u0430\u043c\u044f\u0442\u043d\u0438\u043a\u0438 \u041a\u0430\u0440\u043b\u043e\u0432\u0430\u0440\u0441\u043a\u043e\u0433\u043e \u043a\u0440\u0430\u044f<\/a><\/li>\n<\/ul>\n<h3>Tips for bike tours<\/h3>\n<ul>\n<li><a href=\"https:\/\/zivykraj.cz\/wp-content\/uploads\/2022\/08\/cyklobrozura_KK_CZ_aktualizace_2022.pdf\" target=\"_blank\" rel=\"noopener\">Tipy na cyklov\u00fdlety<\/a><\/li>\n<li><a href=\"https:\/\/zivykraj.cz\/wp-content\/uploads\/2021\/05\/Cyklobrozura_KK_DE.pdf\" target=\"_blank\" rel=\"noopener noreferrer\">Tipps f\u00fcr Radtouren<\/a><\/li>\n<li><a href=\"https:\/\/zivykraj.cz\/wp-content\/uploads\/2024\/10\/cyklobrozura_KK_PL_fin_kor2JS.pdf\" target=\"_blank\" rel=\"noopener\">Propozcje wycieczek rowerowych w kraju karlowarskim<\/a><\/li>\n<\/ul>\n<h3>Excursions for families with children<\/h3>\n<ul>\n<li><a href=\"https:\/\/zivykraj.cz\/wp-content\/uploads\/2024\/07\/KK_brozura_B6_rodina-deti_CZ_2024.pdf\" target=\"_blank\" rel=\"noopener\">Rodinn\u00e1 dovolen\u00e1 v Karlovarsk\u00e9m kraji<\/a><\/li>\n<li><a href=\"https:\/\/zivykraj.cz\/wp-content\/uploads\/2024\/07\/KK_brozura_B6_rodina-deti_AJ_2024.pdf\" target=\"_blank\" rel=\"noopener\">Family holidays in the Karlovy Vary Region<\/a><\/li>\n<li><a href=\"https:\/\/zivykraj.cz\/wp-content\/uploads\/2024\/07\/KK_brozura_B6_rodina-deti_DE_2024.pdf\" target=\"_blank\" rel=\"noopener\">Familienurlaub in der Karlsbader Region<\/a><\/li>\n<li><a href=\"\/wp-content\/uploads\/2020\/04\/KK_brozura_B6_RJ-online.pdf\" target=\"_blank\" rel=\"noopener noreferrer\">\u041c\u0435\u0441\u0442\u0430, \u043a\u043e\u0442\u043e\u0440\u044b\u0435 \u0441\u0442\u043e\u0438\u0442 \u043f\u043e\u0441\u0435\u0442\u0438\u0442\u044c \u0441\u0435\u043c\u044c\u044f\u043c \u0441 \u0434\u0435\u0442\u044c\u043c\u0438<\/a><\/li>\n<\/ul>\n<h3>Tips for hikes on nature trails<\/h3>\n<ul>\n<li><a href=\"https:\/\/zivykraj.cz\/wp-content\/uploads\/2024\/07\/KK-NS-brozura-CZ_aktualizace_2024.pdf\" target=\"_blank\" rel=\"noopener\">Tipy na v\u00fdlety po nau\u010dn\u00fdch stezk\u00e1ch Karlovarsk\u00e9ho kraje<\/a><\/li>\n<li><a href=\"https:\/\/zivykraj.cz\/wp-content\/uploads\/2024\/07\/KK-NS-brozura-DE_aktualizace_2024.pdf\" target=\"_blank\" rel=\"noopener\">Tipps f\u00fcr Lehrpfad-Touren in der Region Karlsbad<\/a><\/li>\n<li><a href=\"https:\/\/zivykraj.cz\/wp-content\/uploads\/2024\/10\/KK-NS-brozura-PL_tisk.pdf\" target=\"_blank\" rel=\"noopener\">Propozycje wycieczek po \u015bcie\u017akach dydakttycznych w kraju karlowarskim<\/a><\/li>\n<\/ul>\n<h3>Spa in the Karlovy Vary Region<\/h3>\n<ul>\n<li><a href=\"https:\/\/zivykraj.cz\/wp-content\/uploads\/2023\/05\/lazenstvi_FIN_CZ.pdf\" target=\"_blank\" rel=\"noopener\">L\u00e1ze\u0148stv\u00ed<\/a><\/li>\n<li><a href=\"https:\/\/zivykraj.cz\/wp-content\/uploads\/2021\/12\/Medical-Spas-of-KK-Region.pdf\" target=\"_blank\" rel=\"noopener\">Medical Spas Karlovy Vary\u00a0 Region<\/a><\/li>\n<li><a href=\"https:\/\/zivykraj.cz\/wp-content\/uploads\/2024\/07\/Lazenstvi_KK_NJ_2024_web.pdf\" target=\"_blank\" rel=\"noopener\">Heilb\u00e4der in der Region Karlsbad<\/a><\/li>\n<li><a href=\"https:\/\/zivykraj.cz\/wp-content\/uploads\/2021\/12\/A5_lazenstvi_FIN_RU.pdf\" target=\"_blank\" rel=\"noopener\">\u041a\u0430\u0440\u043b\u043e\u0432\u0430\u0440\u0441\u043a\u0438\u0439 \u043a\u0440\u0430\u0439 &#8211; \u041a\u0440\u0430\u0439 \u0432\u0441\u0435\u043c\u0438\u0440\u043d\u043e \u0438\u0437\u0432\u0435\u0441\u0442\u043d\u044b\u0445 \u043a\u0443\u0440\u043e\u0440\u0442\u043e\u0432<\/a><\/li>\n<\/ul>\n<h3>Winter in the Karlovy Vary Region<\/h3>\n<ul>\n<li><a href=\"https:\/\/zivykraj.cz\/wp-content\/uploads\/2024\/01\/Aktualizace_2024.pdf\" target=\"_blank\" rel=\"noopener\">Milujeme zimu v Karlovarsk\u00e9m kraji<\/a><\/li>\n<li><a href=\"https:\/\/zivykraj.cz\/wp-content\/uploads\/2021\/12\/zima_KK_2022_DE.pdf\" target=\"_blank\" rel=\"noopener\">Wir lieben den winter in der Region Karlsbad<\/a><\/li>\n<\/ul>\n<h3>Running routes<\/h3>\n<ul>\n<li><a href=\"https:\/\/zivykraj.cz\/wp-content\/uploads\/2024\/07\/KK_brozura_2024_CZ_web.pdf\" target=\"_blank\" rel=\"noopener\">Tipy na b\u011b\u017eeck\u00e9 trasy v Karlovarsk\u00e9m kraji<\/a><\/li>\n<li><a href=\"https:\/\/zivykraj.cz\/wp-content\/uploads\/2024\/07\/KK_brozura_DE_2024_web.pdf\" target=\"_blank\" rel=\"noopener\">Loipen-Tipps in der Region Karlovy Vary<\/a><\/li>\n<\/ul>\n<h3>The journey for beer<\/h3>\n<ul>\n<li><a href=\"https:\/\/zivykraj.cz\/wp-content\/uploads\/2024\/01\/Cestazapivem_KK_DL_DE_aktualizace_2023.pdf\" target=\"_blank\" rel=\"noopener\">Cesta za pivem Karlovarsk\u00fdm krajem<\/a><\/li>\n<li><a href=\"https:\/\/zivykraj.cz\/wp-content\/uploads\/2024\/01\/Cestazapivem_KK_DL_CZ_aktualizace_2023.pdf\" target=\"_blank\" rel=\"noopener\">Folge dem Bier duchr die Region Karlsbad<\/a><\/li>\n<\/ul>\n<h3>UNESCO in the Karlovy Vary Region<\/h3>\n<ul>\n<li><a href=\"https:\/\/zivykraj.cz\/wp-content\/uploads\/2022\/04\/UNESCO_A6_KK_CZ_web.pdf\" target=\"_blank\" rel=\"noopener\">UNESCO pam\u00e1tky v Karlovarsk\u00e9m kraji<\/a><\/li>\n<li><a href=\"https:\/\/zivykraj.cz\/wp-content\/uploads\/2024\/10\/UNESCO_A6_KK_EN_2024.pdf\" target=\"_blank\" rel=\"noopener\">UNESCO in the Karlovy Vary Region<\/a><\/li>\n<li><a href=\"https:\/\/zivykraj.cz\/wp-content\/uploads\/2022\/04\/UNESCO_A6_KK_DE_web.pdf\" target=\"_blank\" rel=\"noopener\">UNESCO in der Region Karlovy Vary<\/a><\/li>\n<li><a href=\"https:\/\/zivykraj.cz\/wp-content\/uploads\/2022\/04\/UNESCO_A6_KK_RU_web.pdf\" target=\"_blank\" rel=\"noopener\">\u042e\u041d\u0415\u0421\u041a\u041e \u0432 \u041a\u0430\u0440\u043b\u043e\u0432\u0430\u0440\u0441\u043a\u043e\u043c \u043a\u0440\u0430\u0435<\/a><\/li>\n<li><a href=\"https:\/\/zivykraj.cz\/wp-content\/uploads\/2024\/10\/UNESCO_A6_KK_PL_2024_tisk.pdf\" target=\"_blank\" rel=\"noopener\">Zabytki UNESCO<\/a><\/li>\n<\/ul>\n<h3>Summer in the Karlovy Vary Region<\/h3>\n<ul>\n<li><a href=\"https:\/\/zivykraj.cz\/wp-content\/uploads\/2024\/01\/Karlovarsky-kraj-mozaikazazitku.pdf\" target=\"_blank\" rel=\"noopener\">Karlovarsk\u00fd kraj #mozaikazazitku<\/a><\/li>\n<li><a href=\"https:\/\/zivykraj.cz\/wp-content\/uploads\/2024\/01\/Region-Karlsbad-mosaidererlebnisse.pdf\" target=\"_blank\" rel=\"noopener\">Region Karlsbad #mosaidererlebnisse<\/a><\/li>\n<\/ul>\n<h3>Camping in the Karlovy Vary region<\/h3>\n<ul>\n<li><a href=\"https:\/\/zivykraj.cz\/wp-content\/uploads\/2024\/02\/mapa_camping_A2_KK_CZ_DE.pdf\" target=\"_blank\" rel=\"noopener\">Mapa camping v Karlovarsk\u00e9m kraji<\/a><\/li>\n<li><a href=\"https:\/\/zivykraj.cz\/wp-content\/uploads\/2024\/02\/mapa_camping_A2_KK_PL_DT.pdf\" target=\"_blank\" rel=\"noopener\">Camping in der Region Karlovy Vary<\/a><\/li>\n<li><a href=\"https:\/\/zivykraj.cz\/wp-content\/uploads\/2024\/10\/mapa_camping_A2_KK_PL-DT_TISKNEW.pdf\" target=\"_blank\" rel=\"noopener\">Camping w regionie Karlowe Wary<\/a><\/li>\n<\/ul>\n<h3>Coloring book<\/h3>\n<ul>\n<li><a href=\"https:\/\/zivykraj.cz\/wp-content\/uploads\/2024\/10\/KK_omalovanky_2022_04_aktualizace.pdf\" target=\"_blank\" rel=\"noopener\">Karlovarsk\u00fd kraj jako malovan\u00fd<\/a><\/li>\n<\/ul>\n<h3>Crossword puzzles<\/h3>\n<ul>\n<li><a href=\"https:\/\/zivykraj.cz\/wp-content\/uploads\/2024\/10\/Zabavne-putovani-po-mestech-lazen_NEW_2O24.pdf\" target=\"_blank\" rel=\"noopener\">Z\u00e1bavn\u00e9 putov\u00e1n\u00ed po m\u011bstech l\u00e1ze\u0148sk\u00e9ho troj\u00faheln\u00edku na seznamu UNESCO<\/a><\/li>\n<\/ul>\n<h3>NEJ<\/h3>\n<ul>\n<li><a href=\"https:\/\/zivykraj.cz\/wp-content\/uploads\/2024\/10\/priloha_vklad_KK_2024_CZ_TISK.pdf\" target=\"_blank\" rel=\"noopener\">Karlovarsk\u00fd kraj<\/a><\/li>\n<li><a href=\"https:\/\/zivykraj.cz\/wp-content\/uploads\/2024\/10\/priloha_vklad_KK_2024_DE_TISK.pdf\" target=\"_blank\" rel=\"noopener\">Karlsbader Region<\/a><\/li>\n<\/ul>\n<\/div><div class=\"nav fusion-mobile-tab-nav\"><ul class=\"nav-tabs nav-justified\" role=\"tablist\"><li role=\"presentation\"><a class=\"tab-link\" data-toggle=\"tab\" role=\"tab\" aria-controls=\"tab-3f52ff94630f32ff513\" aria-selected=\"false\" tabindex=\"-1\" id=\"mobile-fusion-tab-maps\" href=\"#tab-3f52ff94630f32ff513\"><h4 class=\"fusion-tab-heading\">Maps<\/h4><\/a><\/li><\/ul><\/div><div class=\"tab-pane fade fusion-clearfix\" role=\"tabpanel\" tabindex=\"0\" aria-labelledby=\"fusion-tab-maps\" id=\"tab-3f52ff94630f32ff513\">\n<h3>Karlovy Vary Region in a nutshell<\/h3>\n<ul>\n<li><a href=\"https:\/\/zivykraj.cz\/wp-content\/uploads\/2024\/07\/V_kostce_2024_CZ_web-1.pdf\" target=\"_blank\" rel=\"noopener\">Karlovarsk\u00fd kraj v kostce<\/a><\/li>\n<li><a href=\"https:\/\/zivykraj.cz\/wp-content\/uploads\/2022\/04\/Karlovy-Vary-Region-in-a-nutshell_2022.pdf\">Karlovy Vary<\/a> <a href=\"https:\/\/zivykraj.cz\/wp-content\/uploads\/2022\/04\/Karlovy-Vary-Region-in-a-nutshell_2022.pdf\" target=\"_blank\" rel=\"noopener\">Region in a nutshell<\/a><\/li>\n<li><a href=\"https:\/\/zivykraj.cz\/wp-content\/uploads\/2024\/07\/mapa_KK_FINAL_TISK_NJ_aktualizace2024_web-1.pdf\" target=\"_blank\" rel=\"noopener\">Landkarte Karlsbader Region<\/a><\/li>\n<li><a href=\"https:\/\/zivykraj.cz\/wp-content\/uploads\/2022\/04\/Karlovarskij-kraj_2022.pdf\" target=\"_blank\" rel=\"noopener\">\u041a\u0430\u0440\u043b\u043e\u0432\u0430\u0440\u0441\u043a\u0438\u0439 \u043a\u0440\u0430\u0439<\/a><\/li>\n<li><a href=\"https:\/\/zivykraj.cz\/wp-content\/uploads\/2024\/10\/cyklobrozura_KK_PL_fin_kor2JS.pdf\" target=\"_blank\" rel=\"noopener\">Kraj karlowarski w pigu\u0142ce<\/a><\/li>\n<\/ul>\n<h3>Map of the Karlovy Vary Region<\/h3>\n<ul>\n<li><a href=\"https:\/\/zivykraj.cz\/wp-content\/uploads\/2022\/08\/KV_kraj_trhaci_mapa_CZ_DE_0722-dotace.pdf\" target=\"_blank\" rel=\"noopener\">Mapa Karlovarsk\u00fd kraj CZ_DE<\/a><\/li>\n<li><a href=\"https:\/\/zivykraj.cz\/wp-content\/uploads\/2022\/08\/KV_kraj_trhaci_mapa_EN_RU_0722-dotace.pdf\" target=\"_blank\" rel=\"noopener\">Mapa Karlovarsk\u00fd kraj EN_RU-dotace<\/a><\/li>\n<\/ul>\n<h3>Bike Maps<\/h3>\n<ul>\n<li><a href=\"https:\/\/zivykraj.cz\/wp-content\/uploads\/2024\/10\/0056_KKcyklomapa2024_977x615_nahled28224.pdf\" target=\"_blank\" rel=\"noopener\">Cyklomapa<\/a><\/li>\n<li><a href=\"https:\/\/zivykraj.cz\/wp-content\/uploads\/2023\/03\/PDF-na-web-1.pdf\" target=\"_blank\" rel=\"noopener\">Cyklostezka Oh\u0159e<\/a><\/li>\n<\/ul>\n<\/div><div class=\"nav fusion-mobile-tab-nav\"><ul class=\"nav-tabs nav-justified\" role=\"tablist\"><li role=\"presentation\"><a class=\"tab-link\" data-toggle=\"tab\" role=\"tab\" aria-controls=\"tab-50413a34645634fa160\" aria-selected=\"false\" tabindex=\"-1\" id=\"mobile-fusion-tab-photographs\" href=\"#tab-50413a34645634fa160\"><h4 class=\"fusion-tab-heading\">Photographs<\/h4><\/a><\/li><\/ul><\/div><div class=\"tab-pane fade fusion-clearfix\" role=\"tabpanel\" tabindex=\"0\" aria-labelledby=\"fusion-tab-photographs\" id=\"tab-50413a34645634fa160\">\n<ul>\n<li><a href=\"https:\/\/www.kvpoint.cz\/\" target=\"_blank\" rel=\"noopener noreferrer\">Photobank of the Karlovy Vary Region<\/a><\/li>\n<\/ul>\n<\/div><div class=\"nav fusion-mobile-tab-nav\"><ul class=\"nav-tabs nav-justified\" role=\"tablist\"><li role=\"presentation\"><a class=\"tab-link\" data-toggle=\"tab\" role=\"tab\" aria-controls=\"tab-fcbc9eba377ea79ba6e\" aria-selected=\"false\" tabindex=\"-1\" id=\"mobile-fusion-tab-logoandmanual\" href=\"#tab-fcbc9eba377ea79ba6e\"><h4 class=\"fusion-tab-heading\">Logo and manual<\/h4><\/a><\/li><\/ul><\/div><div class=\"tab-pane fade fusion-clearfix\" role=\"tabpanel\" tabindex=\"0\" aria-labelledby=\"fusion-tab-logoandmanual\" id=\"tab-fcbc9eba377ea79ba6e\">\n<ul>\n<li><a href=\"\/wp-content\/uploads\/2020\/04\/zivy-kraj_loga.zip\" target=\"_blank\" rel=\"noopener noreferrer\">Logo (CZ, EN, RU, DE)<\/a><\/li>\n<li><a href=\"\/wp-content\/uploads\/2020\/04\/Logomanual_ZivyKraj.pdf\" target=\"_blank\" rel=\"noopener noreferrer\">Graphic manual<\/a><\/li>\n<\/ul>\n<\/div><\/div><\/div><\/div><style type=\"text\/css\">.fusion-body .fusion-builder-column-0{width:100% !important;margin-top : 25px;margin-bottom : 25px;}.fusion-builder-column-0 > .fusion-column-wrapper {padding-top : 0px !important;padding-right : 0px !important;margin-right : 1.92%;padding-bottom : 0px !important;padding-left : 0px !important;margin-left : 1.92%;}@media only screen and (max-width:1024px) {.fusion-body .fusion-builder-column-0{width:100% !important;order : 0;}.fusion-builder-column-0 > .fusion-column-wrapper {margin-right : 1.92%;margin-left : 1.92%;}}@media only screen and (max-width:640px) {.fusion-body .fusion-builder-column-0{width:100% !important;order : 0;}.fusion-builder-column-0 > .fusion-column-wrapper {margin-right : 1.92%;margin-left : 1.92%;}}<\/style><\/div><\/div><style type=\"text\/css\">.fusion-body .fusion-flex-container.fusion-builder-row-1{ padding-top : 0px;margin-top : 0px;padding-right : 0px;padding-bottom : 0px;margin-bottom : 0px;padding-left : 0px;}<\/style><\/div>\n","protected":false},"excerpt":{"rendered":"","protected":false},"author":4,"featured_media":66347,"parent":27246,"menu_order":0,"comment_status":"closed","ping_status":"closed","template":"","meta":{"_acf_changed":false,"inline_featured_image":false,"footnotes":""},"acf":[],"yoast_head":"<!-- This site is optimized with the Yoast SEO plugin v22.3 - https:\/\/yoast.com\/wordpress\/plugins\/seo\/ -->\n<title>Herunterladen | \u017divyKraj.cz<\/title>\n<meta name=\"robots\" content=\"index, follow, max-snippet:-1, max-image-preview:large, max-video-preview:-1\" \/>\n<link rel=\"canonical\" href=\"https:\/\/zivykraj.cz\/de\/b2b\/herunterladen\/\" \/>\n<meta property=\"og:locale\" content=\"de_DE\" \/>\n<meta property=\"og:type\" content=\"article\" \/>\n<meta property=\"og:title\" content=\"Herunterladen | \u017divyKraj.cz\" \/>\n<meta property=\"og:url\" content=\"https:\/\/zivykraj.cz\/de\/b2b\/herunterladen\/\" \/>\n<meta property=\"og:site_name\" content=\"\u017divyKraj.cz\" \/>\n<meta property=\"article:modified_time\" content=\"2024-10-19T13:40:19+00:00\" \/>\n<meta property=\"og:image\" content=\"https:\/\/zivykraj.cz\/wp-content\/uploads\/2022\/11\/Jana-Mensatorova-Krusne-hory1.jpg\" \/>\n\t<meta property=\"og:image:width\" content=\"1772\" \/>\n\t<meta property=\"og:image:height\" content=\"1181\" \/>\n\t<meta property=\"og:image:type\" content=\"image\/jpeg\" \/>\n<meta name=\"twitter:card\" content=\"summary_large_image\" \/>\n<meta name=\"twitter:label1\" content=\"Gesch\u00e4tzte Lesezeit\" \/>\n\t<meta name=\"twitter:data1\" content=\"5 Minuten\" \/>\n<script type=\"application\/ld+json\" class=\"yoast-schema-graph\">{\"@context\":\"https:\/\/schema.org\",\"@graph\":[{\"@type\":\"WebPage\",\"@id\":\"https:\/\/zivykraj.cz\/de\/b2b\/herunterladen\/\",\"url\":\"https:\/\/zivykraj.cz\/de\/b2b\/herunterladen\/\",\"name\":\"Herunterladen | \u017divyKraj.cz\",\"isPartOf\":{\"@id\":\"https:\/\/zivykraj.cz\/de\/#website\"},\"primaryImageOfPage\":{\"@id\":\"https:\/\/zivykraj.cz\/de\/b2b\/herunterladen\/#primaryimage\"},\"image\":{\"@id\":\"https:\/\/zivykraj.cz\/de\/b2b\/herunterladen\/#primaryimage\"},\"thumbnailUrl\":\"https:\/\/zivykraj.cz\/wp-content\/uploads\/2022\/11\/Jana-Mensatorova-Krusne-hory1.jpg\",\"datePublished\":\"2022-10-27T08:26:56+00:00\",\"dateModified\":\"2024-10-19T13:40:19+00:00\",\"breadcrumb\":{\"@id\":\"https:\/\/zivykraj.cz\/de\/b2b\/herunterladen\/#breadcrumb\"},\"inLanguage\":\"de-DE\",\"potentialAction\":[{\"@type\":\"ReadAction\",\"target\":[\"https:\/\/zivykraj.cz\/de\/b2b\/herunterladen\/\"]}]},{\"@type\":\"ImageObject\",\"inLanguage\":\"de-DE\",\"@id\":\"https:\/\/zivykraj.cz\/de\/b2b\/herunterladen\/#primaryimage\",\"url\":\"https:\/\/zivykraj.cz\/wp-content\/uploads\/2022\/11\/Jana-Mensatorova-Krusne-hory1.jpg\",\"contentUrl\":\"https:\/\/zivykraj.cz\/wp-content\/uploads\/2022\/11\/Jana-Mensatorova-Krusne-hory1.jpg\",\"width\":1772,\"height\":1181},{\"@type\":\"BreadcrumbList\",\"@id\":\"https:\/\/zivykraj.cz\/de\/b2b\/herunterladen\/#breadcrumb\",\"itemListElement\":[{\"@type\":\"ListItem\",\"position\":1,\"name\":\"Home\",\"item\":\"https:\/\/zivykraj.cz\/de\/\"},{\"@type\":\"ListItem\",\"position\":2,\"name\":\"B2B\",\"item\":\"https:\/\/zivykraj.cz\/de\/b2b\/\"},{\"@type\":\"ListItem\",\"position\":3,\"name\":\"Herunterladen\"}]},{\"@type\":\"WebSite\",\"@id\":\"https:\/\/zivykraj.cz\/de\/#website\",\"url\":\"https:\/\/zivykraj.cz\/de\/\",\"name\":\"\u017divyKraj.cz\",\"description\":\"Turistick\u00fd web - Karlovarsk\u00fd kraj\",\"publisher\":{\"@id\":\"https:\/\/zivykraj.cz\/de\/#organization\"},\"potentialAction\":[{\"@type\":\"SearchAction\",\"target\":{\"@type\":\"EntryPoint\",\"urlTemplate\":\"https:\/\/zivykraj.cz\/de\/?s={search_term_string}\"},\"query-input\":\"required name=search_term_string\"}],\"inLanguage\":\"de-DE\"},{\"@type\":\"Organization\",\"@id\":\"https:\/\/zivykraj.cz\/de\/#organization\",\"name\":\"\u017divyKraj.cz\",\"url\":\"https:\/\/zivykraj.cz\/de\/\",\"logo\":{\"@type\":\"ImageObject\",\"inLanguage\":\"de-DE\",\"@id\":\"https:\/\/zivykraj.cz\/de\/#\/schema\/logo\/image\/\",\"url\":\"https:\/\/zivykraj.cz\/wp-content\/uploads\/2021\/08\/logo_white.png\",\"contentUrl\":\"https:\/\/zivykraj.cz\/wp-content\/uploads\/2021\/08\/logo_white.png\",\"width\":223,\"height\":59,\"caption\":\"\u017divyKraj.cz\"},\"image\":{\"@id\":\"https:\/\/zivykraj.cz\/de\/#\/schema\/logo\/image\/\"}}]}<\/script>\n<!-- \/ Yoast SEO plugin. -->","yoast_head_json":{"title":"Herunterladen | \u017divyKraj.cz","robots":{"index":"index","follow":"follow","max-snippet":"max-snippet:-1","max-image-preview":"max-image-preview:large","max-video-preview":"max-video-preview:-1"},"canonical":"https:\/\/zivykraj.cz\/de\/b2b\/herunterladen\/","og_locale":"de_DE","og_type":"article","og_title":"Herunterladen | \u017divyKraj.cz","og_url":"https:\/\/zivykraj.cz\/de\/b2b\/herunterladen\/","og_site_name":"\u017divyKraj.cz","article_modified_time":"2024-10-19T13:40:19+00:00","og_image":[{"width":1772,"height":1181,"url":"https:\/\/zivykraj.cz\/wp-content\/uploads\/2022\/11\/Jana-Mensatorova-Krusne-hory1.jpg","type":"image\/jpeg"}],"twitter_card":"summary_large_image","twitter_misc":{"Gesch\u00e4tzte Lesezeit":"5 Minuten"},"schema":{"@context":"https:\/\/schema.org","@graph":[{"@type":"WebPage","@id":"https:\/\/zivykraj.cz\/de\/b2b\/herunterladen\/","url":"https:\/\/zivykraj.cz\/de\/b2b\/herunterladen\/","name":"Herunterladen | \u017divyKraj.cz","isPartOf":{"@id":"https:\/\/zivykraj.cz\/de\/#website"},"primaryImageOfPage":{"@id":"https:\/\/zivykraj.cz\/de\/b2b\/herunterladen\/#primaryimage"},"image":{"@id":"https:\/\/zivykraj.cz\/de\/b2b\/herunterladen\/#primaryimage"},"thumbnailUrl":"https:\/\/zivykraj.cz\/wp-content\/uploads\/2022\/11\/Jana-Mensatorova-Krusne-hory1.jpg","datePublished":"2022-10-27T08:26:56+00:00","dateModified":"2024-10-19T13:40:19+00:00","breadcrumb":{"@id":"https:\/\/zivykraj.cz\/de\/b2b\/herunterladen\/#breadcrumb"},"inLanguage":"de-DE","potentialAction":[{"@type":"ReadAction","target":["https:\/\/zivykraj.cz\/de\/b2b\/herunterladen\/"]}]},{"@type":"ImageObject","inLanguage":"de-DE","@id":"https:\/\/zivykraj.cz\/de\/b2b\/herunterladen\/#primaryimage","url":"https:\/\/zivykraj.cz\/wp-content\/uploads\/2022\/11\/Jana-Mensatorova-Krusne-hory1.jpg","contentUrl":"https:\/\/zivykraj.cz\/wp-content\/uploads\/2022\/11\/Jana-Mensatorova-Krusne-hory1.jpg","width":1772,"height":1181},{"@type":"BreadcrumbList","@id":"https:\/\/zivykraj.cz\/de\/b2b\/herunterladen\/#breadcrumb","itemListElement":[{"@type":"ListItem","position":1,"name":"Home","item":"https:\/\/zivykraj.cz\/de\/"},{"@type":"ListItem","position":2,"name":"B2B","item":"https:\/\/zivykraj.cz\/de\/b2b\/"},{"@type":"ListItem","position":3,"name":"Herunterladen"}]},{"@type":"WebSite","@id":"https:\/\/zivykraj.cz\/de\/#website","url":"https:\/\/zivykraj.cz\/de\/","name":"\u017divyKraj.cz","description":"Turistick\u00fd web - Karlovarsk\u00fd kraj","publisher":{"@id":"https:\/\/zivykraj.cz\/de\/#organization"},"potentialAction":[{"@type":"SearchAction","target":{"@type":"EntryPoint","urlTemplate":"https:\/\/zivykraj.cz\/de\/?s={search_term_string}"},"query-input":"required name=search_term_string"}],"inLanguage":"de-DE"},{"@type":"Organization","@id":"https:\/\/zivykraj.cz\/de\/#organization","name":"\u017divyKraj.cz","url":"https:\/\/zivykraj.cz\/de\/","logo":{"@type":"ImageObject","inLanguage":"de-DE","@id":"https:\/\/zivykraj.cz\/de\/#\/schema\/logo\/image\/","url":"https:\/\/zivykraj.cz\/wp-content\/uploads\/2021\/08\/logo_white.png","contentUrl":"https:\/\/zivykraj.cz\/wp-content\/uploads\/2021\/08\/logo_white.png","width":223,"height":59,"caption":"\u017divyKraj.cz"},"image":{"@id":"https:\/\/zivykraj.cz\/de\/#\/schema\/logo\/image\/"}}]}},"_links":{"self":[{"href":"https:\/\/zivykraj.cz\/de\/wp-json\/wp\/v2\/pages\/66316"}],"collection":[{"href":"https:\/\/zivykraj.cz\/de\/wp-json\/wp\/v2\/pages"}],"about":[{"href":"https:\/\/zivykraj.cz\/de\/wp-json\/wp\/v2\/types\/page"}],"author":[{"embeddable":true,"href":"https:\/\/zivykraj.cz\/de\/wp-json\/wp\/v2\/users\/4"}],"replies":[{"embeddable":true,"href":"https:\/\/zivykraj.cz\/de\/wp-json\/wp\/v2\/comments?post=66316"}],"version-history":[{"count":6,"href":"https:\/\/zivykraj.cz\/de\/wp-json\/wp\/v2\/pages\/66316\/revisions"}],"predecessor-version":[{"id":79089,"href":"https:\/\/zivykraj.cz\/de\/wp-json\/wp\/v2\/pages\/66316\/revisions\/79089"}],"up":[{"embeddable":true,"href":"https:\/\/zivykraj.cz\/de\/wp-json\/wp\/v2\/pages\/27246"}],"wp:featuredmedia":[{"embeddable":true,"href":"https:\/\/zivykraj.cz\/de\/wp-json\/wp\/v2\/media\/66347"}],"wp:attachment":[{"href":"https:\/\/zivykraj.cz\/de\/wp-json\/wp\/v2\/media?parent=66316"}],"curies":[{"name":"wp","href":"https:\/\/api.w.org\/{rel}","templated":true}]}}