{"id":22014,"date":"2021-01-18T05:38:14","date_gmt":"2021-01-18T04:38:14","guid":{"rendered":"https:\/\/zivykraj.cz\/turistika\/"},"modified":"2022-07-18T10:09:53","modified_gmt":"2022-07-18T08:09:53","slug":"hiking","status":"publish","type":"page","link":"https:\/\/zivykraj.cz\/en\/hiking\/","title":{"rendered":"Hiking"},"content":{"rendered":"<div class=\"fusion-fullwidth fullwidth-box fusion-builder-row-1 nonhundred-percent-fullwidth non-hundred-percent-height-scrolling\" style=\"background-color: rgba(255,255,255,0);background-position: center center;background-repeat: no-repeat;padding-top:0px;padding-right:0px;padding-bottom:0px;padding-left:0px;margin-bottom: 0px;margin-top: 0px;border-width: 0px 0px 0px 0px;border-color:#ecefef;border-style:solid;\" ><div class=\"fusion-builder-row fusion-row\"><div class=\"fusion-layout-column fusion_builder_column fusion-builder-column-0 fusion_builder_column_1_1 1_1 fusion-one-full fusion-column-first fusion-column-last\" style=\"margin-top:25px;margin-bottom:0px;\"><div class=\"fusion-column-wrapper fusion-flex-column-wrapper-legacy\" style=\"background-position:left top;background-repeat:no-repeat;-webkit-background-size:cover;-moz-background-size:cover;-o-background-size:cover;background-size:cover;padding: 0px 0px 0px 0px;\"><div class=\"fusion-text fusion-text-1\"><h3><strong>Discover the beauty of this region step by step.<\/strong><\/h3>\n<p>The Karlovy Vary Region is full of historical monuments, natural places of interest, and other tourist attractions, which you will be guided to by hiking and educational trails leading through the beautiful nature. Whether you set out for the peaks of the Ore Mountains, or to the nooks of the Slavkovsk\u00fd Forest, or to the historical cities and towns, you will be accompanied by the red, blue, green, and yellow trail markers. If you already know what to do, then put on your hiking boots and set out on the trails that will lead you around all the attractions of the Karlovy Vary Region.<\/p>\n<h3><\/h3>\n<\/div><div class=\"fusion-sep-clear\"><\/div><div class=\"fusion-separator fusion-full-width-sep\" style=\"margin-left: auto;margin-right: auto;margin-top:40px;width:100%;\"><\/div><div class=\"fusion-sep-clear\"><\/div><div class=\"fusion-text fusion-text-2 nechte-se-inspirovat display-none\"><h2 style=\"text-align: center;\"><b>Get inspired<\/b><\/h2>\n<\/div><style type=\"text\/css\">.fusion-gallery-1 .fusion-gallery-image {border:0px solid #f2f3f3;}<\/style><div class=\"fusion-gallery fusion-gallery-container fusion-grid-3 fusion-columns-total-3 fusion-gallery-layout-grid fusion-gallery-1\" style=\"margin:-5px;\"><div style=\"padding:5px;\" class=\"fusion-grid-column fusion-gallery-column fusion-gallery-column-3 hover-type-none\"><div class=\"fusion-gallery-image\"><a href=\"https:\/\/zivykraj.cz\/wp-content\/uploads\/2021\/02\/Kru\u0161n\u00e9-hory_2.jpg\" rel=\"noreferrer\" data-rel=\"iLightbox[gallery_image_1]\" class=\"fusion-lightbox\" target=\"_self\"><img decoding=\"async\" src=\"https:\/\/zivykraj.cz\/wp-content\/uploads\/2021\/02\/Kru\u0161n\u00e9-hory_2-460x295.jpg\" width=\"460\" height=\"295\" alt=\"\" title=\"Kru\u0161n\u00e9 hory_2\" aria-label=\"Kru\u0161n\u00e9 hory_2\" class=\"img-responsive wp-image-17043 fusion-gallery-image-size-fixed\"  \/><\/a><\/div><\/div><div style=\"padding:5px;\" class=\"fusion-grid-column fusion-gallery-column fusion-gallery-column-3 hover-type-none\"><div class=\"fusion-gallery-image\"><a href=\"https:\/\/zivykraj.cz\/wp-content\/uploads\/2021\/09\/Geopark-Egeria_uvodni.jpg\" rel=\"noreferrer\" data-rel=\"iLightbox[gallery_image_1]\" class=\"fusion-lightbox\" target=\"_self\"><img decoding=\"async\" src=\"https:\/\/zivykraj.cz\/wp-content\/uploads\/2021\/09\/Geopark-Egeria_uvodni-460x295.jpg\" width=\"460\" height=\"295\" alt=\"\" title=\"Geopark Egeria_\u00favodn\u00ed\" aria-label=\"Geopark Egeria_\u00favodn\u00ed\" class=\"img-responsive wp-image-17572 fusion-gallery-image-size-fixed\"  \/><\/a><\/div><\/div><div style=\"padding:5px;\" class=\"fusion-grid-column fusion-gallery-column fusion-gallery-column-3 hover-type-none\"><div class=\"fusion-gallery-image\"><a href=\"https:\/\/zivykraj.cz\/wp-content\/uploads\/2021\/02\/Kru\u0161n\u00e9-hory_3.jpg\" rel=\"noreferrer\" data-rel=\"iLightbox[gallery_image_1]\" class=\"fusion-lightbox\" target=\"_self\"><img decoding=\"async\" src=\"https:\/\/zivykraj.cz\/wp-content\/uploads\/2021\/02\/Kru\u0161n\u00e9-hory_3-460x295.jpg\" width=\"460\" height=\"295\" alt=\"\" title=\"Kru\u0161n\u00e9 hory_3\" aria-label=\"Kru\u0161n\u00e9 hory_3\" class=\"img-responsive wp-image-17044 fusion-gallery-image-size-fixed\"  \/><\/a><\/div><\/div><div class=\"clearfix\"><\/div><\/div><div class=\"fusion-text fusion-text-3\"><h2 style=\"text-align: center;\"><b>Get inspired<\/b><\/h2>\n<\/div><div class=\"fusion-recent-posts fusion-recent-posts-1 avada-container layout-default layout-columns-3 fusion-recent-posts-infinite fusion-recent-posts-load-more blog-grid\" data-pages=\"1\"><section class=\"fusion-columns columns fusion-columns-3 columns-3\"><article class=\"post fusion-column column col col-lg-4 col-md-4 col-sm-4\"><div class=\"fusion-flexslider fusion-flexslider-loading flexslider flexslider-hover-type-zoomin\"><ul class=\"slides\"><li><a href=\"https:\/\/zivykraj.cz\/en\/tips-en\/autumn-wanderings-around-marianske-lazne\/\" aria-label=\"Autumn wanderings around Mari\u00e1nsk\u00e9 L\u00e1zn\u011b\" class=\"hover-type-zoomin\"><img decoding=\"async\" width=\"2449\" height=\"1633\" src=\"https:\/\/zivykraj.cz\/wp-content\/uploads\/2023\/10\/2VS08616.jpg\" class=\"attachment-full size-full lazyload\" alt=\"\" srcset=\"data:image\/svg+xml,%3Csvg%20xmlns%3D%27http%3A%2F%2Fwww.w3.org%2F2000%2Fsvg%27%20width%3D%272449%27%20height%3D%271633%27%20viewBox%3D%270%200%202449%201633%27%3E%3Crect%20width%3D%272449%27%20height%3D%271633%27%20fill-opacity%3D%220%22%2F%3E%3C%2Fsvg%3E\" data-orig-src=\"https:\/\/zivykraj.cz\/wp-content\/uploads\/2023\/10\/2VS08616.jpg\" data-srcset=\"https:\/\/zivykraj.cz\/wp-content\/uploads\/2023\/10\/2VS08616-200x133.jpg 200w, https:\/\/zivykraj.cz\/wp-content\/uploads\/2023\/10\/2VS08616-400x267.jpg 400w, https:\/\/zivykraj.cz\/wp-content\/uploads\/2023\/10\/2VS08616-600x400.jpg 600w, https:\/\/zivykraj.cz\/wp-content\/uploads\/2023\/10\/2VS08616-800x533.jpg 800w, https:\/\/zivykraj.cz\/wp-content\/uploads\/2023\/10\/2VS08616-1200x800.jpg 1200w, https:\/\/zivykraj.cz\/wp-content\/uploads\/2023\/10\/2VS08616.jpg 2449w\" data-sizes=\"auto\" \/><\/a><\/li><\/ul><\/div><div class=\"recent-posts-content\"><span class=\"vcard\" style=\"display: none;\"><span class=\"fn\"><a href=\"https:\/\/zivykraj.cz\/en\/author\/admin\/\" title=\"Posts by admin\" rel=\"author\">admin<\/a><\/span><\/span><span class=\"updated\" style=\"display:none;\">2026-04-16T09:25:10+02:00<\/span><h4 class=\"entry-title\"><a href=\"https:\/\/zivykraj.cz\/en\/tips-en\/autumn-wanderings-around-marianske-lazne\/\">Autumn wanderings around Mari\u00e1nsk\u00e9 L\u00e1zn\u011b<\/a><\/h4><p> Mari\u00e1nsk\u00e9 L\u00e1zn\u011b. A town that needs no introduction. Most of us immediately think of the Singing Fountain, ...<\/p><\/div><\/article><article class=\"post fusion-column column col col-lg-4 col-md-4 col-sm-4\"><div class=\"fusion-flexslider fusion-flexslider-loading flexslider flexslider-hover-type-zoomin\"><ul class=\"slides\"><li><a href=\"https:\/\/zivykraj.cz\/en\/sights\/the-sokolov-area-will-surprise-you-nature-monuments-and-tonnes-of-fun\/\" aria-label=\"The Sokolov Area will Surprise You\u2026 Nature, Monuments, and Tonnes of Fun\" class=\"hover-type-zoomin\"><img decoding=\"async\" width=\"1781\" height=\"1002\" src=\"https:\/\/zivykraj.cz\/wp-content\/uploads\/2022\/07\/Prebuz.jpg\" class=\"attachment-full size-full lazyload\" alt=\"\" srcset=\"data:image\/svg+xml,%3Csvg%20xmlns%3D%27http%3A%2F%2Fwww.w3.org%2F2000%2Fsvg%27%20width%3D%271781%27%20height%3D%271002%27%20viewBox%3D%270%200%201781%201002%27%3E%3Crect%20width%3D%271781%27%20height%3D%271002%27%20fill-opacity%3D%220%22%2F%3E%3C%2Fsvg%3E\" data-orig-src=\"https:\/\/zivykraj.cz\/wp-content\/uploads\/2022\/07\/Prebuz.jpg\" data-srcset=\"https:\/\/zivykraj.cz\/wp-content\/uploads\/2022\/07\/Prebuz-200x113.jpg 200w, https:\/\/zivykraj.cz\/wp-content\/uploads\/2022\/07\/Prebuz-400x225.jpg 400w, https:\/\/zivykraj.cz\/wp-content\/uploads\/2022\/07\/Prebuz-600x338.jpg 600w, https:\/\/zivykraj.cz\/wp-content\/uploads\/2022\/07\/Prebuz-800x450.jpg 800w, https:\/\/zivykraj.cz\/wp-content\/uploads\/2022\/07\/Prebuz-1200x675.jpg 1200w, https:\/\/zivykraj.cz\/wp-content\/uploads\/2022\/07\/Prebuz.jpg 1781w\" data-sizes=\"auto\" \/><\/a><\/li><\/ul><\/div><div class=\"recent-posts-content\"><span class=\"vcard\" style=\"display: none;\"><span class=\"fn\"><a href=\"https:\/\/zivykraj.cz\/en\/author\/admin\/\" title=\"Posts by admin\" rel=\"author\">admin<\/a><\/span><\/span><span class=\"updated\" style=\"display:none;\">2026-04-16T09:33:39+02:00<\/span><h4 class=\"entry-title\"><a href=\"https:\/\/zivykraj.cz\/en\/sights\/the-sokolov-area-will-surprise-you-nature-monuments-and-tonnes-of-fun\/\">The Sokolov Area will Surprise You\u2026 Nature, Monuments, and Tonnes of Fun<\/a><\/h4><p>Many of you will probably link the Sokolov area with lignite mining. Upon closer inspection, however, you will ...<\/p><\/div><\/article><\/section><\/div><div class=\"fusion-clearfix\"><\/div><\/div><\/div><\/div><\/div>\n","protected":false},"excerpt":{"rendered":"","protected":false},"author":1,"featured_media":17560,"parent":0,"menu_order":0,"comment_status":"closed","ping_status":"closed","template":"","meta":{"_acf_changed":false,"inline_featured_image":false,"footnotes":""},"acf":[],"yoast_head":"<!-- This site is optimized with the Yoast SEO plugin v22.3 - https:\/\/yoast.com\/wordpress\/plugins\/seo\/ -->\n<title>Hiking | \u017divyKraj.cz<\/title>\n<meta name=\"robots\" content=\"index, follow, max-snippet:-1, max-image-preview:large, max-video-preview:-1\" \/>\n<link rel=\"canonical\" href=\"https:\/\/zivykraj.cz\/en\/hiking\/\" \/>\n<meta property=\"og:locale\" content=\"en_US\" \/>\n<meta property=\"og:type\" content=\"article\" \/>\n<meta property=\"og:title\" content=\"Hiking | \u017divyKraj.cz\" \/>\n<meta property=\"og:url\" content=\"https:\/\/zivykraj.cz\/en\/hiking\/\" \/>\n<meta property=\"og:site_name\" content=\"\u017divyKraj.cz\" \/>\n<meta property=\"article:modified_time\" content=\"2022-07-18T08:09:53+00:00\" \/>\n<meta property=\"og:image\" content=\"https:\/\/zivykraj.cz\/wp-content\/uploads\/2021\/09\/Turistika_uvodni.jpg\" \/>\n\t<meta property=\"og:image:width\" content=\"1920\" \/>\n\t<meta property=\"og:image:height\" content=\"647\" \/>\n\t<meta property=\"og:image:type\" content=\"image\/jpeg\" \/>\n<meta name=\"twitter:card\" content=\"summary_large_image\" \/>\n<meta name=\"twitter:label1\" content=\"Est. reading time\" \/>\n\t<meta name=\"twitter:data1\" content=\"4 minutes\" \/>\n<script type=\"application\/ld+json\" class=\"yoast-schema-graph\">{\"@context\":\"https:\/\/schema.org\",\"@graph\":[{\"@type\":\"WebPage\",\"@id\":\"https:\/\/zivykraj.cz\/en\/hiking\/\",\"url\":\"https:\/\/zivykraj.cz\/en\/hiking\/\",\"name\":\"Hiking | \u017divyKraj.cz\",\"isPartOf\":{\"@id\":\"https:\/\/zivykraj.cz\/en\/#website\"},\"primaryImageOfPage\":{\"@id\":\"https:\/\/zivykraj.cz\/en\/hiking\/#primaryimage\"},\"image\":{\"@id\":\"https:\/\/zivykraj.cz\/en\/hiking\/#primaryimage\"},\"thumbnailUrl\":\"https:\/\/zivykraj.cz\/wp-content\/uploads\/2021\/09\/Turistika_uvodni.jpg\",\"datePublished\":\"2021-01-18T04:38:14+00:00\",\"dateModified\":\"2022-07-18T08:09:53+00:00\",\"breadcrumb\":{\"@id\":\"https:\/\/zivykraj.cz\/en\/hiking\/#breadcrumb\"},\"inLanguage\":\"en-US\",\"potentialAction\":[{\"@type\":\"ReadAction\",\"target\":[\"https:\/\/zivykraj.cz\/en\/hiking\/\"]}]},{\"@type\":\"ImageObject\",\"inLanguage\":\"en-US\",\"@id\":\"https:\/\/zivykraj.cz\/en\/hiking\/#primaryimage\",\"url\":\"https:\/\/zivykraj.cz\/wp-content\/uploads\/2021\/09\/Turistika_uvodni.jpg\",\"contentUrl\":\"https:\/\/zivykraj.cz\/wp-content\/uploads\/2021\/09\/Turistika_uvodni.jpg\",\"width\":1920,\"height\":647},{\"@type\":\"BreadcrumbList\",\"@id\":\"https:\/\/zivykraj.cz\/en\/hiking\/#breadcrumb\",\"itemListElement\":[{\"@type\":\"ListItem\",\"position\":1,\"name\":\"Home\",\"item\":\"https:\/\/zivykraj.cz\/en\/\"},{\"@type\":\"ListItem\",\"position\":2,\"name\":\"Hiking\"}]},{\"@type\":\"WebSite\",\"@id\":\"https:\/\/zivykraj.cz\/en\/#website\",\"url\":\"https:\/\/zivykraj.cz\/en\/\",\"name\":\"\u017divyKraj.cz\",\"description\":\"Turistick\u00fd web - Karlovarsk\u00fd kraj\",\"publisher\":{\"@id\":\"https:\/\/zivykraj.cz\/en\/#organization\"},\"potentialAction\":[{\"@type\":\"SearchAction\",\"target\":{\"@type\":\"EntryPoint\",\"urlTemplate\":\"https:\/\/zivykraj.cz\/en\/?s={search_term_string}\"},\"query-input\":\"required name=search_term_string\"}],\"inLanguage\":\"en-US\"},{\"@type\":\"Organization\",\"@id\":\"https:\/\/zivykraj.cz\/en\/#organization\",\"name\":\"\u017divyKraj.cz\",\"url\":\"https:\/\/zivykraj.cz\/en\/\",\"logo\":{\"@type\":\"ImageObject\",\"inLanguage\":\"en-US\",\"@id\":\"https:\/\/zivykraj.cz\/en\/#\/schema\/logo\/image\/\",\"url\":\"https:\/\/zivykraj.cz\/wp-content\/uploads\/2021\/08\/logo_white.png\",\"contentUrl\":\"https:\/\/zivykraj.cz\/wp-content\/uploads\/2021\/08\/logo_white.png\",\"width\":223,\"height\":59,\"caption\":\"\u017divyKraj.cz\"},\"image\":{\"@id\":\"https:\/\/zivykraj.cz\/en\/#\/schema\/logo\/image\/\"}}]}<\/script>\n<!-- \/ Yoast SEO plugin. -->","yoast_head_json":{"title":"Hiking | \u017divyKraj.cz","robots":{"index":"index","follow":"follow","max-snippet":"max-snippet:-1","max-image-preview":"max-image-preview:large","max-video-preview":"max-video-preview:-1"},"canonical":"https:\/\/zivykraj.cz\/en\/hiking\/","og_locale":"en_US","og_type":"article","og_title":"Hiking | \u017divyKraj.cz","og_url":"https:\/\/zivykraj.cz\/en\/hiking\/","og_site_name":"\u017divyKraj.cz","article_modified_time":"2022-07-18T08:09:53+00:00","og_image":[{"width":1920,"height":647,"url":"https:\/\/zivykraj.cz\/wp-content\/uploads\/2021\/09\/Turistika_uvodni.jpg","type":"image\/jpeg"}],"twitter_card":"summary_large_image","twitter_misc":{"Est. reading time":"4 minutes"},"schema":{"@context":"https:\/\/schema.org","@graph":[{"@type":"WebPage","@id":"https:\/\/zivykraj.cz\/en\/hiking\/","url":"https:\/\/zivykraj.cz\/en\/hiking\/","name":"Hiking | \u017divyKraj.cz","isPartOf":{"@id":"https:\/\/zivykraj.cz\/en\/#website"},"primaryImageOfPage":{"@id":"https:\/\/zivykraj.cz\/en\/hiking\/#primaryimage"},"image":{"@id":"https:\/\/zivykraj.cz\/en\/hiking\/#primaryimage"},"thumbnailUrl":"https:\/\/zivykraj.cz\/wp-content\/uploads\/2021\/09\/Turistika_uvodni.jpg","datePublished":"2021-01-18T04:38:14+00:00","dateModified":"2022-07-18T08:09:53+00:00","breadcrumb":{"@id":"https:\/\/zivykraj.cz\/en\/hiking\/#breadcrumb"},"inLanguage":"en-US","potentialAction":[{"@type":"ReadAction","target":["https:\/\/zivykraj.cz\/en\/hiking\/"]}]},{"@type":"ImageObject","inLanguage":"en-US","@id":"https:\/\/zivykraj.cz\/en\/hiking\/#primaryimage","url":"https:\/\/zivykraj.cz\/wp-content\/uploads\/2021\/09\/Turistika_uvodni.jpg","contentUrl":"https:\/\/zivykraj.cz\/wp-content\/uploads\/2021\/09\/Turistika_uvodni.jpg","width":1920,"height":647},{"@type":"BreadcrumbList","@id":"https:\/\/zivykraj.cz\/en\/hiking\/#breadcrumb","itemListElement":[{"@type":"ListItem","position":1,"name":"Home","item":"https:\/\/zivykraj.cz\/en\/"},{"@type":"ListItem","position":2,"name":"Hiking"}]},{"@type":"WebSite","@id":"https:\/\/zivykraj.cz\/en\/#website","url":"https:\/\/zivykraj.cz\/en\/","name":"\u017divyKraj.cz","description":"Turistick\u00fd web - Karlovarsk\u00fd kraj","publisher":{"@id":"https:\/\/zivykraj.cz\/en\/#organization"},"potentialAction":[{"@type":"SearchAction","target":{"@type":"EntryPoint","urlTemplate":"https:\/\/zivykraj.cz\/en\/?s={search_term_string}"},"query-input":"required name=search_term_string"}],"inLanguage":"en-US"},{"@type":"Organization","@id":"https:\/\/zivykraj.cz\/en\/#organization","name":"\u017divyKraj.cz","url":"https:\/\/zivykraj.cz\/en\/","logo":{"@type":"ImageObject","inLanguage":"en-US","@id":"https:\/\/zivykraj.cz\/en\/#\/schema\/logo\/image\/","url":"https:\/\/zivykraj.cz\/wp-content\/uploads\/2021\/08\/logo_white.png","contentUrl":"https:\/\/zivykraj.cz\/wp-content\/uploads\/2021\/08\/logo_white.png","width":223,"height":59,"caption":"\u017divyKraj.cz"},"image":{"@id":"https:\/\/zivykraj.cz\/en\/#\/schema\/logo\/image\/"}}]}},"_links":{"self":[{"href":"https:\/\/zivykraj.cz\/en\/wp-json\/wp\/v2\/pages\/22014"}],"collection":[{"href":"https:\/\/zivykraj.cz\/en\/wp-json\/wp\/v2\/pages"}],"about":[{"href":"https:\/\/zivykraj.cz\/en\/wp-json\/wp\/v2\/types\/page"}],"author":[{"embeddable":true,"href":"https:\/\/zivykraj.cz\/en\/wp-json\/wp\/v2\/users\/1"}],"replies":[{"embeddable":true,"href":"https:\/\/zivykraj.cz\/en\/wp-json\/wp\/v2\/comments?post=22014"}],"version-history":[{"count":2,"href":"https:\/\/zivykraj.cz\/en\/wp-json\/wp\/v2\/pages\/22014\/revisions"}],"predecessor-version":[{"id":64300,"href":"https:\/\/zivykraj.cz\/en\/wp-json\/wp\/v2\/pages\/22014\/revisions\/64300"}],"wp:featuredmedia":[{"embeddable":true,"href":"https:\/\/zivykraj.cz\/en\/wp-json\/wp\/v2\/media\/17560"}],"wp:attachment":[{"href":"https:\/\/zivykraj.cz\/en\/wp-json\/wp\/v2\/media?parent=22014"}],"curies":[{"name":"wp","href":"https:\/\/api.w.org\/{rel}","templated":true}]}}