{"id":22030,"date":"2021-01-18T04:48:10","date_gmt":"2021-01-18T03:48:10","guid":{"rendered":"https:\/\/zivykraj.cz\/aktivity-a-zazitky\/cykloturistika\/"},"modified":"2022-07-18T09:52:36","modified_gmt":"2022-07-18T07:52:36","slug":"cycling","status":"publish","type":"page","link":"https:\/\/zivykraj.cz\/en\/activities\/cycling\/","title":{"rendered":"Cycling"},"content":{"rendered":"<div class=\"fusion-fullwidth fullwidth-box fusion-builder-row-1 nonhundred-percent-fullwidth non-hundred-percent-height-scrolling\" style=\"background-color: rgba(255,255,255,0);background-position: center center;background-repeat: no-repeat;padding-top:0px;padding-right:0px;padding-bottom:0px;padding-left:0px;margin-bottom: 0px;margin-top: 0px;border-width: 0px 0px 0px 0px;border-color:#ecefef;border-style:solid;\" ><div class=\"fusion-builder-row fusion-row\"><div class=\"fusion-layout-column fusion_builder_column fusion-builder-column-0 fusion_builder_column_1_1 1_1 fusion-one-full fusion-column-first fusion-column-last\" style=\"margin-top:25px;margin-bottom:25px;\"><div class=\"fusion-column-wrapper fusion-flex-column-wrapper-legacy\" style=\"background-position:left top;background-repeat:no-repeat;-webkit-background-size:cover;-moz-background-size:cover;-o-background-size:cover;background-size:cover;padding: 0px 0px 0px 0px;\"><div class=\"fusion-text fusion-text-1\"><h3><strong>Step on the gas and set out for the beauties of the Karlovy Vary Region.<\/strong><\/h3>\n<p>Do you love it when the wind tousles your hair, and the road passes swiftly underfoot? In the Karlovy Vary Region, you will be engulfed by the fresh air, which rejuvenates and tastes of the wilderness. Aficionados of cycling will appreciate the over-2,000 kilometres of quality marked cycle paths in the region, leading over the crests of the Ore Mountains and through the Slavkovsk\u00fd Forest, the emerald gem of the region. The cycle paths often lead around popular tourist attractions, and you can also conquer one of the many educational trails on your bicycle, and thus learn something new. You can also rely on the quality offer of specialised services, such as repair shops, rentals, and salerooms with cycling accessories and of bike buses and trains. So do not wait, step on the \u201cgas\u201d and set out for adventure!<\/p>\n<\/div><div class=\"fusion-sep-clear\"><\/div><div class=\"fusion-separator fusion-full-width-sep\" style=\"margin-left: auto;margin-right: auto;width:100%;\"><\/div><div class=\"fusion-sep-clear\"><\/div><style type=\"text\/css\">.fusion-gallery-1 .fusion-gallery-image {border:0px solid #f2f3f3;}<\/style><div class=\"fusion-gallery fusion-gallery-container fusion-grid-3 fusion-columns-total-3 fusion-gallery-layout-grid fusion-gallery-1\" style=\"margin:-5px;\"><div style=\"padding:5px;\" class=\"fusion-grid-column fusion-gallery-column fusion-gallery-column-3 hover-type-none\"><div class=\"fusion-gallery-image\"><a href=\"https:\/\/zivykraj.cz\/wp-content\/uploads\/2021\/02\/Sokolov_3.jpg\" rel=\"noreferrer\" data-rel=\"iLightbox[gallery_image_1]\" class=\"fusion-lightbox\" target=\"_self\"><img decoding=\"async\" src=\"https:\/\/zivykraj.cz\/wp-content\/uploads\/2021\/02\/Sokolov_3-460x295.jpg\" width=\"460\" height=\"295\" alt=\"\" title=\"Sokolov_3\" aria-label=\"Sokolov_3\" class=\"img-responsive wp-image-18039 fusion-gallery-image-size-fixed\"  \/><\/a><\/div><\/div><div style=\"padding:5px;\" class=\"fusion-grid-column fusion-gallery-column fusion-gallery-column-3 hover-type-none\"><div class=\"fusion-gallery-image\"><a href=\"https:\/\/zivykraj.cz\/wp-content\/uploads\/2021\/10\/cyklo-54-scaled.jpg\" rel=\"noreferrer\" data-rel=\"iLightbox[gallery_image_1]\" class=\"fusion-lightbox\" target=\"_self\"><img decoding=\"async\" src=\"https:\/\/zivykraj.cz\/wp-content\/uploads\/2021\/10\/cyklo-54-460x295.jpg\" width=\"460\" height=\"295\" alt=\"\" title=\"cyklo-54\" aria-label=\"cyklo-54\" class=\"img-responsive wp-image-18989 fusion-gallery-image-size-fixed\"  \/><\/a><\/div><\/div><div style=\"padding:5px;\" class=\"fusion-grid-column fusion-gallery-column fusion-gallery-column-3 hover-type-none\"><div class=\"fusion-gallery-image\"><a href=\"https:\/\/zivykraj.cz\/wp-content\/uploads\/2021\/09\/Rodinna-dovolena_uvodni.jpg\" rel=\"noreferrer\" data-rel=\"iLightbox[gallery_image_1]\" class=\"fusion-lightbox\" target=\"_self\"><img decoding=\"async\" src=\"https:\/\/zivykraj.cz\/wp-content\/uploads\/2021\/09\/Rodinna-dovolena_uvodni-460x295.jpg\" width=\"460\" height=\"295\" alt=\"\" title=\"Rodinn\u00e1 dovolen\u00e1_\u00favodn\u00ed\" aria-label=\"Rodinn\u00e1 dovolen\u00e1_\u00favodn\u00ed\" class=\"img-responsive wp-image-17326 fusion-gallery-image-size-fixed\"  \/><\/a><\/div><\/div><div class=\"clearfix\"><\/div><\/div><div class=\"fusion-text fusion-text-2\"><h2 style=\"text-align: center;\"><b>Get inspired<\/b><\/h2>\n<\/div><div class=\"fusion-recent-posts fusion-recent-posts-1 avada-container layout-default layout-columns-3 fusion-recent-posts-infinite fusion-recent-posts-load-more blog-grid\" data-pages=\"1\"><section class=\"fusion-columns columns fusion-columns-3 columns-3\"><article class=\"post fusion-column column col col-lg-4 col-md-4 col-sm-4\"><div class=\"fusion-flexslider fusion-flexslider-loading flexslider flexslider-hover-type-zoomin\"><ul class=\"slides\"><li><a href=\"https:\/\/zivykraj.cz\/en\/sport-en\/rok-davida-bechera-zazijte-karlovy-vary-jinak\/\" aria-label=\"The Year of David Becher: Experience Karlovy Vary differently\" class=\"hover-type-zoomin\"><img decoding=\"async\" width=\"2120\" height=\"1414\" src=\"https:\/\/zivykraj.cz\/wp-content\/uploads\/2025\/05\/Rozkvetle-Karlovy-Vary-Vlada_Surmaj.jpg\" class=\"attachment-full size-full lazyload\" alt=\"\" srcset=\"data:image\/svg+xml,%3Csvg%20xmlns%3D%27http%3A%2F%2Fwww.w3.org%2F2000%2Fsvg%27%20width%3D%272120%27%20height%3D%271414%27%20viewBox%3D%270%200%202120%201414%27%3E%3Crect%20width%3D%272120%27%20height%3D%271414%27%20fill-opacity%3D%220%22%2F%3E%3C%2Fsvg%3E\" data-orig-src=\"https:\/\/zivykraj.cz\/wp-content\/uploads\/2025\/05\/Rozkvetle-Karlovy-Vary-Vlada_Surmaj.jpg\" data-srcset=\"https:\/\/zivykraj.cz\/wp-content\/uploads\/2025\/05\/Rozkvetle-Karlovy-Vary-Vlada_Surmaj-200x133.jpg 200w, https:\/\/zivykraj.cz\/wp-content\/uploads\/2025\/05\/Rozkvetle-Karlovy-Vary-Vlada_Surmaj-400x267.jpg 400w, https:\/\/zivykraj.cz\/wp-content\/uploads\/2025\/05\/Rozkvetle-Karlovy-Vary-Vlada_Surmaj-600x400.jpg 600w, https:\/\/zivykraj.cz\/wp-content\/uploads\/2025\/05\/Rozkvetle-Karlovy-Vary-Vlada_Surmaj-800x534.jpg 800w, https:\/\/zivykraj.cz\/wp-content\/uploads\/2025\/05\/Rozkvetle-Karlovy-Vary-Vlada_Surmaj-1200x800.jpg 1200w, https:\/\/zivykraj.cz\/wp-content\/uploads\/2025\/05\/Rozkvetle-Karlovy-Vary-Vlada_Surmaj.jpg 2120w\" data-sizes=\"auto\" \/><\/a><\/li><\/ul><\/div><div class=\"recent-posts-content\"><span class=\"vcard\" style=\"display: none;\"><span class=\"fn\"><a href=\"https:\/\/zivykraj.cz\/en\/author\/admin\/\" title=\"Posts by admin\" rel=\"author\">admin<\/a><\/span><\/span><span class=\"updated\" style=\"display:none;\">2025-05-23T09:46:39+02:00<\/span><h4 class=\"entry-title\"><a href=\"https:\/\/zivykraj.cz\/en\/sport-en\/rok-davida-bechera-zazijte-karlovy-vary-jinak\/\">The Year of David Becher: Experience Karlovy Vary differently<\/a><\/h4><p>The silence of the colonnades, the steam rising from a cup of spring water, the refinement of the imperial halls and the tones of an open-air concert... More than just beautiful scenery awaits you in Karlovy Vary this year - a story that goes deep into history is unfolding. The year 2025 is dedicated to Dr. David Becher. The man who gave the spa industry a new direction and gave the city its unique rhythm. And now is your chance to experience the tradition that makes every visit a special experience!<\/p><\/div><\/article><article class=\"post fusion-column column col col-lg-4 col-md-4 col-sm-4\"><div class=\"fusion-flexslider fusion-flexslider-loading flexslider flexslider-hover-type-zoomin\"><ul class=\"slides\"><li><a href=\"https:\/\/zivykraj.cz\/en\/activities-en\/enjoy-an-unforgettable-summer-on-the-ohre-river\/\" aria-label=\"Top tips for bike trips\" class=\"hover-type-zoomin\"><img decoding=\"async\" width=\"2560\" height=\"1706\" src=\"https:\/\/zivykraj.cz\/wp-content\/uploads\/2022\/07\/Foto-kampan-1-2-scaled.jpg\" class=\"attachment-full size-full lazyload\" alt=\"\" srcset=\"data:image\/svg+xml,%3Csvg%20xmlns%3D%27http%3A%2F%2Fwww.w3.org%2F2000%2Fsvg%27%20width%3D%272560%27%20height%3D%271706%27%20viewBox%3D%270%200%202560%201706%27%3E%3Crect%20width%3D%272560%27%20height%3D%271706%27%20fill-opacity%3D%220%22%2F%3E%3C%2Fsvg%3E\" data-orig-src=\"https:\/\/zivykraj.cz\/wp-content\/uploads\/2022\/07\/Foto-kampan-1-2-scaled.jpg\" data-srcset=\"https:\/\/zivykraj.cz\/wp-content\/uploads\/2022\/07\/Foto-kampan-1-2-200x133.jpg 200w, https:\/\/zivykraj.cz\/wp-content\/uploads\/2022\/07\/Foto-kampan-1-2-400x266.jpg 400w, https:\/\/zivykraj.cz\/wp-content\/uploads\/2022\/07\/Foto-kampan-1-2-600x400.jpg 600w, https:\/\/zivykraj.cz\/wp-content\/uploads\/2022\/07\/Foto-kampan-1-2-800x533.jpg 800w, https:\/\/zivykraj.cz\/wp-content\/uploads\/2022\/07\/Foto-kampan-1-2-1200x799.jpg 1200w, https:\/\/zivykraj.cz\/wp-content\/uploads\/2022\/07\/Foto-kampan-1-2-scaled.jpg 2560w\" data-sizes=\"auto\" \/><\/a><\/li><\/ul><\/div><div class=\"recent-posts-content\"><span class=\"vcard\" style=\"display: none;\"><span class=\"fn\"><a href=\"https:\/\/zivykraj.cz\/en\/author\/admin\/\" title=\"Posts by admin\" rel=\"author\">admin<\/a><\/span><\/span><span class=\"updated\" style=\"display:none;\">2025-04-16T16:22:19+02:00<\/span><h4 class=\"entry-title\"><a href=\"https:\/\/zivykraj.cz\/en\/activities-en\/enjoy-an-unforgettable-summer-on-the-ohre-river\/\">Top tips for bike trips<\/a><\/h4><p>Cycling is a great alternative to traditional hiking - not only do you get more sport, but you ...<\/p><\/div><\/article><article class=\"post fusion-column column col col-lg-4 col-md-4 col-sm-4\"><div class=\"fusion-flexslider fusion-flexslider-loading flexslider flexslider-hover-type-zoomin\"><ul class=\"slides\"><li><a href=\"https:\/\/zivykraj.cz\/en\/activities-en\/long-distance-cycling-routes\/\" aria-label=\"Long-distance Cycling Routes in the Karlovy Vary Region\" class=\"hover-type-zoomin\"><img decoding=\"async\" width=\"1383\" height=\"864\" src=\"https:\/\/zivykraj.cz\/wp-content\/uploads\/2022\/03\/SLPE-023-Krusne_hory-3.jpg\" class=\"attachment-full size-full lazyload\" alt=\"\" srcset=\"data:image\/svg+xml,%3Csvg%20xmlns%3D%27http%3A%2F%2Fwww.w3.org%2F2000%2Fsvg%27%20width%3D%271383%27%20height%3D%27864%27%20viewBox%3D%270%200%201383%20864%27%3E%3Crect%20width%3D%271383%27%20height%3D%27864%27%20fill-opacity%3D%220%22%2F%3E%3C%2Fsvg%3E\" data-orig-src=\"https:\/\/zivykraj.cz\/wp-content\/uploads\/2022\/03\/SLPE-023-Krusne_hory-3.jpg\" data-srcset=\"https:\/\/zivykraj.cz\/wp-content\/uploads\/2022\/03\/SLPE-023-Krusne_hory-3-200x125.jpg 200w, https:\/\/zivykraj.cz\/wp-content\/uploads\/2022\/03\/SLPE-023-Krusne_hory-3-400x250.jpg 400w, https:\/\/zivykraj.cz\/wp-content\/uploads\/2022\/03\/SLPE-023-Krusne_hory-3-600x375.jpg 600w, https:\/\/zivykraj.cz\/wp-content\/uploads\/2022\/03\/SLPE-023-Krusne_hory-3-800x500.jpg 800w, https:\/\/zivykraj.cz\/wp-content\/uploads\/2022\/03\/SLPE-023-Krusne_hory-3-1200x750.jpg 1200w, https:\/\/zivykraj.cz\/wp-content\/uploads\/2022\/03\/SLPE-023-Krusne_hory-3.jpg 1383w\" data-sizes=\"auto\" \/><\/a><\/li><\/ul><\/div><div class=\"recent-posts-content\"><span class=\"vcard\" style=\"display: none;\"><span class=\"fn\"><a href=\"https:\/\/zivykraj.cz\/en\/author\/admin\/\" title=\"Posts by admin\" rel=\"author\">admin<\/a><\/span><\/span><span class=\"updated\" style=\"display:none;\">2026-04-16T09:35:47+02:00<\/span><h4 class=\"entry-title\"><a href=\"https:\/\/zivykraj.cz\/en\/activities-en\/long-distance-cycling-routes\/\">Long-distance Cycling Routes in the Karlovy Vary Region<\/a><\/h4><p>Enthusiastic cyclists, pay attention! We present to you an overview of the international long-distance cycling routes leading through ...<\/p><\/div><\/article><\/section><\/div><div class=\"fusion-clearfix\"><\/div><\/div><\/div><\/div><\/div>\n","protected":false},"excerpt":{"rendered":"","protected":false},"author":1,"featured_media":17331,"parent":22010,"menu_order":0,"comment_status":"closed","ping_status":"closed","template":"","meta":{"_acf_changed":false,"inline_featured_image":false,"footnotes":""},"acf":[],"yoast_head":"<!-- This site is optimized with the Yoast SEO plugin v22.3 - https:\/\/yoast.com\/wordpress\/plugins\/seo\/ -->\n<title>Cycling | \u017divyKraj.cz<\/title>\n<meta name=\"robots\" content=\"index, follow, max-snippet:-1, max-image-preview:large, max-video-preview:-1\" \/>\n<link rel=\"canonical\" href=\"https:\/\/zivykraj.cz\/en\/activities\/cycling\/\" \/>\n<meta property=\"og:locale\" content=\"en_US\" \/>\n<meta property=\"og:type\" content=\"article\" \/>\n<meta property=\"og:title\" content=\"Cycling | \u017divyKraj.cz\" \/>\n<meta property=\"og:url\" content=\"https:\/\/zivykraj.cz\/en\/activities\/cycling\/\" \/>\n<meta property=\"og:site_name\" content=\"\u017divyKraj.cz\" \/>\n<meta property=\"article:modified_time\" content=\"2022-07-18T07:52:36+00:00\" \/>\n<meta property=\"og:image\" content=\"https:\/\/zivykraj.cz\/wp-content\/uploads\/2021\/09\/Cykloturistika_uvodni2-1.jpg\" \/>\n\t<meta property=\"og:image:width\" content=\"1920\" \/>\n\t<meta property=\"og:image:height\" content=\"647\" \/>\n\t<meta property=\"og:image:type\" content=\"image\/jpeg\" \/>\n<meta name=\"twitter:card\" content=\"summary_large_image\" \/>\n<meta name=\"twitter:label1\" content=\"Est. reading time\" \/>\n\t<meta name=\"twitter:data1\" content=\"4 minutes\" \/>\n<script type=\"application\/ld+json\" class=\"yoast-schema-graph\">{\"@context\":\"https:\/\/schema.org\",\"@graph\":[{\"@type\":\"WebPage\",\"@id\":\"https:\/\/zivykraj.cz\/en\/activities\/cycling\/\",\"url\":\"https:\/\/zivykraj.cz\/en\/activities\/cycling\/\",\"name\":\"Cycling | \u017divyKraj.cz\",\"isPartOf\":{\"@id\":\"https:\/\/zivykraj.cz\/en\/#website\"},\"primaryImageOfPage\":{\"@id\":\"https:\/\/zivykraj.cz\/en\/activities\/cycling\/#primaryimage\"},\"image\":{\"@id\":\"https:\/\/zivykraj.cz\/en\/activities\/cycling\/#primaryimage\"},\"thumbnailUrl\":\"https:\/\/zivykraj.cz\/wp-content\/uploads\/2021\/09\/Cykloturistika_uvodni2-1.jpg\",\"datePublished\":\"2021-01-18T03:48:10+00:00\",\"dateModified\":\"2022-07-18T07:52:36+00:00\",\"breadcrumb\":{\"@id\":\"https:\/\/zivykraj.cz\/en\/activities\/cycling\/#breadcrumb\"},\"inLanguage\":\"en-US\",\"potentialAction\":[{\"@type\":\"ReadAction\",\"target\":[\"https:\/\/zivykraj.cz\/en\/activities\/cycling\/\"]}]},{\"@type\":\"ImageObject\",\"inLanguage\":\"en-US\",\"@id\":\"https:\/\/zivykraj.cz\/en\/activities\/cycling\/#primaryimage\",\"url\":\"https:\/\/zivykraj.cz\/wp-content\/uploads\/2021\/09\/Cykloturistika_uvodni2-1.jpg\",\"contentUrl\":\"https:\/\/zivykraj.cz\/wp-content\/uploads\/2021\/09\/Cykloturistika_uvodni2-1.jpg\",\"width\":1920,\"height\":647},{\"@type\":\"BreadcrumbList\",\"@id\":\"https:\/\/zivykraj.cz\/en\/activities\/cycling\/#breadcrumb\",\"itemListElement\":[{\"@type\":\"ListItem\",\"position\":1,\"name\":\"Home\",\"item\":\"https:\/\/zivykraj.cz\/en\/\"},{\"@type\":\"ListItem\",\"position\":2,\"name\":\"Activities\",\"item\":\"https:\/\/zivykraj.cz\/en\/activities\/\"},{\"@type\":\"ListItem\",\"position\":3,\"name\":\"Cycling\"}]},{\"@type\":\"WebSite\",\"@id\":\"https:\/\/zivykraj.cz\/en\/#website\",\"url\":\"https:\/\/zivykraj.cz\/en\/\",\"name\":\"\u017divyKraj.cz\",\"description\":\"Turistick\u00fd web - Karlovarsk\u00fd kraj\",\"publisher\":{\"@id\":\"https:\/\/zivykraj.cz\/en\/#organization\"},\"potentialAction\":[{\"@type\":\"SearchAction\",\"target\":{\"@type\":\"EntryPoint\",\"urlTemplate\":\"https:\/\/zivykraj.cz\/en\/?s={search_term_string}\"},\"query-input\":\"required name=search_term_string\"}],\"inLanguage\":\"en-US\"},{\"@type\":\"Organization\",\"@id\":\"https:\/\/zivykraj.cz\/en\/#organization\",\"name\":\"\u017divyKraj.cz\",\"url\":\"https:\/\/zivykraj.cz\/en\/\",\"logo\":{\"@type\":\"ImageObject\",\"inLanguage\":\"en-US\",\"@id\":\"https:\/\/zivykraj.cz\/en\/#\/schema\/logo\/image\/\",\"url\":\"https:\/\/zivykraj.cz\/wp-content\/uploads\/2021\/08\/logo_white.png\",\"contentUrl\":\"https:\/\/zivykraj.cz\/wp-content\/uploads\/2021\/08\/logo_white.png\",\"width\":223,\"height\":59,\"caption\":\"\u017divyKraj.cz\"},\"image\":{\"@id\":\"https:\/\/zivykraj.cz\/en\/#\/schema\/logo\/image\/\"}}]}<\/script>\n<!-- \/ Yoast SEO plugin. -->","yoast_head_json":{"title":"Cycling | \u017divyKraj.cz","robots":{"index":"index","follow":"follow","max-snippet":"max-snippet:-1","max-image-preview":"max-image-preview:large","max-video-preview":"max-video-preview:-1"},"canonical":"https:\/\/zivykraj.cz\/en\/activities\/cycling\/","og_locale":"en_US","og_type":"article","og_title":"Cycling | \u017divyKraj.cz","og_url":"https:\/\/zivykraj.cz\/en\/activities\/cycling\/","og_site_name":"\u017divyKraj.cz","article_modified_time":"2022-07-18T07:52:36+00:00","og_image":[{"width":1920,"height":647,"url":"https:\/\/zivykraj.cz\/wp-content\/uploads\/2021\/09\/Cykloturistika_uvodni2-1.jpg","type":"image\/jpeg"}],"twitter_card":"summary_large_image","twitter_misc":{"Est. reading time":"4 minutes"},"schema":{"@context":"https:\/\/schema.org","@graph":[{"@type":"WebPage","@id":"https:\/\/zivykraj.cz\/en\/activities\/cycling\/","url":"https:\/\/zivykraj.cz\/en\/activities\/cycling\/","name":"Cycling | \u017divyKraj.cz","isPartOf":{"@id":"https:\/\/zivykraj.cz\/en\/#website"},"primaryImageOfPage":{"@id":"https:\/\/zivykraj.cz\/en\/activities\/cycling\/#primaryimage"},"image":{"@id":"https:\/\/zivykraj.cz\/en\/activities\/cycling\/#primaryimage"},"thumbnailUrl":"https:\/\/zivykraj.cz\/wp-content\/uploads\/2021\/09\/Cykloturistika_uvodni2-1.jpg","datePublished":"2021-01-18T03:48:10+00:00","dateModified":"2022-07-18T07:52:36+00:00","breadcrumb":{"@id":"https:\/\/zivykraj.cz\/en\/activities\/cycling\/#breadcrumb"},"inLanguage":"en-US","potentialAction":[{"@type":"ReadAction","target":["https:\/\/zivykraj.cz\/en\/activities\/cycling\/"]}]},{"@type":"ImageObject","inLanguage":"en-US","@id":"https:\/\/zivykraj.cz\/en\/activities\/cycling\/#primaryimage","url":"https:\/\/zivykraj.cz\/wp-content\/uploads\/2021\/09\/Cykloturistika_uvodni2-1.jpg","contentUrl":"https:\/\/zivykraj.cz\/wp-content\/uploads\/2021\/09\/Cykloturistika_uvodni2-1.jpg","width":1920,"height":647},{"@type":"BreadcrumbList","@id":"https:\/\/zivykraj.cz\/en\/activities\/cycling\/#breadcrumb","itemListElement":[{"@type":"ListItem","position":1,"name":"Home","item":"https:\/\/zivykraj.cz\/en\/"},{"@type":"ListItem","position":2,"name":"Activities","item":"https:\/\/zivykraj.cz\/en\/activities\/"},{"@type":"ListItem","position":3,"name":"Cycling"}]},{"@type":"WebSite","@id":"https:\/\/zivykraj.cz\/en\/#website","url":"https:\/\/zivykraj.cz\/en\/","name":"\u017divyKraj.cz","description":"Turistick\u00fd web - Karlovarsk\u00fd kraj","publisher":{"@id":"https:\/\/zivykraj.cz\/en\/#organization"},"potentialAction":[{"@type":"SearchAction","target":{"@type":"EntryPoint","urlTemplate":"https:\/\/zivykraj.cz\/en\/?s={search_term_string}"},"query-input":"required name=search_term_string"}],"inLanguage":"en-US"},{"@type":"Organization","@id":"https:\/\/zivykraj.cz\/en\/#organization","name":"\u017divyKraj.cz","url":"https:\/\/zivykraj.cz\/en\/","logo":{"@type":"ImageObject","inLanguage":"en-US","@id":"https:\/\/zivykraj.cz\/en\/#\/schema\/logo\/image\/","url":"https:\/\/zivykraj.cz\/wp-content\/uploads\/2021\/08\/logo_white.png","contentUrl":"https:\/\/zivykraj.cz\/wp-content\/uploads\/2021\/08\/logo_white.png","width":223,"height":59,"caption":"\u017divyKraj.cz"},"image":{"@id":"https:\/\/zivykraj.cz\/en\/#\/schema\/logo\/image\/"}}]}},"_links":{"self":[{"href":"https:\/\/zivykraj.cz\/en\/wp-json\/wp\/v2\/pages\/22030"}],"collection":[{"href":"https:\/\/zivykraj.cz\/en\/wp-json\/wp\/v2\/pages"}],"about":[{"href":"https:\/\/zivykraj.cz\/en\/wp-json\/wp\/v2\/types\/page"}],"author":[{"embeddable":true,"href":"https:\/\/zivykraj.cz\/en\/wp-json\/wp\/v2\/users\/1"}],"replies":[{"embeddable":true,"href":"https:\/\/zivykraj.cz\/en\/wp-json\/wp\/v2\/comments?post=22030"}],"version-history":[{"count":1,"href":"https:\/\/zivykraj.cz\/en\/wp-json\/wp\/v2\/pages\/22030\/revisions"}],"predecessor-version":[{"id":64268,"href":"https:\/\/zivykraj.cz\/en\/wp-json\/wp\/v2\/pages\/22030\/revisions\/64268"}],"up":[{"embeddable":true,"href":"https:\/\/zivykraj.cz\/en\/wp-json\/wp\/v2\/pages\/22010"}],"wp:featuredmedia":[{"embeddable":true,"href":"https:\/\/zivykraj.cz\/en\/wp-json\/wp\/v2\/media\/17331"}],"wp:attachment":[{"href":"https:\/\/zivykraj.cz\/en\/wp-json\/wp\/v2\/media?parent=22030"}],"curies":[{"name":"wp","href":"https:\/\/api.w.org\/{rel}","templated":true}]}}