{"id":22036,"date":"2021-01-18T05:15:15","date_gmt":"2021-01-18T04:15:15","guid":{"rendered":"https:\/\/zivykraj.cz\/aktivity-a-zazitky\/zimni-sporty\/"},"modified":"2022-07-18T09:54:39","modified_gmt":"2022-07-18T07:54:39","slug":"winter-sports","status":"publish","type":"page","link":"https:\/\/zivykraj.cz\/en\/activities\/winter-sports\/","title":{"rendered":"Winter Sports"},"content":{"rendered":"<div class=\"fusion-fullwidth fullwidth-box fusion-builder-row-1 nonhundred-percent-fullwidth non-hundred-percent-height-scrolling\" style=\"background-color: rgba(255,255,255,0);background-position: center center;background-repeat: no-repeat;padding-top:0px;padding-right:0px;padding-bottom:0px;padding-left:0px;margin-bottom: 0px;margin-top: 0px;border-width: 0px 0px 0px 0px;border-color:#ecefef;border-style:solid;\" ><div class=\"fusion-builder-row fusion-row\"><div class=\"fusion-layout-column fusion_builder_column fusion-builder-column-0 fusion_builder_column_1_1 1_1 fusion-one-full fusion-column-first fusion-column-last\" style=\"margin-top:25px;margin-bottom:25px;\"><div class=\"fusion-column-wrapper fusion-flex-column-wrapper-legacy\" style=\"background-position:left top;background-repeat:no-repeat;-webkit-background-size:cover;-moz-background-size:cover;-o-background-size:cover;background-size:cover;padding: 0px 0px 0px 0px;\"><div class=\"fusion-text fusion-text-1\"><h3><strong>The Ore Mountains are perfect for winter fun.<\/strong><\/h3>\n<p>One of the most beautiful mountain ranges of the Czech Republic can be found in the Karlovy Vary Region &#8211; the Ore Mountains. The diverse landscape, beautiful panoramas, and perfectly tended ski trails and pistes entice lovers of winter sports.<\/p>\n<p>Choose from the offer of winter resorts with terrain suitable for both beginners and experienced skiers. The ski resorts at Kl\u00ednovec &#8211; the highest mountain of the Ore Mountains (1,244 m), in Bo\u017e\u00ed Dar \u2013 the town with the highest elevation in Central Europe (1,020 m), and at Ple\u0161ivec &#8211; the newest ski resort in the Czech Republic, can be compared with the foreign competition. Smaller resorts provide comfortable skiing and great opportunities for beginner skiers. You can expect modern facilities, children\u2019s grounds, snow parks, equipment rentals, repair shops, and a wide offer of refreshments.<\/p>\n<p>Set out on the \u201cwhite trail\u201d through the snowy countryside, which looks like a fairy-tale, especially in the winter. You can expect hundreds of kilometres of tended cross-country skiing trails around Pernink and Horn\u00ed Blatn\u00e1, or also in the popular Eduard Resort located between J\u00e1chymov and Bo\u017e\u00ed Dar. The Ore Mountain Cross-Country Skiing Trail running between Bublava and Bo\u017e\u00ed Dar is very popular.<\/p>\n<p>Those who want to enjoy winter fun with their children will also be excited, as will the lovers of adrenaline sports. Your little ones will fall in love with snow-tubing \u2013 riding on special tyres down a snow trough &#8211; and you can try out snowkiting.<\/p>\n<p>When the weather conditions are bad, small and big athletes alike will surely appreciate the public ice rink in KV Arena in Karlovy Vary, but also in the winter stadiums in Ostrov, Cheb, Sokolov, Nejdek, and Mari\u00e1nsk\u00e9 L\u00e1zn\u011b.<\/p>\n<p>Looking for the perfect place to relax after a day\u2019s worth of skiing? You can choose from the wide offer of the spa and wellness procedures in the spa towns of J\u00e1chymov, Karlovy Vary, Mari\u00e1nsk\u00e9 L\u00e1zn\u011b, and Franti\u0161kovy L\u00e1zn\u011b, located nearby the ski resorts. Treat yourself to a wholesome bath or relaxing massage and regenerate your body after a tough day. Enjoy your winter holiday in the Karlovy Vary Region.<\/p>\n<\/div><style type=\"text\/css\">.fusion-gallery-1 .fusion-gallery-image {border:0px solid #f2f3f3;}<\/style><div class=\"fusion-gallery fusion-gallery-container fusion-grid-3 fusion-columns-total-3 fusion-gallery-layout-grid fusion-gallery-1\" style=\"margin:-5px;\"><div style=\"padding:5px;\" class=\"fusion-grid-column fusion-gallery-column fusion-gallery-column-3 hover-type-none\"><div class=\"fusion-gallery-image\"><a href=\"https:\/\/zivykraj.cz\/wp-content\/uploads\/2021\/10\/IMG_1537.jpg\" rel=\"noreferrer\" data-rel=\"iLightbox[gallery_image_1]\" class=\"fusion-lightbox\" target=\"_self\"><img decoding=\"async\" src=\"https:\/\/zivykraj.cz\/wp-content\/uploads\/2021\/10\/IMG_1537-460x295.jpg\" width=\"460\" height=\"295\" alt=\"\" title=\"IMG_1537\" aria-label=\"IMG_1537\" class=\"img-responsive wp-image-19041 fusion-gallery-image-size-fixed\"  \/><\/a><\/div><\/div><div style=\"padding:5px;\" class=\"fusion-grid-column fusion-gallery-column fusion-gallery-column-3 hover-type-none\"><div class=\"fusion-gallery-image\"><a href=\"https:\/\/zivykraj.cz\/wp-content\/uploads\/2021\/10\/IMG_0276.jpg\" rel=\"noreferrer\" data-rel=\"iLightbox[gallery_image_1]\" class=\"fusion-lightbox\" target=\"_self\"><img decoding=\"async\" src=\"https:\/\/zivykraj.cz\/wp-content\/uploads\/2021\/10\/IMG_0276-460x295.jpg\" width=\"460\" height=\"295\" alt=\"\" title=\"IMG_0276\" aria-label=\"IMG_0276\" class=\"img-responsive wp-image-19044 fusion-gallery-image-size-fixed\"  \/><\/a><\/div><\/div><div style=\"padding:5px;\" class=\"fusion-grid-column fusion-gallery-column fusion-gallery-column-3 hover-type-none\"><div class=\"fusion-gallery-image\"><a href=\"https:\/\/zivykraj.cz\/wp-content\/uploads\/2021\/10\/IMG_1285.jpg\" rel=\"noreferrer\" data-rel=\"iLightbox[gallery_image_1]\" class=\"fusion-lightbox\" target=\"_self\"><img decoding=\"async\" src=\"https:\/\/zivykraj.cz\/wp-content\/uploads\/2021\/10\/IMG_1285-460x295.jpg\" width=\"460\" height=\"295\" alt=\"\" title=\"IMG_1285\" aria-label=\"IMG_1285\" class=\"img-responsive wp-image-19047 fusion-gallery-image-size-fixed\"  \/><\/a><\/div><\/div><div class=\"clearfix\"><\/div><\/div><div class=\"fusion-sep-clear\"><\/div><div class=\"fusion-separator fusion-full-width-sep\" style=\"margin-left: auto;margin-right: auto;width:100%;\"><\/div><div class=\"fusion-sep-clear\"><\/div><div class=\"fusion-text fusion-text-2\"><h2 style=\"text-align: center;\"><b>Get inspired<\/b><\/h2>\n<\/div><div class=\"fusion-recent-posts fusion-recent-posts-1 avada-container layout-default layout-columns-3 fusion-recent-posts-infinite fusion-recent-posts-load-more blog-grid\" data-pages=\"1\"><section class=\"fusion-columns columns fusion-columns-3 columns-3\"><article class=\"post fusion-column column col col-lg-4 col-md-4 col-sm-4\"><div class=\"fusion-flexslider fusion-flexslider-loading flexslider flexslider-hover-type-zoomin\"><ul class=\"slides\"><li><a href=\"https:\/\/zivykraj.cz\/en\/activities-en\/a-wild-winter-ride\/\" aria-label=\"A Wild Winter Ride\" class=\"hover-type-zoomin\"><img decoding=\"async\" width=\"1344\" height=\"896\" src=\"https:\/\/zivykraj.cz\/wp-content\/uploads\/2021\/12\/Stepan-Latal-Snowkiting-Bozi-Dar2.jpg\" class=\"attachment-full size-full lazyload\" alt=\"\" srcset=\"data:image\/svg+xml,%3Csvg%20xmlns%3D%27http%3A%2F%2Fwww.w3.org%2F2000%2Fsvg%27%20width%3D%271344%27%20height%3D%27896%27%20viewBox%3D%270%200%201344%20896%27%3E%3Crect%20width%3D%271344%27%20height%3D%27896%27%20fill-opacity%3D%220%22%2F%3E%3C%2Fsvg%3E\" data-orig-src=\"https:\/\/zivykraj.cz\/wp-content\/uploads\/2021\/12\/Stepan-Latal-Snowkiting-Bozi-Dar2.jpg\" data-srcset=\"https:\/\/zivykraj.cz\/wp-content\/uploads\/2021\/12\/Stepan-Latal-Snowkiting-Bozi-Dar2-200x133.jpg 200w, https:\/\/zivykraj.cz\/wp-content\/uploads\/2021\/12\/Stepan-Latal-Snowkiting-Bozi-Dar2-400x267.jpg 400w, https:\/\/zivykraj.cz\/wp-content\/uploads\/2021\/12\/Stepan-Latal-Snowkiting-Bozi-Dar2-600x400.jpg 600w, https:\/\/zivykraj.cz\/wp-content\/uploads\/2021\/12\/Stepan-Latal-Snowkiting-Bozi-Dar2-800x533.jpg 800w, https:\/\/zivykraj.cz\/wp-content\/uploads\/2021\/12\/Stepan-Latal-Snowkiting-Bozi-Dar2-1200x800.jpg 1200w, https:\/\/zivykraj.cz\/wp-content\/uploads\/2021\/12\/Stepan-Latal-Snowkiting-Bozi-Dar2.jpg 1344w\" data-sizes=\"auto\" \/><\/a><\/li><\/ul><\/div><div class=\"recent-posts-content\"><span class=\"vcard\" style=\"display: none;\"><span class=\"fn\"><a href=\"https:\/\/zivykraj.cz\/en\/author\/admin\/\" title=\"Posts by admin\" rel=\"author\">admin<\/a><\/span><\/span><span class=\"updated\" style=\"display:none;\">2026-04-16T09:26:39+02:00<\/span><h4 class=\"entry-title\"><a href=\"https:\/\/zivykraj.cz\/en\/activities-en\/a-wild-winter-ride\/\">A Wild Winter Ride<\/a><\/h4><p>Lazing in front of the telly and stuffing yourself with Christmas cookies is no longer amusing? Set out ...<\/p><\/div><\/article><\/section><\/div><div class=\"fusion-clearfix\"><\/div><\/div><\/div><\/div><\/div>\n","protected":false},"excerpt":{"rendered":"","protected":false},"author":1,"featured_media":80281,"parent":22010,"menu_order":0,"comment_status":"closed","ping_status":"closed","template":"","meta":{"_acf_changed":false,"inline_featured_image":false,"footnotes":""},"acf":[],"yoast_head":"<!-- This site is optimized with the Yoast SEO plugin v22.3 - https:\/\/yoast.com\/wordpress\/plugins\/seo\/ -->\n<title>Winter Sports | \u017divyKraj.cz<\/title>\n<meta name=\"robots\" content=\"index, follow, max-snippet:-1, max-image-preview:large, max-video-preview:-1\" \/>\n<link rel=\"canonical\" href=\"https:\/\/zivykraj.cz\/en\/activities\/winter-sports\/\" \/>\n<meta property=\"og:locale\" content=\"en_US\" \/>\n<meta property=\"og:type\" content=\"article\" \/>\n<meta property=\"og:title\" content=\"Winter Sports | \u017divyKraj.cz\" \/>\n<meta property=\"og:url\" content=\"https:\/\/zivykraj.cz\/en\/activities\/winter-sports\/\" \/>\n<meta property=\"og:site_name\" content=\"\u017divyKraj.cz\" \/>\n<meta property=\"article:modified_time\" content=\"2022-07-18T07:54:39+00:00\" \/>\n<meta property=\"og:image\" content=\"https:\/\/zivykraj.cz\/wp-content\/uploads\/2021\/09\/Zimni-sporty_uvodni.jpg\" \/>\n\t<meta property=\"og:image:width\" content=\"1920\" \/>\n\t<meta property=\"og:image:height\" content=\"647\" \/>\n\t<meta property=\"og:image:type\" content=\"image\/jpeg\" \/>\n<meta name=\"twitter:card\" content=\"summary_large_image\" \/>\n<meta name=\"twitter:label1\" content=\"Est. reading time\" \/>\n\t<meta name=\"twitter:data1\" content=\"3 minutes\" \/>\n<script type=\"application\/ld+json\" class=\"yoast-schema-graph\">{\"@context\":\"https:\/\/schema.org\",\"@graph\":[{\"@type\":\"WebPage\",\"@id\":\"https:\/\/zivykraj.cz\/en\/activities\/winter-sports\/\",\"url\":\"https:\/\/zivykraj.cz\/en\/activities\/winter-sports\/\",\"name\":\"Winter Sports | \u017divyKraj.cz\",\"isPartOf\":{\"@id\":\"https:\/\/zivykraj.cz\/en\/#website\"},\"primaryImageOfPage\":{\"@id\":\"https:\/\/zivykraj.cz\/en\/activities\/winter-sports\/#primaryimage\"},\"image\":{\"@id\":\"https:\/\/zivykraj.cz\/en\/activities\/winter-sports\/#primaryimage\"},\"thumbnailUrl\":\"https:\/\/zivykraj.cz\/wp-content\/uploads\/2024\/12\/Martin-VrbickA\u00bd-KlA\u00adnovec-v-zimA\u009b-1-scaled.jpg\",\"datePublished\":\"2021-01-18T04:15:15+00:00\",\"dateModified\":\"2022-07-18T07:54:39+00:00\",\"breadcrumb\":{\"@id\":\"https:\/\/zivykraj.cz\/en\/activities\/winter-sports\/#breadcrumb\"},\"inLanguage\":\"en-US\",\"potentialAction\":[{\"@type\":\"ReadAction\",\"target\":[\"https:\/\/zivykraj.cz\/en\/activities\/winter-sports\/\"]}]},{\"@type\":\"ImageObject\",\"inLanguage\":\"en-US\",\"@id\":\"https:\/\/zivykraj.cz\/en\/activities\/winter-sports\/#primaryimage\",\"url\":\"https:\/\/zivykraj.cz\/wp-content\/uploads\/2024\/12\/Martin-VrbickA\u00bd-KlA\u00adnovec-v-zimA\u009b-1-scaled.jpg\",\"contentUrl\":\"https:\/\/zivykraj.cz\/wp-content\/uploads\/2024\/12\/Martin-VrbickA\u00bd-KlA\u00adnovec-v-zimA\u009b-1-scaled.jpg\",\"width\":2560,\"height\":1705},{\"@type\":\"BreadcrumbList\",\"@id\":\"https:\/\/zivykraj.cz\/en\/activities\/winter-sports\/#breadcrumb\",\"itemListElement\":[{\"@type\":\"ListItem\",\"position\":1,\"name\":\"Home\",\"item\":\"https:\/\/zivykraj.cz\/en\/\"},{\"@type\":\"ListItem\",\"position\":2,\"name\":\"Activities\",\"item\":\"https:\/\/zivykraj.cz\/en\/activities\/\"},{\"@type\":\"ListItem\",\"position\":3,\"name\":\"Winter Sports\"}]},{\"@type\":\"WebSite\",\"@id\":\"https:\/\/zivykraj.cz\/en\/#website\",\"url\":\"https:\/\/zivykraj.cz\/en\/\",\"name\":\"\u017divyKraj.cz\",\"description\":\"Turistick\u00fd web - Karlovarsk\u00fd kraj\",\"publisher\":{\"@id\":\"https:\/\/zivykraj.cz\/en\/#organization\"},\"potentialAction\":[{\"@type\":\"SearchAction\",\"target\":{\"@type\":\"EntryPoint\",\"urlTemplate\":\"https:\/\/zivykraj.cz\/en\/?s={search_term_string}\"},\"query-input\":\"required name=search_term_string\"}],\"inLanguage\":\"en-US\"},{\"@type\":\"Organization\",\"@id\":\"https:\/\/zivykraj.cz\/en\/#organization\",\"name\":\"\u017divyKraj.cz\",\"url\":\"https:\/\/zivykraj.cz\/en\/\",\"logo\":{\"@type\":\"ImageObject\",\"inLanguage\":\"en-US\",\"@id\":\"https:\/\/zivykraj.cz\/en\/#\/schema\/logo\/image\/\",\"url\":\"https:\/\/zivykraj.cz\/wp-content\/uploads\/2021\/08\/logo_white.png\",\"contentUrl\":\"https:\/\/zivykraj.cz\/wp-content\/uploads\/2021\/08\/logo_white.png\",\"width\":223,\"height\":59,\"caption\":\"\u017divyKraj.cz\"},\"image\":{\"@id\":\"https:\/\/zivykraj.cz\/en\/#\/schema\/logo\/image\/\"}}]}<\/script>\n<!-- \/ Yoast SEO plugin. -->","yoast_head_json":{"title":"Winter Sports | \u017divyKraj.cz","robots":{"index":"index","follow":"follow","max-snippet":"max-snippet:-1","max-image-preview":"max-image-preview:large","max-video-preview":"max-video-preview:-1"},"canonical":"https:\/\/zivykraj.cz\/en\/activities\/winter-sports\/","og_locale":"en_US","og_type":"article","og_title":"Winter Sports | \u017divyKraj.cz","og_url":"https:\/\/zivykraj.cz\/en\/activities\/winter-sports\/","og_site_name":"\u017divyKraj.cz","article_modified_time":"2022-07-18T07:54:39+00:00","og_image":[{"width":1920,"height":647,"url":"https:\/\/zivykraj.cz\/wp-content\/uploads\/2021\/09\/Zimni-sporty_uvodni.jpg","type":"image\/jpeg"}],"twitter_card":"summary_large_image","twitter_misc":{"Est. reading time":"3 minutes"},"schema":{"@context":"https:\/\/schema.org","@graph":[{"@type":"WebPage","@id":"https:\/\/zivykraj.cz\/en\/activities\/winter-sports\/","url":"https:\/\/zivykraj.cz\/en\/activities\/winter-sports\/","name":"Winter Sports | \u017divyKraj.cz","isPartOf":{"@id":"https:\/\/zivykraj.cz\/en\/#website"},"primaryImageOfPage":{"@id":"https:\/\/zivykraj.cz\/en\/activities\/winter-sports\/#primaryimage"},"image":{"@id":"https:\/\/zivykraj.cz\/en\/activities\/winter-sports\/#primaryimage"},"thumbnailUrl":"https:\/\/zivykraj.cz\/wp-content\/uploads\/2024\/12\/Martin-VrbickA\u00bd-KlA\u00adnovec-v-zimA\u009b-1-scaled.jpg","datePublished":"2021-01-18T04:15:15+00:00","dateModified":"2022-07-18T07:54:39+00:00","breadcrumb":{"@id":"https:\/\/zivykraj.cz\/en\/activities\/winter-sports\/#breadcrumb"},"inLanguage":"en-US","potentialAction":[{"@type":"ReadAction","target":["https:\/\/zivykraj.cz\/en\/activities\/winter-sports\/"]}]},{"@type":"ImageObject","inLanguage":"en-US","@id":"https:\/\/zivykraj.cz\/en\/activities\/winter-sports\/#primaryimage","url":"https:\/\/zivykraj.cz\/wp-content\/uploads\/2024\/12\/Martin-VrbickA\u00bd-KlA\u00adnovec-v-zimA\u009b-1-scaled.jpg","contentUrl":"https:\/\/zivykraj.cz\/wp-content\/uploads\/2024\/12\/Martin-VrbickA\u00bd-KlA\u00adnovec-v-zimA\u009b-1-scaled.jpg","width":2560,"height":1705},{"@type":"BreadcrumbList","@id":"https:\/\/zivykraj.cz\/en\/activities\/winter-sports\/#breadcrumb","itemListElement":[{"@type":"ListItem","position":1,"name":"Home","item":"https:\/\/zivykraj.cz\/en\/"},{"@type":"ListItem","position":2,"name":"Activities","item":"https:\/\/zivykraj.cz\/en\/activities\/"},{"@type":"ListItem","position":3,"name":"Winter Sports"}]},{"@type":"WebSite","@id":"https:\/\/zivykraj.cz\/en\/#website","url":"https:\/\/zivykraj.cz\/en\/","name":"\u017divyKraj.cz","description":"Turistick\u00fd web - Karlovarsk\u00fd kraj","publisher":{"@id":"https:\/\/zivykraj.cz\/en\/#organization"},"potentialAction":[{"@type":"SearchAction","target":{"@type":"EntryPoint","urlTemplate":"https:\/\/zivykraj.cz\/en\/?s={search_term_string}"},"query-input":"required name=search_term_string"}],"inLanguage":"en-US"},{"@type":"Organization","@id":"https:\/\/zivykraj.cz\/en\/#organization","name":"\u017divyKraj.cz","url":"https:\/\/zivykraj.cz\/en\/","logo":{"@type":"ImageObject","inLanguage":"en-US","@id":"https:\/\/zivykraj.cz\/en\/#\/schema\/logo\/image\/","url":"https:\/\/zivykraj.cz\/wp-content\/uploads\/2021\/08\/logo_white.png","contentUrl":"https:\/\/zivykraj.cz\/wp-content\/uploads\/2021\/08\/logo_white.png","width":223,"height":59,"caption":"\u017divyKraj.cz"},"image":{"@id":"https:\/\/zivykraj.cz\/en\/#\/schema\/logo\/image\/"}}]}},"_links":{"self":[{"href":"https:\/\/zivykraj.cz\/en\/wp-json\/wp\/v2\/pages\/22036"}],"collection":[{"href":"https:\/\/zivykraj.cz\/en\/wp-json\/wp\/v2\/pages"}],"about":[{"href":"https:\/\/zivykraj.cz\/en\/wp-json\/wp\/v2\/types\/page"}],"author":[{"embeddable":true,"href":"https:\/\/zivykraj.cz\/en\/wp-json\/wp\/v2\/users\/1"}],"replies":[{"embeddable":true,"href":"https:\/\/zivykraj.cz\/en\/wp-json\/wp\/v2\/comments?post=22036"}],"version-history":[{"count":2,"href":"https:\/\/zivykraj.cz\/en\/wp-json\/wp\/v2\/pages\/22036\/revisions"}],"predecessor-version":[{"id":73591,"href":"https:\/\/zivykraj.cz\/en\/wp-json\/wp\/v2\/pages\/22036\/revisions\/73591"}],"up":[{"embeddable":true,"href":"https:\/\/zivykraj.cz\/en\/wp-json\/wp\/v2\/pages\/22010"}],"wp:featuredmedia":[{"embeddable":true,"href":"https:\/\/zivykraj.cz\/en\/wp-json\/wp\/v2\/media\/80281"}],"wp:attachment":[{"href":"https:\/\/zivykraj.cz\/en\/wp-json\/wp\/v2\/media?parent=22036"}],"curies":[{"name":"wp","href":"https:\/\/api.w.org\/{rel}","templated":true}]}}