{"id":22053,"date":"2019-11-22T08:43:29","date_gmt":"2019-11-22T07:43:29","guid":{"rendered":"https:\/\/zivykraj.cz\/vyletni-cile\/krusne-hory\/"},"modified":"2022-07-18T10:06:46","modified_gmt":"2022-07-18T08:06:46","slug":"the-ore-mountains","status":"publish","type":"page","link":"https:\/\/zivykraj.cz\/en\/excursion-destinations\/the-ore-mountains\/","title":{"rendered":"The Ore Mountains"},"content":{"rendered":"<p><div class=\"fusion-fullwidth fullwidth-box fusion-builder-row-1 nonhundred-percent-fullwidth non-hundred-percent-height-scrolling\" style=\"background-color: rgba(255,255,255,0);background-position: center center;background-repeat: no-repeat;padding-top:0px;padding-right:0px;padding-bottom:0px;padding-left:0px;margin-bottom: 0px;margin-top: 0px;border-width: 0px 0px 0px 0px;border-color:#ecefef;border-style:solid;\" ><div class=\"fusion-builder-row fusion-row\"><div class=\"fusion-layout-column fusion_builder_column fusion-builder-column-0 fusion_builder_column_1_1 1_1 fusion-one-full fusion-column-first fusion-column-last\" style=\"margin-top:25px;margin-bottom:25px;\"><div class=\"fusion-column-wrapper fusion-flex-column-wrapper-legacy\" style=\"background-position:left top;background-repeat:no-repeat;-webkit-background-size:cover;-moz-background-size:cover;-o-background-size:cover;background-size:cover;padding: 0px 0px 0px 0px;\"><div class=\"fusion-text fusion-text-1\"><p>The Erzgebirge\/Kru\u0161noho\u0159\u00ed Mining Region has been inscribed on the UNESCO World Heritage List since 2019 and is thus one of our most significant locations. However, the Ore Mountains are not just about the mining industry. The fascinating wilderness and historic towns entice all lovers of adventure, beauty, and unique phenomena.<\/p>\n<h3><strong>Riches from the depths of the Earth<\/strong><\/h3>\n<p>The Johannes Adit looks like it came from a fantasy film set in a mythical world of magic and spells. It is carved out of the skarn bodies of the \u201cZlat\u00fd kopec-Kaff\u201d mining district, where several centuries ago, miners dug out huge stopes, seen quite rarely worldwide. The largest one has a height of up to twelve metres. During the tour, you will learn everything about the five-hundred-year history of ore mining, and you will take away an experience you will treasure for the rest of your life.<\/p>\n<p>If Johannes should enchant you, also visit the Kry\u0161tof Adit in the Mauritius Mine, where you will descend a thirteen-metre-long staircase in borrowed wellington boots and with torches. The gigantic underground stope at the end of the adit reaches heights of up to twenty-five metres in places, and the tour also consists of an impressive video-projection.<\/p>\n<h3><strong>Criss-crossing three peaks<\/strong><\/h3>\n<p>From the underground, we will now set out for the dizzying heights of the three most-famous Ore Mountain peaks. The highest mountain of the Ores is Kl\u00ednovec, known by experienced tamers of wild slopes as a ski resort in the winter and as a bike resort in the summer. Cyclists and hikers alike will appreciate that the chair lift to the top also operates in the summer.<\/p>\n<p>Ple\u0161ivec also offers skiing in a modern ski resort with twelve kilometres of pistes. In the off-season, you can try the giant swing and high-ropes centre, or you can hike along the mythical trail full of stories and monsters. The offer of the ski resort is complemented by Bublava, located just above Kraslice.<\/p>\n<p>On the other hand, Blatensk\u00fd Hill is known for its lookout tower, located at the height of 1,043 metres above sea level, offering a view of Kl\u00ednovec or of the German peaks Fichtelberg and Auersberg. It is well-accessible from several marked hiking trails, one of which is the red trail leading from Horn\u00ed Blatn\u00e1 with a stop at Vl\u010d\u00ed j\u00e1my (the Wolf Pits).<\/p>\n<h3><strong>The magic of the wild mountain foothills<\/strong><\/h3>\n<p>The aforementioned site of \u201cVl\u010d\u00ed j\u00e1my\u201d ranks among the most beautiful natural monuments in the Czech Republic. It is formed by the collapsed ceilings of underground stopes and the cliff walls of a former mine, and you can see lizards, bats, or the endangered Mielichhof\u2019s copper moss, the growth of which is bound to revealed copper veins.<\/p>\n<p>The Ry\u017eovna Nature Reserve lies just several kilometres further, with revealed basalt rocks and numerous species of endangered flora and fauna. Especially the so-called stone organ rocks are breath-taking, formed millions of years ago by the shrivelling up of petrifying lava when the volcanic activity stopped.<\/p>\n<p>You can combine your walk through Ry\u017eovna with a trip to the nearby Bo\u017e\u00ed Dar peat bogs, the reserve with the largest surface area in the Karlovy Vary Region. Here, you can see all phases of peat formation and harvesting, from its untouched state to its harvest to its replenishing. The whole area is interwoven with boardwalks and educational stops.<\/p>\n<p>Two more nature parks that you should not miss are P\u0159ebuz and Jelen\u00ed Hill. P\u0159ebuz is a complex of highland peat bogs near the source of the Rolava River, the most valuable of which are the \u201cVelk\u00fd mo\u010d\u00e1l\u201d and the \u201cVelk\u00e9 je\u0159\u00e1b\u00ed jezero\u201d bogs. On the contrary, Jelen\u00ed Hill is an intensely forested area, where deer or wild boar run around and rare pygmy owls and boreal owls peer down at them from the trees.<\/p>\n<h3><strong>Towns overshadowed by mountains<\/strong><\/h3>\n<p>The highest located town in Central Europe is called Bo\u017e\u00ed Dar, and its history is, typical for everything in the Ore Mountains, correlated with the mining of ores and peat. Aside from the ski resorts, both a cross-country skiing trail\/cycle path (depending on the season) &#8211; Bauer\u2019s training circuit &#8211; winds through the countryside, and children can look forward to the Baby Jesus Hiking Trail.<\/p>\n<p>The second significant Ore Mountain town is Abertamy, located by the Mauritius Mine, where one of the five Czech churches consecrated to the Fourteen Holy Helpers is located, as well as an exhibit on glove making, which has an almost two-hundred-year tradition in Abertamy. The set of significant towns is completed by Horn\u00ed Blatn\u00e1, a Renaissance town with a square-shaped town square, the Church of St Lawrence, museum, and several hiking trails.<\/p>\n<\/div><div class=\"fusion-clearfix\"><\/div><\/div><\/div><\/div><\/div><div class=\"fusion-fullwidth fullwidth-box fusion-builder-row-2 nonhundred-percent-fullwidth non-hundred-percent-height-scrolling\" style=\"background-color: rgba(255,255,255,0);background-position: center center;background-repeat: no-repeat;padding-top:0px;padding-right:0px;padding-bottom:0px;padding-left:0px;margin-bottom: 0px;margin-top: 0px;border-width: 0px 0px 0px 0px;border-color:#ecefef;border-style:solid;\" ><div class=\"fusion-builder-row fusion-row\"><div class=\"fusion-layout-column fusion_builder_column fusion-builder-column-1 fusion_builder_column_1_1 1_1 fusion-one-full fusion-column-first fusion-column-last\" style=\"margin-top:25px;margin-bottom:25px;\"><div class=\"fusion-column-wrapper fusion-flex-column-wrapper-legacy\" style=\"background-position:left top;background-repeat:no-repeat;-webkit-background-size:cover;-moz-background-size:cover;-o-background-size:cover;background-size:cover;padding: 0px 0px 0px 0px;\"><style type=\"text\/css\">.fusion-gallery-1 .fusion-gallery-image {border:0px solid #f2f3f3;}<\/style><div class=\"fusion-gallery fusion-gallery-container fusion-grid-3 fusion-columns-total-6 fusion-gallery-layout-grid fusion-gallery-1\" style=\"margin:-5px;\"><div style=\"padding:5px;\" class=\"fusion-grid-column fusion-gallery-column fusion-gallery-column-3 hover-type-none\"><div class=\"fusion-gallery-image\"><a href=\"https:\/\/zivykraj.cz\/wp-content\/uploads\/2021\/02\/Kru\u0161n\u00e9-hory_1.jpg\" rel=\"noreferrer\" data-rel=\"iLightbox[gallery_image_1]\" class=\"fusion-lightbox\" target=\"_self\"><img decoding=\"async\" src=\"https:\/\/zivykraj.cz\/wp-content\/uploads\/2021\/02\/Kru\u0161n\u00e9-hory_1-460x295.jpg\" width=\"460\" height=\"295\" alt=\"\" title=\"Kru\u0161n\u00e9 hory_1\" aria-label=\"Kru\u0161n\u00e9 hory_1\" class=\"img-responsive wp-image-9113 fusion-gallery-image-size-fixed\" srcset=\"https:\/\/zivykraj.cz\/wp-content\/uploads\/2021\/02\/Kru\u0161n\u00e9-hory_1-200x129.jpg 200w, https:\/\/zivykraj.cz\/wp-content\/uploads\/2021\/02\/Kru\u0161n\u00e9-hory_1-400x258.jpg 400w\" sizes=\"(min-width: 2200px) 100vw, (min-width: 784px) 383px, (min-width: 712px) 575px, (min-width: 640px) 712px, \" \/><\/a><\/div><\/div><div style=\"padding:5px;\" class=\"fusion-grid-column fusion-gallery-column fusion-gallery-column-3 hover-type-none\"><div class=\"fusion-gallery-image\"><a href=\"https:\/\/zivykraj.cz\/wp-content\/uploads\/2021\/02\/Kru\u0161n\u00e9-hory_2.jpg\" rel=\"noreferrer\" data-rel=\"iLightbox[gallery_image_1]\" class=\"fusion-lightbox\" target=\"_self\"><img decoding=\"async\" src=\"https:\/\/zivykraj.cz\/wp-content\/uploads\/2021\/02\/Kru\u0161n\u00e9-hory_2-460x295.jpg\" width=\"460\" height=\"295\" alt=\"\" title=\"Kru\u0161n\u00e9 hory_2\" aria-label=\"Kru\u0161n\u00e9 hory_2\" class=\"img-responsive wp-image-9114 fusion-gallery-image-size-fixed\"  \/><\/a><\/div><\/div><div style=\"padding:5px;\" class=\"fusion-grid-column fusion-gallery-column fusion-gallery-column-3 hover-type-none\"><div class=\"fusion-gallery-image\"><a href=\"https:\/\/zivykraj.cz\/wp-content\/uploads\/2021\/02\/Kru\u0161n\u00e9-hory_3.jpg\" rel=\"noreferrer\" data-rel=\"iLightbox[gallery_image_1]\" class=\"fusion-lightbox\" target=\"_self\"><img decoding=\"async\" src=\"https:\/\/zivykraj.cz\/wp-content\/uploads\/2021\/02\/Kru\u0161n\u00e9-hory_3-460x295.jpg\" width=\"460\" height=\"295\" alt=\"\" title=\"Kru\u0161n\u00e9 hory_3\" aria-label=\"Kru\u0161n\u00e9 hory_3\" class=\"img-responsive wp-image-9115 fusion-gallery-image-size-fixed\"  \/><\/a><\/div><\/div><div class=\"clearfix\"><\/div><div style=\"padding:5px;\" class=\"fusion-grid-column fusion-gallery-column fusion-gallery-column-3 hover-type-none\"><div class=\"fusion-gallery-image\"><a href=\"https:\/\/zivykraj.cz\/wp-content\/uploads\/2021\/02\/Kru\u0161n\u00e9-hory_4.jpg\" rel=\"noreferrer\" data-rel=\"iLightbox[gallery_image_1]\" class=\"fusion-lightbox\" target=\"_self\"><img decoding=\"async\" src=\"https:\/\/zivykraj.cz\/wp-content\/uploads\/2021\/02\/Kru\u0161n\u00e9-hory_4-460x295.jpg\" width=\"460\" height=\"295\" alt=\"\" title=\"Kru\u0161n\u00e9 hory_4\" aria-label=\"Kru\u0161n\u00e9 hory_4\" class=\"img-responsive wp-image-9116 fusion-gallery-image-size-fixed\"  \/><\/a><\/div><\/div><div style=\"padding:5px;\" class=\"fusion-grid-column fusion-gallery-column fusion-gallery-column-3 hover-type-none\"><div class=\"fusion-gallery-image\"><a href=\"https:\/\/zivykraj.cz\/wp-content\/uploads\/2021\/02\/Kru\u0161n\u00e9-hory_5.jpg\" rel=\"noreferrer\" data-rel=\"iLightbox[gallery_image_1]\" class=\"fusion-lightbox\" target=\"_self\"><img decoding=\"async\" src=\"https:\/\/zivykraj.cz\/wp-content\/uploads\/2021\/02\/Kru\u0161n\u00e9-hory_5-460x295.jpg\" width=\"460\" height=\"295\" alt=\"\" title=\"Kru\u0161n\u00e9 hory_5\" aria-label=\"Kru\u0161n\u00e9 hory_5\" class=\"img-responsive wp-image-9117 fusion-gallery-image-size-fixed\"  \/><\/a><\/div><\/div><div style=\"padding:5px;\" class=\"fusion-grid-column fusion-gallery-column fusion-gallery-column-3 hover-type-none\"><div class=\"fusion-gallery-image\"><a href=\"https:\/\/zivykraj.cz\/wp-content\/uploads\/2021\/02\/Kru\u0161n\u00e9-hory_6.jpg\" rel=\"noreferrer\" data-rel=\"iLightbox[gallery_image_1]\" class=\"fusion-lightbox\" target=\"_self\"><img decoding=\"async\" src=\"https:\/\/zivykraj.cz\/wp-content\/uploads\/2021\/02\/Kru\u0161n\u00e9-hory_6-460x295.jpg\" width=\"460\" height=\"295\" alt=\"\" title=\"Kru\u0161n\u00e9 hory_6\" aria-label=\"Kru\u0161n\u00e9 hory_6\" class=\"img-responsive wp-image-9118 fusion-gallery-image-size-fixed\"  \/><\/a><\/div><\/div><div class=\"clearfix\"><\/div><\/div><div class=\"fusion-text fusion-text-2\"><h2 style=\"text-align: center;\"><b>Get inspired<\/b><\/h2>\n<\/div><div class=\"fusion-recent-posts fusion-recent-posts-1 avada-container layout-default layout-columns-3 fusion-recent-posts-infinite fusion-recent-posts-load-more blog-grid\" data-pages=\"1\"><section class=\"fusion-columns columns fusion-columns-3 columns-3\"><article class=\"post fusion-column column col col-lg-4 col-md-4 col-sm-4\"><div class=\"fusion-flexslider fusion-flexslider-loading flexslider flexslider-hover-type-zoomin\"><ul class=\"slides\"><li><a href=\"https:\/\/zivykraj.cz\/en\/activities-en\/a-wild-winter-ride\/\" aria-label=\"A Wild Winter Ride\" class=\"hover-type-zoomin\"><img decoding=\"async\" width=\"1344\" height=\"896\" src=\"https:\/\/zivykraj.cz\/wp-content\/uploads\/2021\/12\/Stepan-Latal-Snowkiting-Bozi-Dar2.jpg\" class=\"attachment-full size-full lazyload\" alt=\"\" srcset=\"data:image\/svg+xml,%3Csvg%20xmlns%3D%27http%3A%2F%2Fwww.w3.org%2F2000%2Fsvg%27%20width%3D%271344%27%20height%3D%27896%27%20viewBox%3D%270%200%201344%20896%27%3E%3Crect%20width%3D%271344%27%20height%3D%27896%27%20fill-opacity%3D%220%22%2F%3E%3C%2Fsvg%3E\" data-orig-src=\"https:\/\/zivykraj.cz\/wp-content\/uploads\/2021\/12\/Stepan-Latal-Snowkiting-Bozi-Dar2.jpg\" data-srcset=\"https:\/\/zivykraj.cz\/wp-content\/uploads\/2021\/12\/Stepan-Latal-Snowkiting-Bozi-Dar2-200x133.jpg 200w, https:\/\/zivykraj.cz\/wp-content\/uploads\/2021\/12\/Stepan-Latal-Snowkiting-Bozi-Dar2-400x267.jpg 400w, https:\/\/zivykraj.cz\/wp-content\/uploads\/2021\/12\/Stepan-Latal-Snowkiting-Bozi-Dar2-600x400.jpg 600w, https:\/\/zivykraj.cz\/wp-content\/uploads\/2021\/12\/Stepan-Latal-Snowkiting-Bozi-Dar2-800x533.jpg 800w, https:\/\/zivykraj.cz\/wp-content\/uploads\/2021\/12\/Stepan-Latal-Snowkiting-Bozi-Dar2-1200x800.jpg 1200w, https:\/\/zivykraj.cz\/wp-content\/uploads\/2021\/12\/Stepan-Latal-Snowkiting-Bozi-Dar2.jpg 1344w\" data-sizes=\"auto\" \/><\/a><\/li><\/ul><\/div><div class=\"recent-posts-content\"><span class=\"vcard\" style=\"display: none;\"><span class=\"fn\"><a href=\"https:\/\/zivykraj.cz\/en\/author\/admin\/\" title=\"Posts by admin\" rel=\"author\">admin<\/a><\/span><\/span><span class=\"updated\" style=\"display:none;\">2026-04-16T09:26:39+02:00<\/span><h4 class=\"entry-title\"><a href=\"https:\/\/zivykraj.cz\/en\/activities-en\/a-wild-winter-ride\/\">A Wild Winter Ride<\/a><\/h4><p>Lazing in front of the telly and stuffing yourself with Christmas cookies is no longer amusing? Set out ...<\/p><\/div><\/article><\/section><\/div><div class=\"fusion-clearfix\"><\/div><\/div><\/div><\/div><\/div><div class=\"fusion-fullwidth fullwidth-box fusion-builder-row-3 display-none nonhundred-percent-fullwidth non-hundred-percent-height-scrolling\" style=\"background-color: rgba(255,255,255,0);background-position: center center;background-repeat: no-repeat;padding-top:0px;padding-right:0px;padding-bottom:0px;padding-left:0px;margin-bottom: 0px;margin-top: 0px;border-width: 0px 0px 0px 0px;border-color:#ecefef;border-style:solid;\" ><div class=\"fusion-builder-row fusion-row\"><div class=\"fusion-layout-column fusion_builder_column fusion-builder-column-2 fusion_builder_column_1_1 1_1 fusion-one-full fusion-column-first fusion-column-last\" style=\"margin-top:25px;margin-bottom:25px;\"><div class=\"fusion-column-wrapper fusion-flex-column-wrapper-legacy\" style=\"background-position:left top;background-repeat:no-repeat;-webkit-background-size:cover;-moz-background-size:cover;-o-background-size:cover;background-size:cover;padding: 0px 0px 0px 0px;\"><div class=\"fusion-text fusion-text-3 nechte-se-inspirovat\"><h2 style=\"text-align: center;\">Get inspired<\/h2>\n<\/div><div class=\"fusion-clearfix\"><\/div><\/div><\/div><\/div><\/div><\/p>\n","protected":false},"excerpt":{"rendered":"","protected":false},"author":1,"featured_media":16493,"parent":22040,"menu_order":0,"comment_status":"closed","ping_status":"closed","template":"","meta":{"_acf_changed":false,"inline_featured_image":false,"footnotes":""},"acf":[],"yoast_head":"<!-- This site is optimized with the Yoast SEO plugin v22.3 - https:\/\/yoast.com\/wordpress\/plugins\/seo\/ -->\n<title>The Ore Mountains | \u017divyKraj.cz<\/title>\n<meta name=\"description\" content=\"Beschreibung der Seite auf Deutsch\" \/>\n<meta name=\"robots\" content=\"index, follow, max-snippet:-1, max-image-preview:large, max-video-preview:-1\" \/>\n<link rel=\"canonical\" href=\"https:\/\/zivykraj.cz\/en\/excursion-destinations\/the-ore-mountains\/\" \/>\n<meta property=\"og:locale\" content=\"en_US\" \/>\n<meta property=\"og:type\" content=\"article\" \/>\n<meta property=\"og:title\" content=\"The Ore Mountains | \u017divyKraj.cz\" \/>\n<meta property=\"og:description\" content=\"Beschreibung der Seite auf Deutsch\" \/>\n<meta property=\"og:url\" content=\"https:\/\/zivykraj.cz\/en\/excursion-destinations\/the-ore-mountains\/\" \/>\n<meta property=\"og:site_name\" content=\"\u017divyKraj.cz\" \/>\n<meta property=\"article:modified_time\" content=\"2022-07-18T08:06:46+00:00\" \/>\n<meta property=\"og:image\" content=\"https:\/\/zivykraj.cz\/wp-content\/uploads\/2021\/02\/krusne-hory_00_alt.jpg\" \/>\n\t<meta property=\"og:image:width\" content=\"1920\" \/>\n\t<meta property=\"og:image:height\" content=\"647\" \/>\n\t<meta property=\"og:image:type\" content=\"image\/jpeg\" \/>\n<meta name=\"twitter:card\" content=\"summary_large_image\" \/>\n<meta name=\"twitter:label1\" content=\"Est. reading time\" \/>\n\t<meta name=\"twitter:data1\" content=\"11 minutes\" \/>\n<script type=\"application\/ld+json\" class=\"yoast-schema-graph\">{\"@context\":\"https:\/\/schema.org\",\"@graph\":[{\"@type\":\"WebPage\",\"@id\":\"https:\/\/zivykraj.cz\/en\/excursion-destinations\/the-ore-mountains\/\",\"url\":\"https:\/\/zivykraj.cz\/en\/excursion-destinations\/the-ore-mountains\/\",\"name\":\"The Ore Mountains | \u017divyKraj.cz\",\"isPartOf\":{\"@id\":\"https:\/\/zivykraj.cz\/en\/#website\"},\"primaryImageOfPage\":{\"@id\":\"https:\/\/zivykraj.cz\/en\/excursion-destinations\/the-ore-mountains\/#primaryimage\"},\"image\":{\"@id\":\"https:\/\/zivykraj.cz\/en\/excursion-destinations\/the-ore-mountains\/#primaryimage\"},\"thumbnailUrl\":\"https:\/\/zivykraj.cz\/wp-content\/uploads\/2021\/02\/krusne-hory_00_alt.jpg\",\"datePublished\":\"2019-11-22T07:43:29+00:00\",\"dateModified\":\"2022-07-18T08:06:46+00:00\",\"description\":\"Beschreibung der Seite auf Deutsch\",\"breadcrumb\":{\"@id\":\"https:\/\/zivykraj.cz\/en\/excursion-destinations\/the-ore-mountains\/#breadcrumb\"},\"inLanguage\":\"en-US\",\"potentialAction\":[{\"@type\":\"ReadAction\",\"target\":[\"https:\/\/zivykraj.cz\/en\/excursion-destinations\/the-ore-mountains\/\"]}]},{\"@type\":\"ImageObject\",\"inLanguage\":\"en-US\",\"@id\":\"https:\/\/zivykraj.cz\/en\/excursion-destinations\/the-ore-mountains\/#primaryimage\",\"url\":\"https:\/\/zivykraj.cz\/wp-content\/uploads\/2021\/02\/krusne-hory_00_alt.jpg\",\"contentUrl\":\"https:\/\/zivykraj.cz\/wp-content\/uploads\/2021\/02\/krusne-hory_00_alt.jpg\",\"width\":1920,\"height\":647},{\"@type\":\"BreadcrumbList\",\"@id\":\"https:\/\/zivykraj.cz\/en\/excursion-destinations\/the-ore-mountains\/#breadcrumb\",\"itemListElement\":[{\"@type\":\"ListItem\",\"position\":1,\"name\":\"Home\",\"item\":\"https:\/\/zivykraj.cz\/en\/\"},{\"@type\":\"ListItem\",\"position\":2,\"name\":\"Excursion Destinations\",\"item\":\"https:\/\/zivykraj.cz\/en\/excursion-destinations\/\"},{\"@type\":\"ListItem\",\"position\":3,\"name\":\"The Ore Mountains\"}]},{\"@type\":\"WebSite\",\"@id\":\"https:\/\/zivykraj.cz\/en\/#website\",\"url\":\"https:\/\/zivykraj.cz\/en\/\",\"name\":\"\u017divyKraj.cz\",\"description\":\"Turistick\u00fd web - Karlovarsk\u00fd kraj\",\"publisher\":{\"@id\":\"https:\/\/zivykraj.cz\/en\/#organization\"},\"potentialAction\":[{\"@type\":\"SearchAction\",\"target\":{\"@type\":\"EntryPoint\",\"urlTemplate\":\"https:\/\/zivykraj.cz\/en\/?s={search_term_string}\"},\"query-input\":\"required name=search_term_string\"}],\"inLanguage\":\"en-US\"},{\"@type\":\"Organization\",\"@id\":\"https:\/\/zivykraj.cz\/en\/#organization\",\"name\":\"\u017divyKraj.cz\",\"url\":\"https:\/\/zivykraj.cz\/en\/\",\"logo\":{\"@type\":\"ImageObject\",\"inLanguage\":\"en-US\",\"@id\":\"https:\/\/zivykraj.cz\/en\/#\/schema\/logo\/image\/\",\"url\":\"https:\/\/zivykraj.cz\/wp-content\/uploads\/2021\/08\/logo_white.png\",\"contentUrl\":\"https:\/\/zivykraj.cz\/wp-content\/uploads\/2021\/08\/logo_white.png\",\"width\":223,\"height\":59,\"caption\":\"\u017divyKraj.cz\"},\"image\":{\"@id\":\"https:\/\/zivykraj.cz\/en\/#\/schema\/logo\/image\/\"}}]}<\/script>\n<!-- \/ Yoast SEO plugin. -->","yoast_head_json":{"title":"The Ore Mountains | \u017divyKraj.cz","description":"Beschreibung der Seite auf Deutsch","robots":{"index":"index","follow":"follow","max-snippet":"max-snippet:-1","max-image-preview":"max-image-preview:large","max-video-preview":"max-video-preview:-1"},"canonical":"https:\/\/zivykraj.cz\/en\/excursion-destinations\/the-ore-mountains\/","og_locale":"en_US","og_type":"article","og_title":"The Ore Mountains | \u017divyKraj.cz","og_description":"Beschreibung der Seite auf Deutsch","og_url":"https:\/\/zivykraj.cz\/en\/excursion-destinations\/the-ore-mountains\/","og_site_name":"\u017divyKraj.cz","article_modified_time":"2022-07-18T08:06:46+00:00","og_image":[{"width":1920,"height":647,"url":"https:\/\/zivykraj.cz\/wp-content\/uploads\/2021\/02\/krusne-hory_00_alt.jpg","type":"image\/jpeg"}],"twitter_card":"summary_large_image","twitter_misc":{"Est. reading time":"11 minutes"},"schema":{"@context":"https:\/\/schema.org","@graph":[{"@type":"WebPage","@id":"https:\/\/zivykraj.cz\/en\/excursion-destinations\/the-ore-mountains\/","url":"https:\/\/zivykraj.cz\/en\/excursion-destinations\/the-ore-mountains\/","name":"The Ore Mountains | \u017divyKraj.cz","isPartOf":{"@id":"https:\/\/zivykraj.cz\/en\/#website"},"primaryImageOfPage":{"@id":"https:\/\/zivykraj.cz\/en\/excursion-destinations\/the-ore-mountains\/#primaryimage"},"image":{"@id":"https:\/\/zivykraj.cz\/en\/excursion-destinations\/the-ore-mountains\/#primaryimage"},"thumbnailUrl":"https:\/\/zivykraj.cz\/wp-content\/uploads\/2021\/02\/krusne-hory_00_alt.jpg","datePublished":"2019-11-22T07:43:29+00:00","dateModified":"2022-07-18T08:06:46+00:00","description":"Beschreibung der Seite auf Deutsch","breadcrumb":{"@id":"https:\/\/zivykraj.cz\/en\/excursion-destinations\/the-ore-mountains\/#breadcrumb"},"inLanguage":"en-US","potentialAction":[{"@type":"ReadAction","target":["https:\/\/zivykraj.cz\/en\/excursion-destinations\/the-ore-mountains\/"]}]},{"@type":"ImageObject","inLanguage":"en-US","@id":"https:\/\/zivykraj.cz\/en\/excursion-destinations\/the-ore-mountains\/#primaryimage","url":"https:\/\/zivykraj.cz\/wp-content\/uploads\/2021\/02\/krusne-hory_00_alt.jpg","contentUrl":"https:\/\/zivykraj.cz\/wp-content\/uploads\/2021\/02\/krusne-hory_00_alt.jpg","width":1920,"height":647},{"@type":"BreadcrumbList","@id":"https:\/\/zivykraj.cz\/en\/excursion-destinations\/the-ore-mountains\/#breadcrumb","itemListElement":[{"@type":"ListItem","position":1,"name":"Home","item":"https:\/\/zivykraj.cz\/en\/"},{"@type":"ListItem","position":2,"name":"Excursion Destinations","item":"https:\/\/zivykraj.cz\/en\/excursion-destinations\/"},{"@type":"ListItem","position":3,"name":"The Ore Mountains"}]},{"@type":"WebSite","@id":"https:\/\/zivykraj.cz\/en\/#website","url":"https:\/\/zivykraj.cz\/en\/","name":"\u017divyKraj.cz","description":"Turistick\u00fd web - Karlovarsk\u00fd kraj","publisher":{"@id":"https:\/\/zivykraj.cz\/en\/#organization"},"potentialAction":[{"@type":"SearchAction","target":{"@type":"EntryPoint","urlTemplate":"https:\/\/zivykraj.cz\/en\/?s={search_term_string}"},"query-input":"required name=search_term_string"}],"inLanguage":"en-US"},{"@type":"Organization","@id":"https:\/\/zivykraj.cz\/en\/#organization","name":"\u017divyKraj.cz","url":"https:\/\/zivykraj.cz\/en\/","logo":{"@type":"ImageObject","inLanguage":"en-US","@id":"https:\/\/zivykraj.cz\/en\/#\/schema\/logo\/image\/","url":"https:\/\/zivykraj.cz\/wp-content\/uploads\/2021\/08\/logo_white.png","contentUrl":"https:\/\/zivykraj.cz\/wp-content\/uploads\/2021\/08\/logo_white.png","width":223,"height":59,"caption":"\u017divyKraj.cz"},"image":{"@id":"https:\/\/zivykraj.cz\/en\/#\/schema\/logo\/image\/"}}]}},"_links":{"self":[{"href":"https:\/\/zivykraj.cz\/en\/wp-json\/wp\/v2\/pages\/22053"}],"collection":[{"href":"https:\/\/zivykraj.cz\/en\/wp-json\/wp\/v2\/pages"}],"about":[{"href":"https:\/\/zivykraj.cz\/en\/wp-json\/wp\/v2\/types\/page"}],"author":[{"embeddable":true,"href":"https:\/\/zivykraj.cz\/en\/wp-json\/wp\/v2\/users\/1"}],"replies":[{"embeddable":true,"href":"https:\/\/zivykraj.cz\/en\/wp-json\/wp\/v2\/comments?post=22053"}],"version-history":[{"count":2,"href":"https:\/\/zivykraj.cz\/en\/wp-json\/wp\/v2\/pages\/22053\/revisions"}],"predecessor-version":[{"id":64294,"href":"https:\/\/zivykraj.cz\/en\/wp-json\/wp\/v2\/pages\/22053\/revisions\/64294"}],"up":[{"embeddable":true,"href":"https:\/\/zivykraj.cz\/en\/wp-json\/wp\/v2\/pages\/22040"}],"wp:featuredmedia":[{"embeddable":true,"href":"https:\/\/zivykraj.cz\/en\/wp-json\/wp\/v2\/media\/16493"}],"wp:attachment":[{"href":"https:\/\/zivykraj.cz\/en\/wp-json\/wp\/v2\/media?parent=22053"}],"curies":[{"name":"wp","href":"https:\/\/api.w.org\/{rel}","templated":true}]}}