{"id":22069,"date":"2021-08-05T15:51:49","date_gmt":"2021-08-05T13:51:49","guid":{"rendered":"https:\/\/zivykraj.cz\/vyletni-cile\/loket\/"},"modified":"2022-07-18T10:03:52","modified_gmt":"2022-07-18T08:03:52","slug":"loket","status":"publish","type":"page","link":"https:\/\/zivykraj.cz\/en\/excursion-destinations\/loket\/","title":{"rendered":"Loket"},"content":{"rendered":"<p><div class=\"fusion-fullwidth fullwidth-box fusion-builder-row-1 nonhundred-percent-fullwidth non-hundred-percent-height-scrolling\" style=\"background-color: rgba(255,255,255,0);background-position: center center;background-repeat: no-repeat;padding-top:0px;padding-right:0px;padding-bottom:0px;padding-left:0px;margin-bottom: 0px;margin-top: 0px;border-width: 0px 0px 0px 0px;border-color:#ecefef;border-style:solid;\" ><div class=\"fusion-builder-row fusion-row\"><div class=\"fusion-layout-column fusion_builder_column fusion-builder-column-0 fusion_builder_column_1_1 1_1 fusion-one-full fusion-column-first fusion-column-last\" style=\"margin-top:25px;margin-bottom:25px;\"><div class=\"fusion-column-wrapper fusion-flex-column-wrapper-legacy\" style=\"background-position:left top;background-repeat:no-repeat;-webkit-background-size:cover;-moz-background-size:cover;-o-background-size:cover;background-size:cover;padding: 0px 0px 0px 0px;\"><div class=\"fusion-text fusion-text-1\"><p>Situated in the meander of the Oh\u0159e River is the gem of the Karlovy Vary Region, whose silhouette was already sketched with fascination in a notebook by Johann Wolfgang Goethe. We are speaking of the Gothic-Romanesque Loket Castle that hides in its bowels the oldest documented meteorite in the Czech Republic, but also a dungeon, the statuette of Gottstein the Imp, and even a dragon in the castle tower. No less enchanting is the historic town centre or the amphitheatre below the castle, which serves as a venue for cultural events.<\/p>\n<h3><strong>Untraditional experiences<\/strong><\/h3>\n<p>You can also spend countless hours in three museums, dedicated to spa cups (over 3,100 cups), secret societies (ritual objects, documents, and ritual clothing of the Freemasons or the Illuminati), or to such specialities such as the development of the wheel, wagons, and carriages in the \u201cV\u010derej\u0161\u00ed sv\u011bt\u201d (Yesterday\u2019s World) museum.<\/p>\n<p>If you do not want to have the same photographs of Loket as everybody else, gather your strength and climb up the Kolowrat Cliff, where the statue of the truly remarkable creature called \u201cZeprase\u201d (Zebrapig) is found. Too high for you? Then take a selfie under the monumental plaque of Johann Wolfgang Goethe in front of U B\u00edl\u00e9ho kon\u011b (At the White Horse) Hotel.<\/p>\n<p>And the best view of Loket? From the Oh\u0159e River, of course. So, hop on a sightseeing boat ride that travels under the castle, and admire its majesty from a new perspective. Along the river, you will reach the Svato\u0161 Rocks rock formation, just bring or rent a boat, and grab your oars.<\/p>\n<h3><strong>Views from above<\/strong><\/h3>\n<p>If, however, you prefer views from above, set out for Jeskynn\u00ed vyhl\u00eddka (Cave Vista). It is located not even four kilometres from the castle, and the uphill ascent is bearable even for children. And if you miss being with animals, the Hory Farm is located nearby the vista, where you can see deer, moufflons, and horses. The farm also offers rides, including a day-long trip in the saddle.<\/p>\n<h3><strong>A paradise for children<\/strong><\/h3>\n<p>The surroundings of Loket are a paradise for children. Literally. About a twenty-minute car drive away is the Svato\u0161 Children\u2019s Paradise complex, where kids can saddle-up Appaloosa horses and try out either the western or English riding styles. The smallest of visitors can look forward to Lojza, the Shetland pony. If you do not want to leave Loket, there is a high-ropes centre located directly in the crowns of the town\u2019s trees, offering a breath-taking view of the castle panorama.<\/p>\n<h3><strong>Hiking boots and pedals<\/strong><\/h3>\n<p>For a trip in the fresh air, the circuit trail leading to the \u0160pi\u010dat\u00fd k\u00e1men (Sharp Rock) rock formation with its iron cross and then on to \u0160ibeni\u010dn\u00ed vrch (Gallows Hill), named for the gallows that stood here until the 18th century, is perfect. Along the way, you will come across five vistas, and you will return to town along a pavement. On your bicycle, you can set out and follow the trail of mining activities through the magical Slavkovsk\u00fd Forest.<\/p>\n<p>Those who wish to see the Slavkovsk\u00fd Forest from a bird\u2019s-eye-view must visit the Krudum Lookout Tower, located thirteen kilometres south of Loket. In its proximity, you will find the ruins of the Church of St Nicholas, where legend has it the spirits of miners still attend mass to this day. Just a bit further, the noteworthy Kr\u00e1sno Lookout Tower reaches for the heavens. It has a height of twenty-five metres, and a spiral staircase leads around the circumference of the stone foundation, reminding one of the zikkurat in Babylon.<\/p>\n<\/div><div class=\"fusion-clearfix\"><\/div><\/div><\/div><\/div><\/div><div class=\"fusion-fullwidth fullwidth-box fusion-builder-row-2 nonhundred-percent-fullwidth non-hundred-percent-height-scrolling\" style=\"background-color: rgba(255,255,255,0);background-position: center center;background-repeat: no-repeat;padding-top:0px;padding-right:0px;padding-bottom:0px;padding-left:0px;margin-bottom: 0px;margin-top: 0px;border-width: 0px 0px 0px 0px;border-color:#ecefef;border-style:solid;\" ><div class=\"fusion-builder-row fusion-row\"><div class=\"fusion-layout-column fusion_builder_column fusion-builder-column-1 fusion_builder_column_1_1 1_1 fusion-one-full fusion-column-first fusion-column-last\" style=\"margin-top:25px;margin-bottom:25px;\"><div class=\"fusion-column-wrapper fusion-flex-column-wrapper-legacy\" style=\"background-position:left top;background-repeat:no-repeat;-webkit-background-size:cover;-moz-background-size:cover;-o-background-size:cover;background-size:cover;padding: 0px 0px 0px 0px;\"><style type=\"text\/css\">.fusion-gallery-1 .fusion-gallery-image {border:0px solid #f2f3f3;}<\/style><div class=\"fusion-gallery fusion-gallery-container fusion-grid-3 fusion-columns-total-6 fusion-gallery-layout-grid fusion-gallery-1\" style=\"margin:-5px;\"><div style=\"padding:5px;\" class=\"fusion-grid-column fusion-gallery-column fusion-gallery-column-3 hover-type-none\"><div class=\"fusion-gallery-image\"><a href=\"https:\/\/zivykraj.cz\/wp-content\/uploads\/2021\/08\/Loket1-1-scaled.jpg\" rel=\"noreferrer\" data-rel=\"iLightbox[gallery_image_1]\" class=\"fusion-lightbox\" target=\"_self\"><img decoding=\"async\" src=\"https:\/\/zivykraj.cz\/wp-content\/uploads\/2021\/08\/Loket1-1-460x295.jpg\" width=\"460\" height=\"295\" alt=\"\" title=\"Loket1\" aria-label=\"Loket1\" class=\"img-responsive wp-image-15042 fusion-gallery-image-size-fixed\"  \/><\/a><\/div><\/div><div style=\"padding:5px;\" class=\"fusion-grid-column fusion-gallery-column fusion-gallery-column-3 hover-type-none\"><div class=\"fusion-gallery-image\"><a href=\"https:\/\/zivykraj.cz\/wp-content\/uploads\/2021\/08\/Loket2-scaled.jpg\" rel=\"noreferrer\" data-rel=\"iLightbox[gallery_image_1]\" class=\"fusion-lightbox\" target=\"_self\"><img decoding=\"async\" src=\"https:\/\/zivykraj.cz\/wp-content\/uploads\/2021\/08\/Loket2-460x295.jpg\" width=\"460\" height=\"295\" alt=\"\" title=\"Loket2\" aria-label=\"Loket2\" class=\"img-responsive wp-image-15043 fusion-gallery-image-size-fixed\"  \/><\/a><\/div><\/div><div style=\"padding:5px;\" class=\"fusion-grid-column fusion-gallery-column fusion-gallery-column-3 hover-type-none\"><div class=\"fusion-gallery-image\"><a href=\"https:\/\/zivykraj.cz\/wp-content\/uploads\/2021\/08\/Loket3-scaled.jpg\" rel=\"noreferrer\" data-rel=\"iLightbox[gallery_image_1]\" class=\"fusion-lightbox\" target=\"_self\"><img decoding=\"async\" src=\"https:\/\/zivykraj.cz\/wp-content\/uploads\/2021\/08\/Loket3-460x295.jpg\" width=\"460\" height=\"295\" alt=\"\" title=\"Loket3\" aria-label=\"Loket3\" class=\"img-responsive wp-image-15044 fusion-gallery-image-size-fixed\"  \/><\/a><\/div><\/div><div class=\"clearfix\"><\/div><div style=\"padding:5px;\" class=\"fusion-grid-column fusion-gallery-column fusion-gallery-column-3 hover-type-none\"><div class=\"fusion-gallery-image\"><a href=\"https:\/\/zivykraj.cz\/wp-content\/uploads\/2021\/08\/Loket4.jpg\" rel=\"noreferrer\" data-rel=\"iLightbox[gallery_image_1]\" class=\"fusion-lightbox\" target=\"_self\"><img decoding=\"async\" src=\"https:\/\/zivykraj.cz\/wp-content\/uploads\/2021\/08\/Loket4-460x295.jpg\" width=\"460\" height=\"295\" alt=\"\" title=\"Loket4\" aria-label=\"Loket4\" class=\"img-responsive wp-image-15045 fusion-gallery-image-size-fixed\"  \/><\/a><\/div><\/div><div style=\"padding:5px;\" class=\"fusion-grid-column fusion-gallery-column fusion-gallery-column-3 hover-type-none\"><div class=\"fusion-gallery-image\"><a href=\"https:\/\/zivykraj.cz\/wp-content\/uploads\/2021\/08\/Loket5-scaled.jpg\" rel=\"noreferrer\" data-rel=\"iLightbox[gallery_image_1]\" class=\"fusion-lightbox\" target=\"_self\"><img decoding=\"async\" src=\"https:\/\/zivykraj.cz\/wp-content\/uploads\/2021\/08\/Loket5-460x295.jpg\" width=\"460\" height=\"295\" alt=\"\" title=\"Loket5\" aria-label=\"Loket5\" class=\"img-responsive wp-image-15046 fusion-gallery-image-size-fixed\"  \/><\/a><\/div><\/div><div style=\"padding:5px;\" class=\"fusion-grid-column fusion-gallery-column fusion-gallery-column-3 hover-type-none\"><div class=\"fusion-gallery-image\"><a href=\"https:\/\/zivykraj.cz\/wp-content\/uploads\/2021\/08\/Loket6.png\" rel=\"noreferrer\" data-rel=\"iLightbox[gallery_image_1]\" class=\"fusion-lightbox\" target=\"_self\"><img decoding=\"async\" src=\"https:\/\/zivykraj.cz\/wp-content\/uploads\/2021\/08\/Loket6-460x295.png\" width=\"460\" height=\"295\" alt=\"\" title=\"Loket6\" aria-label=\"Loket6\" class=\"img-responsive wp-image-15050 fusion-gallery-image-size-fixed\"  \/><\/a><\/div><\/div><div class=\"clearfix\"><\/div><\/div><div class=\"fusion-clearfix\"><\/div><\/div><\/div><\/div><\/div><div class=\"fusion-fullwidth fullwidth-box fusion-builder-row-3 nonhundred-percent-fullwidth non-hundred-percent-height-scrolling\" style=\"background-color: #fafafa;background-position: center center;background-repeat: no-repeat;padding-top:20px;padding-right:60px;padding-bottom:0px;padding-left:60px;margin-bottom: 40px;margin-top: 20px;border-width: 0px 0px 0px 0px;border-color:#ecefef;border-style:solid;\" ><div class=\"fusion-builder-row fusion-row\"><div class=\"fusion-layout-column fusion_builder_column fusion-builder-column-2 fusion_builder_column_1_2 1_2 fusion-one-half fusion-column-first\" style=\"width:50%;width:calc(50% - ( ( 4% ) * 0.5 ) );margin-right: 4%;margin-top:25px;margin-bottom:25px;\"><div class=\"fusion-column-wrapper fusion-flex-column-wrapper-legacy\" style=\"background-position:left top;background-repeat:no-repeat;-webkit-background-size:cover;-moz-background-size:cover;-o-background-size:cover;background-size:cover;padding: 0px 0px 0px 0px;\"><div class=\"fusion-text fusion-text-2\"><p><strong>Phone:<\/strong> +420 352 661 717<br \/>\n<strong>E-mail:<\/strong> <a class=\"c-link\" href=\"mailto:infocentrum@cheb.cz\" target=\"_blank\" rel=\"noopener noreferrer\" data-stringify-link=\"mailto:infocentrum@cheb.cz\" data-sk=\"tooltip_parent\" aria-haspopup=\"menu\" aria-expanded=\"false\">infocentrum@loket.cz<\/a><\/p>\n<\/div><div class=\"fusion-clearfix\"><\/div><\/div><\/div><div class=\"fusion-layout-column fusion_builder_column fusion-builder-column-3 fusion_builder_column_1_2 1_2 fusion-one-half fusion-column-last\" style=\"width:50%;width:calc(50% - ( ( 4% ) * 0.5 ) );margin-top:25px;margin-bottom:25px;\"><div class=\"fusion-column-wrapper fusion-flex-column-wrapper-legacy\" style=\"background-position:left top;background-repeat:no-repeat;-webkit-background-size:cover;-moz-background-size:cover;-o-background-size:cover;background-size:cover;padding: 0px 0px 0px 0px;\"><div class=\"fusion-alignright\"><style>.fusion-body .fusion-button.button-1{border-radius:0px 0px 0px 0px;}<\/style><a class=\"fusion-button button-flat fusion-button-default-size button-default button-1 fusion-button-default-span fusion-button-default-type\" target=\"_self\" href=\"https:\/\/www.loket.info\/\"><span class=\"fusion-button-text\">The official city website <\/span><\/a><\/div><div class=\"fusion-clearfix\"><\/div><\/div><\/div><\/div><\/div><div class=\"fusion-fullwidth fullwidth-box fusion-builder-row-4 fusion-flex-container nonhundred-percent-fullwidth non-hundred-percent-height-scrolling\" style=\"background-color: rgba(255,255,255,0);background-position: center center;background-repeat: no-repeat;border-width: 0px 0px 0px 0px;border-color:#ecefef;border-style:solid;\" ><div class=\"fusion-builder-row fusion-row fusion-flex-align-items-flex-start\" style=\"max-width:1206.4px;margin-left: calc(-4% \/ 2 );margin-right: calc(-4% \/ 2 );\"><div class=\"fusion-layout-column fusion_builder_column fusion-builder-column-4 fusion_builder_column_1_1 1_1 fusion-flex-column\"><div class=\"fusion-column-wrapper fusion-flex-justify-content-flex-start fusion-content-layout-column\" style=\"background-position:left top;background-repeat:no-repeat;-webkit-background-size:cover;-moz-background-size:cover;-o-background-size:cover;background-size:cover;padding: 0px 0px 0px 0px;\"><div class=\"fusion-text fusion-text-3\"><h2 style=\"text-align: center;\"><b>Get inspired<\/b><\/h2>\n<\/div><div class=\"fusion-recent-posts fusion-recent-posts-1 avada-container layout-default layout-columns-3 fusion-recent-posts-infinite fusion-recent-posts-load-more blog-grid\" data-pages=\"1\"><section class=\"fusion-columns columns fusion-columns-3 columns-3\"><article class=\"post fusion-column column col col-lg-4 col-md-4 col-sm-4\"><div class=\"fusion-flexslider fusion-flexslider-loading flexslider flexslider-hover-type-zoomin\"><ul class=\"slides\"><li><a href=\"https:\/\/zivykraj.cz\/en\/winter-en\/sightseeing-in-winter-where-to-go-in-the-low-season\/\" aria-label=\"Sightseeing in winter: where to go in the low season?\" class=\"hover-type-zoomin\"><img decoding=\"async\" width=\"2309\" height=\"1732\" src=\"data:image\/svg+xml,%3Csvg%20xmlns%3D%27http%3A%2F%2Fwww.w3.org%2F2000%2Fsvg%27%20width%3D%272309%27%20height%3D%271732%27%20viewBox%3D%270%200%202309%201732%27%3E%3Crect%20width%3D%272309%27%20height%3D%271732%27%20fill-opacity%3D%220%22%2F%3E%3C%2Fsvg%3E\" class=\"attachment-full size-full lazyload\" alt=\"\" data-orig-src=\"https:\/\/zivykraj.cz\/wp-content\/uploads\/2024\/11\/Loket-9-Vlada_Surmaj-e1731944458162.jpg\" \/><\/a><\/li><\/ul><\/div><div class=\"recent-posts-content\"><span class=\"vcard\" style=\"display: none;\"><span class=\"fn\"><a href=\"https:\/\/zivykraj.cz\/en\/author\/admin\/\" title=\"Posts by admin\" rel=\"author\">admin<\/a><\/span><\/span><span class=\"updated\" style=\"display:none;\">2026-04-16T09:36:32+02:00<\/span><h4 class=\"entry-title\"><a href=\"https:\/\/zivykraj.cz\/en\/winter-en\/sightseeing-in-winter-where-to-go-in-the-low-season\/\">Sightseeing in winter: where to go in the low season?<\/a><\/h4><p>When winter knocks on the castle gates, it means the end of history trips for many tourists. But did you know that even in winter there are places where you can feel the magic of the past? Forget the old rule that you can only visit castles and chateaus in the warmer months. In the Karlovy Vary Region, you will find sights that will welcome you even on frosty days. Which ones are they? Let\u2019s discover them together!<\/p><\/div><\/article><\/section><\/div><\/div><style type=\"text\/css\">.fusion-body .fusion-builder-column-4{width:100% !important;margin-top : 25px;margin-bottom : 25px;}.fusion-builder-column-4 > .fusion-column-wrapper {padding-top : 0px !important;padding-right : 0px !important;margin-right : 1.92%;padding-bottom : 0px !important;padding-left : 0px !important;margin-left : 1.92%;}@media only screen and (max-width:1024px) {.fusion-body .fusion-builder-column-4{width:100% !important;order : 0;}.fusion-builder-column-4 > .fusion-column-wrapper {margin-right : 1.92%;margin-left : 1.92%;}}@media only screen and (max-width:640px) {.fusion-body .fusion-builder-column-4{width:100% !important;order : 0;}.fusion-builder-column-4 > .fusion-column-wrapper {margin-right : 1.92%;margin-left : 1.92%;}}<\/style><\/div><\/div><style type=\"text\/css\">.fusion-body .fusion-flex-container.fusion-builder-row-4{ padding-top : 0px;margin-top : 0px;padding-right : 0px;padding-bottom : 0px;margin-bottom : 0px;padding-left : 0px;}<\/style><\/div><div class=\"fusion-fullwidth fullwidth-box fusion-builder-row-5 display-none nonhundred-percent-fullwidth non-hundred-percent-height-scrolling\" style=\"background-color: rgba(255,255,255,0);background-position: center center;background-repeat: no-repeat;padding-top:0px;padding-right:0px;padding-bottom:0px;padding-left:0px;margin-bottom: 0px;margin-top: 0px;border-width: 0px 0px 0px 0px;border-color:#ecefef;border-style:solid;\" ><div class=\"fusion-builder-row fusion-row\"><div class=\"fusion-layout-column fusion_builder_column fusion-builder-column-5 fusion_builder_column_1_1 1_1 fusion-one-full fusion-column-first fusion-column-last\" style=\"margin-top:25px;margin-bottom:25px;\"><div class=\"fusion-column-wrapper fusion-flex-column-wrapper-legacy\" style=\"background-position:left top;background-repeat:no-repeat;-webkit-background-size:cover;-moz-background-size:cover;-o-background-size:cover;background-size:cover;padding: 0px 0px 0px 0px;\"><div class=\"fusion-text fusion-text-4 nechte-se-inspirovat\"><h2 style=\"text-align: center;\"><strong>Get inspired<\/strong><\/h2>\n<\/div><div class=\"fusion-clearfix\"><\/div><\/div><\/div><\/div><\/div><\/p>\n","protected":false},"excerpt":{"rendered":"","protected":false},"author":1,"featured_media":17400,"parent":22040,"menu_order":0,"comment_status":"closed","ping_status":"closed","template":"","meta":{"_acf_changed":false,"inline_featured_image":false,"footnotes":""},"acf":[],"yoast_head":"<!-- This site is optimized with the Yoast SEO plugin v22.3 - https:\/\/yoast.com\/wordpress\/plugins\/seo\/ -->\n<title>Loket | \u017divyKraj.cz<\/title>\n<meta name=\"robots\" content=\"index, follow, max-snippet:-1, max-image-preview:large, max-video-preview:-1\" \/>\n<link rel=\"canonical\" href=\"https:\/\/zivykraj.cz\/en\/excursion-destinations\/loket\/\" \/>\n<meta property=\"og:locale\" content=\"en_US\" \/>\n<meta property=\"og:type\" content=\"article\" \/>\n<meta property=\"og:title\" content=\"Loket | \u017divyKraj.cz\" \/>\n<meta property=\"og:url\" content=\"https:\/\/zivykraj.cz\/en\/excursion-destinations\/loket\/\" \/>\n<meta property=\"og:site_name\" content=\"\u017divyKraj.cz\" \/>\n<meta property=\"article:modified_time\" content=\"2022-07-18T08:03:52+00:00\" \/>\n<meta property=\"og:image\" content=\"https:\/\/zivykraj.cz\/wp-content\/uploads\/2021\/09\/loket.jpg\" \/>\n\t<meta property=\"og:image:width\" content=\"1920\" \/>\n\t<meta property=\"og:image:height\" content=\"647\" \/>\n\t<meta property=\"og:image:type\" content=\"image\/jpeg\" \/>\n<meta name=\"twitter:card\" content=\"summary_large_image\" \/>\n<meta name=\"twitter:label1\" content=\"Est. reading time\" \/>\n\t<meta name=\"twitter:data1\" content=\"16 minutes\" \/>\n<script type=\"application\/ld+json\" class=\"yoast-schema-graph\">{\"@context\":\"https:\/\/schema.org\",\"@graph\":[{\"@type\":\"WebPage\",\"@id\":\"https:\/\/zivykraj.cz\/en\/excursion-destinations\/loket\/\",\"url\":\"https:\/\/zivykraj.cz\/en\/excursion-destinations\/loket\/\",\"name\":\"Loket | \u017divyKraj.cz\",\"isPartOf\":{\"@id\":\"https:\/\/zivykraj.cz\/en\/#website\"},\"primaryImageOfPage\":{\"@id\":\"https:\/\/zivykraj.cz\/en\/excursion-destinations\/loket\/#primaryimage\"},\"image\":{\"@id\":\"https:\/\/zivykraj.cz\/en\/excursion-destinations\/loket\/#primaryimage\"},\"thumbnailUrl\":\"https:\/\/zivykraj.cz\/wp-content\/uploads\/2021\/09\/loket.jpg\",\"datePublished\":\"2021-08-05T13:51:49+00:00\",\"dateModified\":\"2022-07-18T08:03:52+00:00\",\"breadcrumb\":{\"@id\":\"https:\/\/zivykraj.cz\/en\/excursion-destinations\/loket\/#breadcrumb\"},\"inLanguage\":\"en-US\",\"potentialAction\":[{\"@type\":\"ReadAction\",\"target\":[\"https:\/\/zivykraj.cz\/en\/excursion-destinations\/loket\/\"]}]},{\"@type\":\"ImageObject\",\"inLanguage\":\"en-US\",\"@id\":\"https:\/\/zivykraj.cz\/en\/excursion-destinations\/loket\/#primaryimage\",\"url\":\"https:\/\/zivykraj.cz\/wp-content\/uploads\/2021\/09\/loket.jpg\",\"contentUrl\":\"https:\/\/zivykraj.cz\/wp-content\/uploads\/2021\/09\/loket.jpg\",\"width\":1920,\"height\":647},{\"@type\":\"BreadcrumbList\",\"@id\":\"https:\/\/zivykraj.cz\/en\/excursion-destinations\/loket\/#breadcrumb\",\"itemListElement\":[{\"@type\":\"ListItem\",\"position\":1,\"name\":\"Home\",\"item\":\"https:\/\/zivykraj.cz\/en\/\"},{\"@type\":\"ListItem\",\"position\":2,\"name\":\"Excursion Destinations\",\"item\":\"https:\/\/zivykraj.cz\/en\/excursion-destinations\/\"},{\"@type\":\"ListItem\",\"position\":3,\"name\":\"Loket\"}]},{\"@type\":\"WebSite\",\"@id\":\"https:\/\/zivykraj.cz\/en\/#website\",\"url\":\"https:\/\/zivykraj.cz\/en\/\",\"name\":\"\u017divyKraj.cz\",\"description\":\"Turistick\u00fd web - Karlovarsk\u00fd kraj\",\"publisher\":{\"@id\":\"https:\/\/zivykraj.cz\/en\/#organization\"},\"potentialAction\":[{\"@type\":\"SearchAction\",\"target\":{\"@type\":\"EntryPoint\",\"urlTemplate\":\"https:\/\/zivykraj.cz\/en\/?s={search_term_string}\"},\"query-input\":\"required name=search_term_string\"}],\"inLanguage\":\"en-US\"},{\"@type\":\"Organization\",\"@id\":\"https:\/\/zivykraj.cz\/en\/#organization\",\"name\":\"\u017divyKraj.cz\",\"url\":\"https:\/\/zivykraj.cz\/en\/\",\"logo\":{\"@type\":\"ImageObject\",\"inLanguage\":\"en-US\",\"@id\":\"https:\/\/zivykraj.cz\/en\/#\/schema\/logo\/image\/\",\"url\":\"https:\/\/zivykraj.cz\/wp-content\/uploads\/2021\/08\/logo_white.png\",\"contentUrl\":\"https:\/\/zivykraj.cz\/wp-content\/uploads\/2021\/08\/logo_white.png\",\"width\":223,\"height\":59,\"caption\":\"\u017divyKraj.cz\"},\"image\":{\"@id\":\"https:\/\/zivykraj.cz\/en\/#\/schema\/logo\/image\/\"}}]}<\/script>\n<!-- \/ Yoast SEO plugin. -->","yoast_head_json":{"title":"Loket | \u017divyKraj.cz","robots":{"index":"index","follow":"follow","max-snippet":"max-snippet:-1","max-image-preview":"max-image-preview:large","max-video-preview":"max-video-preview:-1"},"canonical":"https:\/\/zivykraj.cz\/en\/excursion-destinations\/loket\/","og_locale":"en_US","og_type":"article","og_title":"Loket | \u017divyKraj.cz","og_url":"https:\/\/zivykraj.cz\/en\/excursion-destinations\/loket\/","og_site_name":"\u017divyKraj.cz","article_modified_time":"2022-07-18T08:03:52+00:00","og_image":[{"width":1920,"height":647,"url":"https:\/\/zivykraj.cz\/wp-content\/uploads\/2021\/09\/loket.jpg","type":"image\/jpeg"}],"twitter_card":"summary_large_image","twitter_misc":{"Est. reading time":"16 minutes"},"schema":{"@context":"https:\/\/schema.org","@graph":[{"@type":"WebPage","@id":"https:\/\/zivykraj.cz\/en\/excursion-destinations\/loket\/","url":"https:\/\/zivykraj.cz\/en\/excursion-destinations\/loket\/","name":"Loket | \u017divyKraj.cz","isPartOf":{"@id":"https:\/\/zivykraj.cz\/en\/#website"},"primaryImageOfPage":{"@id":"https:\/\/zivykraj.cz\/en\/excursion-destinations\/loket\/#primaryimage"},"image":{"@id":"https:\/\/zivykraj.cz\/en\/excursion-destinations\/loket\/#primaryimage"},"thumbnailUrl":"https:\/\/zivykraj.cz\/wp-content\/uploads\/2021\/09\/loket.jpg","datePublished":"2021-08-05T13:51:49+00:00","dateModified":"2022-07-18T08:03:52+00:00","breadcrumb":{"@id":"https:\/\/zivykraj.cz\/en\/excursion-destinations\/loket\/#breadcrumb"},"inLanguage":"en-US","potentialAction":[{"@type":"ReadAction","target":["https:\/\/zivykraj.cz\/en\/excursion-destinations\/loket\/"]}]},{"@type":"ImageObject","inLanguage":"en-US","@id":"https:\/\/zivykraj.cz\/en\/excursion-destinations\/loket\/#primaryimage","url":"https:\/\/zivykraj.cz\/wp-content\/uploads\/2021\/09\/loket.jpg","contentUrl":"https:\/\/zivykraj.cz\/wp-content\/uploads\/2021\/09\/loket.jpg","width":1920,"height":647},{"@type":"BreadcrumbList","@id":"https:\/\/zivykraj.cz\/en\/excursion-destinations\/loket\/#breadcrumb","itemListElement":[{"@type":"ListItem","position":1,"name":"Home","item":"https:\/\/zivykraj.cz\/en\/"},{"@type":"ListItem","position":2,"name":"Excursion Destinations","item":"https:\/\/zivykraj.cz\/en\/excursion-destinations\/"},{"@type":"ListItem","position":3,"name":"Loket"}]},{"@type":"WebSite","@id":"https:\/\/zivykraj.cz\/en\/#website","url":"https:\/\/zivykraj.cz\/en\/","name":"\u017divyKraj.cz","description":"Turistick\u00fd web - Karlovarsk\u00fd kraj","publisher":{"@id":"https:\/\/zivykraj.cz\/en\/#organization"},"potentialAction":[{"@type":"SearchAction","target":{"@type":"EntryPoint","urlTemplate":"https:\/\/zivykraj.cz\/en\/?s={search_term_string}"},"query-input":"required name=search_term_string"}],"inLanguage":"en-US"},{"@type":"Organization","@id":"https:\/\/zivykraj.cz\/en\/#organization","name":"\u017divyKraj.cz","url":"https:\/\/zivykraj.cz\/en\/","logo":{"@type":"ImageObject","inLanguage":"en-US","@id":"https:\/\/zivykraj.cz\/en\/#\/schema\/logo\/image\/","url":"https:\/\/zivykraj.cz\/wp-content\/uploads\/2021\/08\/logo_white.png","contentUrl":"https:\/\/zivykraj.cz\/wp-content\/uploads\/2021\/08\/logo_white.png","width":223,"height":59,"caption":"\u017divyKraj.cz"},"image":{"@id":"https:\/\/zivykraj.cz\/en\/#\/schema\/logo\/image\/"}}]}},"_links":{"self":[{"href":"https:\/\/zivykraj.cz\/en\/wp-json\/wp\/v2\/pages\/22069"}],"collection":[{"href":"https:\/\/zivykraj.cz\/en\/wp-json\/wp\/v2\/pages"}],"about":[{"href":"https:\/\/zivykraj.cz\/en\/wp-json\/wp\/v2\/types\/page"}],"author":[{"embeddable":true,"href":"https:\/\/zivykraj.cz\/en\/wp-json\/wp\/v2\/users\/1"}],"replies":[{"embeddable":true,"href":"https:\/\/zivykraj.cz\/en\/wp-json\/wp\/v2\/comments?post=22069"}],"version-history":[{"count":2,"href":"https:\/\/zivykraj.cz\/en\/wp-json\/wp\/v2\/pages\/22069\/revisions"}],"predecessor-version":[{"id":64284,"href":"https:\/\/zivykraj.cz\/en\/wp-json\/wp\/v2\/pages\/22069\/revisions\/64284"}],"up":[{"embeddable":true,"href":"https:\/\/zivykraj.cz\/en\/wp-json\/wp\/v2\/pages\/22040"}],"wp:featuredmedia":[{"embeddable":true,"href":"https:\/\/zivykraj.cz\/en\/wp-json\/wp\/v2\/media\/17400"}],"wp:attachment":[{"href":"https:\/\/zivykraj.cz\/en\/wp-json\/wp\/v2\/media?parent=22069"}],"curies":[{"name":"wp","href":"https:\/\/api.w.org\/{rel}","templated":true}]}}