{"id":22075,"date":"2020-02-15T09:08:54","date_gmt":"2020-02-15T08:08:54","guid":{"rendered":"https:\/\/zivykraj.cz\/vyletni-cile\/slavkovsky-les\/"},"modified":"2022-07-18T10:05:48","modified_gmt":"2022-07-18T08:05:48","slug":"slavkovsky-forest","status":"publish","type":"page","link":"https:\/\/zivykraj.cz\/en\/excursion-destinations\/slavkovsky-forest\/","title":{"rendered":"Slavkovsk\u00fd Forest"},"content":{"rendered":"<p><div class=\"fusion-fullwidth fullwidth-box fusion-builder-row-1 nonhundred-percent-fullwidth non-hundred-percent-height-scrolling\" style=\"background-color: rgba(255,255,255,0);background-position: center center;background-repeat: no-repeat;padding-top:0px;padding-right:0px;padding-bottom:0px;padding-left:0px;margin-bottom: 0px;margin-top: 0px;border-width: 0px 0px 0px 0px;border-color:#ecefef;border-style:solid;\" ><div class=\"fusion-builder-row fusion-row\"><div class=\"fusion-layout-column fusion_builder_column fusion-builder-column-0 fusion_builder_column_1_1 1_1 fusion-one-full fusion-column-first fusion-column-last\" style=\"margin-top:25px;margin-bottom:25px;\"><div class=\"fusion-column-wrapper fusion-flex-column-wrapper-legacy\" style=\"background-position:left top;background-repeat:no-repeat;-webkit-background-size:cover;-moz-background-size:cover;-o-background-size:cover;background-size:cover;padding: 0px 0px 0px 0px;\"><div class=\"fusion-text fusion-text-1\"><p>This area is nicknamed \u201cthe Czech Iceland\u201d for a good reason. The plateau in the centre of the spa triangle is interwoven with deep forests, in which rays of sunlight perform amazing shadow plays. Over one thousand mineral springs source here, and lakes coloured by minerals or endless peat bogs are found along the trails.<\/p>\n<h3><strong>Medicine from the depths of the Earth<\/strong><\/h3>\n<p>Stress, disorders, and foul moods dissipate in the spa triangle. Karlovy Vary, Franti\u0161kovy L\u00e1zn\u011b, and Mari\u00e1nsk\u00e9 L\u00e1zn\u011b are ideal stops during your trip to the Slavkovsk\u00fd Forest. In these towns, you will recharge your batteries, and after conquering one of the hiking trails, spoil yourself a bit and regain your fitness. Aside from the famous springs of the Karlovy Vary Region, you will also find countless undiscovered ones. For example, there\u2019s St Siard Spring, to which an educational trail leads.<\/p>\n<p>If, however, the spa triangle is too mainstream for your taste, we have a tip for you. L\u00e1zn\u011b Kyn\u017evart is one of the four areas in the Czech Republic whose climatic conditions are declared a natural healing resource. The town is obviously more peaceful than the aforementioned spa towns, but there are still enough procedures, caf\u00e9s, or sports grounds here for every tired pilgrim.<\/p>\n<h3><strong>Be\u010dov dedicated to botany<\/strong><\/h3>\n<p>Aside from the castle and the chateau with the mysterious Reliquary of St Maurus, you will also find the botanical gardens in Be\u010dov nad Teplou with a collection of flora from various continents and many gazebos or boats on the pond for a relaxing day in enchanting nature. Those who like to climb will appreciate the bioferrata with several routes of various difficulties leading directly through the premises of the botanical gardens. You can rent the necessary equipment on site.<\/p>\n<h3><strong>Mother Nature\u2019s wonders<\/strong><\/h3>\n<p>Four significant nature formations and locations are found on a rather small area, so they can be visited by car all in one day. The first is the monumental Basalt Organ near Hlinky in the vicinity of Be\u010dov. They point to the lava flow from tertiary volcanoes millions of years ago.<\/p>\n<p>The second is the significant technological monument dating from 1536 known as Dlouh\u00e1 stoka &#8211; the Long Ditch, which served to collect water for powering pumping equipment, as well as grinding stamping mills and ore mills during tin mining.<\/p>\n<p>The third location is found several kilometres to the south and is known as the Globeflower Meadow under the Crosses, where the rare and endangered globeflower, as well as other rare plant species, bloom in their full glory each spring. A pavement with vistas leads through the area.<\/p>\n<p>And the fourth site is located practically a stone\u2019s throw away. The Kladsk\u00e1 Peat Bogs is an extensive complex of mountain highland peat bogs and is considered the most valuable area of the Slavkovsk\u00fd Forest. The educational trail is nine kilometres long and leads through the primeval forest growth around countless lakes. Along the way, you might encounter or hear a black stork, cranes, or woodpeckers, and if you are lucky, even a bobcat.<\/p>\n<p>Somewhat further north &#8211; between Loket and Karlovy Vary &#8211; is the rock formation known as Svato\u0161 Rocks. It is made up of massive granite columns, and legend has it that it is a petrified wedding party. You can reach it along the cycle path or on a boat, and it is appreciated by mountain climbers and children alike, who can look forward to the Svato\u0161ky Fun Park.<\/p>\n<h3><strong>Cabinet of Curiosities and a lookout tower from Iraq<\/strong><\/h3>\n<p>When visiting the Slavkovsk\u00fd Forest, you should not miss seeing at least two buildings. The first is the significant residence of the Metternichs with the adjacent English park &#8211; Kyn\u017evart Chateau. Prince Metternich was a known globetrotter, and he collected many curiosities on his journeys, which are today to be seen at the chateau. For instance, there is the mummy collection, or the amazing items in the Cabinet of Curiosities. However, the rarest exhibit is the Kyn\u017evart daguerreotype (the predecessor of photographs), which is inscribed on the UNESCO World Heritage List.<\/p>\n<p>And if you should wish to see the whole region from the bird\u2019s-eye-view, go to the Kr\u00e1sno Lookout Tower. It reaches far above the surrounding forests, and regularly wins contests for the prettiest Czech lookout tower. Its constructors were inspired by the minaret in the Iraqi city of Samarra.<\/p>\n<\/div><div class=\"fusion-clearfix\"><\/div><\/div><\/div><\/div><\/div><div class=\"fusion-fullwidth fullwidth-box fusion-builder-row-2 nonhundred-percent-fullwidth non-hundred-percent-height-scrolling\" style=\"background-color: rgba(255,255,255,0);background-position: center center;background-repeat: no-repeat;padding-top:0px;padding-right:0px;padding-bottom:0px;padding-left:0px;margin-bottom: 0px;margin-top: 0px;border-width: 0px 0px 0px 0px;border-color:#ecefef;border-style:solid;\" ><div class=\"fusion-builder-row fusion-row\"><div class=\"fusion-layout-column fusion_builder_column fusion-builder-column-1 fusion_builder_column_1_1 1_1 fusion-one-full fusion-column-first fusion-column-last\" style=\"margin-top:25px;margin-bottom:25px;\"><div class=\"fusion-column-wrapper fusion-flex-column-wrapper-legacy\" style=\"background-position:left top;background-repeat:no-repeat;-webkit-background-size:cover;-moz-background-size:cover;-o-background-size:cover;background-size:cover;padding: 0px 0px 0px 0px;\"><style type=\"text\/css\">.fusion-gallery-1 .fusion-gallery-image {border:0px solid #f2f3f3;}<\/style><div class=\"fusion-gallery fusion-gallery-container fusion-grid-3 fusion-columns-total-6 fusion-gallery-layout-grid fusion-gallery-1\" style=\"margin:-5px;\"><div style=\"padding:5px;\" class=\"fusion-grid-column fusion-gallery-column fusion-gallery-column-3 hover-type-none\"><div class=\"fusion-gallery-image\"><a href=\"https:\/\/zivykraj.cz\/wp-content\/uploads\/2021\/02\/Slavkovsk\u00fd-les_1.jpg\" rel=\"noreferrer\" data-rel=\"iLightbox[gallery_image_1]\" class=\"fusion-lightbox\" target=\"_self\"><img decoding=\"async\" src=\"https:\/\/zivykraj.cz\/wp-content\/uploads\/2021\/02\/Slavkovsk\u00fd-les_1-460x295.jpg\" width=\"460\" height=\"295\" alt=\"\" title=\"Slavkovsk\u00fd les_1\" aria-label=\"Slavkovsk\u00fd les_1\" class=\"img-responsive wp-image-9152 fusion-gallery-image-size-fixed\"  \/><\/a><\/div><\/div><div style=\"padding:5px;\" class=\"fusion-grid-column fusion-gallery-column fusion-gallery-column-3 hover-type-none\"><div class=\"fusion-gallery-image\"><a href=\"https:\/\/zivykraj.cz\/wp-content\/uploads\/2021\/02\/Slavkovsk\u00fd-les_2.jpg\" rel=\"noreferrer\" data-rel=\"iLightbox[gallery_image_1]\" class=\"fusion-lightbox\" target=\"_self\"><img decoding=\"async\" src=\"https:\/\/zivykraj.cz\/wp-content\/uploads\/2021\/02\/Slavkovsk\u00fd-les_2-460x295.jpg\" width=\"460\" height=\"295\" alt=\"\" title=\"Slavkovsk\u00fd les_2\" aria-label=\"Slavkovsk\u00fd les_2\" class=\"img-responsive wp-image-9153 fusion-gallery-image-size-fixed\"  \/><\/a><\/div><\/div><div style=\"padding:5px;\" class=\"fusion-grid-column fusion-gallery-column fusion-gallery-column-3 hover-type-none\"><div class=\"fusion-gallery-image\"><a href=\"https:\/\/zivykraj.cz\/wp-content\/uploads\/2021\/02\/Slavkovsk\u00fd-les_3.jpg\" rel=\"noreferrer\" data-rel=\"iLightbox[gallery_image_1]\" class=\"fusion-lightbox\" target=\"_self\"><img decoding=\"async\" src=\"https:\/\/zivykraj.cz\/wp-content\/uploads\/2021\/02\/Slavkovsk\u00fd-les_3-460x295.jpg\" width=\"460\" height=\"295\" alt=\"\" title=\"Slavkovsk\u00fd les_3\" aria-label=\"Slavkovsk\u00fd les_3\" class=\"img-responsive wp-image-9154 fusion-gallery-image-size-fixed\"  \/><\/a><\/div><\/div><div class=\"clearfix\"><\/div><div style=\"padding:5px;\" class=\"fusion-grid-column fusion-gallery-column fusion-gallery-column-3 hover-type-none\"><div class=\"fusion-gallery-image\"><a href=\"https:\/\/zivykraj.cz\/wp-content\/uploads\/2021\/02\/Slavkovsk\u00fd-les_And\u011blsk\u00e1-hora_4.jpg\" rel=\"noreferrer\" data-rel=\"iLightbox[gallery_image_1]\" class=\"fusion-lightbox\" target=\"_self\"><img decoding=\"async\" src=\"https:\/\/zivykraj.cz\/wp-content\/uploads\/2021\/02\/Slavkovsk\u00fd-les_And\u011blsk\u00e1-hora_4-460x295.jpg\" width=\"460\" height=\"295\" alt=\"\" title=\"Slavkovsk\u00fd les_And\u011blsk\u00e1 hora_4\" aria-label=\"Slavkovsk\u00fd les_And\u011blsk\u00e1 hora_4\" class=\"img-responsive wp-image-9217 fusion-gallery-image-size-fixed\"  \/><\/a><\/div><\/div><div style=\"padding:5px;\" class=\"fusion-grid-column fusion-gallery-column fusion-gallery-column-3 hover-type-none\"><div class=\"fusion-gallery-image\"><a href=\"https:\/\/zivykraj.cz\/wp-content\/uploads\/2021\/02\/Slavkovsk\u00fd-les_Kladska_5.jpg\" rel=\"noreferrer\" data-rel=\"iLightbox[gallery_image_1]\" class=\"fusion-lightbox\" target=\"_self\"><img decoding=\"async\" src=\"https:\/\/zivykraj.cz\/wp-content\/uploads\/2021\/02\/Slavkovsk\u00fd-les_Kladska_5-460x295.jpg\" width=\"460\" height=\"295\" alt=\"\" title=\"Slavkovsk\u00fd les_Kladska_5\" aria-label=\"Slavkovsk\u00fd les_Kladska_5\" class=\"img-responsive wp-image-9218 fusion-gallery-image-size-fixed\"  \/><\/a><\/div><\/div><div style=\"padding:5px;\" class=\"fusion-grid-column fusion-gallery-column fusion-gallery-column-3 hover-type-none\"><div class=\"fusion-gallery-image\"><a href=\"https:\/\/zivykraj.cz\/wp-content\/uploads\/2021\/02\/Slavkovsk\u00fd-les_Kladsk\u00e1_6.jpg\" rel=\"noreferrer\" data-rel=\"iLightbox[gallery_image_1]\" class=\"fusion-lightbox\" target=\"_self\"><img decoding=\"async\" src=\"https:\/\/zivykraj.cz\/wp-content\/uploads\/2021\/02\/Slavkovsk\u00fd-les_Kladsk\u00e1_6-460x295.jpg\" width=\"460\" height=\"295\" alt=\"\" title=\"Slavkovsk\u00fd les_Kladsk\u00e1_6\" aria-label=\"Slavkovsk\u00fd les_Kladsk\u00e1_6\" class=\"img-responsive wp-image-9219 fusion-gallery-image-size-fixed\"  \/><\/a><\/div><\/div><div class=\"clearfix\"><\/div><\/div><div class=\"fusion-text fusion-text-2\"><h2 style=\"text-align: center;\"><b>Get inspired<\/b><\/h2>\n<\/div><div class=\"fusion-clearfix\"><\/div><\/div><\/div><\/div><\/div><div class=\"fusion-fullwidth fullwidth-box fusion-builder-row-3 display-none nonhundred-percent-fullwidth non-hundred-percent-height-scrolling\" style=\"background-color: rgba(255,255,255,0);background-position: center center;background-repeat: no-repeat;padding-top:0px;padding-right:0px;padding-bottom:0px;padding-left:0px;margin-bottom: 0px;margin-top: 0px;border-width: 0px 0px 0px 0px;border-color:#ecefef;border-style:solid;\" ><div class=\"fusion-builder-row fusion-row\"><div class=\"fusion-layout-column fusion_builder_column fusion-builder-column-2 fusion_builder_column_1_1 1_1 fusion-one-full fusion-column-first fusion-column-last\" style=\"margin-top:25px;margin-bottom:25px;\"><div class=\"fusion-column-wrapper fusion-flex-column-wrapper-legacy\" style=\"background-position:left top;background-repeat:no-repeat;-webkit-background-size:cover;-moz-background-size:cover;-o-background-size:cover;background-size:cover;padding: 0px 0px 0px 0px;\"><div class=\"fusion-text fusion-text-3 nechte-se-inspirovat\"><h2 class=\"fusion-responsive-typography-calculated\" style=\"text-align: center;\" data-fontsize=\"42\" data-lineheight=\"52.5px\">Get inspired<\/h2>\n<\/div><div class=\"fusion-clearfix\"><\/div><\/div><\/div><\/div><\/div><\/p>\n","protected":false},"excerpt":{"rendered":"","protected":false},"author":1,"featured_media":17409,"parent":22040,"menu_order":0,"comment_status":"closed","ping_status":"closed","template":"","meta":{"_acf_changed":false,"inline_featured_image":false,"footnotes":""},"acf":[],"yoast_head":"<!-- This site is optimized with the Yoast SEO plugin v22.3 - https:\/\/yoast.com\/wordpress\/plugins\/seo\/ -->\n<title>Slavkovsk\u00fd Forest | \u017divyKraj.cz<\/title>\n<meta name=\"robots\" content=\"index, follow, max-snippet:-1, max-image-preview:large, max-video-preview:-1\" \/>\n<link rel=\"canonical\" href=\"https:\/\/zivykraj.cz\/en\/excursion-destinations\/slavkovsky-forest\/\" \/>\n<meta property=\"og:locale\" content=\"en_US\" \/>\n<meta property=\"og:type\" content=\"article\" \/>\n<meta property=\"og:title\" content=\"Slavkovsk\u00fd Forest | \u017divyKraj.cz\" \/>\n<meta property=\"og:url\" content=\"https:\/\/zivykraj.cz\/en\/excursion-destinations\/slavkovsky-forest\/\" \/>\n<meta property=\"og:site_name\" content=\"\u017divyKraj.cz\" \/>\n<meta property=\"article:modified_time\" content=\"2022-07-18T08:05:48+00:00\" \/>\n<meta property=\"og:image\" content=\"https:\/\/zivykraj.cz\/wp-content\/uploads\/2021\/09\/Slavkovsky-les_uvodni.jpg\" \/>\n\t<meta property=\"og:image:width\" content=\"1920\" \/>\n\t<meta property=\"og:image:height\" content=\"647\" \/>\n\t<meta property=\"og:image:type\" content=\"image\/jpeg\" \/>\n<meta name=\"twitter:card\" content=\"summary_large_image\" \/>\n<meta name=\"twitter:label1\" content=\"Est. reading time\" \/>\n\t<meta name=\"twitter:data1\" content=\"11 minutes\" \/>\n<script type=\"application\/ld+json\" class=\"yoast-schema-graph\">{\"@context\":\"https:\/\/schema.org\",\"@graph\":[{\"@type\":\"WebPage\",\"@id\":\"https:\/\/zivykraj.cz\/en\/excursion-destinations\/slavkovsky-forest\/\",\"url\":\"https:\/\/zivykraj.cz\/en\/excursion-destinations\/slavkovsky-forest\/\",\"name\":\"Slavkovsk\u00fd Forest | \u017divyKraj.cz\",\"isPartOf\":{\"@id\":\"https:\/\/zivykraj.cz\/en\/#website\"},\"primaryImageOfPage\":{\"@id\":\"https:\/\/zivykraj.cz\/en\/excursion-destinations\/slavkovsky-forest\/#primaryimage\"},\"image\":{\"@id\":\"https:\/\/zivykraj.cz\/en\/excursion-destinations\/slavkovsky-forest\/#primaryimage\"},\"thumbnailUrl\":\"https:\/\/zivykraj.cz\/wp-content\/uploads\/2021\/09\/Slavkovsky-les_uvodni.jpg\",\"datePublished\":\"2020-02-15T08:08:54+00:00\",\"dateModified\":\"2022-07-18T08:05:48+00:00\",\"breadcrumb\":{\"@id\":\"https:\/\/zivykraj.cz\/en\/excursion-destinations\/slavkovsky-forest\/#breadcrumb\"},\"inLanguage\":\"en-US\",\"potentialAction\":[{\"@type\":\"ReadAction\",\"target\":[\"https:\/\/zivykraj.cz\/en\/excursion-destinations\/slavkovsky-forest\/\"]}]},{\"@type\":\"ImageObject\",\"inLanguage\":\"en-US\",\"@id\":\"https:\/\/zivykraj.cz\/en\/excursion-destinations\/slavkovsky-forest\/#primaryimage\",\"url\":\"https:\/\/zivykraj.cz\/wp-content\/uploads\/2021\/09\/Slavkovsky-les_uvodni.jpg\",\"contentUrl\":\"https:\/\/zivykraj.cz\/wp-content\/uploads\/2021\/09\/Slavkovsky-les_uvodni.jpg\",\"width\":1920,\"height\":647},{\"@type\":\"BreadcrumbList\",\"@id\":\"https:\/\/zivykraj.cz\/en\/excursion-destinations\/slavkovsky-forest\/#breadcrumb\",\"itemListElement\":[{\"@type\":\"ListItem\",\"position\":1,\"name\":\"Home\",\"item\":\"https:\/\/zivykraj.cz\/en\/\"},{\"@type\":\"ListItem\",\"position\":2,\"name\":\"Excursion Destinations\",\"item\":\"https:\/\/zivykraj.cz\/en\/excursion-destinations\/\"},{\"@type\":\"ListItem\",\"position\":3,\"name\":\"Slavkovsk\u00fd Forest\"}]},{\"@type\":\"WebSite\",\"@id\":\"https:\/\/zivykraj.cz\/en\/#website\",\"url\":\"https:\/\/zivykraj.cz\/en\/\",\"name\":\"\u017divyKraj.cz\",\"description\":\"Turistick\u00fd web - Karlovarsk\u00fd kraj\",\"publisher\":{\"@id\":\"https:\/\/zivykraj.cz\/en\/#organization\"},\"potentialAction\":[{\"@type\":\"SearchAction\",\"target\":{\"@type\":\"EntryPoint\",\"urlTemplate\":\"https:\/\/zivykraj.cz\/en\/?s={search_term_string}\"},\"query-input\":\"required name=search_term_string\"}],\"inLanguage\":\"en-US\"},{\"@type\":\"Organization\",\"@id\":\"https:\/\/zivykraj.cz\/en\/#organization\",\"name\":\"\u017divyKraj.cz\",\"url\":\"https:\/\/zivykraj.cz\/en\/\",\"logo\":{\"@type\":\"ImageObject\",\"inLanguage\":\"en-US\",\"@id\":\"https:\/\/zivykraj.cz\/en\/#\/schema\/logo\/image\/\",\"url\":\"https:\/\/zivykraj.cz\/wp-content\/uploads\/2021\/08\/logo_white.png\",\"contentUrl\":\"https:\/\/zivykraj.cz\/wp-content\/uploads\/2021\/08\/logo_white.png\",\"width\":223,\"height\":59,\"caption\":\"\u017divyKraj.cz\"},\"image\":{\"@id\":\"https:\/\/zivykraj.cz\/en\/#\/schema\/logo\/image\/\"}}]}<\/script>\n<!-- \/ Yoast SEO plugin. -->","yoast_head_json":{"title":"Slavkovsk\u00fd Forest | \u017divyKraj.cz","robots":{"index":"index","follow":"follow","max-snippet":"max-snippet:-1","max-image-preview":"max-image-preview:large","max-video-preview":"max-video-preview:-1"},"canonical":"https:\/\/zivykraj.cz\/en\/excursion-destinations\/slavkovsky-forest\/","og_locale":"en_US","og_type":"article","og_title":"Slavkovsk\u00fd Forest | \u017divyKraj.cz","og_url":"https:\/\/zivykraj.cz\/en\/excursion-destinations\/slavkovsky-forest\/","og_site_name":"\u017divyKraj.cz","article_modified_time":"2022-07-18T08:05:48+00:00","og_image":[{"width":1920,"height":647,"url":"https:\/\/zivykraj.cz\/wp-content\/uploads\/2021\/09\/Slavkovsky-les_uvodni.jpg","type":"image\/jpeg"}],"twitter_card":"summary_large_image","twitter_misc":{"Est. reading time":"11 minutes"},"schema":{"@context":"https:\/\/schema.org","@graph":[{"@type":"WebPage","@id":"https:\/\/zivykraj.cz\/en\/excursion-destinations\/slavkovsky-forest\/","url":"https:\/\/zivykraj.cz\/en\/excursion-destinations\/slavkovsky-forest\/","name":"Slavkovsk\u00fd Forest | \u017divyKraj.cz","isPartOf":{"@id":"https:\/\/zivykraj.cz\/en\/#website"},"primaryImageOfPage":{"@id":"https:\/\/zivykraj.cz\/en\/excursion-destinations\/slavkovsky-forest\/#primaryimage"},"image":{"@id":"https:\/\/zivykraj.cz\/en\/excursion-destinations\/slavkovsky-forest\/#primaryimage"},"thumbnailUrl":"https:\/\/zivykraj.cz\/wp-content\/uploads\/2021\/09\/Slavkovsky-les_uvodni.jpg","datePublished":"2020-02-15T08:08:54+00:00","dateModified":"2022-07-18T08:05:48+00:00","breadcrumb":{"@id":"https:\/\/zivykraj.cz\/en\/excursion-destinations\/slavkovsky-forest\/#breadcrumb"},"inLanguage":"en-US","potentialAction":[{"@type":"ReadAction","target":["https:\/\/zivykraj.cz\/en\/excursion-destinations\/slavkovsky-forest\/"]}]},{"@type":"ImageObject","inLanguage":"en-US","@id":"https:\/\/zivykraj.cz\/en\/excursion-destinations\/slavkovsky-forest\/#primaryimage","url":"https:\/\/zivykraj.cz\/wp-content\/uploads\/2021\/09\/Slavkovsky-les_uvodni.jpg","contentUrl":"https:\/\/zivykraj.cz\/wp-content\/uploads\/2021\/09\/Slavkovsky-les_uvodni.jpg","width":1920,"height":647},{"@type":"BreadcrumbList","@id":"https:\/\/zivykraj.cz\/en\/excursion-destinations\/slavkovsky-forest\/#breadcrumb","itemListElement":[{"@type":"ListItem","position":1,"name":"Home","item":"https:\/\/zivykraj.cz\/en\/"},{"@type":"ListItem","position":2,"name":"Excursion Destinations","item":"https:\/\/zivykraj.cz\/en\/excursion-destinations\/"},{"@type":"ListItem","position":3,"name":"Slavkovsk\u00fd Forest"}]},{"@type":"WebSite","@id":"https:\/\/zivykraj.cz\/en\/#website","url":"https:\/\/zivykraj.cz\/en\/","name":"\u017divyKraj.cz","description":"Turistick\u00fd web - Karlovarsk\u00fd kraj","publisher":{"@id":"https:\/\/zivykraj.cz\/en\/#organization"},"potentialAction":[{"@type":"SearchAction","target":{"@type":"EntryPoint","urlTemplate":"https:\/\/zivykraj.cz\/en\/?s={search_term_string}"},"query-input":"required name=search_term_string"}],"inLanguage":"en-US"},{"@type":"Organization","@id":"https:\/\/zivykraj.cz\/en\/#organization","name":"\u017divyKraj.cz","url":"https:\/\/zivykraj.cz\/en\/","logo":{"@type":"ImageObject","inLanguage":"en-US","@id":"https:\/\/zivykraj.cz\/en\/#\/schema\/logo\/image\/","url":"https:\/\/zivykraj.cz\/wp-content\/uploads\/2021\/08\/logo_white.png","contentUrl":"https:\/\/zivykraj.cz\/wp-content\/uploads\/2021\/08\/logo_white.png","width":223,"height":59,"caption":"\u017divyKraj.cz"},"image":{"@id":"https:\/\/zivykraj.cz\/en\/#\/schema\/logo\/image\/"}}]}},"_links":{"self":[{"href":"https:\/\/zivykraj.cz\/en\/wp-json\/wp\/v2\/pages\/22075"}],"collection":[{"href":"https:\/\/zivykraj.cz\/en\/wp-json\/wp\/v2\/pages"}],"about":[{"href":"https:\/\/zivykraj.cz\/en\/wp-json\/wp\/v2\/types\/page"}],"author":[{"embeddable":true,"href":"https:\/\/zivykraj.cz\/en\/wp-json\/wp\/v2\/users\/1"}],"replies":[{"embeddable":true,"href":"https:\/\/zivykraj.cz\/en\/wp-json\/wp\/v2\/comments?post=22075"}],"version-history":[{"count":2,"href":"https:\/\/zivykraj.cz\/en\/wp-json\/wp\/v2\/pages\/22075\/revisions"}],"predecessor-version":[{"id":64289,"href":"https:\/\/zivykraj.cz\/en\/wp-json\/wp\/v2\/pages\/22075\/revisions\/64289"}],"up":[{"embeddable":true,"href":"https:\/\/zivykraj.cz\/en\/wp-json\/wp\/v2\/pages\/22040"}],"wp:featuredmedia":[{"embeddable":true,"href":"https:\/\/zivykraj.cz\/en\/wp-json\/wp\/v2\/media\/17409"}],"wp:attachment":[{"href":"https:\/\/zivykraj.cz\/en\/wp-json\/wp\/v2\/media?parent=22075"}],"curies":[{"name":"wp","href":"https:\/\/api.w.org\/{rel}","templated":true}]}}