{"id":22081,"date":"2020-01-25T18:54:14","date_gmt":"2020-01-25T17:54:14","guid":{"rendered":"https:\/\/zivykraj.cz\/vyletni-cile\/zlutice\/"},"modified":"2022-07-18T10:07:30","modified_gmt":"2022-07-18T08:07:30","slug":"zlutice","status":"publish","type":"page","link":"https:\/\/zivykraj.cz\/en\/excursion-destinations\/zlutice\/","title":{"rendered":"\u017dlutice"},"content":{"rendered":"<p><div class=\"fusion-fullwidth fullwidth-box fusion-builder-row-1 nonhundred-percent-fullwidth non-hundred-percent-height-scrolling\" style=\"background-color: rgba(255,255,255,0);background-position: center center;background-repeat: no-repeat;padding-top:0px;padding-right:0px;padding-bottom:0px;padding-left:0px;margin-bottom: 0px;margin-top: 0px;border-width: 0px 0px 0px 0px;border-color:#ecefef;border-style:solid;\" ><div class=\"fusion-builder-row fusion-row\"><div class=\"fusion-layout-column fusion_builder_column fusion-builder-column-0 fusion_builder_column_1_1 1_1 fusion-one-full fusion-column-first fusion-column-last\" style=\"margin-top:25px;margin-bottom:25px;\"><div class=\"fusion-column-wrapper fusion-flex-column-wrapper-legacy\" style=\"background-position:left top;background-repeat:no-repeat;-webkit-background-size:cover;-moz-background-size:cover;-o-background-size:cover;background-size:cover;padding: 0px 0px 0px 0px;\"><div class=\"fusion-text fusion-text-1\"><p>In the shadow of the mysterious mesa known as Vlada\u0159, we find the town of \u017dlutice, interlaced with medieval cellars underground and covered with monasteries and chateaus above ground. Those who search for the hidden gems of the Czech Republic should sit up and take notice and plan a trip here to see the famous hymnal, the architectural jewel of minimalism, or the statues of Matthias Braun.<\/p>\n<h3><strong>In the shadow of the Hussite Movement<\/strong><\/h3>\n<p>The units of Jan \u017di\u017eka clashed with the Catholic army on Vlada\u0159 mountain, and to this day, there is a model of this battle in \u017dlutice Museum. Furthermore, the exhibits are dedicated to the history of the town, as well as to the Hussite Movement. In the cellar of the former court, there is a preserved original medieval prison with an exhibition on torture.<\/p>\n<p>Up until the 1970s, the original of the famous \u017dlutice Hymnal, i.e., the handwritten Utraquist hymnal dating to 1558, was stored in the museum. Today, you can scrutinize its facsimile.<\/p>\n<h3><strong>A region inclined to faith<\/strong><\/h3>\n<p>There are many locations associated with faith around \u017dlutice. The most famous of them is the pilgrimage site of Skoky, where to this day, many Czech and German pilgrims regularly head out to and where mass is celebrated in both languages. In fact, the well-known phrase \u201cPanenko sk\u00e1kav\u00e1!\u201d is derived from the local pilgrimage painting of Our Lady of Perpetual Help (<em>the literal translation is \u201cJumping Virgin!\u201d with the meaning being like the phrase \u201cJumping Jehoshaphat!\u201d, yet the adjective is also derived from the site name &#8211; Skoky (Jumps); translator\u2019s note<\/em>).<\/p>\n<p>Perhaps a half-hour drive from \u017dlutice is the Premonstratensian Monastery at Tepl\u00e1, which boasts a tradition of over eight hundred years. The monastery library is accessible, as is the museum or the Baroque living quarters of the monastery.<\/p>\n<p>Even a bit further from Tepl\u00e1 is the Nov\u00fd Dv\u016fr Abbey of the Trappist monks, originally hailing from Sept Fons in France. In 2000, the monks commenced reconstruction work on the ruins of a Baroque farmstead, and the resulting new building with a modern minimalist church won several architectural prizes. On your stop here, do not forget to taste the mustard that the monks manufacture.<\/p>\n<h3><strong>A visit to the chateau and great beer<\/strong><\/h3>\n<p>One of the cycle paths from \u017dlutice leads all the way to Chy\u0161e Chateau. Aside from the tour of the chateau, whose history reaches as far back as 1158, and the unique oil painting by Peter Brandl dating to 1699, the chateau brewery is also open to visitors. Here, natural beer without chemicals is brewed using the spring waters from the Doupovsk\u00e9 Mountains.<\/p>\n<p>Somewhat further north is Vale\u010d Chateau with the statues of Matthias Braun, depicting the allegory of human characteristics and mythological figures. After touring the chateau, set out on the Way of the Cross to Calvary Hill, where a beautiful view of the municipal reserve opens in front of you.<\/p>\n<p>Those who are rather impressed by castles should aim their steps towards the ruins of Harten\u0161tejn near Bochov. This is one of the most ingenious fortified constructions of the late Gothic period in the Czech Republic, with a thought-out ground plan of defensive bastions and battery towers with embrasures. Some sections of the castle have been preserved in their original state.<\/p>\n<h3><strong>Relax among animals<\/strong><\/h3>\n<p>Not interested in historical monuments? The Kobyl\u00e9 organic farm expands out just beyond \u017dlutice, and it is an ideal place for a relaxing holiday in nature. Even with children, who can join in the life on the farm, take care of the animals, or even try horseback riding.<\/p>\n<p>An alternative lies not far away in the village of Ne\u017eichov, south of Tou\u017eim. The Belina family organic farm, located at the foot of T\u0159ebou\u0148sk\u00fd Hill (popular among paragliders), focuses on breeding sheep and cattle, but you can also find horses, rabbits, or even cats here. You can taste home-made fresh cheese and milk, sweet quark creams, or spreads. You can find accommodation with your children in the attic rooms or in the cottage on the slope.<\/p>\n<\/div><div class=\"fusion-clearfix\"><\/div><\/div><\/div><\/div><\/div><div class=\"fusion-fullwidth fullwidth-box fusion-builder-row-2 nonhundred-percent-fullwidth non-hundred-percent-height-scrolling\" style=\"background-color: rgba(255,255,255,0);background-position: center center;background-repeat: no-repeat;padding-top:0px;padding-right:0px;padding-bottom:0px;padding-left:0px;margin-bottom: 0px;margin-top: 0px;border-width: 0px 0px 0px 0px;border-color:#ecefef;border-style:solid;\" ><div class=\"fusion-builder-row fusion-row\"><div class=\"fusion-layout-column fusion_builder_column fusion-builder-column-1 fusion_builder_column_1_1 1_1 fusion-one-full fusion-column-first fusion-column-last\" style=\"margin-top:25px;margin-bottom:25px;\"><div class=\"fusion-column-wrapper fusion-flex-column-wrapper-legacy\" style=\"background-position:left top;background-repeat:no-repeat;-webkit-background-size:cover;-moz-background-size:cover;-o-background-size:cover;background-size:cover;padding: 0px 0px 0px 0px;\"><style type=\"text\/css\">.fusion-gallery-1 .fusion-gallery-image {border:0px solid #f2f3f3;}<\/style><div class=\"fusion-gallery fusion-gallery-container fusion-grid-3 fusion-columns-total-6 fusion-gallery-layout-grid fusion-gallery-1\" style=\"margin:-5px;\"><div style=\"padding:5px;\" class=\"fusion-grid-column fusion-gallery-column fusion-gallery-column-3 hover-type-none\"><div class=\"fusion-gallery-image\"><a href=\"https:\/\/zivykraj.cz\/wp-content\/uploads\/2021\/02\/\u017dlutice3.jpg\" rel=\"noreferrer\" data-rel=\"iLightbox[gallery_image_1]\" class=\"fusion-lightbox\" target=\"_self\"><img decoding=\"async\" src=\"https:\/\/zivykraj.cz\/wp-content\/uploads\/2021\/02\/\u017dlutice3-460x295.jpg\" width=\"460\" height=\"295\" alt=\"\" title=\"\u017dlutice3\" aria-label=\"\u017dlutice3\" class=\"img-responsive wp-image-9147 fusion-gallery-image-size-fixed\"  \/><\/a><\/div><\/div><div style=\"padding:5px;\" class=\"fusion-grid-column fusion-gallery-column fusion-gallery-column-3 hover-type-none\"><div class=\"fusion-gallery-image\"><a href=\"https:\/\/zivykraj.cz\/wp-content\/uploads\/2021\/02\/\u017dlutice2.jpg\" rel=\"noreferrer\" data-rel=\"iLightbox[gallery_image_1]\" class=\"fusion-lightbox\" target=\"_self\"><img decoding=\"async\" src=\"https:\/\/zivykraj.cz\/wp-content\/uploads\/2021\/02\/\u017dlutice2-460x295.jpg\" width=\"460\" height=\"295\" alt=\"\" title=\"\u017dlutice2\" aria-label=\"\u017dlutice2\" class=\"img-responsive wp-image-9146 fusion-gallery-image-size-fixed\"  \/><\/a><\/div><\/div><div style=\"padding:5px;\" class=\"fusion-grid-column fusion-gallery-column fusion-gallery-column-3 hover-type-none\"><div class=\"fusion-gallery-image\"><a href=\"https:\/\/zivykraj.cz\/wp-content\/uploads\/2021\/02\/\u017dlutice6.jpg\" rel=\"noreferrer\" data-rel=\"iLightbox[gallery_image_1]\" class=\"fusion-lightbox\" target=\"_self\"><img decoding=\"async\" src=\"https:\/\/zivykraj.cz\/wp-content\/uploads\/2021\/02\/\u017dlutice6-460x295.jpg\" width=\"460\" height=\"295\" alt=\"\" title=\"\u017dlutice6\" aria-label=\"\u017dlutice6\" class=\"img-responsive wp-image-9149 fusion-gallery-image-size-fixed\"  \/><\/a><\/div><\/div><div class=\"clearfix\"><\/div><div style=\"padding:5px;\" class=\"fusion-grid-column fusion-gallery-column fusion-gallery-column-3 hover-type-none\"><div class=\"fusion-gallery-image\"><a href=\"https:\/\/zivykraj.cz\/wp-content\/uploads\/2021\/02\/\u017dlutice4.jpg\" rel=\"noreferrer\" data-rel=\"iLightbox[gallery_image_1]\" class=\"fusion-lightbox\" target=\"_self\"><img decoding=\"async\" src=\"https:\/\/zivykraj.cz\/wp-content\/uploads\/2021\/02\/\u017dlutice4-460x295.jpg\" width=\"460\" height=\"295\" alt=\"\" title=\"\u017dlutice4\" aria-label=\"\u017dlutice4\" class=\"img-responsive wp-image-9148 fusion-gallery-image-size-fixed\"  \/><\/a><\/div><\/div><div style=\"padding:5px;\" class=\"fusion-grid-column fusion-gallery-column fusion-gallery-column-3 hover-type-none\"><div class=\"fusion-gallery-image\"><a href=\"https:\/\/zivykraj.cz\/wp-content\/uploads\/2021\/02\/\u017dltuice5.jpg\" rel=\"noreferrer\" data-rel=\"iLightbox[gallery_image_1]\" class=\"fusion-lightbox\" target=\"_self\"><img decoding=\"async\" src=\"https:\/\/zivykraj.cz\/wp-content\/uploads\/2021\/02\/\u017dltuice5-460x295.jpg\" width=\"460\" height=\"295\" alt=\"\" title=\"\u017dltuice5\" aria-label=\"\u017dltuice5\" class=\"img-responsive wp-image-9144 fusion-gallery-image-size-fixed\"  \/><\/a><\/div><\/div><div style=\"padding:5px;\" class=\"fusion-grid-column fusion-gallery-column fusion-gallery-column-3 hover-type-none\"><div class=\"fusion-gallery-image\"><a href=\"https:\/\/zivykraj.cz\/wp-content\/uploads\/2021\/02\/\u017dlutice1.jpg\" rel=\"noreferrer\" data-rel=\"iLightbox[gallery_image_1]\" class=\"fusion-lightbox\" target=\"_self\"><img decoding=\"async\" src=\"https:\/\/zivykraj.cz\/wp-content\/uploads\/2021\/02\/\u017dlutice1-460x295.jpg\" width=\"460\" height=\"295\" alt=\"\" title=\"\u017dlutice1\" aria-label=\"\u017dlutice1\" class=\"img-responsive wp-image-9145 fusion-gallery-image-size-fixed\"  \/><\/a><\/div><\/div><div class=\"clearfix\"><\/div><\/div><div class=\"fusion-clearfix\"><\/div><\/div><\/div><\/div><\/div><div class=\"fusion-fullwidth fullwidth-box fusion-builder-row-3 nonhundred-percent-fullwidth non-hundred-percent-height-scrolling\" style=\"background-color: #fafafa;background-position: center center;background-repeat: no-repeat;padding-top:20px;padding-right:60px;padding-bottom:0px;padding-left:60px;margin-bottom: 40px;margin-top: 20px;border-width: 0px 0px 0px 0px;border-color:#ecefef;border-style:solid;\" ><div class=\"fusion-builder-row fusion-row\"><div class=\"fusion-layout-column fusion_builder_column fusion-builder-column-2 fusion_builder_column_1_2 1_2 fusion-one-half fusion-column-first\" style=\"width:50%;width:calc(50% - ( ( 4% ) * 0.5 ) );margin-right: 4%;margin-top:25px;margin-bottom:25px;\"><div class=\"fusion-column-wrapper fusion-flex-column-wrapper-legacy\" style=\"background-position:left top;background-repeat:no-repeat;-webkit-background-size:cover;-moz-background-size:cover;-o-background-size:cover;background-size:cover;padding: 0px 0px 0px 0px;\"><div class=\"fusion-text fusion-text-2\"><p><strong>Phone:<\/strong> +420 353 393 171<br \/>\n<strong>E-mail:<\/strong>\u00a0<a href=\"mailto:podatelna@zlutice.cz\">podatelna@zlutice.cz<\/a><\/p>\n<\/div><div class=\"fusion-clearfix\"><\/div><\/div><\/div><div class=\"fusion-layout-column fusion_builder_column fusion-builder-column-3 fusion_builder_column_1_2 1_2 fusion-one-half fusion-column-last\" style=\"width:50%;width:calc(50% - ( ( 4% ) * 0.5 ) );margin-top:25px;margin-bottom:25px;\"><div class=\"fusion-column-wrapper fusion-flex-column-wrapper-legacy\" style=\"background-position:left top;background-repeat:no-repeat;-webkit-background-size:cover;-moz-background-size:cover;-o-background-size:cover;background-size:cover;padding: 0px 0px 0px 0px;\"><div class=\"fusion-alignright\"><style>.fusion-body .fusion-button.button-1{border-radius:0px 0px 0px 0px;}<\/style><a class=\"fusion-button button-flat fusion-button-default-size button-default button-1 fusion-button-default-span fusion-button-default-type\" target=\"_self\" href=\"https:\/\/www.zlutice.cz\/turista\/\"><span class=\"fusion-button-text\">The official city website<\/span><\/a><\/div><div class=\"fusion-clearfix\"><\/div><\/div><\/div><\/div><\/div><div class=\"fusion-fullwidth fullwidth-box fusion-builder-row-4 fusion-flex-container nonhundred-percent-fullwidth non-hundred-percent-height-scrolling\" style=\"background-color: rgba(255,255,255,0);background-position: center center;background-repeat: no-repeat;border-width: 0px 0px 0px 0px;border-color:#ecefef;border-style:solid;\" ><div class=\"fusion-builder-row fusion-row fusion-flex-align-items-flex-start\" style=\"max-width:1206.4px;margin-left: calc(-4% \/ 2 );margin-right: calc(-4% \/ 2 );\"><div class=\"fusion-layout-column fusion_builder_column fusion-builder-column-4 fusion_builder_column_1_1 1_1 fusion-flex-column\"><div class=\"fusion-column-wrapper fusion-flex-justify-content-flex-start fusion-content-layout-column\" style=\"background-position:left top;background-repeat:no-repeat;-webkit-background-size:cover;-moz-background-size:cover;-o-background-size:cover;background-size:cover;padding: 0px 0px 0px 0px;\"><div class=\"fusion-text fusion-text-3\"><h2 style=\"text-align: center;\"><b>Get inspired<\/b><\/h2>\n<\/div><div class=\"fusion-recent-posts fusion-recent-posts-1 avada-container layout-default layout-columns-3 fusion-recent-posts-infinite fusion-recent-posts-load-more blog-grid\" data-pages=\"1\"><section class=\"fusion-columns columns fusion-columns-3 columns-3\"><article class=\"post fusion-column column col col-lg-4 col-md-4 col-sm-4\"><div class=\"fusion-flexslider fusion-flexslider-loading flexslider flexslider-hover-type-zoomin\"><ul class=\"slides\"><li><a href=\"https:\/\/zivykraj.cz\/en\/activities-en\/long-distance-cycling-routes\/\" aria-label=\"Long-distance Cycling Routes in the Karlovy Vary Region\" class=\"hover-type-zoomin\"><img decoding=\"async\" width=\"1383\" height=\"864\" src=\"https:\/\/zivykraj.cz\/wp-content\/uploads\/2022\/03\/SLPE-023-Krusne_hory-3.jpg\" class=\"attachment-full size-full lazyload\" alt=\"\" srcset=\"data:image\/svg+xml,%3Csvg%20xmlns%3D%27http%3A%2F%2Fwww.w3.org%2F2000%2Fsvg%27%20width%3D%271383%27%20height%3D%27864%27%20viewBox%3D%270%200%201383%20864%27%3E%3Crect%20width%3D%271383%27%20height%3D%27864%27%20fill-opacity%3D%220%22%2F%3E%3C%2Fsvg%3E\" data-orig-src=\"https:\/\/zivykraj.cz\/wp-content\/uploads\/2022\/03\/SLPE-023-Krusne_hory-3.jpg\" data-srcset=\"https:\/\/zivykraj.cz\/wp-content\/uploads\/2022\/03\/SLPE-023-Krusne_hory-3-200x125.jpg 200w, https:\/\/zivykraj.cz\/wp-content\/uploads\/2022\/03\/SLPE-023-Krusne_hory-3-400x250.jpg 400w, https:\/\/zivykraj.cz\/wp-content\/uploads\/2022\/03\/SLPE-023-Krusne_hory-3-600x375.jpg 600w, https:\/\/zivykraj.cz\/wp-content\/uploads\/2022\/03\/SLPE-023-Krusne_hory-3-800x500.jpg 800w, https:\/\/zivykraj.cz\/wp-content\/uploads\/2022\/03\/SLPE-023-Krusne_hory-3-1200x750.jpg 1200w, https:\/\/zivykraj.cz\/wp-content\/uploads\/2022\/03\/SLPE-023-Krusne_hory-3.jpg 1383w\" data-sizes=\"auto\" \/><\/a><\/li><\/ul><\/div><div class=\"recent-posts-content\"><span class=\"vcard\" style=\"display: none;\"><span class=\"fn\"><a href=\"https:\/\/zivykraj.cz\/en\/author\/admin\/\" title=\"Posts by admin\" rel=\"author\">admin<\/a><\/span><\/span><span class=\"updated\" style=\"display:none;\">2026-04-16T09:35:47+02:00<\/span><h4 class=\"entry-title\"><a href=\"https:\/\/zivykraj.cz\/en\/activities-en\/long-distance-cycling-routes\/\">Long-distance Cycling Routes in the Karlovy Vary Region<\/a><\/h4><p>Enthusiastic cyclists, pay attention! We present to you an overview of the international long-distance cycling routes leading through ...<\/p><\/div><\/article><\/section><\/div><\/div><style type=\"text\/css\">.fusion-body .fusion-builder-column-4{width:100% !important;margin-top : 25px;margin-bottom : 25px;}.fusion-builder-column-4 > .fusion-column-wrapper {padding-top : 0px !important;padding-right : 0px !important;margin-right : 1.92%;padding-bottom : 0px !important;padding-left : 0px !important;margin-left : 1.92%;}@media only screen and (max-width:1024px) {.fusion-body .fusion-builder-column-4{width:100% !important;order : 0;}.fusion-builder-column-4 > .fusion-column-wrapper {margin-right : 1.92%;margin-left : 1.92%;}}@media only screen and (max-width:640px) {.fusion-body .fusion-builder-column-4{width:100% !important;order : 0;}.fusion-builder-column-4 > .fusion-column-wrapper {margin-right : 1.92%;margin-left : 1.92%;}}<\/style><\/div><\/div><style type=\"text\/css\">.fusion-body .fusion-flex-container.fusion-builder-row-4{ padding-top : 0px;margin-top : 0px;padding-right : 0px;padding-bottom : 0px;margin-bottom : 0px;padding-left : 0px;}<\/style><\/div><div class=\"fusion-fullwidth fullwidth-box fusion-builder-row-5 display-none nonhundred-percent-fullwidth non-hundred-percent-height-scrolling\" style=\"background-color: rgba(255,255,255,0);background-position: center center;background-repeat: no-repeat;padding-top:0px;padding-right:0px;padding-bottom:0px;padding-left:0px;margin-bottom: 0px;margin-top: 0px;border-width: 0px 0px 0px 0px;border-color:#ecefef;border-style:solid;\" ><div class=\"fusion-builder-row fusion-row\"><div class=\"fusion-layout-column fusion_builder_column fusion-builder-column-5 fusion_builder_column_1_1 1_1 fusion-one-full fusion-column-first fusion-column-last\" style=\"margin-top:25px;margin-bottom:25px;\"><div class=\"fusion-column-wrapper fusion-flex-column-wrapper-legacy\" style=\"background-position:left top;background-repeat:no-repeat;-webkit-background-size:cover;-moz-background-size:cover;-o-background-size:cover;background-size:cover;padding: 0px 0px 0px 0px;\"><div class=\"fusion-text fusion-text-4 nechte-se-inspirovat\"><h2 style=\"text-align: center;\"><strong>Get inspired<\/strong><\/h2>\n<\/div><div class=\"fusion-clearfix\"><\/div><\/div><\/div><\/div><\/div><\/p>\n","protected":false},"excerpt":{"rendered":"","protected":false},"author":1,"featured_media":17418,"parent":22040,"menu_order":0,"comment_status":"closed","ping_status":"closed","template":"","meta":{"_acf_changed":false,"inline_featured_image":false,"footnotes":""},"acf":[],"yoast_head":"<!-- This site is optimized with the Yoast SEO plugin v22.3 - https:\/\/yoast.com\/wordpress\/plugins\/seo\/ -->\n<title>\u017dlutice | \u017divyKraj.cz<\/title>\n<meta name=\"robots\" content=\"index, follow, max-snippet:-1, max-image-preview:large, max-video-preview:-1\" \/>\n<link rel=\"canonical\" href=\"https:\/\/zivykraj.cz\/en\/excursion-destinations\/zlutice\/\" \/>\n<meta property=\"og:locale\" content=\"en_US\" \/>\n<meta property=\"og:type\" content=\"article\" \/>\n<meta property=\"og:title\" content=\"\u017dlutice | \u017divyKraj.cz\" \/>\n<meta property=\"og:url\" content=\"https:\/\/zivykraj.cz\/en\/excursion-destinations\/zlutice\/\" \/>\n<meta property=\"og:site_name\" content=\"\u017divyKraj.cz\" \/>\n<meta property=\"article:modified_time\" content=\"2022-07-18T08:07:30+00:00\" \/>\n<meta property=\"og:image\" content=\"https:\/\/zivykraj.cz\/wp-content\/uploads\/2021\/09\/zlutice.jpg\" \/>\n\t<meta property=\"og:image:width\" content=\"1920\" \/>\n\t<meta property=\"og:image:height\" content=\"647\" \/>\n\t<meta property=\"og:image:type\" content=\"image\/jpeg\" \/>\n<meta name=\"twitter:card\" content=\"summary_large_image\" \/>\n<meta name=\"twitter:label1\" content=\"Est. reading time\" \/>\n\t<meta name=\"twitter:data1\" content=\"16 minutes\" \/>\n<script type=\"application\/ld+json\" class=\"yoast-schema-graph\">{\"@context\":\"https:\/\/schema.org\",\"@graph\":[{\"@type\":\"WebPage\",\"@id\":\"https:\/\/zivykraj.cz\/en\/excursion-destinations\/zlutice\/\",\"url\":\"https:\/\/zivykraj.cz\/en\/excursion-destinations\/zlutice\/\",\"name\":\"\u017dlutice | \u017divyKraj.cz\",\"isPartOf\":{\"@id\":\"https:\/\/zivykraj.cz\/en\/#website\"},\"primaryImageOfPage\":{\"@id\":\"https:\/\/zivykraj.cz\/en\/excursion-destinations\/zlutice\/#primaryimage\"},\"image\":{\"@id\":\"https:\/\/zivykraj.cz\/en\/excursion-destinations\/zlutice\/#primaryimage\"},\"thumbnailUrl\":\"https:\/\/zivykraj.cz\/wp-content\/uploads\/2021\/09\/zlutice.jpg\",\"datePublished\":\"2020-01-25T17:54:14+00:00\",\"dateModified\":\"2022-07-18T08:07:30+00:00\",\"breadcrumb\":{\"@id\":\"https:\/\/zivykraj.cz\/en\/excursion-destinations\/zlutice\/#breadcrumb\"},\"inLanguage\":\"en-US\",\"potentialAction\":[{\"@type\":\"ReadAction\",\"target\":[\"https:\/\/zivykraj.cz\/en\/excursion-destinations\/zlutice\/\"]}]},{\"@type\":\"ImageObject\",\"inLanguage\":\"en-US\",\"@id\":\"https:\/\/zivykraj.cz\/en\/excursion-destinations\/zlutice\/#primaryimage\",\"url\":\"https:\/\/zivykraj.cz\/wp-content\/uploads\/2021\/09\/zlutice.jpg\",\"contentUrl\":\"https:\/\/zivykraj.cz\/wp-content\/uploads\/2021\/09\/zlutice.jpg\",\"width\":1920,\"height\":647},{\"@type\":\"BreadcrumbList\",\"@id\":\"https:\/\/zivykraj.cz\/en\/excursion-destinations\/zlutice\/#breadcrumb\",\"itemListElement\":[{\"@type\":\"ListItem\",\"position\":1,\"name\":\"Home\",\"item\":\"https:\/\/zivykraj.cz\/en\/\"},{\"@type\":\"ListItem\",\"position\":2,\"name\":\"Excursion Destinations\",\"item\":\"https:\/\/zivykraj.cz\/en\/excursion-destinations\/\"},{\"@type\":\"ListItem\",\"position\":3,\"name\":\"\u017dlutice\"}]},{\"@type\":\"WebSite\",\"@id\":\"https:\/\/zivykraj.cz\/en\/#website\",\"url\":\"https:\/\/zivykraj.cz\/en\/\",\"name\":\"\u017divyKraj.cz\",\"description\":\"Turistick\u00fd web - Karlovarsk\u00fd kraj\",\"publisher\":{\"@id\":\"https:\/\/zivykraj.cz\/en\/#organization\"},\"potentialAction\":[{\"@type\":\"SearchAction\",\"target\":{\"@type\":\"EntryPoint\",\"urlTemplate\":\"https:\/\/zivykraj.cz\/en\/?s={search_term_string}\"},\"query-input\":\"required name=search_term_string\"}],\"inLanguage\":\"en-US\"},{\"@type\":\"Organization\",\"@id\":\"https:\/\/zivykraj.cz\/en\/#organization\",\"name\":\"\u017divyKraj.cz\",\"url\":\"https:\/\/zivykraj.cz\/en\/\",\"logo\":{\"@type\":\"ImageObject\",\"inLanguage\":\"en-US\",\"@id\":\"https:\/\/zivykraj.cz\/en\/#\/schema\/logo\/image\/\",\"url\":\"https:\/\/zivykraj.cz\/wp-content\/uploads\/2021\/08\/logo_white.png\",\"contentUrl\":\"https:\/\/zivykraj.cz\/wp-content\/uploads\/2021\/08\/logo_white.png\",\"width\":223,\"height\":59,\"caption\":\"\u017divyKraj.cz\"},\"image\":{\"@id\":\"https:\/\/zivykraj.cz\/en\/#\/schema\/logo\/image\/\"}}]}<\/script>\n<!-- \/ Yoast SEO plugin. -->","yoast_head_json":{"title":"\u017dlutice | \u017divyKraj.cz","robots":{"index":"index","follow":"follow","max-snippet":"max-snippet:-1","max-image-preview":"max-image-preview:large","max-video-preview":"max-video-preview:-1"},"canonical":"https:\/\/zivykraj.cz\/en\/excursion-destinations\/zlutice\/","og_locale":"en_US","og_type":"article","og_title":"\u017dlutice | \u017divyKraj.cz","og_url":"https:\/\/zivykraj.cz\/en\/excursion-destinations\/zlutice\/","og_site_name":"\u017divyKraj.cz","article_modified_time":"2022-07-18T08:07:30+00:00","og_image":[{"width":1920,"height":647,"url":"https:\/\/zivykraj.cz\/wp-content\/uploads\/2021\/09\/zlutice.jpg","type":"image\/jpeg"}],"twitter_card":"summary_large_image","twitter_misc":{"Est. reading time":"16 minutes"},"schema":{"@context":"https:\/\/schema.org","@graph":[{"@type":"WebPage","@id":"https:\/\/zivykraj.cz\/en\/excursion-destinations\/zlutice\/","url":"https:\/\/zivykraj.cz\/en\/excursion-destinations\/zlutice\/","name":"\u017dlutice | \u017divyKraj.cz","isPartOf":{"@id":"https:\/\/zivykraj.cz\/en\/#website"},"primaryImageOfPage":{"@id":"https:\/\/zivykraj.cz\/en\/excursion-destinations\/zlutice\/#primaryimage"},"image":{"@id":"https:\/\/zivykraj.cz\/en\/excursion-destinations\/zlutice\/#primaryimage"},"thumbnailUrl":"https:\/\/zivykraj.cz\/wp-content\/uploads\/2021\/09\/zlutice.jpg","datePublished":"2020-01-25T17:54:14+00:00","dateModified":"2022-07-18T08:07:30+00:00","breadcrumb":{"@id":"https:\/\/zivykraj.cz\/en\/excursion-destinations\/zlutice\/#breadcrumb"},"inLanguage":"en-US","potentialAction":[{"@type":"ReadAction","target":["https:\/\/zivykraj.cz\/en\/excursion-destinations\/zlutice\/"]}]},{"@type":"ImageObject","inLanguage":"en-US","@id":"https:\/\/zivykraj.cz\/en\/excursion-destinations\/zlutice\/#primaryimage","url":"https:\/\/zivykraj.cz\/wp-content\/uploads\/2021\/09\/zlutice.jpg","contentUrl":"https:\/\/zivykraj.cz\/wp-content\/uploads\/2021\/09\/zlutice.jpg","width":1920,"height":647},{"@type":"BreadcrumbList","@id":"https:\/\/zivykraj.cz\/en\/excursion-destinations\/zlutice\/#breadcrumb","itemListElement":[{"@type":"ListItem","position":1,"name":"Home","item":"https:\/\/zivykraj.cz\/en\/"},{"@type":"ListItem","position":2,"name":"Excursion Destinations","item":"https:\/\/zivykraj.cz\/en\/excursion-destinations\/"},{"@type":"ListItem","position":3,"name":"\u017dlutice"}]},{"@type":"WebSite","@id":"https:\/\/zivykraj.cz\/en\/#website","url":"https:\/\/zivykraj.cz\/en\/","name":"\u017divyKraj.cz","description":"Turistick\u00fd web - Karlovarsk\u00fd kraj","publisher":{"@id":"https:\/\/zivykraj.cz\/en\/#organization"},"potentialAction":[{"@type":"SearchAction","target":{"@type":"EntryPoint","urlTemplate":"https:\/\/zivykraj.cz\/en\/?s={search_term_string}"},"query-input":"required name=search_term_string"}],"inLanguage":"en-US"},{"@type":"Organization","@id":"https:\/\/zivykraj.cz\/en\/#organization","name":"\u017divyKraj.cz","url":"https:\/\/zivykraj.cz\/en\/","logo":{"@type":"ImageObject","inLanguage":"en-US","@id":"https:\/\/zivykraj.cz\/en\/#\/schema\/logo\/image\/","url":"https:\/\/zivykraj.cz\/wp-content\/uploads\/2021\/08\/logo_white.png","contentUrl":"https:\/\/zivykraj.cz\/wp-content\/uploads\/2021\/08\/logo_white.png","width":223,"height":59,"caption":"\u017divyKraj.cz"},"image":{"@id":"https:\/\/zivykraj.cz\/en\/#\/schema\/logo\/image\/"}}]}},"_links":{"self":[{"href":"https:\/\/zivykraj.cz\/en\/wp-json\/wp\/v2\/pages\/22081"}],"collection":[{"href":"https:\/\/zivykraj.cz\/en\/wp-json\/wp\/v2\/pages"}],"about":[{"href":"https:\/\/zivykraj.cz\/en\/wp-json\/wp\/v2\/types\/page"}],"author":[{"embeddable":true,"href":"https:\/\/zivykraj.cz\/en\/wp-json\/wp\/v2\/users\/1"}],"replies":[{"embeddable":true,"href":"https:\/\/zivykraj.cz\/en\/wp-json\/wp\/v2\/comments?post=22081"}],"version-history":[{"count":2,"href":"https:\/\/zivykraj.cz\/en\/wp-json\/wp\/v2\/pages\/22081\/revisions"}],"predecessor-version":[{"id":64296,"href":"https:\/\/zivykraj.cz\/en\/wp-json\/wp\/v2\/pages\/22081\/revisions\/64296"}],"up":[{"embeddable":true,"href":"https:\/\/zivykraj.cz\/en\/wp-json\/wp\/v2\/pages\/22040"}],"wp:featuredmedia":[{"embeddable":true,"href":"https:\/\/zivykraj.cz\/en\/wp-json\/wp\/v2\/media\/17418"}],"wp:attachment":[{"href":"https:\/\/zivykraj.cz\/en\/wp-json\/wp\/v2\/media?parent=22081"}],"curies":[{"name":"wp","href":"https:\/\/api.w.org\/{rel}","templated":true}]}}