{"id":22085,"date":"2021-10-15T10:32:19","date_gmt":"2021-10-15T08:32:19","guid":{"rendered":"https:\/\/zivykraj.cz\/lazenstvi-a-wellness\/gesundheistourismus\/"},"modified":"2022-07-18T10:11:29","modified_gmt":"2022-07-18T08:11:29","slug":"health-tourism","status":"publish","type":"page","link":"https:\/\/zivykraj.cz\/en\/spa-and-wellness-2\/health-tourism\/","title":{"rendered":"Health Tourism"},"content":{"rendered":"<div class=\"fusion-fullwidth fullwidth-box fusion-builder-row-1 nonhundred-percent-fullwidth non-hundred-percent-height-scrolling\" style=\"background-color: rgba(255,255,255,0);background-position: center center;background-repeat: no-repeat;padding-top:0px;padding-right:0px;padding-bottom:0px;padding-left:0px;margin-bottom: 0px;margin-top: 0px;border-width: 0px 0px 0px 0px;border-color:#ecefef;border-style:solid;\" ><div class=\"fusion-builder-row fusion-row\"><div class=\"fusion-layout-column fusion_builder_column fusion-builder-column-0 fusion_builder_column_1_1 1_1 fusion-one-full fusion-column-first fusion-column-last\" style=\"margin-top:25px;margin-bottom:0px;\"><div class=\"fusion-column-wrapper fusion-flex-column-wrapper-legacy\" style=\"background-position:left top;background-repeat:no-repeat;-webkit-background-size:cover;-moz-background-size:cover;-o-background-size:cover;background-size:cover;padding: 0px 0px 0px 0px;\"><div class=\"fusion-text fusion-text-1\"><h3><strong>To the Spas for Health Tourism<\/strong><\/h3>\n<p>The spas of the Karlovy Vary Region are famous worldwide for their unique therapeutic springs that have beneficial effects for health on both the outside and inside. Poet J. W. Goethe, Tsar Peter I, or King Edward II treated their illnesses here. The spas are not the only reason you should visit the Karlovy Vary Region. Visitors from around the world come to the spa for health and beauty. They put themselves in the hands of experts at the clinics of ophthalmologists, dermatologists, gastroenterologists, dentists, or plastic surgeons. The offer is truly varied &#8211; from resolving health issues, to body shaping using liposuction techniques, to plastic surgery on various parts of the body, laser surgery, to operations treating the issues of ageing. Here, you will find the best ratio between price and quality in all of Europe, located in the gorgeous environment of spa colonnades and parks. Combine medical operations with the ensuing recovery and rest in the spas. Aside from wellness procedures, such as massages, baths, saunas, etc., you will find a full range of opportunities to enjoy sports &#8211; tennis, golf, hiking, cycling, and bathing. You will go home feeling reborn. Mix yourself a cocktail of experiences at the spa that you will love to drink over and over again. It is not by accident that the Karlovy Vary Region is referred to as paradise.<\/p>\n<h3><strong>Clinics in the Karlovy Vary Region<\/strong><\/h3>\n<p><strong>HB Clinic, Karlovy Vary<\/strong><\/p>\n<p>This institute of beauty and health offers a wide spectrum of premium services, ranging from minute cosmetic operations to plastic surgery.<\/p>\n<p><a href=\"http:\/\/www.hbclinic.cz\/\">www.hbclinic.cz<\/a><\/p>\n<p><strong>Asklepion<\/strong><\/p>\n<p>The Asklepion Institute of Clinical and Aesthetic Medicine is focused on laser medicine, dermatology, stomatology, gastroenterology, and other fields. It has branches in the Bristol Hotel, the Savoy Westend, the Dvo\u0159\u00e1k, and the Thermal in Karlovy Vary, as well as in the Pacifik Spa Building and the Central Spa in Mari\u00e1nsk\u00e9 L\u00e1zn\u011b. Thanks to the facilities of the spa centre, clients can also undergo long-term therapeutic and rehabilitation programmes.<\/p>\n<p><a href=\"http:\/\/www.asklepion.cz\/\">www.asklepion.cz<\/a><\/p>\n<p><strong>Carlsbad Clinic, Karlovy Vary <\/strong><\/p>\n<p>The luxurious medical-wellness centre located in hotel Carlsbad Plaza offers complete diagnostics, whole-body cryotherapy, traditional and Thai massages, facial and body treatments for both women and men, peat baths, a gastro-centre, physiological regulatory medicine, or mechanical cosmetic treatments. All of this in a pleasant atmosphere, combined with luxurious services and the most modern equipment.<\/p>\n<p><a href=\"http:\/\/www.carlsbad-clinic.com\/\">www.carlsbad-clinic.com<\/a><\/p>\n<p><strong>Centrale Clinique Esth\u00e9tique &#8211; Biologique Recherche Karlovy Vary<\/strong><\/p>\n<p>This authorised salon of the French cosmetics line BIOLOGIQUE RECHERCHE is also a clinic that ensures first-rate cosmetic treatments customised to the needs of each client. You can look forward to skin diagnostics, rejuvenation and other procedures, epilation of the whole body, make-up, facials, rejuvenating procedures, and much more.<\/p>\n<p><a href=\"http:\/\/www.centraleclinique.cz\/\">www.centraleclinique.cz<\/a><\/p>\n<p><strong>GiSant Clinic, Karlovy Vary<\/strong><\/p>\n<p>This clinic focuses on the specialised treatments of plastic surgery and aesthetic medicine. Other fields are laser surgery or corrective dermatology, as well as other related medical specialisations. It also ranks among the pioneers of the increasingly popular, untraditional treatment of lifestyle diseases, such as atopic eczema and psoriasis.<\/p>\n<p><a href=\"http:\/\/www.gisant.eu\/\">www.gisant.eu<\/a><\/p>\n<p><strong>The Institute of Aesthetic Medicine Karlovy Vary<\/strong><\/p>\n<p>Aside from plastic surgery, it also offers other types of aesthetic medicine procedures.<\/p>\n<p><a href=\"http:\/\/www.uem.cz\/\">www.uem.cz<\/a><\/p>\n<p><strong>Somich Eye Centre, Karlovy Vary<\/strong><\/p>\n<p>The clinic provides complex care in the field of ophthalmology. It focuses on the laser operations of eyes, cataract operations, removal of dioptric defects, treatment and surgeries of the cornea, glaucoma, and retina. The centre also offers aesthetic eye operations to our clients.<\/p>\n<p><a href=\"http:\/\/www.somich.cz\/\">www.somich.cz<\/a><\/p>\n<p><strong>Petra Clinic and Estet Derma in Karlovy Vary <\/strong><\/p>\n<p>These clinics of laser and aesthetic medicine offer skin rejuvenation using anti-ageing therapies. <a href=\"http:\/\/www.petraclinic.cz\/\">www.petraclinic.cz<\/a>,<\/p>\n<p><a href=\"http:\/\/www.estetderma.cz\/\">www.estetderma.cz<\/a><\/p>\n<p><strong>Spa Clinic of the Pawlik &#8211; Aquaforum Hotel<\/strong><\/p>\n<p>A modern medical facility with an offer of traditional spa procedures that utilise the guaranteed local natural healing resources, but also of new, non-invasive aesthetic operations.<\/p>\n<p><a href=\"http:\/\/www.aquaforum-frantiskovylazne.cz\/\">www.aquaforum-frantiskovylazne.cz<\/a><\/p>\n<p><strong>Gastrocentrum Karlovy Vary<\/strong><\/p>\n<p>Carries out the diagnostics and treatment of the digestive tract, liver, pancreas, and rectal diseases.<\/p>\n<p><a href=\"http:\/\/www.gastrokv.cz\/\">www.gastrokv.cz<\/a><\/p>\n<p><strong>Centrum Formosa, Sokolov<\/strong><\/p>\n<p>This clinic offers cosmetic services, rejuvenation of the face and skin, laser treatments, body shaping, and regeneration.<\/p>\n<p><a href=\"http:\/\/www.formosacentrum.cz\/\">www.formosacentrum.cz<\/a><\/p>\n<p><strong>Clinic for Luck, Ostrov<\/strong><\/p>\n<p>This clinic offers a complete spectrum of plastic surgery services, ranging from breast reconstruction, body shaping, liposuction, surgical or non-surgical facial treatments, to labiaplasty.<\/p>\n<p><a href=\"http:\/\/www.clinicforluck.cz\/\">www.clinicforluck.cz<\/a><\/p>\n<p><strong>Dental Praxis, Karlovy Vary<\/strong><\/p>\n<p>Offer of aesthetic stomatology.<\/p>\n<p><a href=\"http:\/\/www.dentalpraxis.cz\/\">www.dentalpraxis.cz<\/a><\/p>\n<p><strong>Spadentist, Karlovy Vary<\/strong><\/p>\n<p>An offer of complex dental care for both adults and children.<\/p>\n<p><a href=\"http:\/\/www.spadentist.cz\/\">www.spadentist.cz<\/a><\/p>\n<p><strong>Centre of Assisted Reproduction<\/strong><\/p>\n<p>The spas also treat infertility on the top European level. The Pronatal Spa Centre of Reproductive Medicine and Genetics in Karlovy Vary (<a href=\"http:\/\/www.pronatal.cz\/\">www.pronatal.cz<\/a>) and Ferticare Karlsbad \u2013 the Institute of Reproductive Medicine and Genetics (<a href=\"http:\/\/www.inf-kv.cz\/\">www.inf-kv.cz<\/a>) helps you fulfil your dream of having your own child.<\/p>\n<\/div><div class=\"fusion-text fusion-text-2\"><h2 style=\"text-align: center;\"><b>Get inspired<\/b><\/h2>\n<\/div><div class=\"fusion-sep-clear\"><\/div><div class=\"fusion-separator fusion-full-width-sep\" style=\"margin-left: auto;margin-right: auto;margin-top:40px;width:100%;\"><\/div><div class=\"fusion-sep-clear\"><\/div><div class=\"fusion-text fusion-text-3 nechte-se-inspirovat display-none\"><h2 style=\"text-align: center;\"><b>Lass dich inspirieren<\/b><\/h2>\n<\/div><div class=\"fusion-clearfix\"><\/div><\/div><\/div><\/div><\/div>\n","protected":false},"excerpt":{"rendered":"","protected":false},"author":1,"featured_media":19000,"parent":21407,"menu_order":0,"comment_status":"closed","ping_status":"closed","template":"","meta":{"_acf_changed":false,"inline_featured_image":false,"footnotes":""},"acf":[],"yoast_head":"<!-- This site is optimized with the Yoast SEO plugin v22.3 - https:\/\/yoast.com\/wordpress\/plugins\/seo\/ -->\n<title>Health Tourism | \u017divyKraj.cz<\/title>\n<meta name=\"robots\" content=\"index, follow, max-snippet:-1, max-image-preview:large, max-video-preview:-1\" \/>\n<link rel=\"canonical\" href=\"https:\/\/zivykraj.cz\/en\/spa-and-wellness-2\/health-tourism\/\" \/>\n<meta property=\"og:locale\" content=\"en_US\" \/>\n<meta property=\"og:type\" content=\"article\" \/>\n<meta property=\"og:title\" content=\"Health Tourism | \u017divyKraj.cz\" \/>\n<meta property=\"og:url\" content=\"https:\/\/zivykraj.cz\/en\/spa-and-wellness-2\/health-tourism\/\" \/>\n<meta property=\"og:site_name\" content=\"\u017divyKraj.cz\" \/>\n<meta property=\"article:modified_time\" content=\"2022-07-18T08:11:29+00:00\" \/>\n<meta property=\"og:image\" content=\"https:\/\/zivykraj.cz\/wp-content\/uploads\/2021\/10\/09A0473-1.jpg\" \/>\n\t<meta property=\"og:image:width\" content=\"2000\" \/>\n\t<meta property=\"og:image:height\" content=\"1333\" \/>\n\t<meta property=\"og:image:type\" content=\"image\/jpeg\" \/>\n<meta name=\"twitter:card\" content=\"summary_large_image\" \/>\n<meta name=\"twitter:label1\" content=\"Est. reading time\" \/>\n\t<meta name=\"twitter:data1\" content=\"7 minutes\" \/>\n<script type=\"application\/ld+json\" class=\"yoast-schema-graph\">{\"@context\":\"https:\/\/schema.org\",\"@graph\":[{\"@type\":\"WebPage\",\"@id\":\"https:\/\/zivykraj.cz\/en\/spa-and-wellness-2\/health-tourism\/\",\"url\":\"https:\/\/zivykraj.cz\/en\/spa-and-wellness-2\/health-tourism\/\",\"name\":\"Health Tourism | \u017divyKraj.cz\",\"isPartOf\":{\"@id\":\"https:\/\/zivykraj.cz\/en\/#website\"},\"primaryImageOfPage\":{\"@id\":\"https:\/\/zivykraj.cz\/en\/spa-and-wellness-2\/health-tourism\/#primaryimage\"},\"image\":{\"@id\":\"https:\/\/zivykraj.cz\/en\/spa-and-wellness-2\/health-tourism\/#primaryimage\"},\"thumbnailUrl\":\"https:\/\/zivykraj.cz\/wp-content\/uploads\/2021\/10\/09A0473-1.jpg\",\"datePublished\":\"2021-10-15T08:32:19+00:00\",\"dateModified\":\"2022-07-18T08:11:29+00:00\",\"breadcrumb\":{\"@id\":\"https:\/\/zivykraj.cz\/en\/spa-and-wellness-2\/health-tourism\/#breadcrumb\"},\"inLanguage\":\"en-US\",\"potentialAction\":[{\"@type\":\"ReadAction\",\"target\":[\"https:\/\/zivykraj.cz\/en\/spa-and-wellness-2\/health-tourism\/\"]}]},{\"@type\":\"ImageObject\",\"inLanguage\":\"en-US\",\"@id\":\"https:\/\/zivykraj.cz\/en\/spa-and-wellness-2\/health-tourism\/#primaryimage\",\"url\":\"https:\/\/zivykraj.cz\/wp-content\/uploads\/2021\/10\/09A0473-1.jpg\",\"contentUrl\":\"https:\/\/zivykraj.cz\/wp-content\/uploads\/2021\/10\/09A0473-1.jpg\",\"width\":2000,\"height\":1333},{\"@type\":\"BreadcrumbList\",\"@id\":\"https:\/\/zivykraj.cz\/en\/spa-and-wellness-2\/health-tourism\/#breadcrumb\",\"itemListElement\":[{\"@type\":\"ListItem\",\"position\":1,\"name\":\"Home\",\"item\":\"https:\/\/zivykraj.cz\/en\/\"},{\"@type\":\"ListItem\",\"position\":2,\"name\":\"Spa and wellness\",\"item\":\"https:\/\/zivykraj.cz\/en\/spa-and-wellness-2\/\"},{\"@type\":\"ListItem\",\"position\":3,\"name\":\"Health Tourism\"}]},{\"@type\":\"WebSite\",\"@id\":\"https:\/\/zivykraj.cz\/en\/#website\",\"url\":\"https:\/\/zivykraj.cz\/en\/\",\"name\":\"\u017divyKraj.cz\",\"description\":\"Turistick\u00fd web - Karlovarsk\u00fd kraj\",\"publisher\":{\"@id\":\"https:\/\/zivykraj.cz\/en\/#organization\"},\"potentialAction\":[{\"@type\":\"SearchAction\",\"target\":{\"@type\":\"EntryPoint\",\"urlTemplate\":\"https:\/\/zivykraj.cz\/en\/?s={search_term_string}\"},\"query-input\":\"required name=search_term_string\"}],\"inLanguage\":\"en-US\"},{\"@type\":\"Organization\",\"@id\":\"https:\/\/zivykraj.cz\/en\/#organization\",\"name\":\"\u017divyKraj.cz\",\"url\":\"https:\/\/zivykraj.cz\/en\/\",\"logo\":{\"@type\":\"ImageObject\",\"inLanguage\":\"en-US\",\"@id\":\"https:\/\/zivykraj.cz\/en\/#\/schema\/logo\/image\/\",\"url\":\"https:\/\/zivykraj.cz\/wp-content\/uploads\/2021\/08\/logo_white.png\",\"contentUrl\":\"https:\/\/zivykraj.cz\/wp-content\/uploads\/2021\/08\/logo_white.png\",\"width\":223,\"height\":59,\"caption\":\"\u017divyKraj.cz\"},\"image\":{\"@id\":\"https:\/\/zivykraj.cz\/en\/#\/schema\/logo\/image\/\"}}]}<\/script>\n<!-- \/ Yoast SEO plugin. -->","yoast_head_json":{"title":"Health Tourism | \u017divyKraj.cz","robots":{"index":"index","follow":"follow","max-snippet":"max-snippet:-1","max-image-preview":"max-image-preview:large","max-video-preview":"max-video-preview:-1"},"canonical":"https:\/\/zivykraj.cz\/en\/spa-and-wellness-2\/health-tourism\/","og_locale":"en_US","og_type":"article","og_title":"Health Tourism | \u017divyKraj.cz","og_url":"https:\/\/zivykraj.cz\/en\/spa-and-wellness-2\/health-tourism\/","og_site_name":"\u017divyKraj.cz","article_modified_time":"2022-07-18T08:11:29+00:00","og_image":[{"width":2000,"height":1333,"url":"https:\/\/zivykraj.cz\/wp-content\/uploads\/2021\/10\/09A0473-1.jpg","type":"image\/jpeg"}],"twitter_card":"summary_large_image","twitter_misc":{"Est. reading time":"7 minutes"},"schema":{"@context":"https:\/\/schema.org","@graph":[{"@type":"WebPage","@id":"https:\/\/zivykraj.cz\/en\/spa-and-wellness-2\/health-tourism\/","url":"https:\/\/zivykraj.cz\/en\/spa-and-wellness-2\/health-tourism\/","name":"Health Tourism | \u017divyKraj.cz","isPartOf":{"@id":"https:\/\/zivykraj.cz\/en\/#website"},"primaryImageOfPage":{"@id":"https:\/\/zivykraj.cz\/en\/spa-and-wellness-2\/health-tourism\/#primaryimage"},"image":{"@id":"https:\/\/zivykraj.cz\/en\/spa-and-wellness-2\/health-tourism\/#primaryimage"},"thumbnailUrl":"https:\/\/zivykraj.cz\/wp-content\/uploads\/2021\/10\/09A0473-1.jpg","datePublished":"2021-10-15T08:32:19+00:00","dateModified":"2022-07-18T08:11:29+00:00","breadcrumb":{"@id":"https:\/\/zivykraj.cz\/en\/spa-and-wellness-2\/health-tourism\/#breadcrumb"},"inLanguage":"en-US","potentialAction":[{"@type":"ReadAction","target":["https:\/\/zivykraj.cz\/en\/spa-and-wellness-2\/health-tourism\/"]}]},{"@type":"ImageObject","inLanguage":"en-US","@id":"https:\/\/zivykraj.cz\/en\/spa-and-wellness-2\/health-tourism\/#primaryimage","url":"https:\/\/zivykraj.cz\/wp-content\/uploads\/2021\/10\/09A0473-1.jpg","contentUrl":"https:\/\/zivykraj.cz\/wp-content\/uploads\/2021\/10\/09A0473-1.jpg","width":2000,"height":1333},{"@type":"BreadcrumbList","@id":"https:\/\/zivykraj.cz\/en\/spa-and-wellness-2\/health-tourism\/#breadcrumb","itemListElement":[{"@type":"ListItem","position":1,"name":"Home","item":"https:\/\/zivykraj.cz\/en\/"},{"@type":"ListItem","position":2,"name":"Spa and wellness","item":"https:\/\/zivykraj.cz\/en\/spa-and-wellness-2\/"},{"@type":"ListItem","position":3,"name":"Health Tourism"}]},{"@type":"WebSite","@id":"https:\/\/zivykraj.cz\/en\/#website","url":"https:\/\/zivykraj.cz\/en\/","name":"\u017divyKraj.cz","description":"Turistick\u00fd web - Karlovarsk\u00fd kraj","publisher":{"@id":"https:\/\/zivykraj.cz\/en\/#organization"},"potentialAction":[{"@type":"SearchAction","target":{"@type":"EntryPoint","urlTemplate":"https:\/\/zivykraj.cz\/en\/?s={search_term_string}"},"query-input":"required name=search_term_string"}],"inLanguage":"en-US"},{"@type":"Organization","@id":"https:\/\/zivykraj.cz\/en\/#organization","name":"\u017divyKraj.cz","url":"https:\/\/zivykraj.cz\/en\/","logo":{"@type":"ImageObject","inLanguage":"en-US","@id":"https:\/\/zivykraj.cz\/en\/#\/schema\/logo\/image\/","url":"https:\/\/zivykraj.cz\/wp-content\/uploads\/2021\/08\/logo_white.png","contentUrl":"https:\/\/zivykraj.cz\/wp-content\/uploads\/2021\/08\/logo_white.png","width":223,"height":59,"caption":"\u017divyKraj.cz"},"image":{"@id":"https:\/\/zivykraj.cz\/en\/#\/schema\/logo\/image\/"}}]}},"_links":{"self":[{"href":"https:\/\/zivykraj.cz\/en\/wp-json\/wp\/v2\/pages\/22085"}],"collection":[{"href":"https:\/\/zivykraj.cz\/en\/wp-json\/wp\/v2\/pages"}],"about":[{"href":"https:\/\/zivykraj.cz\/en\/wp-json\/wp\/v2\/types\/page"}],"author":[{"embeddable":true,"href":"https:\/\/zivykraj.cz\/en\/wp-json\/wp\/v2\/users\/1"}],"replies":[{"embeddable":true,"href":"https:\/\/zivykraj.cz\/en\/wp-json\/wp\/v2\/comments?post=22085"}],"version-history":[{"count":2,"href":"https:\/\/zivykraj.cz\/en\/wp-json\/wp\/v2\/pages\/22085\/revisions"}],"predecessor-version":[{"id":64303,"href":"https:\/\/zivykraj.cz\/en\/wp-json\/wp\/v2\/pages\/22085\/revisions\/64303"}],"up":[{"embeddable":true,"href":"https:\/\/zivykraj.cz\/en\/wp-json\/wp\/v2\/pages\/21407"}],"wp:featuredmedia":[{"embeddable":true,"href":"https:\/\/zivykraj.cz\/en\/wp-json\/wp\/v2\/media\/19000"}],"wp:attachment":[{"href":"https:\/\/zivykraj.cz\/en\/wp-json\/wp\/v2\/media?parent=22085"}],"curies":[{"name":"wp","href":"https:\/\/api.w.org\/{rel}","templated":true}]}}