{"id":20418,"date":"2021-01-18T05:36:04","date_gmt":"2021-01-18T04:36:04","guid":{"rendered":"https:\/\/zivykraj.cz\/golf\/"},"modified":"2026-04-01T13:02:47","modified_gmt":"2026-04-01T11:02:47","slug":"%d0%b3%d0%be%d0%bb%d1%8c%d1%84","status":"publish","type":"page","link":"https:\/\/zivykraj.cz\/ru\/%d0%b3%d0%be%d0%bb%d1%8c%d1%84\/","title":{"rendered":"\u0413\u043e\u043b\u044c\u0444"},"content":{"rendered":"<div class=\"fusion-fullwidth fullwidth-box fusion-builder-row-1 nonhundred-percent-fullwidth non-hundred-percent-height-scrolling\" style=\"background-color: rgba(255,255,255,0);background-position: center center;background-repeat: no-repeat;padding-top:0px;padding-right:0px;padding-bottom:0px;padding-left:0px;margin-bottom: 0px;margin-top: 0px;border-width: 0px 0px 0px 0px;border-color:#ecefef;border-style:solid;\" ><div class=\"fusion-builder-row fusion-row\"><div class=\"fusion-layout-column fusion_builder_column fusion-builder-column-0 fusion_builder_column_1_1 1_1 fusion-one-full fusion-column-first fusion-column-last\" style=\"margin-top:25px;margin-bottom:0px;\"><div class=\"fusion-column-wrapper fusion-flex-column-wrapper-legacy\" style=\"background-position:left top;background-repeat:no-repeat;-webkit-background-size:cover;-moz-background-size:cover;-o-background-size:cover;background-size:cover;padding: 0px 0px 0px 0px;\"><div class=\"fusion-text fusion-text-1\"><h3><b>\u041a\u0430\u0440\u043b\u043e\u0432\u0430\u0440\u0441\u043a\u0438\u0439 \u043a\u0440\u0430\u0439 \u0441\u0447\u0438\u0442\u0430\u0435\u0442\u0441\u044f \u043a\u043e\u043b\u044b\u0431\u0435\u043b\u044c\u044e \u0447\u0435\u0448\u0441\u043a\u043e\u0433\u043e \u0433\u043e\u043b\u044c\u0444\u0430.<\/b><\/h3>\n<p>\u041a\u0430\u0440\u043b\u043e\u0432\u0430\u0440\u0441\u043a\u0438\u0439 \u043a\u0440\u0430\u0439 \u0438\u0437\u0434\u0440\u0435\u0432\u043b\u0435 \u0441\u0447\u0438\u0442\u0430\u0435\u0442\u0441\u044f \u0428\u043e\u0442\u043b\u0430\u043d\u0434\u0438\u044f. \u041a\u043e\u043b\u044b\u0431\u0435\u043b\u044c\u044e \u0447\u0435\u0448\u0441\u043a\u043e\u0433\u043e \u0433\u043e\u043b\u044c\u0444\u0430, \u0431\u0435\u0441\u0441\u043f\u043e\u0440\u043d\u043e, \u044f\u0432\u043b\u044f\u044e\u0442\u0441\u044f \u0437\u0430\u043f\u0430\u0434\u043d\u043e\u0447\u0435\u0448\u0441\u043a\u0438\u0435 \u043a\u0443\u0440\u043e\u0440\u0442\u044b. \u041f\u0435\u0440\u0432\u043e\u0435 \u043f\u043e\u043b\u0435 \u0434\u043b\u044f \u0433\u043e\u043b\u044c\u0444\u0430 \u0431\u044b\u043b\u043e \u043f\u043e\u0441\u0442\u0440\u043e\u0435\u043d\u043e \u0435\u0449\u0435 \u0432 1904 \u0433\u043e\u0434\u0443 \u043d\u0430 \u043e\u043a\u0440\u0430\u0438\u043d\u0435 \u041a\u0430\u0440\u043b\u043e\u0432\u044b\u0445 \u0412\u0430\u0440, \u0430 \u0441\u043b\u0435\u0434\u0443\u044e\u0449\u0435\u0435 \u0432 \u041c\u0430\u0440\u0438\u0430\u043d\u0441\u043a\u0438\u0445 \u041b\u0430\u0437\u043d\u044f\u0445 \u043d\u0435 \u0437\u0430\u0441\u0442\u0430\u0432\u0438\u043b\u043e \u0441\u0435\u0431\u044f \u0434\u043e\u043b\u0433\u043e \u0436\u0434\u0430\u0442\u044c.<\/p>\n<p>\u0412 \u043d\u0430\u0441\u0442\u043e\u044f\u0449\u0435\u0435 \u0432\u0440\u0435\u043c\u044f \u0432 \u041a\u0430\u0440\u043b\u043e\u0432\u0430\u0440\u0441\u043a\u043e\u043c \u043a\u0440\u0430\u0435 \u043d\u0430\u0441\u0447\u0438\u0442\u044b\u0432\u0430\u0435\u0442\u0441\u044f 9 \u043f\u043e\u043b\u0435\u0439 \u0434\u043b\u044f \u0433\u043e\u043b\u044c\u0444\u0430, 7 \u0438\u0437 \u043a\u043e\u0442\u043e\u0440\u044b\u0445 18-\u043b\u0443\u043d\u043e\u0447\u043d\u044b\u0435. \u041c\u0435\u0441\u0442\u043d\u044b\u0435 \u043f\u043e\u043b\u044f \u043e\u0442\u043d\u043e\u0441\u044f\u0442\u0441\u044f \u043a \u0441\u0430\u043c\u044b\u043c \u0438\u0437\u0432\u0435\u0441\u0442\u043d\u044b\u043c \u0432 \u0415\u0432\u0440\u043e\u043f\u0435 \u0438 \u044f\u0432\u043b\u044f\u044e\u0442\u0441\u044f \u043c\u0435\u0441\u0442\u043e\u043c \u043f\u0440\u043e\u0432\u0435\u0434\u0435\u043d\u0438\u044f \u043a\u0430\u043a \u043b\u044e\u0431\u0438\u0442\u0435\u043b\u044c\u0441\u043a\u0438\u0445, \u0442\u0430\u043a \u0438 \u043f\u0440\u043e\u0444\u0435\u0441\u0441\u0438\u043e\u043d\u0430\u043b\u044c\u043d\u044b\u0445 \u0442\u0443\u0440\u043d\u0438\u0440\u043e\u0432. \u0412 \u043d\u0430\u043b\u0438\u0447\u0438\u0438 \u0438\u043c\u0435\u044e\u0442\u0441\u044f \u0442\u0430\u043a\u0436\u0435 \u043d\u0435\u0441\u043a\u043e\u043b\u044c\u043a\u043e \u0433\u043e\u043b\u044c\u0444-\u0441\u0438\u043c\u0443\u043b\u044f\u0442\u043e\u0440\u043e\u0432.<\/p>\n<\/div><div class=\"fusion-sep-clear\"><\/div><div class=\"fusion-separator fusion-full-width-sep\" style=\"margin-left: auto;margin-right: auto;margin-top:40px;width:100%;\"><\/div><div class=\"fusion-sep-clear\"><\/div><style type=\"text\/css\">.fusion-gallery-1 .fusion-gallery-image {border:0px solid #f2f3f3;}<\/style><div class=\"fusion-gallery fusion-gallery-container fusion-grid-3 fusion-columns-total-3 fusion-gallery-layout-grid fusion-gallery-1\" style=\"margin:-5px;\"><div style=\"padding:5px;\" class=\"fusion-grid-column fusion-gallery-column fusion-gallery-column-3 hover-type-none\"><div class=\"fusion-gallery-image\"><a href=\"https:\/\/zivykraj.cz\/wp-content\/uploads\/2021\/10\/1L0A8352.jpg\" rel=\"noreferrer\" data-rel=\"iLightbox[gallery_image_1]\" class=\"fusion-lightbox\" target=\"_self\"><img decoding=\"async\" src=\"https:\/\/zivykraj.cz\/wp-content\/uploads\/2021\/10\/1L0A8352-460x295.jpg\" width=\"460\" height=\"295\" alt=\"\" title=\"1L0A8352\" aria-label=\"1L0A8352\" class=\"img-responsive wp-image-20422 fusion-gallery-image-size-fixed\"  \/><\/a><\/div><\/div><div style=\"padding:5px;\" class=\"fusion-grid-column fusion-gallery-column fusion-gallery-column-3 hover-type-none\"><div class=\"fusion-gallery-image\"><a href=\"https:\/\/zivykraj.cz\/wp-content\/uploads\/2021\/10\/1L0A0787-scaled.jpg\" rel=\"noreferrer\" data-rel=\"iLightbox[gallery_image_1]\" class=\"fusion-lightbox\" target=\"_self\"><img decoding=\"async\" src=\"https:\/\/zivykraj.cz\/wp-content\/uploads\/2021\/10\/1L0A0787-460x295.jpg\" width=\"460\" height=\"295\" alt=\"\" title=\"1L0A0787\" aria-label=\"1L0A0787\" class=\"img-responsive wp-image-20424 fusion-gallery-image-size-fixed\"  \/><\/a><\/div><\/div><div style=\"padding:5px;\" class=\"fusion-grid-column fusion-gallery-column fusion-gallery-column-3 hover-type-none\"><div class=\"fusion-gallery-image\"><a href=\"https:\/\/zivykraj.cz\/wp-content\/uploads\/2021\/10\/1L0A8921-scaled.jpg\" rel=\"noreferrer\" data-rel=\"iLightbox[gallery_image_1]\" class=\"fusion-lightbox\" target=\"_self\"><img decoding=\"async\" src=\"https:\/\/zivykraj.cz\/wp-content\/uploads\/2021\/10\/1L0A8921-460x295.jpg\" width=\"460\" height=\"295\" alt=\"\" title=\"1L0A8921\" aria-label=\"1L0A8921\" class=\"img-responsive wp-image-20423 fusion-gallery-image-size-fixed\"  \/><\/a><\/div><\/div><div class=\"clearfix\"><\/div><\/div><div class=\"fusion-text fusion-text-2\"><h2 style=\"text-align: center;\"><b>\u0432\u0434\u043e\u0445\u043d\u043e\u0432\u0438\u0442\u044c\u0441\u044f<\/b><\/h2>\n<\/div><div class=\"fusion-sep-clear\"><\/div><div class=\"fusion-separator fusion-full-width-sep\" style=\"margin-left: auto;margin-right: auto;width:100%;\"><\/div><div class=\"fusion-sep-clear\"><\/div><div class=\"fusion-text fusion-text-3 nechte-se-inspirovat display-none\"><h2 style=\"text-align: center;\"><b>\u0432\u0434\u043e\u0445\u043d\u043e\u0432\u0438\u0442\u044c\u0441\u044f<\/b><\/h2>\n<\/div><div class=\"fusion-recent-posts fusion-recent-posts-1 avada-container layout-default layout-columns-3 fusion-recent-posts-center fusion-recent-posts-infinite fusion-recent-posts-load-more blog-grid\" data-pages=\"1\"><section class=\"fusion-columns columns fusion-columns-3 columns-3\"><article class=\"post fusion-column column col col-lg-4 col-md-4 col-sm-4\"><div class=\"fusion-flexslider fusion-flexslider-loading flexslider flexslider-hover-type-zoomin\"><ul class=\"slides\"><li><a href=\"https:\/\/zivykraj.cz\/ru\/aktivni-dovolena-ru\/karlovarsky-kraj-raj-golfistu\/\" aria-label=\"\u041a\u0430\u0440\u043b\u043e\u0432\u0430\u0440\u0441\u043a\u0438\u0439 \u043a\u0440\u0430\u0439 &#8212; \u0440\u0430\u0439 \u0434\u043b\u044f \u0433\u043e\u043b\u044c\u0444\u0438\u0441\u0442\u043e\u0432\" class=\"hover-type-zoomin\"><img decoding=\"async\" width=\"700\" height=\"441\" src=\"https:\/\/zivykraj.cz\/wp-content\/uploads\/2025\/04\/1L0A1629-1-1-700x441.webp\" class=\"attachment-recent-posts size-recent-posts lazyload\" alt=\"\" srcset=\"data:image\/svg+xml,%3Csvg%20xmlns%3D%27http%3A%2F%2Fwww.w3.org%2F2000%2Fsvg%27%20width%3D%271900%27%20height%3D%271107%27%20viewBox%3D%270%200%201900%201107%27%3E%3Crect%20width%3D%271900%27%20height%3D%271107%27%20fill-opacity%3D%220%22%2F%3E%3C%2Fsvg%3E\" data-orig-src=\"https:\/\/zivykraj.cz\/wp-content\/uploads\/2025\/04\/1L0A1629-1-1-700x441.webp\" data-srcset=\"https:\/\/zivykraj.cz\/wp-content\/uploads\/2025\/04\/1L0A1629-1-1-320x202.webp 320w, https:\/\/zivykraj.cz\/wp-content\/uploads\/2025\/04\/1L0A1629-1-1-700x441.webp 700w\" data-sizes=\"auto\" \/><\/a><\/li><\/ul><\/div><div class=\"recent-posts-content\"><span class=\"vcard\" style=\"display: none;\"><span class=\"fn\"><a href=\"https:\/\/zivykraj.cz\/ru\/author\/admin\/\" title=\"\u0417\u0430\u043f\u0438\u0441\u0438 admin\" rel=\"author\">admin<\/a><\/span><\/span><span class=\"updated\" style=\"display:none;\">2025-05-20T14:09:19+02:00<\/span><h4 class=\"entry-title\"><a href=\"https:\/\/zivykraj.cz\/ru\/aktivni-dovolena-ru\/karlovarsky-kraj-raj-golfistu\/\">\u041a\u0430\u0440\u043b\u043e\u0432\u0430\u0440\u0441\u043a\u0438\u0439 \u043a\u0440\u0430\u0439 &#8212; \u0440\u0430\u0439 \u0434\u043b\u044f \u0433\u043e\u043b\u044c\u0444\u0438\u0441\u0442\u043e\u0432<\/a><\/h4><p>\u041a\u0430\u0440\u043b\u043e\u0432\u0430\u0440\u0441\u043a\u0438\u0439 \u043a\u0440\u0430\u0439 - \u044d\u0442\u043e \u043d\u0435 \u0442\u043e\u043b\u044c\u043a\u043e \u043a\u0443\u0440\u043e\u0440\u0442. \u041f\u043e\u043c\u0438\u043c\u043e \u043c\u043d\u043e\u0436\u0435\u0441\u0442\u0432\u0430 \u043c\u0438\u043d\u0435\u0440\u0430\u043b\u044c\u043d\u044b\u0445 \u0438\u0441\u0442\u043e\u0447\u043d\u0438\u043a\u043e\u0432, \u0437\u0434\u0435\u0441\u044c \u0435\u0441\u0442\u044c \u043f\u0440\u0435\u043a\u0440\u0430\u0441\u043d\u044b\u0435 \u043f\u043e\u043b\u044f \u0434\u043b\u044f \u0433\u043e\u043b\u044c\u0444\u0430. \u041f\u0435\u0440\u0432\u043e\u0435 \u0438\u0437 \u043d\u0438\u0445 \u0431\u044b\u043b\u043e \u043e\u0442\u043a\u0440\u044b\u0442\u043e \u0432 1905 \u0433\u043e\u0434\u0443, \u0430 \u0441\u0435\u0433\u043e\u0434\u043d\u044f \u0432 \u041a\u0430\u0440\u043b\u043e\u0432\u0430\u0440\u0441\u043a\u043e\u043c \u043a\u0440\u0430\u0435 \u0438\u0445 \u0434\u0435\u0441\u044f\u0442\u044c, \u043f\u0440\u0438\u0447\u0435\u043c \u0441\u0435\u043c\u044c \u0438\u0437 \u043d\u0438\u0445 - \u0432\u043e\u0441\u0435\u043c\u043d\u0430\u0434\u0446\u0430\u0442\u0438\u043b\u0443\u043d\u043e\u0447\u043d\u044b\u0435. \u041c\u044b \u043f\u043e\u0437\u043d\u0430\u043a\u043e\u043c\u0438\u043c \u0432\u0430\u0441 \u0441 \u043b\u0443\u0447\u0448\u0438\u043c\u0438 \u0438\u0437 \u043d\u0438\u0445, \u0442\u0430\u043a \u0447\u0442\u043e \u0445\u0432\u0430\u0442\u0430\u0439\u0442\u0435 \u0441\u0443\u043c\u043a\u0443 \u0438 \u0432\u043f\u0435\u0440\u0435\u0434!<\/p><\/div><\/article><\/section><\/div><div class=\"fusion-clearfix\"><\/div><\/div><\/div><\/div><\/div>\n","protected":false},"excerpt":{"rendered":"","protected":false},"author":1,"featured_media":20393,"parent":0,"menu_order":0,"comment_status":"closed","ping_status":"closed","template":"","meta":{"_acf_changed":false,"inline_featured_image":false,"footnotes":""},"acf":[],"yoast_head":"<!-- This site is optimized with the Yoast SEO plugin v22.3 - https:\/\/yoast.com\/wordpress\/plugins\/seo\/ -->\n<title>\u0413\u043e\u043b\u044c\u0444 | \u017divyKraj.cz<\/title>\n<meta name=\"robots\" content=\"index, follow, max-snippet:-1, max-image-preview:large, max-video-preview:-1\" \/>\n<link rel=\"canonical\" href=\"https:\/\/zivykraj.cz\/ru\/%d0%b3%d0%be%d0%bb%d1%8c%d1%84\/\" \/>\n<meta property=\"og:locale\" content=\"ru_RU\" \/>\n<meta property=\"og:type\" content=\"article\" \/>\n<meta property=\"og:title\" content=\"\u0413\u043e\u043b\u044c\u0444 | \u017divyKraj.cz\" \/>\n<meta property=\"og:url\" content=\"https:\/\/zivykraj.cz\/ru\/%d0%b3%d0%be%d0%bb%d1%8c%d1%84\/\" \/>\n<meta property=\"og:site_name\" content=\"\u017divyKraj.cz\" \/>\n<meta property=\"article:modified_time\" content=\"2026-04-01T11:02:47+00:00\" \/>\n<meta property=\"og:image\" content=\"https:\/\/zivykraj.cz\/wp-content\/uploads\/2021\/09\/Golf_uvodni.jpg\" \/>\n\t<meta property=\"og:image:width\" content=\"1920\" \/>\n\t<meta property=\"og:image:height\" content=\"647\" \/>\n\t<meta property=\"og:image:type\" content=\"image\/jpeg\" \/>\n<meta name=\"twitter:card\" content=\"summary_large_image\" \/>\n<meta name=\"twitter:label1\" content=\"\u041f\u0440\u0438\u043c\u0435\u0440\u043d\u043e\u0435 \u0432\u0440\u0435\u043c\u044f \u0434\u043b\u044f \u0447\u0442\u0435\u043d\u0438\u044f\" \/>\n\t<meta name=\"twitter:data1\" content=\"3 \u043c\u0438\u043d\u0443\u0442\u044b\" \/>\n<script type=\"application\/ld+json\" class=\"yoast-schema-graph\">{\"@context\":\"https:\/\/schema.org\",\"@graph\":[{\"@type\":\"WebPage\",\"@id\":\"https:\/\/zivykraj.cz\/ru\/%d0%b3%d0%be%d0%bb%d1%8c%d1%84\/\",\"url\":\"https:\/\/zivykraj.cz\/ru\/%d0%b3%d0%be%d0%bb%d1%8c%d1%84\/\",\"name\":\"\u0413\u043e\u043b\u044c\u0444 | \u017divyKraj.cz\",\"isPartOf\":{\"@id\":\"https:\/\/zivykraj.cz\/ru\/#website\"},\"primaryImageOfPage\":{\"@id\":\"https:\/\/zivykraj.cz\/ru\/%d0%b3%d0%be%d0%bb%d1%8c%d1%84\/#primaryimage\"},\"image\":{\"@id\":\"https:\/\/zivykraj.cz\/ru\/%d0%b3%d0%be%d0%bb%d1%8c%d1%84\/#primaryimage\"},\"thumbnailUrl\":\"https:\/\/zivykraj.cz\/wp-content\/uploads\/2021\/09\/Golf_uvodni.jpg\",\"datePublished\":\"2021-01-18T04:36:04+00:00\",\"dateModified\":\"2026-04-01T11:02:47+00:00\",\"breadcrumb\":{\"@id\":\"https:\/\/zivykraj.cz\/ru\/%d0%b3%d0%be%d0%bb%d1%8c%d1%84\/#breadcrumb\"},\"inLanguage\":\"ru-RU\",\"potentialAction\":[{\"@type\":\"ReadAction\",\"target\":[\"https:\/\/zivykraj.cz\/ru\/%d0%b3%d0%be%d0%bb%d1%8c%d1%84\/\"]}]},{\"@type\":\"ImageObject\",\"inLanguage\":\"ru-RU\",\"@id\":\"https:\/\/zivykraj.cz\/ru\/%d0%b3%d0%be%d0%bb%d1%8c%d1%84\/#primaryimage\",\"url\":\"https:\/\/zivykraj.cz\/wp-content\/uploads\/2021\/09\/Golf_uvodni.jpg\",\"contentUrl\":\"https:\/\/zivykraj.cz\/wp-content\/uploads\/2021\/09\/Golf_uvodni.jpg\",\"width\":1920,\"height\":647},{\"@type\":\"BreadcrumbList\",\"@id\":\"https:\/\/zivykraj.cz\/ru\/%d0%b3%d0%be%d0%bb%d1%8c%d1%84\/#breadcrumb\",\"itemListElement\":[{\"@type\":\"ListItem\",\"position\":1,\"name\":\"Home\",\"item\":\"https:\/\/zivykraj.cz\/ru\/\"},{\"@type\":\"ListItem\",\"position\":2,\"name\":\"\u0413\u043e\u043b\u044c\u0444\"}]},{\"@type\":\"WebSite\",\"@id\":\"https:\/\/zivykraj.cz\/ru\/#website\",\"url\":\"https:\/\/zivykraj.cz\/ru\/\",\"name\":\"\u017divyKraj.cz\",\"description\":\"Turistick\u00fd web - Karlovarsk\u00fd kraj\",\"publisher\":{\"@id\":\"https:\/\/zivykraj.cz\/ru\/#organization\"},\"potentialAction\":[{\"@type\":\"SearchAction\",\"target\":{\"@type\":\"EntryPoint\",\"urlTemplate\":\"https:\/\/zivykraj.cz\/ru\/?s={search_term_string}\"},\"query-input\":\"required name=search_term_string\"}],\"inLanguage\":\"ru-RU\"},{\"@type\":\"Organization\",\"@id\":\"https:\/\/zivykraj.cz\/ru\/#organization\",\"name\":\"\u017divyKraj.cz\",\"url\":\"https:\/\/zivykraj.cz\/ru\/\",\"logo\":{\"@type\":\"ImageObject\",\"inLanguage\":\"ru-RU\",\"@id\":\"https:\/\/zivykraj.cz\/ru\/#\/schema\/logo\/image\/\",\"url\":\"https:\/\/zivykraj.cz\/wp-content\/uploads\/2021\/08\/logo_white.png\",\"contentUrl\":\"https:\/\/zivykraj.cz\/wp-content\/uploads\/2021\/08\/logo_white.png\",\"width\":223,\"height\":59,\"caption\":\"\u017divyKraj.cz\"},\"image\":{\"@id\":\"https:\/\/zivykraj.cz\/ru\/#\/schema\/logo\/image\/\"}}]}<\/script>\n<!-- \/ Yoast SEO plugin. -->","yoast_head_json":{"title":"\u0413\u043e\u043b\u044c\u0444 | \u017divyKraj.cz","robots":{"index":"index","follow":"follow","max-snippet":"max-snippet:-1","max-image-preview":"max-image-preview:large","max-video-preview":"max-video-preview:-1"},"canonical":"https:\/\/zivykraj.cz\/ru\/%d0%b3%d0%be%d0%bb%d1%8c%d1%84\/","og_locale":"ru_RU","og_type":"article","og_title":"\u0413\u043e\u043b\u044c\u0444 | \u017divyKraj.cz","og_url":"https:\/\/zivykraj.cz\/ru\/%d0%b3%d0%be%d0%bb%d1%8c%d1%84\/","og_site_name":"\u017divyKraj.cz","article_modified_time":"2026-04-01T11:02:47+00:00","og_image":[{"width":1920,"height":647,"url":"https:\/\/zivykraj.cz\/wp-content\/uploads\/2021\/09\/Golf_uvodni.jpg","type":"image\/jpeg"}],"twitter_card":"summary_large_image","twitter_misc":{"\u041f\u0440\u0438\u043c\u0435\u0440\u043d\u043e\u0435 \u0432\u0440\u0435\u043c\u044f \u0434\u043b\u044f \u0447\u0442\u0435\u043d\u0438\u044f":"3 \u043c\u0438\u043d\u0443\u0442\u044b"},"schema":{"@context":"https:\/\/schema.org","@graph":[{"@type":"WebPage","@id":"https:\/\/zivykraj.cz\/ru\/%d0%b3%d0%be%d0%bb%d1%8c%d1%84\/","url":"https:\/\/zivykraj.cz\/ru\/%d0%b3%d0%be%d0%bb%d1%8c%d1%84\/","name":"\u0413\u043e\u043b\u044c\u0444 | \u017divyKraj.cz","isPartOf":{"@id":"https:\/\/zivykraj.cz\/ru\/#website"},"primaryImageOfPage":{"@id":"https:\/\/zivykraj.cz\/ru\/%d0%b3%d0%be%d0%bb%d1%8c%d1%84\/#primaryimage"},"image":{"@id":"https:\/\/zivykraj.cz\/ru\/%d0%b3%d0%be%d0%bb%d1%8c%d1%84\/#primaryimage"},"thumbnailUrl":"https:\/\/zivykraj.cz\/wp-content\/uploads\/2021\/09\/Golf_uvodni.jpg","datePublished":"2021-01-18T04:36:04+00:00","dateModified":"2026-04-01T11:02:47+00:00","breadcrumb":{"@id":"https:\/\/zivykraj.cz\/ru\/%d0%b3%d0%be%d0%bb%d1%8c%d1%84\/#breadcrumb"},"inLanguage":"ru-RU","potentialAction":[{"@type":"ReadAction","target":["https:\/\/zivykraj.cz\/ru\/%d0%b3%d0%be%d0%bb%d1%8c%d1%84\/"]}]},{"@type":"ImageObject","inLanguage":"ru-RU","@id":"https:\/\/zivykraj.cz\/ru\/%d0%b3%d0%be%d0%bb%d1%8c%d1%84\/#primaryimage","url":"https:\/\/zivykraj.cz\/wp-content\/uploads\/2021\/09\/Golf_uvodni.jpg","contentUrl":"https:\/\/zivykraj.cz\/wp-content\/uploads\/2021\/09\/Golf_uvodni.jpg","width":1920,"height":647},{"@type":"BreadcrumbList","@id":"https:\/\/zivykraj.cz\/ru\/%d0%b3%d0%be%d0%bb%d1%8c%d1%84\/#breadcrumb","itemListElement":[{"@type":"ListItem","position":1,"name":"Home","item":"https:\/\/zivykraj.cz\/ru\/"},{"@type":"ListItem","position":2,"name":"\u0413\u043e\u043b\u044c\u0444"}]},{"@type":"WebSite","@id":"https:\/\/zivykraj.cz\/ru\/#website","url":"https:\/\/zivykraj.cz\/ru\/","name":"\u017divyKraj.cz","description":"Turistick\u00fd web - Karlovarsk\u00fd kraj","publisher":{"@id":"https:\/\/zivykraj.cz\/ru\/#organization"},"potentialAction":[{"@type":"SearchAction","target":{"@type":"EntryPoint","urlTemplate":"https:\/\/zivykraj.cz\/ru\/?s={search_term_string}"},"query-input":"required name=search_term_string"}],"inLanguage":"ru-RU"},{"@type":"Organization","@id":"https:\/\/zivykraj.cz\/ru\/#organization","name":"\u017divyKraj.cz","url":"https:\/\/zivykraj.cz\/ru\/","logo":{"@type":"ImageObject","inLanguage":"ru-RU","@id":"https:\/\/zivykraj.cz\/ru\/#\/schema\/logo\/image\/","url":"https:\/\/zivykraj.cz\/wp-content\/uploads\/2021\/08\/logo_white.png","contentUrl":"https:\/\/zivykraj.cz\/wp-content\/uploads\/2021\/08\/logo_white.png","width":223,"height":59,"caption":"\u017divyKraj.cz"},"image":{"@id":"https:\/\/zivykraj.cz\/ru\/#\/schema\/logo\/image\/"}}]}},"_links":{"self":[{"href":"https:\/\/zivykraj.cz\/ru\/wp-json\/wp\/v2\/pages\/20418"}],"collection":[{"href":"https:\/\/zivykraj.cz\/ru\/wp-json\/wp\/v2\/pages"}],"about":[{"href":"https:\/\/zivykraj.cz\/ru\/wp-json\/wp\/v2\/types\/page"}],"author":[{"embeddable":true,"href":"https:\/\/zivykraj.cz\/ru\/wp-json\/wp\/v2\/users\/1"}],"replies":[{"embeddable":true,"href":"https:\/\/zivykraj.cz\/ru\/wp-json\/wp\/v2\/comments?post=20418"}],"version-history":[{"count":3,"href":"https:\/\/zivykraj.cz\/ru\/wp-json\/wp\/v2\/pages\/20418\/revisions"}],"predecessor-version":[{"id":93149,"href":"https:\/\/zivykraj.cz\/ru\/wp-json\/wp\/v2\/pages\/20418\/revisions\/93149"}],"wp:featuredmedia":[{"embeddable":true,"href":"https:\/\/zivykraj.cz\/ru\/wp-json\/wp\/v2\/media\/20393"}],"wp:attachment":[{"href":"https:\/\/zivykraj.cz\/ru\/wp-json\/wp\/v2\/media?parent=20418"}],"curies":[{"name":"wp","href":"https:\/\/api.w.org\/{rel}","templated":true}]}}