{"id":20448,"date":"2021-01-18T05:34:25","date_gmt":"2021-01-18T04:34:25","guid":{"rendered":"https:\/\/zivykraj.cz\/adrenalinove-sporty\/"},"modified":"2022-07-18T11:03:14","modified_gmt":"2022-07-18T09:03:14","slug":"%d1%8d%d0%ba%d1%81%d1%82%d1%80%d0%b8%d0%bc","status":"publish","type":"page","link":"https:\/\/zivykraj.cz\/ru\/%d1%8d%d0%ba%d1%81%d1%82%d1%80%d0%b8%d0%bc\/","title":{"rendered":"\u042d\u043a\u0441\u0442\u0440\u0438\u043c"},"content":{"rendered":"<div class=\"fusion-fullwidth fullwidth-box fusion-builder-row-1 nonhundred-percent-fullwidth non-hundred-percent-height-scrolling\" style=\"background-color: rgba(255,255,255,0);background-position: center center;background-repeat: no-repeat;padding-top:0px;padding-right:0px;padding-bottom:0px;padding-left:0px;margin-bottom: 0px;margin-top: 0px;border-width: 0px 0px 0px 0px;border-color:#ecefef;border-style:solid;\" ><div class=\"fusion-builder-row fusion-row\"><div class=\"fusion-layout-column fusion_builder_column fusion-builder-column-0 fusion_builder_column_1_1 1_1 fusion-one-full fusion-column-first fusion-column-last\" style=\"margin-top:25px;margin-bottom:0px;\"><div class=\"fusion-column-wrapper fusion-flex-column-wrapper-legacy\" style=\"background-position:left top;background-repeat:no-repeat;-webkit-background-size:cover;-moz-background-size:cover;-o-background-size:cover;background-size:cover;padding: 0px 0px 0px 0px;\"><div class=\"fusion-text fusion-text-1\"><h3><b>\u041d\u0430\u0441\u043b\u0430\u0434\u0438\u0442\u0435\u0441\u044c \u0431\u0435\u0437\u0443\u0434\u0435\u0440\u0436\u043d\u043e\u0441\u0442\u044c\u044e \u0438 \u0430\u0434\u0440\u0435\u043d\u0430\u043b\u0438\u043d\u043e\u043c \u043e\u0442 \u043d\u0438\u0447\u0435\u043c \u043d\u0435 \u043e\u0433\u0440\u0430\u043d\u0438\u0447\u0435\u043d\u043d\u043e\u0433\u043e \u044d\u043a\u0441\u0442\u0440\u0438\u043c\u0430.<\/b><\/h3>\n<p>\u0412\u044b \u043d\u0435\u043f\u043e\u0441\u0435\u0434\u0430 \u0438 \u0431\u043e\u043b\u044c\u0448\u043e\u0439 \u043b\u044e\u0431\u0438\u0442\u0435\u043b\u044c \u043e\u0442\u0434\u044b\u0445\u0430 \u043d\u0430 \u043f\u0440\u0438\u0440\u043e\u0434\u0435, \u0432\u0430\u0441 \u043f\u0440\u0438\u0442\u044f\u0433\u0438\u0432\u0430\u044e\u0442 \u044d\u043a\u0441\u0442\u0440\u0435\u043c\u0430\u043b\u044c\u043d\u044b\u0435 \u0432\u0438\u0434\u044b \u0440\u0430\u0437\u0432\u043b\u0435\u0447\u0435\u043d\u0438\u0439? \u0422\u043e\u0433\u0434\u0430 \u0432\u044b \u043f\u043e\u043f\u0430\u043b\u0438 \u0432 \u0441\u0432\u043e\u044e \u0441\u0442\u0438\u0445\u0438\u044e. \u041f\u043e\u043b\u0443\u0447\u0438\u0442\u0435 \u043c\u043e\u0440\u0435 \u0443\u0434\u043e\u0432\u043e\u043b\u044c\u0441\u0442\u0432\u0438\u044f \u043e\u0442 \u0434\u043b\u0438\u043d\u043d\u043e\u0433\u043e \u043f\u0435\u0440\u0435\u0447\u043d\u044f \u044d\u043a\u0441\u0442\u0440\u0435\u043c\u0430\u043b\u044c\u043d\u044b\u0445 \u0432\u0438\u0434\u043e\u0432 \u0441\u043f\u043e\u0440\u0442\u0430, \u043f\u0440\u0435\u0434\u0441\u0442\u0430\u0432\u043b\u0435\u043d\u043d\u044b\u0445 \u0432 \u041a\u0430\u0440\u043b\u043e\u0432\u0430\u0440\u0441\u043a\u043e\u043c \u043a\u0440\u0430\u0435. \u0412 \u0433\u043e\u0440\u0430\u0445 \u043f\u0440\u043e\u043a\u0430\u0442\u0438\u0442\u0435\u0441\u044c \u043d\u0430 \u0433\u043e\u0440\u043d\u044b\u0445 \u0441\u0430\u043c\u043e\u043a\u0430\u0442\u0430\u0445 \u0438\u043b\u0438 \u043a\u0432\u0430\u0434\u0440\u043e\u0446\u0438\u043a\u043b\u0430\u0445, \u0438\u043b\u0438 \u0441\u043f\u0443\u0441\u0442\u0438\u0442\u0435\u0441\u044c \u043f\u043e \u043e\u0434\u043d\u043e\u0439 \u0438\u0437 \u0442\u0440\u0430\u0441\u0441 \u043d\u0430 \u0442\u0440\u0435\u0439\u043b\u043e\u0432\u043e\u043c \u0432\u0435\u043b\u043e\u0441\u0438\u043f\u0435\u0434\u0435. \u041a\u0430\u0440\u043b\u043e\u0432\u0430\u0440\u0441\u043a\u0438\u0435 \u043b\u0435\u0441\u0430 \u0445\u043e\u0440\u043e\u0448\u043e \u043f\u043e\u0434\u0445\u043e\u0434\u044f\u0442 \u0434\u043b\u044f \u043f\u0435\u0439\u043d\u0442\u0431\u043e\u043b\u0430, \u0438 \u0432 \u043d\u0438\u0445 \u0440\u0430\u0431\u043e\u0442\u0430\u044e\u0442 \u043d\u0435\u0441\u043a\u043e\u043b\u044c\u043a\u043e \u0432\u0435\u0440\u0435\u0432\u043e\u0447\u043d\u044b\u0445 \u043f\u0430\u0440\u043a\u043e\u0432 \u0441 \u043c\u0430\u0440\u0448\u0440\u0443\u0442\u0430\u043c\u0438 \u0434\u043b\u044f \u0434\u0435\u0442\u0435\u0439 \u0438 \u0432\u0437\u0440\u043e\u0441\u043b\u044b\u0445. \u0415\u0441\u043b\u0438 \u0432\u044b \u0445\u043e\u0442\u0438\u0442\u0435 \u043f\u043e\u0447\u0443\u0432\u0441\u0442\u0432\u043e\u0432\u0430\u0442\u044c \u0441\u0435\u0431\u044f \u043d\u0430\u0441\u0442\u043e\u044f\u0449\u0438\u043c \u0433\u043e\u043d\u0449\u0438\u043a\u043e\u043c, \u043f\u0440\u043e\u043a\u0430\u0442\u0438\u0442\u0435\u0441\u044c \u043d\u0430 \u0441\u0430\u043c\u043e\u043c \u0431\u043e\u043b\u044c\u0448\u043e\u043c \u0432 \u0441\u0432\u043e\u0435\u043c \u0440\u043e\u0434\u0435 \u043a\u0430\u0440\u0442\u043e\u0434\u0440\u043e\u043c\u0435 Kartarena \u0443 \u0425\u0435\u0431\u0430. \u0410 \u0435\u0441\u043b\u0438 \u0432\u0430\u043c \u0438 \u044d\u0442\u043e\u0433\u043e \u043c\u0430\u043b\u043e, \u043e\u0442\u043a\u0440\u043e\u0439\u0442\u0435 \u0434\u043b\u044f \u0441\u0435\u0431\u044f \u043a\u0440\u0430\u0439 \u0441 \u0432\u044b\u0441\u043e\u0442\u044b \u043f\u0442\u0438\u0447\u044c\u0435\u0433\u043e \u043f\u043e\u043b\u0435\u0442\u0430 \u0441 \u0431\u043e\u0440\u0442\u0430 \u044d\u043a\u0441\u043a\u0443\u0440\u0441\u0438\u043e\u043d\u043d\u043e\u0433\u043e \u0441\u0430\u043c\u043e\u043b\u0435\u0442\u0430.<\/p>\n<\/div><div class=\"fusion-sep-clear\"><\/div><div class=\"fusion-separator fusion-full-width-sep\" style=\"margin-left: auto;margin-right: auto;margin-top:40px;width:100%;\"><\/div><div class=\"fusion-sep-clear\"><\/div><style type=\"text\/css\">.fusion-gallery-1 .fusion-gallery-image {border:0px solid #f2f3f3;}<\/style><div class=\"fusion-gallery fusion-gallery-container fusion-grid-3 fusion-columns-total-3 fusion-gallery-layout-grid fusion-gallery-1\" style=\"margin:-5px;\"><div style=\"padding:5px;\" class=\"fusion-grid-column fusion-gallery-column fusion-gallery-column-3 hover-type-none\"><div class=\"fusion-gallery-image\"><a href=\"https:\/\/zivykraj.cz\/wp-content\/uploads\/2021\/10\/GRE_3441-scaled.jpg\" rel=\"noreferrer\" data-rel=\"iLightbox[gallery_image_1]\" class=\"fusion-lightbox\" target=\"_self\"><img decoding=\"async\" src=\"https:\/\/zivykraj.cz\/wp-content\/uploads\/2021\/10\/GRE_3441-460x295.jpg\" width=\"460\" height=\"295\" alt=\"\" title=\"GRE_3441\" aria-label=\"GRE_3441\" class=\"img-responsive wp-image-19067 fusion-gallery-image-size-fixed\"  \/><\/a><\/div><\/div><div style=\"padding:5px;\" class=\"fusion-grid-column fusion-gallery-column fusion-gallery-column-3 hover-type-none\"><div class=\"fusion-gallery-image\"><a href=\"https:\/\/zivykraj.cz\/wp-content\/uploads\/2021\/10\/1L0A8606-scaled.jpg\" rel=\"noreferrer\" data-rel=\"iLightbox[gallery_image_1]\" class=\"fusion-lightbox\" target=\"_self\"><img decoding=\"async\" src=\"https:\/\/zivykraj.cz\/wp-content\/uploads\/2021\/10\/1L0A8606-460x295.jpg\" width=\"460\" height=\"295\" alt=\"\" title=\"1L0A8606\" aria-label=\"1L0A8606\" class=\"img-responsive wp-image-19074 fusion-gallery-image-size-fixed\"  \/><\/a><\/div><\/div><div style=\"padding:5px;\" class=\"fusion-grid-column fusion-gallery-column fusion-gallery-column-3 hover-type-none\"><div class=\"fusion-gallery-image\"><a href=\"https:\/\/zivykraj.cz\/wp-content\/uploads\/2021\/10\/1L0A7935-scaled.jpg\" rel=\"noreferrer\" data-rel=\"iLightbox[gallery_image_1]\" class=\"fusion-lightbox\" target=\"_self\"><img decoding=\"async\" src=\"https:\/\/zivykraj.cz\/wp-content\/uploads\/2021\/10\/1L0A7935-460x295.jpg\" width=\"460\" height=\"295\" alt=\"\" title=\"1L0A7935\" aria-label=\"1L0A7935\" class=\"img-responsive wp-image-19064 fusion-gallery-image-size-fixed\"  \/><\/a><\/div><\/div><div class=\"clearfix\"><\/div><\/div><div class=\"fusion-text fusion-text-2\"><h2 style=\"text-align: center;\"><b>\u0432\u0434\u043e\u0445\u043d\u043e\u0432\u0438\u0442\u044c\u0441\u044f<\/b><\/h2>\n<\/div><div class=\"fusion-recent-posts fusion-recent-posts-1 avada-container layout-default layout-columns-3 fusion-recent-posts-infinite fusion-recent-posts-load-more blog-grid\" data-pages=\"1\"><section class=\"fusion-columns columns fusion-columns-3 columns-3\"><article class=\"post fusion-column column col col-lg-4 col-md-4 col-sm-4\"><div class=\"fusion-flexslider fusion-flexslider-loading flexslider flexslider-hover-type-zoomin\"><ul class=\"slides\"><li><a href=\"https:\/\/zivykraj.cz\/ru\/aktivni-dovolena-ru\/%d0%b4%d0%b8%d0%ba%d0%b8%d0%b5-%d0%b7%d0%b8%d0%bc%d0%bd%d0%b8%d0%b5-%d0%bf%d0%be%d0%ba%d0%b0%d1%82%d1%83%d1%88%d0%ba%d0%b8\/\" aria-label=\"\u0414\u0438\u043a\u0438\u0435 \u0437\u0438\u043c\u043d\u0438\u0435 \u043f\u043e\u043a\u0430\u0442\u0443\u0448\u043a\u0438\" class=\"hover-type-zoomin\"><img decoding=\"async\" width=\"1344\" height=\"896\" src=\"https:\/\/zivykraj.cz\/wp-content\/uploads\/2021\/12\/Stepan-Latal-Snowkiting-Bozi-Dar2.jpg\" class=\"attachment-full size-full lazyload\" alt=\"\" srcset=\"data:image\/svg+xml,%3Csvg%20xmlns%3D%27http%3A%2F%2Fwww.w3.org%2F2000%2Fsvg%27%20width%3D%271344%27%20height%3D%27896%27%20viewBox%3D%270%200%201344%20896%27%3E%3Crect%20width%3D%271344%27%20height%3D%27896%27%20fill-opacity%3D%220%22%2F%3E%3C%2Fsvg%3E\" data-orig-src=\"https:\/\/zivykraj.cz\/wp-content\/uploads\/2021\/12\/Stepan-Latal-Snowkiting-Bozi-Dar2.jpg\" data-srcset=\"https:\/\/zivykraj.cz\/wp-content\/uploads\/2021\/12\/Stepan-Latal-Snowkiting-Bozi-Dar2-200x133.jpg 200w, https:\/\/zivykraj.cz\/wp-content\/uploads\/2021\/12\/Stepan-Latal-Snowkiting-Bozi-Dar2-400x267.jpg 400w, https:\/\/zivykraj.cz\/wp-content\/uploads\/2021\/12\/Stepan-Latal-Snowkiting-Bozi-Dar2-600x400.jpg 600w, https:\/\/zivykraj.cz\/wp-content\/uploads\/2021\/12\/Stepan-Latal-Snowkiting-Bozi-Dar2-800x533.jpg 800w, https:\/\/zivykraj.cz\/wp-content\/uploads\/2021\/12\/Stepan-Latal-Snowkiting-Bozi-Dar2-1200x800.jpg 1200w, https:\/\/zivykraj.cz\/wp-content\/uploads\/2021\/12\/Stepan-Latal-Snowkiting-Bozi-Dar2.jpg 1344w\" data-sizes=\"auto\" \/><\/a><\/li><\/ul><\/div><div class=\"recent-posts-content\"><span class=\"vcard\" style=\"display: none;\"><span class=\"fn\"><a href=\"https:\/\/zivykraj.cz\/ru\/author\/admin\/\" title=\"\u0417\u0430\u043f\u0438\u0441\u0438 admin\" rel=\"author\">admin<\/a><\/span><\/span><span class=\"updated\" style=\"display:none;\">2026-04-16T09:48:13+02:00<\/span><h4 class=\"entry-title\"><a href=\"https:\/\/zivykraj.cz\/ru\/aktivni-dovolena-ru\/%d0%b4%d0%b8%d0%ba%d0%b8%d0%b5-%d0%b7%d0%b8%d0%bc%d0%bd%d0%b8%d0%b5-%d0%bf%d0%be%d0%ba%d0%b0%d1%82%d1%83%d1%88%d0%ba%d0%b8\/\">\u0414\u0438\u043a\u0438\u0435 \u0437\u0438\u043c\u043d\u0438\u0435 \u043f\u043e\u043a\u0430\u0442\u0443\u0448\u043a\u0438<\/a><\/h4><p>\u0412\u0430\u043c \u0443\u0436\u0435 \u043d\u0430\u0434\u043e\u0435\u043b\u043e \u0432\u0430\u043b\u044f\u0442\u044c\u0441\u044f \u043f\u0435\u0440\u0435\u0434 \u0442\u0435\u043b\u0435\u0432\u0438\u0437\u043e\u0440\u043e\u043c \u0438 \u043e\u0431\u044a\u0435\u0434\u0430\u0442\u044c\u0441\u044f \u0441\u043b\u0430\u0434\u043e\u0441\u0442\u044f\u043c\u0438? \u041e\u0442\u043f\u0440\u0430\u0432\u043b\u044f\u0439\u0442\u0435\u0441\u044c \u043d\u0430 \u043f\u043e\u0438\u0441\u043a\u0438 \u0440\u0430\u0437\u0432\u043b\u0435\u0447\u0435\u043d\u0438\u0439! \u041a\u0430\u0440\u043b\u043e\u0432\u0430\u0440\u0441\u043a\u0438\u0439 \u043a\u0440\u0430\u0439 \u043f\u0440\u0435\u0434\u043b\u0430\u0433\u0430\u0435\u0442 \u043c\u043d\u043e\u0436\u0435\u0441\u0442\u0432\u043e \u0432\u043e\u0437\u043c\u043e\u0436\u043d\u043e\u0441\u0442\u0435\u0439 ...<\/p><\/div><\/article><\/section><\/div><div class=\"fusion-sep-clear\"><\/div><div class=\"fusion-separator fusion-full-width-sep\" style=\"margin-left: auto;margin-right: auto;width:100%;\"><\/div><div class=\"fusion-sep-clear\"><\/div><div class=\"fusion-clearfix\"><\/div><\/div><\/div><\/div><\/div>\n","protected":false},"excerpt":{"rendered":"","protected":false},"author":1,"featured_media":20391,"parent":0,"menu_order":0,"comment_status":"closed","ping_status":"closed","template":"","meta":{"_acf_changed":false,"inline_featured_image":false,"footnotes":""},"acf":[],"yoast_head":"<!-- This site is optimized with the Yoast SEO plugin v22.3 - https:\/\/yoast.com\/wordpress\/plugins\/seo\/ -->\n<title>\u042d\u043a\u0441\u0442\u0440\u0438\u043c | \u017divyKraj.cz<\/title>\n<meta name=\"robots\" content=\"index, follow, max-snippet:-1, max-image-preview:large, max-video-preview:-1\" \/>\n<link rel=\"canonical\" href=\"https:\/\/zivykraj.cz\/ru\/%d1%8d%d0%ba%d1%81%d1%82%d1%80%d0%b8%d0%bc\/\" \/>\n<meta property=\"og:locale\" content=\"ru_RU\" \/>\n<meta property=\"og:type\" content=\"article\" \/>\n<meta property=\"og:title\" content=\"\u042d\u043a\u0441\u0442\u0440\u0438\u043c | \u017divyKraj.cz\" \/>\n<meta property=\"og:url\" content=\"https:\/\/zivykraj.cz\/ru\/%d1%8d%d0%ba%d1%81%d1%82%d1%80%d0%b8%d0%bc\/\" \/>\n<meta property=\"og:site_name\" content=\"\u017divyKraj.cz\" \/>\n<meta property=\"article:modified_time\" content=\"2022-07-18T09:03:14+00:00\" \/>\n<meta property=\"og:image\" content=\"https:\/\/zivykraj.cz\/wp-content\/uploads\/2021\/09\/Adrenalin_uvodni.jpg\" \/>\n\t<meta property=\"og:image:width\" content=\"1920\" \/>\n\t<meta property=\"og:image:height\" content=\"647\" \/>\n\t<meta property=\"og:image:type\" content=\"image\/jpeg\" \/>\n<meta name=\"twitter:card\" content=\"summary_large_image\" \/>\n<meta name=\"twitter:label1\" content=\"\u041f\u0440\u0438\u043c\u0435\u0440\u043d\u043e\u0435 \u0432\u0440\u0435\u043c\u044f \u0434\u043b\u044f \u0447\u0442\u0435\u043d\u0438\u044f\" \/>\n\t<meta name=\"twitter:data1\" content=\"2 \u043c\u0438\u043d\u0443\u0442\u044b\" \/>\n<script type=\"application\/ld+json\" class=\"yoast-schema-graph\">{\"@context\":\"https:\/\/schema.org\",\"@graph\":[{\"@type\":\"WebPage\",\"@id\":\"https:\/\/zivykraj.cz\/ru\/%d1%8d%d0%ba%d1%81%d1%82%d1%80%d0%b8%d0%bc\/\",\"url\":\"https:\/\/zivykraj.cz\/ru\/%d1%8d%d0%ba%d1%81%d1%82%d1%80%d0%b8%d0%bc\/\",\"name\":\"\u042d\u043a\u0441\u0442\u0440\u0438\u043c | \u017divyKraj.cz\",\"isPartOf\":{\"@id\":\"https:\/\/zivykraj.cz\/ru\/#website\"},\"primaryImageOfPage\":{\"@id\":\"https:\/\/zivykraj.cz\/ru\/%d1%8d%d0%ba%d1%81%d1%82%d1%80%d0%b8%d0%bc\/#primaryimage\"},\"image\":{\"@id\":\"https:\/\/zivykraj.cz\/ru\/%d1%8d%d0%ba%d1%81%d1%82%d1%80%d0%b8%d0%bc\/#primaryimage\"},\"thumbnailUrl\":\"https:\/\/zivykraj.cz\/wp-content\/uploads\/2021\/09\/Adrenalin_uvodni.jpg\",\"datePublished\":\"2021-01-18T04:34:25+00:00\",\"dateModified\":\"2022-07-18T09:03:14+00:00\",\"breadcrumb\":{\"@id\":\"https:\/\/zivykraj.cz\/ru\/%d1%8d%d0%ba%d1%81%d1%82%d1%80%d0%b8%d0%bc\/#breadcrumb\"},\"inLanguage\":\"ru-RU\",\"potentialAction\":[{\"@type\":\"ReadAction\",\"target\":[\"https:\/\/zivykraj.cz\/ru\/%d1%8d%d0%ba%d1%81%d1%82%d1%80%d0%b8%d0%bc\/\"]}]},{\"@type\":\"ImageObject\",\"inLanguage\":\"ru-RU\",\"@id\":\"https:\/\/zivykraj.cz\/ru\/%d1%8d%d0%ba%d1%81%d1%82%d1%80%d0%b8%d0%bc\/#primaryimage\",\"url\":\"https:\/\/zivykraj.cz\/wp-content\/uploads\/2021\/09\/Adrenalin_uvodni.jpg\",\"contentUrl\":\"https:\/\/zivykraj.cz\/wp-content\/uploads\/2021\/09\/Adrenalin_uvodni.jpg\",\"width\":1920,\"height\":647},{\"@type\":\"BreadcrumbList\",\"@id\":\"https:\/\/zivykraj.cz\/ru\/%d1%8d%d0%ba%d1%81%d1%82%d1%80%d0%b8%d0%bc\/#breadcrumb\",\"itemListElement\":[{\"@type\":\"ListItem\",\"position\":1,\"name\":\"Home\",\"item\":\"https:\/\/zivykraj.cz\/ru\/\"},{\"@type\":\"ListItem\",\"position\":2,\"name\":\"\u042d\u043a\u0441\u0442\u0440\u0438\u043c\"}]},{\"@type\":\"WebSite\",\"@id\":\"https:\/\/zivykraj.cz\/ru\/#website\",\"url\":\"https:\/\/zivykraj.cz\/ru\/\",\"name\":\"\u017divyKraj.cz\",\"description\":\"Turistick\u00fd web - Karlovarsk\u00fd kraj\",\"publisher\":{\"@id\":\"https:\/\/zivykraj.cz\/ru\/#organization\"},\"potentialAction\":[{\"@type\":\"SearchAction\",\"target\":{\"@type\":\"EntryPoint\",\"urlTemplate\":\"https:\/\/zivykraj.cz\/ru\/?s={search_term_string}\"},\"query-input\":\"required name=search_term_string\"}],\"inLanguage\":\"ru-RU\"},{\"@type\":\"Organization\",\"@id\":\"https:\/\/zivykraj.cz\/ru\/#organization\",\"name\":\"\u017divyKraj.cz\",\"url\":\"https:\/\/zivykraj.cz\/ru\/\",\"logo\":{\"@type\":\"ImageObject\",\"inLanguage\":\"ru-RU\",\"@id\":\"https:\/\/zivykraj.cz\/ru\/#\/schema\/logo\/image\/\",\"url\":\"https:\/\/zivykraj.cz\/wp-content\/uploads\/2021\/08\/logo_white.png\",\"contentUrl\":\"https:\/\/zivykraj.cz\/wp-content\/uploads\/2021\/08\/logo_white.png\",\"width\":223,\"height\":59,\"caption\":\"\u017divyKraj.cz\"},\"image\":{\"@id\":\"https:\/\/zivykraj.cz\/ru\/#\/schema\/logo\/image\/\"}}]}<\/script>\n<!-- \/ Yoast SEO plugin. -->","yoast_head_json":{"title":"\u042d\u043a\u0441\u0442\u0440\u0438\u043c | \u017divyKraj.cz","robots":{"index":"index","follow":"follow","max-snippet":"max-snippet:-1","max-image-preview":"max-image-preview:large","max-video-preview":"max-video-preview:-1"},"canonical":"https:\/\/zivykraj.cz\/ru\/%d1%8d%d0%ba%d1%81%d1%82%d1%80%d0%b8%d0%bc\/","og_locale":"ru_RU","og_type":"article","og_title":"\u042d\u043a\u0441\u0442\u0440\u0438\u043c | \u017divyKraj.cz","og_url":"https:\/\/zivykraj.cz\/ru\/%d1%8d%d0%ba%d1%81%d1%82%d1%80%d0%b8%d0%bc\/","og_site_name":"\u017divyKraj.cz","article_modified_time":"2022-07-18T09:03:14+00:00","og_image":[{"width":1920,"height":647,"url":"https:\/\/zivykraj.cz\/wp-content\/uploads\/2021\/09\/Adrenalin_uvodni.jpg","type":"image\/jpeg"}],"twitter_card":"summary_large_image","twitter_misc":{"\u041f\u0440\u0438\u043c\u0435\u0440\u043d\u043e\u0435 \u0432\u0440\u0435\u043c\u044f \u0434\u043b\u044f \u0447\u0442\u0435\u043d\u0438\u044f":"2 \u043c\u0438\u043d\u0443\u0442\u044b"},"schema":{"@context":"https:\/\/schema.org","@graph":[{"@type":"WebPage","@id":"https:\/\/zivykraj.cz\/ru\/%d1%8d%d0%ba%d1%81%d1%82%d1%80%d0%b8%d0%bc\/","url":"https:\/\/zivykraj.cz\/ru\/%d1%8d%d0%ba%d1%81%d1%82%d1%80%d0%b8%d0%bc\/","name":"\u042d\u043a\u0441\u0442\u0440\u0438\u043c | \u017divyKraj.cz","isPartOf":{"@id":"https:\/\/zivykraj.cz\/ru\/#website"},"primaryImageOfPage":{"@id":"https:\/\/zivykraj.cz\/ru\/%d1%8d%d0%ba%d1%81%d1%82%d1%80%d0%b8%d0%bc\/#primaryimage"},"image":{"@id":"https:\/\/zivykraj.cz\/ru\/%d1%8d%d0%ba%d1%81%d1%82%d1%80%d0%b8%d0%bc\/#primaryimage"},"thumbnailUrl":"https:\/\/zivykraj.cz\/wp-content\/uploads\/2021\/09\/Adrenalin_uvodni.jpg","datePublished":"2021-01-18T04:34:25+00:00","dateModified":"2022-07-18T09:03:14+00:00","breadcrumb":{"@id":"https:\/\/zivykraj.cz\/ru\/%d1%8d%d0%ba%d1%81%d1%82%d1%80%d0%b8%d0%bc\/#breadcrumb"},"inLanguage":"ru-RU","potentialAction":[{"@type":"ReadAction","target":["https:\/\/zivykraj.cz\/ru\/%d1%8d%d0%ba%d1%81%d1%82%d1%80%d0%b8%d0%bc\/"]}]},{"@type":"ImageObject","inLanguage":"ru-RU","@id":"https:\/\/zivykraj.cz\/ru\/%d1%8d%d0%ba%d1%81%d1%82%d1%80%d0%b8%d0%bc\/#primaryimage","url":"https:\/\/zivykraj.cz\/wp-content\/uploads\/2021\/09\/Adrenalin_uvodni.jpg","contentUrl":"https:\/\/zivykraj.cz\/wp-content\/uploads\/2021\/09\/Adrenalin_uvodni.jpg","width":1920,"height":647},{"@type":"BreadcrumbList","@id":"https:\/\/zivykraj.cz\/ru\/%d1%8d%d0%ba%d1%81%d1%82%d1%80%d0%b8%d0%bc\/#breadcrumb","itemListElement":[{"@type":"ListItem","position":1,"name":"Home","item":"https:\/\/zivykraj.cz\/ru\/"},{"@type":"ListItem","position":2,"name":"\u042d\u043a\u0441\u0442\u0440\u0438\u043c"}]},{"@type":"WebSite","@id":"https:\/\/zivykraj.cz\/ru\/#website","url":"https:\/\/zivykraj.cz\/ru\/","name":"\u017divyKraj.cz","description":"Turistick\u00fd web - Karlovarsk\u00fd kraj","publisher":{"@id":"https:\/\/zivykraj.cz\/ru\/#organization"},"potentialAction":[{"@type":"SearchAction","target":{"@type":"EntryPoint","urlTemplate":"https:\/\/zivykraj.cz\/ru\/?s={search_term_string}"},"query-input":"required name=search_term_string"}],"inLanguage":"ru-RU"},{"@type":"Organization","@id":"https:\/\/zivykraj.cz\/ru\/#organization","name":"\u017divyKraj.cz","url":"https:\/\/zivykraj.cz\/ru\/","logo":{"@type":"ImageObject","inLanguage":"ru-RU","@id":"https:\/\/zivykraj.cz\/ru\/#\/schema\/logo\/image\/","url":"https:\/\/zivykraj.cz\/wp-content\/uploads\/2021\/08\/logo_white.png","contentUrl":"https:\/\/zivykraj.cz\/wp-content\/uploads\/2021\/08\/logo_white.png","width":223,"height":59,"caption":"\u017divyKraj.cz"},"image":{"@id":"https:\/\/zivykraj.cz\/ru\/#\/schema\/logo\/image\/"}}]}},"_links":{"self":[{"href":"https:\/\/zivykraj.cz\/ru\/wp-json\/wp\/v2\/pages\/20448"}],"collection":[{"href":"https:\/\/zivykraj.cz\/ru\/wp-json\/wp\/v2\/pages"}],"about":[{"href":"https:\/\/zivykraj.cz\/ru\/wp-json\/wp\/v2\/types\/page"}],"author":[{"embeddable":true,"href":"https:\/\/zivykraj.cz\/ru\/wp-json\/wp\/v2\/users\/1"}],"replies":[{"embeddable":true,"href":"https:\/\/zivykraj.cz\/ru\/wp-json\/wp\/v2\/comments?post=20448"}],"version-history":[{"count":2,"href":"https:\/\/zivykraj.cz\/ru\/wp-json\/wp\/v2\/pages\/20448\/revisions"}],"predecessor-version":[{"id":64430,"href":"https:\/\/zivykraj.cz\/ru\/wp-json\/wp\/v2\/pages\/20448\/revisions\/64430"}],"wp:featuredmedia":[{"embeddable":true,"href":"https:\/\/zivykraj.cz\/ru\/wp-json\/wp\/v2\/media\/20391"}],"wp:attachment":[{"href":"https:\/\/zivykraj.cz\/ru\/wp-json\/wp\/v2\/media?parent=20448"}],"curies":[{"name":"wp","href":"https:\/\/api.w.org\/{rel}","templated":true}]}}